{"id":10736,"date":"2026-04-29T17:13:37","date_gmt":"2026-04-29T21:13:37","guid":{"rendered":"https:\/\/www.oldwestburygardens.org\/?page_id=10736"},"modified":"2026-04-29T17:13:38","modified_gmt":"2026-04-29T21:13:38","slug":"cultivating-history","status":"publish","type":"page","link":"https:\/\/www.oldwestburygardens.org\/es\/cultivating-history\/","title":{"rendered":"Cultivando la historia"},"content":{"rendered":"<div class=\"wp-block-group has-global-padding is-layout-constrained wp-block-group-is-layout-constrained\">\n<h2 class=\"wp-block-heading\">Historia de la familia Phipps: Cultivando la historia: El legado archiv\u00edstico de Margarita Phipps<\/h2>\n\n\n\n<div class=\"wp-block-columns is-layout-flex wp-container-core-columns-is-layout-1 wp-block-columns-is-layout-flex\">\n<div class=\"wp-block-column is-layout-flow wp-block-column-is-layout-flow\" style=\"flex-basis:66.66%\">\n<p>En Old Westbury Gardens, la naturaleza no es solo un tel\u00f3n de fondo, sino el coraz\u00f3n de la experiencia. Cada sendero, vista y flor refleja m\u00e1s de un siglo de cuidado y conexi\u00f3n con la tierra. Hoy, mientras los visitantes exploran los jardines a trav\u00e9s de las estaciones, participan de una tradici\u00f3n que comenz\u00f3 mucho antes de que abrieran al p\u00fablico.<\/p>\n\n\n\n<p>Esa tradici\u00f3n se puede rastrear directamente hasta <strong>Margarita Grace Phipps<\/strong>, Margarita, quien vivi\u00f3 en Westbury House desde 1906 hasta 1957, lejos de ser una mera observadora pasiva de la belleza de la finca, particip\u00f3 activamente en su desarrollo. Su dedicaci\u00f3n se conserva v\u00edvidamente en los archivos de Old Westbury Gardens, donde los pedidos de semillas, las listas de plantaci\u00f3n, los diagramas del jard\u00edn y las notas manuscritas revelan a una mujer que entend\u00eda el jard\u00edn como una obra de arte viva y una expresi\u00f3n personal de cari\u00f1o.<\/p>\n\n\n\n<p>En una historia oral grabada con <strong>George Wittlinger Sr.<\/strong>, superintendente de la finca Phipps durante m\u00e1s de 30 a\u00f1os, record\u00f3 la aguda mirada de Margarita y su deseo de dejar que la naturaleza hablara por s\u00ed misma. Como recordaba que ella sol\u00eda decir:<\/p>\n\n\n\n<p>&nbsp;\u201cNo cortes las flores marchitas por la helada; quiero ver c\u00f3mo la naturaleza sigue su curso\u201d \u2013 \u201cy ella ve\u00eda que algunas flores no se ve\u00edan afectadas, las rosas, por ejemplo, no se ve\u00edan afectadas por la helada, solo las que estaban abiertas se ve\u00edan afectadas, pero las que estaban a punto de abrirse s\u00ed se ve\u00edan afectadas \u2013 ella ten\u00eda el placer de ver eso y compararlas con las que estaban congeladas \u2013 se deten\u00eda all\u00ed en su silla el\u00e9ctrica y le encantaba.\u201d<\/p>\n\n\n\n<p>Este vistazo a la filosof\u00eda de Margarita revela a una jardinera que valoraba no solo la belleza, sino tambi\u00e9n el proceso.<strong>. <\/strong>Su enfoque guarda una estrecha relaci\u00f3n con la forma en que Old Westbury Gardens contin\u00faa evolucionando en la actualidad.<\/p>\n\n\n\n<p>Al combinar la informaci\u00f3n de los archivos con el paisaje vivo, los visitantes pueden recorrer los mismos senderos que Margarita dise\u00f1\u00f3 en su d\u00eda, experimentando los jardines como una obra de arte moldeada a lo largo de generaciones. Su legado se conserva en los archivos y en la forma en que los jardines siguen creciendo y desarroll\u00e1ndose bajo su influencia perdurable.<\/p>\n\n\n\n<p>Acceda a la historia oral completa y otros elementos digitalizados recientemente a trav\u00e9s de nuestro portal digital en <strong>Patrimonio de Nueva York<\/strong>, <a href=\"https:\/\/nyheritage.org\/organizations\/old-westbury-gardens\">https:\/\/nyheritage.org\/organizations\/old-westbury-gardens<\/a><\/p>\n\n\n\n<p>NY Heritage es un repositorio de cientos de colecciones digitales de diversas bibliotecas y organizaciones. M\u00e1s de 430 bibliotecas, museos, archivos e instituciones culturales han aportado materiales como fotograf\u00edas, cartas, diarios, mapas, objetos y testimonios orales, ofreciendo una visi\u00f3n de la historia y la cultura del actual estado de Nueva York.<\/p>\n<\/div>\n\n\n\n<div class=\"wp-block-column is-layout-flow wp-block-column-is-layout-flow\" style=\"flex-basis:33.33%\">\n<figure data-wp-context=\"{&quot;imageId&quot;:&quot;6a08f8707d714&quot;}\" data-wp-interactive=\"core\/image\" class=\"wp-block-image size-full wp-lightbox-container\"><img loading=\"lazy\" decoding=\"async\" width=\"985\" height=\"626\" data-wp-class--hide=\"state.isContentHidden\" data-wp-class--show=\"state.isContentVisible\" data-wp-init=\"callbacks.setButtonStyles\" data-wp-on-async--click=\"actions.showLightbox\" data-wp-on-async--load=\"callbacks.setButtonStyles\" data-wp-on-async-window--resize=\"callbacks.setButtonStyles\" src=\"https:\/\/www.oldwestburygardens.org\/wp-content\/uploads\/2026\/04\/Margarita-Phipps.jpg\" alt=\"\" class=\"wp-image-10737\" srcset=\"https:\/\/www.oldwestburygardens.org\/wp-content\/uploads\/2026\/04\/Margarita-Phipps.jpg 985w, https:\/\/www.oldwestburygardens.org\/wp-content\/uploads\/2026\/04\/Margarita-Phipps-300x191.jpg 300w, https:\/\/www.oldwestburygardens.org\/wp-content\/uploads\/2026\/04\/Margarita-Phipps-768x488.jpg 768w, https:\/\/www.oldwestburygardens.org\/wp-content\/uploads\/2026\/04\/Margarita-Phipps-18x12.jpg 18w\" sizes=\"auto, (max-width: 985px) 100vw, 985px\" \/><button\n\t\t\tclass=\"lightbox-trigger\"\n\t\t\ttype=\"button\"\n\t\t\taria-haspopup=\"dialog\"\n\t\t\taria-label=\"Ampliar la imagen\"\n\t\t\tdata-wp-init=\"callbacks.initTriggerButton\"\n\t\t\tdata-wp-on-async--click=\"actions.showLightbox\"\n\t\t\tdata-wp-style--right=\"state.imageButtonRight\"\n\t\t\tdata-wp-style--top=\"state.imageButtonTop\"\n\t\t>\n\t\t\t<svg xmlns=\"http:\/\/www.w3.org\/2000\/svg\" width=\"12\" height=\"12\" fill=\"none\" viewbox=\"0 0 12 12\">\n\t\t\t\t<path fill=\"#fff\" d=\"M2 0a2 2 0 0 0-2 2v2h1.5V2a.5.5 0 0 1 .5-.5h2V0H2Zm2 10.5H2a.5.5 0 0 1-.5-.5V8H0v2a2 2 0 0 0 2 2h2v-1.5ZM8 12v-1.5h2a.5.5 0 0 0 .5-.5V8H12v2a2 2 0 0 1-2 2H8Zm2-12a2 2 0 0 1 2 2v2h-1.5V2a.5.5 0 0 0-.5-.5H8V0h2Z\" \/>\n\t\t\t<\/svg>\n\t\t<\/button><figcaption class=\"wp-element-caption\">Margarita Phipps, con su delantal de jardiner\u00eda y equipada con guantes y tijeras, cuidando el Jard\u00edn Amurallado (antes Jard\u00edn Italiano) en alg\u00fan momento de la d\u00e9cada de 1950. Su participaci\u00f3n directa fue fundamental para el desarrollo del jard\u00edn.<\/figcaption><\/figure>\n\n\n\n<figure data-wp-context=\"{&quot;imageId&quot;:&quot;6a08f8707dfe5&quot;}\" data-wp-interactive=\"core\/image\" class=\"wp-block-image size-full wp-lightbox-container\"><img loading=\"lazy\" decoding=\"async\" width=\"622\" height=\"806\" data-wp-class--hide=\"state.isContentHidden\" data-wp-class--show=\"state.isContentVisible\" data-wp-init=\"callbacks.setButtonStyles\" data-wp-on-async--click=\"actions.showLightbox\" data-wp-on-async--load=\"callbacks.setButtonStyles\" data-wp-on-async-window--resize=\"callbacks.setButtonStyles\" src=\"https:\/\/www.oldwestburygardens.org\/wp-content\/uploads\/2026\/04\/plant-order.jpg\" alt=\"\" class=\"wp-image-10738\" srcset=\"https:\/\/www.oldwestburygardens.org\/wp-content\/uploads\/2026\/04\/plant-order.jpg 622w, https:\/\/www.oldwestburygardens.org\/wp-content\/uploads\/2026\/04\/plant-order-232x300.jpg 232w, https:\/\/www.oldwestburygardens.org\/wp-content\/uploads\/2026\/04\/plant-order-9x12.jpg 9w\" sizes=\"auto, (max-width: 622px) 100vw, 622px\" \/><button\n\t\t\tclass=\"lightbox-trigger\"\n\t\t\ttype=\"button\"\n\t\t\taria-haspopup=\"dialog\"\n\t\t\taria-label=\"Ampliar la imagen\"\n\t\t\tdata-wp-init=\"callbacks.initTriggerButton\"\n\t\t\tdata-wp-on-async--click=\"actions.showLightbox\"\n\t\t\tdata-wp-style--right=\"state.imageButtonRight\"\n\t\t\tdata-wp-style--top=\"state.imageButtonTop\"\n\t\t>\n\t\t\t<svg xmlns=\"http:\/\/www.w3.org\/2000\/svg\" width=\"12\" height=\"12\" fill=\"none\" viewbox=\"0 0 12 12\">\n\t\t\t\t<path fill=\"#fff\" d=\"M2 0a2 2 0 0 0-2 2v2h1.5V2a.5.5 0 0 1 .5-.5h2V0H2Zm2 10.5H2a.5.5 0 0 1-.5-.5V8H0v2a2 2 0 0 0 2 2h2v-1.5ZM8 12v-1.5h2a.5.5 0 0 0 .5-.5V8H12v2a2 2 0 0 1-2 2H8Zm2-12a2 2 0 0 1 2 2v2h-1.5V2a.5.5 0 0 0-.5-.5H8V0h2Z\" \/>\n\t\t\t<\/svg>\n\t\t<\/button><figcaption class=\"wp-element-caption\">Pedido de plantas del cat\u00e1logo de Wayside Gardens, 1955. Si bien el superintendente George Wittlinger supervis\u00f3 la mayor parte de los pedidos durante este per\u00edodo, Margarita Phipps se mantuvo activamente involucrada. Sus iniciales &quot;MCP&quot; en esta p\u00e1gina identifican las plantas que solicit\u00f3, lo que demuestra su continua participaci\u00f3n en el dise\u00f1o de los jardines tan solo dos a\u00f1os antes de su fallecimiento.<\/figcaption><\/figure>\n<\/div>\n<\/div>\n\n\n\n<figure data-wp-context=\"{&quot;imageId&quot;:&quot;6a08f8707e840&quot;}\" data-wp-interactive=\"core\/image\" class=\"wp-block-image aligncenter size-full is-resized wp-lightbox-container\"><img loading=\"lazy\" decoding=\"async\" width=\"684\" height=\"1006\" data-wp-class--hide=\"state.isContentHidden\" data-wp-class--show=\"state.isContentVisible\" data-wp-init=\"callbacks.setButtonStyles\" data-wp-on-async--click=\"actions.showLightbox\" data-wp-on-async--load=\"callbacks.setButtonStyles\" data-wp-on-async-window--resize=\"callbacks.setButtonStyles\" src=\"https:\/\/www.oldwestburygardens.org\/wp-content\/uploads\/2026\/04\/garden-instructions.jpg\" alt=\"\" class=\"wp-image-10739\" style=\"width:684px;height:auto\" srcset=\"https:\/\/www.oldwestburygardens.org\/wp-content\/uploads\/2026\/04\/garden-instructions.jpg 684w, https:\/\/www.oldwestburygardens.org\/wp-content\/uploads\/2026\/04\/garden-instructions-204x300.jpg 204w, https:\/\/www.oldwestburygardens.org\/wp-content\/uploads\/2026\/04\/garden-instructions-8x12.jpg 8w\" sizes=\"auto, (max-width: 684px) 100vw, 684px\" \/><button\n\t\t\tclass=\"lightbox-trigger\"\n\t\t\ttype=\"button\"\n\t\t\taria-haspopup=\"dialog\"\n\t\t\taria-label=\"Ampliar la imagen\"\n\t\t\tdata-wp-init=\"callbacks.initTriggerButton\"\n\t\t\tdata-wp-on-async--click=\"actions.showLightbox\"\n\t\t\tdata-wp-style--right=\"state.imageButtonRight\"\n\t\t\tdata-wp-style--top=\"state.imageButtonTop\"\n\t\t>\n\t\t\t<svg xmlns=\"http:\/\/www.w3.org\/2000\/svg\" width=\"12\" height=\"12\" fill=\"none\" viewbox=\"0 0 12 12\">\n\t\t\t\t<path fill=\"#fff\" d=\"M2 0a2 2 0 0 0-2 2v2h1.5V2a.5.5 0 0 1 .5-.5h2V0H2Zm2 10.5H2a.5.5 0 0 1-.5-.5V8H0v2a2 2 0 0 0 2 2h2v-1.5ZM8 12v-1.5h2a.5.5 0 0 0 .5-.5V8H12v2a2 2 0 0 1-2 2H8Zm2-12a2 2 0 0 1 2 2v2h-1.5V2a.5.5 0 0 0-.5-.5H8V0h2Z\" \/>\n\t\t\t<\/svg>\n\t\t<\/button><figcaption class=\"wp-element-caption\">Margarita sol\u00eda anotar las instrucciones de jardiner\u00eda en peque\u00f1os trozos de papel para que el personal las siguiera. Esta imagen, tomada de una p\u00e1gina suelta fechada en 1951 y que se cree que proviene de una de sus libretas de bolsillo, enumera las flores espec\u00edficas que deb\u00edan plantarse en \u00e1reas como la casita de juegos infantiles y las caba\u00f1as de madera. Al se\u00f1alar la necesidad de m\u00e1s plantas cerca de la caba\u00f1a, solicita ejemplares como rosas, campanillas azules y digitales.<\/figcaption><\/figure>\n<\/div>","protected":false},"excerpt":{"rendered":"<p>Historia de la familia Phipps: Cultivando la historia: El legado archiv\u00edstico de Margarita Phipps En Old Westbury Gardens, la naturaleza no es solo un tel\u00f3n de fondo, sino el coraz\u00f3n de la experiencia. Cada sendero, cada vista, [\u2026]<\/p>","protected":false},"author":5,"featured_media":0,"parent":0,"menu_order":0,"comment_status":"closed","ping_status":"closed","template":"","meta":{"_acf_changed":false,"_tec_requires_first_save":true,"_EventAllDay":false,"_EventTimezone":"","_EventStartDate":"","_EventEndDate":"","_EventStartDateUTC":"","_EventEndDateUTC":"","_EventShowMap":false,"_EventShowMapLink":false,"_EventURL":"","_EventCost":"","_EventCostDescription":"","_EventCurrencySymbol":"","_EventCurrencyCode":"","_EventCurrencyPosition":"","_EventDateTimeSeparator":"","_EventTimeRangeSeparator":"","_EventOrganizerID":[],"_EventVenueID":[],"_OrganizerEmail":"","_OrganizerPhone":"","_OrganizerWebsite":"","_VenueAddress":"","_VenueCity":"","_VenueCountry":"","_VenueProvince":"","_VenueState":"","_VenueZip":"","_VenuePhone":"","_VenueURL":"","_VenueStateProvince":"","_VenueLat":"","_VenueLng":"","_VenueShowMap":false,"_VenueShowMapLink":false,"_tribe_blocks_recurrence_rules":"","_tribe_blocks_recurrence_description":"","_tribe_blocks_recurrence_exclusions":"","footnotes":""},"class_list":["post-10736","page","type-page","status-publish","hentry"],"acf":[],"yoast_head":"<!-- This site is optimized with the Yoast SEO plugin v26.2 - https:\/\/yoast.com\/wordpress\/plugins\/seo\/ -->\n<title>Cultivating History | Old Westbury Gardens<\/title>\n<meta name=\"robots\" content=\"index, follow, max-snippet:-1, max-image-preview:large, max-video-preview:-1\" \/>\n<link rel=\"canonical\" href=\"https:\/\/www.oldwestburygardens.org\/es\/cultivating-history\/\" \/>\n<meta property=\"og:locale\" content=\"es_ES\" \/>\n<meta property=\"og:type\" content=\"article\" \/>\n<meta property=\"og:title\" content=\"Cultivating History | Old Westbury Gardens\" \/>\n<meta property=\"og:description\" content=\"Phipps Family History: Cultivating History: The Archival Legacy of Margarita Phipps At Old Westbury Gardens, nature is not just a backdrop\u2014it is the heart of the experience. Every path, view, [&hellip;]\" \/>\n<meta property=\"og:url\" content=\"https:\/\/www.oldwestburygardens.org\/es\/cultivating-history\/\" \/>\n<meta property=\"og:site_name\" content=\"Old Westbury Gardens\" \/>\n<meta property=\"article:modified_time\" content=\"2026-04-29T21:13:38+00:00\" \/>\n<meta property=\"og:image\" content=\"https:\/\/www.oldwestburygardens.org\/wp-content\/uploads\/2026\/04\/Margarita-Phipps.jpg\" \/>\n\t<meta property=\"og:image:width\" content=\"985\" \/>\n\t<meta property=\"og:image:height\" content=\"626\" \/>\n\t<meta property=\"og:image:type\" content=\"image\/jpeg\" \/>\n<meta name=\"twitter:card\" content=\"summary_large_image\" \/>\n<meta name=\"twitter:label1\" content=\"Est. reading time\" \/>\n\t<meta name=\"twitter:data1\" content=\"4 minutos\" \/>\n<script type=\"application\/ld+json\" class=\"yoast-schema-graph\">{\"@context\":\"https:\/\/schema.org\",\"@graph\":[{\"@type\":\"WebPage\",\"@id\":\"https:\/\/www.oldwestburygardens.org\/cultivating-history\/\",\"url\":\"https:\/\/www.oldwestburygardens.org\/cultivating-history\/\",\"name\":\"Cultivating History | Old Westbury Gardens\",\"isPartOf\":{\"@id\":\"https:\/\/www.oldwestburygardens.org\/ko\/#website\"},\"primaryImageOfPage\":{\"@id\":\"https:\/\/www.oldwestburygardens.org\/cultivating-history\/#primaryimage\"},\"image\":{\"@id\":\"https:\/\/www.oldwestburygardens.org\/cultivating-history\/#primaryimage\"},\"thumbnailUrl\":\"https:\/\/www.oldwestburygardens.org\/wp-content\/uploads\/2026\/04\/Margarita-Phipps.jpg\",\"datePublished\":\"2026-04-29T21:13:37+00:00\",\"dateModified\":\"2026-04-29T21:13:38+00:00\",\"breadcrumb\":{\"@id\":\"https:\/\/www.oldwestburygardens.org\/cultivating-history\/#breadcrumb\"},\"inLanguage\":\"es\",\"potentialAction\":[{\"@type\":\"ReadAction\",\"target\":[\"https:\/\/www.oldwestburygardens.org\/cultivating-history\/\"]}]},{\"@type\":\"ImageObject\",\"inLanguage\":\"es\",\"@id\":\"https:\/\/www.oldwestburygardens.org\/cultivating-history\/#primaryimage\",\"url\":\"https:\/\/www.oldwestburygardens.org\/wp-content\/uploads\/2026\/04\/Margarita-Phipps.jpg\",\"contentUrl\":\"https:\/\/www.oldwestburygardens.org\/wp-content\/uploads\/2026\/04\/Margarita-Phipps.jpg\"},{\"@type\":\"BreadcrumbList\",\"@id\":\"https:\/\/www.oldwestburygardens.org\/cultivating-history\/#breadcrumb\",\"itemListElement\":[{\"@type\":\"ListItem\",\"position\":1,\"name\":\"Home\",\"item\":\"https:\/\/www.oldwestburygardens.org\/\"},{\"@type\":\"ListItem\",\"position\":2,\"name\":\"Cultivating History\"}]},{\"@type\":\"WebSite\",\"@id\":\"https:\/\/www.oldwestburygardens.org\/ko\/#website\",\"url\":\"https:\/\/www.oldwestburygardens.org\/ko\/\",\"name\":\"Old Westbury Gardens\",\"description\":\"\",\"publisher\":{\"@id\":\"https:\/\/www.oldwestburygardens.org\/ko\/#organization\"},\"potentialAction\":[{\"@type\":\"SearchAction\",\"target\":{\"@type\":\"EntryPoint\",\"urlTemplate\":\"https:\/\/www.oldwestburygardens.org\/ko\/?s={search_term_string}\"},\"query-input\":{\"@type\":\"PropertyValueSpecification\",\"valueRequired\":true,\"valueName\":\"search_term_string\"}}],\"inLanguage\":\"es\"},{\"@type\":\"Organization\",\"@id\":\"https:\/\/www.oldwestburygardens.org\/ko\/#organization\",\"name\":\"Old Westbury Gardens\",\"url\":\"https:\/\/www.oldwestburygardens.org\/ko\/\",\"logo\":{\"@type\":\"ImageObject\",\"inLanguage\":\"es\",\"@id\":\"https:\/\/www.oldwestburygardens.org\/ko\/#\/schema\/logo\/image\/\",\"url\":\"https:\/\/www.oldwestburygardens.org\/wp-content\/uploads\/2025\/03\/OWGlogoforsite.png\",\"contentUrl\":\"https:\/\/www.oldwestburygardens.org\/wp-content\/uploads\/2025\/03\/OWGlogoforsite.png\",\"width\":750,\"height\":173,\"caption\":\"Old Westbury Gardens\"},\"image\":{\"@id\":\"https:\/\/www.oldwestburygardens.org\/ko\/#\/schema\/logo\/image\/\"}}]}<\/script>\n<!-- \/ Yoast SEO plugin. -->","yoast_head_json":{"title":"Cultivando la historia | Jardines de Old Westbury","robots":{"index":"index","follow":"follow","max-snippet":"max-snippet:-1","max-image-preview":"max-image-preview:large","max-video-preview":"max-video-preview:-1"},"canonical":"https:\/\/www.oldwestburygardens.org\/es\/cultivating-history\/","og_locale":"es_ES","og_type":"article","og_title":"Cultivating History | Old Westbury Gardens","og_description":"Phipps Family History: Cultivating History: The Archival Legacy of Margarita Phipps At Old Westbury Gardens, nature is not just a backdrop\u2014it is the heart of the experience. Every path, view, [&hellip;]","og_url":"https:\/\/www.oldwestburygardens.org\/es\/cultivating-history\/","og_site_name":"Old Westbury Gardens","article_modified_time":"2026-04-29T21:13:38+00:00","og_image":[{"width":985,"height":626,"url":"https:\/\/www.oldwestburygardens.org\/wp-content\/uploads\/2026\/04\/Margarita-Phipps.jpg","type":"image\/jpeg"}],"twitter_card":"summary_large_image","twitter_misc":{"Est. reading time":"4 minutos"},"schema":{"@context":"https:\/\/schema.org","@graph":[{"@type":"WebPage","@id":"https:\/\/www.oldwestburygardens.org\/cultivating-history\/","url":"https:\/\/www.oldwestburygardens.org\/cultivating-history\/","name":"Cultivando la historia | Jardines de Old Westbury","isPartOf":{"@id":"https:\/\/www.oldwestburygardens.org\/ko\/#website"},"primaryImageOfPage":{"@id":"https:\/\/www.oldwestburygardens.org\/cultivating-history\/#primaryimage"},"image":{"@id":"https:\/\/www.oldwestburygardens.org\/cultivating-history\/#primaryimage"},"thumbnailUrl":"https:\/\/www.oldwestburygardens.org\/wp-content\/uploads\/2026\/04\/Margarita-Phipps.jpg","datePublished":"2026-04-29T21:13:37+00:00","dateModified":"2026-04-29T21:13:38+00:00","breadcrumb":{"@id":"https:\/\/www.oldwestburygardens.org\/cultivating-history\/#breadcrumb"},"inLanguage":"es","potentialAction":[{"@type":"ReadAction","target":["https:\/\/www.oldwestburygardens.org\/cultivating-history\/"]}]},{"@type":"ImageObject","inLanguage":"es","@id":"https:\/\/www.oldwestburygardens.org\/cultivating-history\/#primaryimage","url":"https:\/\/www.oldwestburygardens.org\/wp-content\/uploads\/2026\/04\/Margarita-Phipps.jpg","contentUrl":"https:\/\/www.oldwestburygardens.org\/wp-content\/uploads\/2026\/04\/Margarita-Phipps.jpg"},{"@type":"BreadcrumbList","@id":"https:\/\/www.oldwestburygardens.org\/cultivating-history\/#breadcrumb","itemListElement":[{"@type":"ListItem","position":1,"name":"Home","item":"https:\/\/www.oldwestburygardens.org\/"},{"@type":"ListItem","position":2,"name":"Cultivating History"}]},{"@type":"WebSite","@id":"https:\/\/www.oldwestburygardens.org\/ko\/#website","url":"https:\/\/www.oldwestburygardens.org\/ko\/","name":"Jardines del viejo Westbury","description":"","publisher":{"@id":"https:\/\/www.oldwestburygardens.org\/ko\/#organization"},"potentialAction":[{"@type":"SearchAction","target":{"@type":"EntryPoint","urlTemplate":"https:\/\/www.oldwestburygardens.org\/ko\/?s={search_term_string}"},"query-input":{"@type":"PropertyValueSpecification","valueRequired":true,"valueName":"search_term_string"}}],"inLanguage":"es"},{"@type":"Organization","@id":"https:\/\/www.oldwestburygardens.org\/ko\/#organization","name":"Jardines del viejo Westbury","url":"https:\/\/www.oldwestburygardens.org\/ko\/","logo":{"@type":"ImageObject","inLanguage":"es","@id":"https:\/\/www.oldwestburygardens.org\/ko\/#\/schema\/logo\/image\/","url":"https:\/\/www.oldwestburygardens.org\/wp-content\/uploads\/2025\/03\/OWGlogoforsite.png","contentUrl":"https:\/\/www.oldwestburygardens.org\/wp-content\/uploads\/2025\/03\/OWGlogoforsite.png","width":750,"height":173,"caption":"Old Westbury Gardens"},"image":{"@id":"https:\/\/www.oldwestburygardens.org\/ko\/#\/schema\/logo\/image\/"}}]}},"_links":{"self":[{"href":"https:\/\/www.oldwestburygardens.org\/es\/wp-json\/wp\/v2\/pages\/10736","targetHints":{"allow":["GET"]}}],"collection":[{"href":"https:\/\/www.oldwestburygardens.org\/es\/wp-json\/wp\/v2\/pages"}],"about":[{"href":"https:\/\/www.oldwestburygardens.org\/es\/wp-json\/wp\/v2\/types\/page"}],"author":[{"embeddable":true,"href":"https:\/\/www.oldwestburygardens.org\/es\/wp-json\/wp\/v2\/users\/5"}],"replies":[{"embeddable":true,"href":"https:\/\/www.oldwestburygardens.org\/es\/wp-json\/wp\/v2\/comments?post=10736"}],"version-history":[{"count":8,"href":"https:\/\/www.oldwestburygardens.org\/es\/wp-json\/wp\/v2\/pages\/10736\/revisions"}],"predecessor-version":[{"id":10763,"href":"https:\/\/www.oldwestburygardens.org\/es\/wp-json\/wp\/v2\/pages\/10736\/revisions\/10763"}],"wp:attachment":[{"href":"https:\/\/www.oldwestburygardens.org\/es\/wp-json\/wp\/v2\/media?parent=10736"}],"curies":[{"name":"wp","href":"https:\/\/api.w.org\/{rel}","templated":true}]}}