{"id":340,"date":"2023-12-21T15:03:46","date_gmt":"2023-12-21T15:03:46","guid":{"rendered":"https:\/\/www.oldwestburygardens.org\/givenow\/"},"modified":"2025-05-20T15:40:40","modified_gmt":"2025-05-20T19:40:40","slug":"givenow","status":"publish","type":"page","link":"https:\/\/www.oldwestburygardens.org\/es\/givenow\/","title":{"rendered":"Dona ahora"},"content":{"rendered":"<div class=\"wp-block-group has-global-padding is-layout-constrained wp-block-group-is-layout-constrained\" style=\"padding-top:var(--wp--preset--spacing--30);padding-bottom:var(--wp--preset--spacing--30)\"><h1 style=\"padding-top:var(--wp--preset--spacing--30);padding-bottom:var(--wp--preset--spacing--30);\" class=\"wp-block-post-title\">Dona ahora<\/h1><\/div>\n\n\n\n<div class=\"wp-block-group has-global-padding is-layout-constrained wp-block-group-is-layout-constrained\" style=\"padding-top:0;padding-bottom:0\">\n<h2 class=\"wp-block-heading has-text-align-center\">Apoya la Campa\u00f1a Anual<\/h2>\n\n\n\n<div class=\"wp-block-buttons is-content-justification-center is-layout-flex wp-container-core-buttons-is-layout-1 wp-block-buttons-is-layout-flex\" style=\"padding-top:var(--wp--preset--spacing--40);padding-bottom:var(--wp--preset--spacing--40)\">\n<div class=\"wp-block-button is-style-btn-owg-primary is-style-btn-owg-primary--1\"><a class=\"wp-block-button__link wp-element-button\" href=\"https:\/\/1473.blackbaudhosting.com\/1473\/Annual-Appeal\">Haz una donaci\u00f3n a Old Westbury Gardens<\/a><\/div>\n<\/div>\n<\/div>\n\n\n\n<div class=\"wp-block-group has-global-padding is-layout-constrained wp-block-group-is-layout-constrained\" style=\"padding-top:0;padding-bottom:0\">\n<p>Queridos amigos,<\/p>\n\n\n\n<p>Al concluir otro a\u00f1o, me siento profundamente agradecido por los donantes leales como ustedes. Su apoyo incondicional ha sido el motor de cada \u00e9xito que hemos alcanzado, y nunca podr\u00e9 agradecerles lo suficiente su generosidad. Espero que sigan ayud\u00e1ndonos apoyando la Campa\u00f1a Anual de este a\u00f1o.<\/p>\n\n\n\n<p>Durante esta temporada, los Jardines de Old Westbury recibieron a decenas de miles de visitantes. Es m\u00e1s importante que nunca que lugares como estos permanezcan accesibles para personas de todas las edades. Pasar tiempo entre plantas, flores y \u00e1rboles permite reconectar con la naturaleza, fomentando el aprecio por el medio ambiente y la belleza del aire libre. Ya sea que busque tranquilidad, ejercicio, educaci\u00f3n o interacci\u00f3n social, nuestros jardines ofrecen un espacio para una amplia gama de experiencias.<\/p>\n\n\n\n<p>El cuidado y la preservaci\u00f3n de Westbury House son igualmente importantes. Sitios hist\u00f3ricos como el nuestro ofrecen oportunidades educativas para que las personas aprendan sobre la historia, la cultura y el contexto social de un per\u00edodo espec\u00edfico. Nuestras iniciativas de preservaci\u00f3n van m\u00e1s all\u00e1 de las estructuras f\u00edsicas e incluyen programas interpretativos, visitas guiadas y actividades de divulgaci\u00f3n educativa, lo que mejora la comprensi\u00f3n y la apreciaci\u00f3n del pasado por parte del p\u00fablico.<\/p>\n\n\n\n<p>Su contribuci\u00f3n a esta Campa\u00f1a Anual tiene un impacto directo en las operaciones diarias de los Jardines. No podr\u00edamos mantener los est\u00e1ndares de excelencia que caracterizan a los Jardines de Old Westbury sin su generoso apoyo.<\/p>\n\n\n\n<p>Espero que nos tengan en cuenta al empezar a considerar sus contribuciones de fin de a\u00f1o. Su donaci\u00f3n significa mucho m\u00e1s de lo que imaginan. \u00a1Espero verlos en los Jardines!<\/p>\n\n\n\n<p>Atentamente,<\/p>\n\n\n\n<p>Maura Brush<br>Presidente y director ejecutivo<\/p>\n<\/div>\n\n\n\n<div class=\"wp-block-group has-global-padding is-layout-constrained wp-block-group-is-layout-constrained\" style=\"padding-top:0;padding-bottom:0\">\n<div class=\"wp-block-buttons is-content-justification-center is-layout-flex wp-container-core-buttons-is-layout-2 wp-block-buttons-is-layout-flex\" style=\"padding-top:var(--wp--preset--spacing--40);padding-bottom:var(--wp--preset--spacing--40)\">\n<div class=\"wp-block-button is-style-btn-owg-primary is-style-btn-owg-primary--2\"><a class=\"wp-block-button__link wp-element-button\" href=\"https:\/\/1473.blackbaudhosting.com\/1473\/Annual-Appeal\">Haga su donaci\u00f3n deducible de impuestos hoy<\/a><\/div>\n<\/div>\n<\/div>\n\n\n\n<hr class=\"wp-block-separator has-css-opacity\"\/>\n\n\n\n<div class=\"wp-block-group has-global-padding is-layout-constrained wp-block-group-is-layout-constrained\" style=\"padding-top:0;padding-bottom:0\">\n<p class=\"has-text-align-center\"><em>* Si desea enviar un cheque por correo, h\u00e1galo a nombre de Old Westbury Gardens y env\u00edelo a PO Box 430, Old Westbury, NY 11568. \u00a1Gracias!<\/em><\/p>\n\n\n\n<p class=\"has-text-align-center\"><em>* Para obtener una copia de nuestro informe financiero m\u00e1s reciente, <a href=\"https:\/\/www.oldwestburygardens.org\/es\/financials\/\" target=\"_blank\" rel=\"noopener\"><strong>haga clic aqu\u00ed<\/strong><\/a>.<\/em><\/p>\n<\/div>","protected":false},"excerpt":{"rendered":"<p>Apoye la Campa\u00f1a Anual. Queridos amigos: Al concluir otro a\u00f1o, me siento profundamente agradecido por los donantes leales como ustedes. Su inquebrantable apoyo ha sido el motor [\u2026]<\/p>","protected":false},"author":1,"featured_media":0,"parent":0,"menu_order":0,"comment_status":"open","ping_status":"open","template":"","meta":{"_acf_changed":false,"_tec_requires_first_save":true,"_EventAllDay":false,"_EventTimezone":"","_EventStartDate":"","_EventEndDate":"","_EventStartDateUTC":"","_EventEndDateUTC":"","_EventShowMap":false,"_EventShowMapLink":false,"_EventURL":"","_EventCost":"","_EventCostDescription":"","_EventCurrencySymbol":"","_EventCurrencyCode":"","_EventCurrencyPosition":"","_EventDateTimeSeparator":"","_EventTimeRangeSeparator":"","_EventOrganizerID":[],"_EventVenueID":[],"_OrganizerEmail":"","_OrganizerPhone":"","_OrganizerWebsite":"","_VenueAddress":"","_VenueCity":"","_VenueCountry":"","_VenueProvince":"","_VenueState":"","_VenueZip":"","_VenuePhone":"","_VenueURL":"","_VenueStateProvince":"","_VenueLat":"","_VenueLng":"","_VenueShowMap":false,"_VenueShowMapLink":false,"_tribe_blocks_recurrence_rules":"","_tribe_blocks_recurrence_description":"","_tribe_blocks_recurrence_exclusions":"","footnotes":""},"class_list":["post-340","page","type-page","status-publish","hentry"],"acf":[],"yoast_head":"<!-- This site is optimized with the Yoast SEO plugin v26.2 - https:\/\/yoast.com\/wordpress\/plugins\/seo\/ -->\n<title>Give Now | Old Westbury Gardens<\/title>\n<meta name=\"robots\" content=\"index, follow, max-snippet:-1, max-image-preview:large, max-video-preview:-1\" \/>\n<link rel=\"canonical\" href=\"https:\/\/www.oldwestburygardens.org\/es\/givenow\/\" \/>\n<meta property=\"og:locale\" content=\"es_ES\" \/>\n<meta property=\"og:type\" content=\"article\" \/>\n<meta property=\"og:title\" content=\"Give Now | Old Westbury Gardens\" \/>\n<meta property=\"og:description\" content=\"Support the Annual Appeal Dear Friends, As another year draws to a close, I am filled with gratitude for loyal donors like you. Your unwavering support has been the driving [&hellip;]\" \/>\n<meta property=\"og:url\" content=\"https:\/\/www.oldwestburygardens.org\/es\/givenow\/\" \/>\n<meta property=\"og:site_name\" content=\"Old Westbury Gardens\" \/>\n<meta property=\"article:modified_time\" content=\"2025-05-20T19:40:40+00:00\" \/>\n<meta property=\"og:image\" content=\"https:\/\/www.oldwestburygardens.org\/wp-content\/uploads\/2025\/05\/2021BackofHouse-1024x683.png\" \/>\n\t<meta property=\"og:image:width\" content=\"1024\" \/>\n\t<meta property=\"og:image:height\" content=\"683\" \/>\n\t<meta property=\"og:image:type\" content=\"image\/png\" \/>\n<meta name=\"twitter:card\" content=\"summary_large_image\" \/>\n<meta name=\"twitter:label1\" content=\"Est. reading time\" \/>\n\t<meta name=\"twitter:data1\" content=\"2 minutos\" \/>\n<script type=\"application\/ld+json\" class=\"yoast-schema-graph\">{\"@context\":\"https:\/\/schema.org\",\"@graph\":[{\"@type\":\"WebPage\",\"@id\":\"https:\/\/www.oldwestburygardens.org\/es\/givenow\/\",\"url\":\"https:\/\/www.oldwestburygardens.org\/es\/givenow\/\",\"name\":\"Give Now | Old Westbury Gardens\",\"isPartOf\":{\"@id\":\"https:\/\/www.oldwestburygardens.org\/ko\/#website\"},\"datePublished\":\"2023-12-21T15:03:46+00:00\",\"dateModified\":\"2025-05-20T19:40:40+00:00\",\"breadcrumb\":{\"@id\":\"https:\/\/www.oldwestburygardens.org\/es\/givenow\/#breadcrumb\"},\"inLanguage\":\"es\",\"potentialAction\":[{\"@type\":\"ReadAction\",\"target\":[\"https:\/\/www.oldwestburygardens.org\/es\/givenow\/\"]}]},{\"@type\":\"BreadcrumbList\",\"@id\":\"https:\/\/www.oldwestburygardens.org\/es\/givenow\/#breadcrumb\",\"itemListElement\":[{\"@type\":\"ListItem\",\"position\":1,\"name\":\"Home\",\"item\":\"https:\/\/www.oldwestburygardens.org\/\"},{\"@type\":\"ListItem\",\"position\":2,\"name\":\"Give Now\"}]},{\"@type\":\"WebSite\",\"@id\":\"https:\/\/www.oldwestburygardens.org\/ko\/#website\",\"url\":\"https:\/\/www.oldwestburygardens.org\/ko\/\",\"name\":\"Old Westbury Gardens\",\"description\":\"\",\"publisher\":{\"@id\":\"https:\/\/www.oldwestburygardens.org\/ko\/#organization\"},\"potentialAction\":[{\"@type\":\"SearchAction\",\"target\":{\"@type\":\"EntryPoint\",\"urlTemplate\":\"https:\/\/www.oldwestburygardens.org\/ko\/?s={search_term_string}\"},\"query-input\":{\"@type\":\"PropertyValueSpecification\",\"valueRequired\":true,\"valueName\":\"search_term_string\"}}],\"inLanguage\":\"es\"},{\"@type\":\"Organization\",\"@id\":\"https:\/\/www.oldwestburygardens.org\/ko\/#organization\",\"name\":\"Old Westbury Gardens\",\"url\":\"https:\/\/www.oldwestburygardens.org\/ko\/\",\"logo\":{\"@type\":\"ImageObject\",\"inLanguage\":\"es\",\"@id\":\"https:\/\/www.oldwestburygardens.org\/ko\/#\/schema\/logo\/image\/\",\"url\":\"https:\/\/www.oldwestburygardens.org\/wp-content\/uploads\/2025\/03\/OWGlogoforsite.png\",\"contentUrl\":\"https:\/\/www.oldwestburygardens.org\/wp-content\/uploads\/2025\/03\/OWGlogoforsite.png\",\"width\":750,\"height\":173,\"caption\":\"Old Westbury Gardens\"},\"image\":{\"@id\":\"https:\/\/www.oldwestburygardens.org\/ko\/#\/schema\/logo\/image\/\"}}]}<\/script>\n<!-- \/ Yoast SEO plugin. -->","yoast_head_json":{"title":"Give Now | Old Westbury Gardens","robots":{"index":"index","follow":"follow","max-snippet":"max-snippet:-1","max-image-preview":"max-image-preview:large","max-video-preview":"max-video-preview:-1"},"canonical":"https:\/\/www.oldwestburygardens.org\/es\/givenow\/","og_locale":"es_ES","og_type":"article","og_title":"Give Now | Old Westbury Gardens","og_description":"Support the Annual Appeal Dear Friends, As another year draws to a close, I am filled with gratitude for loyal donors like you. Your unwavering support has been the driving [&hellip;]","og_url":"https:\/\/www.oldwestburygardens.org\/es\/givenow\/","og_site_name":"Old Westbury Gardens","article_modified_time":"2025-05-20T19:40:40+00:00","og_image":[{"width":1024,"height":683,"url":"https:\/\/www.oldwestburygardens.org\/wp-content\/uploads\/2025\/05\/2021BackofHouse-1024x683.png","type":"image\/png"}],"twitter_card":"summary_large_image","twitter_misc":{"Est. reading time":"2 minutos"},"schema":{"@context":"https:\/\/schema.org","@graph":[{"@type":"WebPage","@id":"https:\/\/www.oldwestburygardens.org\/es\/givenow\/","url":"https:\/\/www.oldwestburygardens.org\/es\/givenow\/","name":"Give Now | Old Westbury Gardens","isPartOf":{"@id":"https:\/\/www.oldwestburygardens.org\/ko\/#website"},"datePublished":"2023-12-21T15:03:46+00:00","dateModified":"2025-05-20T19:40:40+00:00","breadcrumb":{"@id":"https:\/\/www.oldwestburygardens.org\/es\/givenow\/#breadcrumb"},"inLanguage":"es","potentialAction":[{"@type":"ReadAction","target":["https:\/\/www.oldwestburygardens.org\/es\/givenow\/"]}]},{"@type":"BreadcrumbList","@id":"https:\/\/www.oldwestburygardens.org\/es\/givenow\/#breadcrumb","itemListElement":[{"@type":"ListItem","position":1,"name":"Home","item":"https:\/\/www.oldwestburygardens.org\/"},{"@type":"ListItem","position":2,"name":"Give Now"}]},{"@type":"WebSite","@id":"https:\/\/www.oldwestburygardens.org\/ko\/#website","url":"https:\/\/www.oldwestburygardens.org\/ko\/","name":"Jardines del viejo Westbury","description":"","publisher":{"@id":"https:\/\/www.oldwestburygardens.org\/ko\/#organization"},"potentialAction":[{"@type":"SearchAction","target":{"@type":"EntryPoint","urlTemplate":"https:\/\/www.oldwestburygardens.org\/ko\/?s={search_term_string}"},"query-input":{"@type":"PropertyValueSpecification","valueRequired":true,"valueName":"search_term_string"}}],"inLanguage":"es"},{"@type":"Organization","@id":"https:\/\/www.oldwestburygardens.org\/ko\/#organization","name":"Jardines del viejo Westbury","url":"https:\/\/www.oldwestburygardens.org\/ko\/","logo":{"@type":"ImageObject","inLanguage":"es","@id":"https:\/\/www.oldwestburygardens.org\/ko\/#\/schema\/logo\/image\/","url":"https:\/\/www.oldwestburygardens.org\/wp-content\/uploads\/2025\/03\/OWGlogoforsite.png","contentUrl":"https:\/\/www.oldwestburygardens.org\/wp-content\/uploads\/2025\/03\/OWGlogoforsite.png","width":750,"height":173,"caption":"Old Westbury Gardens"},"image":{"@id":"https:\/\/www.oldwestburygardens.org\/ko\/#\/schema\/logo\/image\/"}}]}},"_links":{"self":[{"href":"https:\/\/www.oldwestburygardens.org\/es\/wp-json\/wp\/v2\/pages\/340","targetHints":{"allow":["GET"]}}],"collection":[{"href":"https:\/\/www.oldwestburygardens.org\/es\/wp-json\/wp\/v2\/pages"}],"about":[{"href":"https:\/\/www.oldwestburygardens.org\/es\/wp-json\/wp\/v2\/types\/page"}],"author":[{"embeddable":true,"href":"https:\/\/www.oldwestburygardens.org\/es\/wp-json\/wp\/v2\/users\/1"}],"replies":[{"embeddable":true,"href":"https:\/\/www.oldwestburygardens.org\/es\/wp-json\/wp\/v2\/comments?post=340"}],"version-history":[{"count":5,"href":"https:\/\/www.oldwestburygardens.org\/es\/wp-json\/wp\/v2\/pages\/340\/revisions"}],"predecessor-version":[{"id":6138,"href":"https:\/\/www.oldwestburygardens.org\/es\/wp-json\/wp\/v2\/pages\/340\/revisions\/6138"}],"wp:attachment":[{"href":"https:\/\/www.oldwestburygardens.org\/es\/wp-json\/wp\/v2\/media?parent=340"}],"curies":[{"name":"wp","href":"https:\/\/api.w.org\/{rel}","templated":true}]}}