{"id":360,"date":"2024-09-13T13:27:35","date_gmt":"2024-09-13T13:27:35","guid":{"rendered":"https:\/\/www.oldwestburygardens.org\/financials\/"},"modified":"2025-09-18T10:55:27","modified_gmt":"2025-09-18T14:55:27","slug":"financials","status":"publish","type":"page","link":"https:\/\/www.oldwestburygardens.org\/es\/financials\/","title":{"rendered":"Finanzas"},"content":{"rendered":"<div class=\"wp-block-group has-global-padding is-layout-constrained wp-block-group-is-layout-constrained\" style=\"padding-top:var(--wp--preset--spacing--20);padding-bottom:var(--wp--preset--spacing--20)\"><h1 style=\"padding-top:var(--wp--preset--spacing--40);padding-bottom:var(--wp--preset--spacing--40);\" class=\"has-text-align-left wp-block-post-title\">Finanzas<\/h1><\/div>\n\n\n\n<div class=\"wp-block-group has-global-padding is-layout-constrained wp-block-group-is-layout-constrained\" style=\"padding-top:0;padding-bottom:0\">\n<p class=\"has-text-align-left\">Explora los jardines de Old Westbury <strong>Informe anual 2023<\/strong> Para conocer m\u00e1s sobre nuestros logros y gesti\u00f3n financiera, haga clic en la imagen para leer el informe digitalmente.<\/p>\n\n\n\n<figure class=\"wp-block-image size-full is-resized\"><a href=\"https:\/\/www.oldwestburygardens.org\/wp-content\/uploads\/2025\/09\/OWG24-ANNL-REP-COMINED-WEB-R6F.pdf\"><img loading=\"lazy\" decoding=\"async\" width=\"716\" height=\"940\" src=\"https:\/\/www.oldwestburygardens.org\/wp-content\/uploads\/2025\/09\/Screenshot-2025-09-18-105417.png\" alt=\"\" class=\"wp-image-8248\" style=\"width:378px;height:auto\" srcset=\"https:\/\/www.oldwestburygardens.org\/wp-content\/uploads\/2025\/09\/Screenshot-2025-09-18-105417.png 716w, https:\/\/www.oldwestburygardens.org\/wp-content\/uploads\/2025\/09\/Screenshot-2025-09-18-105417-229x300.png 229w, https:\/\/www.oldwestburygardens.org\/wp-content\/uploads\/2025\/09\/Screenshot-2025-09-18-105417-9x12.png 9w\" sizes=\"auto, (max-width: 716px) 100vw, 716px\" \/><\/a><\/figure>\n\n\n\n<p class=\"has-text-align-left\"><a href=\"https:\/\/www.oldwestburygardens.org\/wp-content\/uploads\/2025\/09\/OWG24-ANNL-REP-COMINED-WEB-R6F.pdf\">Ver el Informe Anual 2024 (PDF)<\/a><\/p>\n\n\n\n<p class=\"has-text-align-left\"><a href=\"https:\/\/owg1002-my.sharepoint.com\/:b:\/g\/personal\/kkoch_oldwestburygardens_org\/EVpooO9Vp55AsgXnUPw5A7cBKgZ0HAk5NbuLtoF1L-8DUg\" target=\"_blank\" rel=\"noopener\">Ver el Informe Anual 2023 (PDF)<\/a><\/p>\n\n\n\n<p class=\"has-text-align-left\">Los informes de auditor\u00eda independientes y los estados financieros m\u00e1s recientes de Old Westbury Gardens est\u00e1n disponibles a continuaci\u00f3n en formato PDF.<\/p>\n\n\n\n<p class=\"has-text-align-left\"><a href=\"https:\/\/www.oldwestburygardens.org\/wp-content\/uploads\/2025\/05\/Old-Westbury-Gardens-3-31-24-FS-Final.pdf\">A\u00f1o que termina el 31 de marzo de 2023 y A\u00f1o que termina el 21 de marzo de 2024<\/a><\/p>\n\n\n\n<p class=\"has-text-align-left\"><a href=\"https:\/\/www.oldwestburygardens.org\/wp-content\/uploads\/2025\/05\/OldWestburyGardens3-31-22FS-Final.pdf\" target=\"_blank\" rel=\"noreferrer noopener\">A\u00f1o que finaliza el 31 de marzo de 2022 (PDF)<\/a><\/p>\n\n\n\n<p class=\"has-text-align-left\"><a href=\"https:\/\/www.oldwestburygardens.org\/wp-content\/uploads\/2025\/05\/OWG3-31-21FS-Final.pdf\" target=\"_blank\" rel=\"noreferrer noopener\">A\u00f1o que termina el 31 de marzo de 2021 (PDF)<\/a><\/p>\n\n\n\n<p class=\"has-text-align-left\">Las declaraciones del Formulario 990 del IRS m\u00e1s recientes de Old Westbury Gardens est\u00e1n disponibles a continuaci\u00f3n en formato PDF.<\/p>\n\n\n\n<p class=\"has-text-align-left\"><a href=\"https:\/\/www.oldwestburygardens.org\/wp-content\/uploads\/2025\/05\/OWG-990.pdf\">A\u00f1o fiscal 2024<\/a><\/p>\n\n\n\n<p class=\"has-text-align-left\"><a href=\"https:\/\/www.oldwestburygardens.org\/wp-content\/uploads\/2025\/05\/Form990March312022-Publicinspectioncopy.pdf\" target=\"_blank\" rel=\"noreferrer noopener\">A\u00f1o fiscal 2022 (PDF)<\/a><\/p>\n\n\n\n<p class=\"has-text-align-left\"><a href=\"https:\/\/www.oldwestburygardens.org\/wp-content\/uploads\/2025\/05\/Form990March312021-Publicinspectioncopy.pdf\" target=\"_blank\" rel=\"noreferrer noopener\">A\u00f1o fiscal 2021 (PDF)<\/a><\/p>\n<\/div>\n\n\n\n<hr class=\"wp-block-separator has-css-opacity\"\/>\n\n\n\n<div class=\"wp-block-group has-global-padding is-layout-constrained wp-block-group-is-layout-constrained\" style=\"padding-top:0;padding-bottom:0\">\n<p class=\"has-text-align-left\">El nombre legal completo y la direcci\u00f3n de Old Westbury Gardens es:<\/p>\n\n\n\n<p class=\"has-text-align-left\"><strong>Jardines de Old Westbury, Inc.<br>Apartado postal 430, Old Westbury, NY 11568<\/strong><\/p>\n\n\n\n<p class=\"has-text-align-left\">El n\u00famero de identificaci\u00f3n fiscal federal (TIN) de OWG es 11-1902968.<\/p>\n<\/div>\n\n\n\n<p><\/p>\n\n\n\n<p><\/p>","protected":false},"excerpt":{"rendered":"<p>Consulta el Informe Anual 2023 de Old Westbury Gardens para obtener m\u00e1s informaci\u00f3n sobre nuestros logros y nuestra gesti\u00f3n financiera. Haz clic en la imagen para leer el informe en formato digital. Ver Informe Anual 2024 (PDF) [\u2026]<\/p>","protected":false},"author":1,"featured_media":0,"parent":0,"menu_order":0,"comment_status":"open","ping_status":"open","template":"","meta":{"_acf_changed":false,"_tec_requires_first_save":true,"_EventAllDay":false,"_EventTimezone":"","_EventStartDate":"","_EventEndDate":"","_EventStartDateUTC":"","_EventEndDateUTC":"","_EventShowMap":false,"_EventShowMapLink":false,"_EventURL":"","_EventCost":"","_EventCostDescription":"","_EventCurrencySymbol":"","_EventCurrencyCode":"","_EventCurrencyPosition":"","_EventDateTimeSeparator":"","_EventTimeRangeSeparator":"","_EventOrganizerID":[],"_EventVenueID":[],"_OrganizerEmail":"","_OrganizerPhone":"","_OrganizerWebsite":"","_VenueAddress":"","_VenueCity":"","_VenueCountry":"","_VenueProvince":"","_VenueState":"","_VenueZip":"","_VenuePhone":"","_VenueURL":"","_VenueStateProvince":"","_VenueLat":"","_VenueLng":"","_VenueShowMap":false,"_VenueShowMapLink":false,"_tribe_blocks_recurrence_rules":"","_tribe_blocks_recurrence_description":"","_tribe_blocks_recurrence_exclusions":"","footnotes":""},"class_list":["post-360","page","type-page","status-publish","hentry"],"acf":[],"yoast_head":"<!-- This site is optimized with the Yoast SEO plugin v26.2 - https:\/\/yoast.com\/wordpress\/plugins\/seo\/ -->\n<title>Financials | Old Westbury Gardens<\/title>\n<meta name=\"robots\" content=\"index, follow, max-snippet:-1, max-image-preview:large, max-video-preview:-1\" \/>\n<link rel=\"canonical\" href=\"https:\/\/www.oldwestburygardens.org\/es\/financials\/\" \/>\n<meta property=\"og:locale\" content=\"es_ES\" \/>\n<meta property=\"og:type\" content=\"article\" \/>\n<meta property=\"og:title\" content=\"Financials | Old Westbury Gardens\" \/>\n<meta property=\"og:description\" content=\"Explore Old Westbury Gardens\u2019 2023 Annual Report to learn more about our achievements and financial stewardship. Click on the image to read the report digitally. View 2024 Annual Report (PDF) [&hellip;]\" \/>\n<meta property=\"og:url\" content=\"https:\/\/www.oldwestburygardens.org\/es\/financials\/\" \/>\n<meta property=\"og:site_name\" content=\"Old Westbury Gardens\" \/>\n<meta property=\"article:modified_time\" content=\"2025-09-18T14:55:27+00:00\" \/>\n<meta property=\"og:image\" content=\"https:\/\/www.oldwestburygardens.org\/wp-content\/uploads\/2025\/09\/Screenshot-2025-09-18-105417.png\" \/>\n<meta name=\"twitter:card\" content=\"summary_large_image\" \/>\n<meta name=\"twitter:label1\" content=\"Est. reading time\" \/>\n\t<meta name=\"twitter:data1\" content=\"1 minuto\" \/>\n<script type=\"application\/ld+json\" class=\"yoast-schema-graph\">{\"@context\":\"https:\/\/schema.org\",\"@graph\":[{\"@type\":\"WebPage\",\"@id\":\"https:\/\/www.oldwestburygardens.org\/financials\/\",\"url\":\"https:\/\/www.oldwestburygardens.org\/financials\/\",\"name\":\"Financials | Old Westbury Gardens\",\"isPartOf\":{\"@id\":\"https:\/\/www.oldwestburygardens.org\/ko\/#website\"},\"primaryImageOfPage\":{\"@id\":\"https:\/\/www.oldwestburygardens.org\/financials\/#primaryimage\"},\"image\":{\"@id\":\"https:\/\/www.oldwestburygardens.org\/financials\/#primaryimage\"},\"thumbnailUrl\":\"https:\/\/www.oldwestburygardens.org\/wp-content\/uploads\/2025\/09\/Screenshot-2025-09-18-105417.png\",\"datePublished\":\"2024-09-13T13:27:35+00:00\",\"dateModified\":\"2025-09-18T14:55:27+00:00\",\"breadcrumb\":{\"@id\":\"https:\/\/www.oldwestburygardens.org\/financials\/#breadcrumb\"},\"inLanguage\":\"es\",\"potentialAction\":[{\"@type\":\"ReadAction\",\"target\":[\"https:\/\/www.oldwestburygardens.org\/financials\/\"]}]},{\"@type\":\"ImageObject\",\"inLanguage\":\"es\",\"@id\":\"https:\/\/www.oldwestburygardens.org\/financials\/#primaryimage\",\"url\":\"https:\/\/www.oldwestburygardens.org\/wp-content\/uploads\/2025\/09\/Screenshot-2025-09-18-105417.png\",\"contentUrl\":\"https:\/\/www.oldwestburygardens.org\/wp-content\/uploads\/2025\/09\/Screenshot-2025-09-18-105417.png\"},{\"@type\":\"BreadcrumbList\",\"@id\":\"https:\/\/www.oldwestburygardens.org\/financials\/#breadcrumb\",\"itemListElement\":[{\"@type\":\"ListItem\",\"position\":1,\"name\":\"Home\",\"item\":\"https:\/\/www.oldwestburygardens.org\/\"},{\"@type\":\"ListItem\",\"position\":2,\"name\":\"Financials\"}]},{\"@type\":\"WebSite\",\"@id\":\"https:\/\/www.oldwestburygardens.org\/ko\/#website\",\"url\":\"https:\/\/www.oldwestburygardens.org\/ko\/\",\"name\":\"Old Westbury Gardens\",\"description\":\"\",\"publisher\":{\"@id\":\"https:\/\/www.oldwestburygardens.org\/ko\/#organization\"},\"potentialAction\":[{\"@type\":\"SearchAction\",\"target\":{\"@type\":\"EntryPoint\",\"urlTemplate\":\"https:\/\/www.oldwestburygardens.org\/ko\/?s={search_term_string}\"},\"query-input\":{\"@type\":\"PropertyValueSpecification\",\"valueRequired\":true,\"valueName\":\"search_term_string\"}}],\"inLanguage\":\"es\"},{\"@type\":\"Organization\",\"@id\":\"https:\/\/www.oldwestburygardens.org\/ko\/#organization\",\"name\":\"Old Westbury Gardens\",\"url\":\"https:\/\/www.oldwestburygardens.org\/ko\/\",\"logo\":{\"@type\":\"ImageObject\",\"inLanguage\":\"es\",\"@id\":\"https:\/\/www.oldwestburygardens.org\/ko\/#\/schema\/logo\/image\/\",\"url\":\"https:\/\/www.oldwestburygardens.org\/wp-content\/uploads\/2025\/03\/OWGlogoforsite.png\",\"contentUrl\":\"https:\/\/www.oldwestburygardens.org\/wp-content\/uploads\/2025\/03\/OWGlogoforsite.png\",\"width\":750,\"height\":173,\"caption\":\"Old Westbury Gardens\"},\"image\":{\"@id\":\"https:\/\/www.oldwestburygardens.org\/ko\/#\/schema\/logo\/image\/\"}}]}<\/script>\n<!-- \/ Yoast SEO plugin. -->","yoast_head_json":{"title":"Finanzas | Jardines de Old Westbury","robots":{"index":"index","follow":"follow","max-snippet":"max-snippet:-1","max-image-preview":"max-image-preview:large","max-video-preview":"max-video-preview:-1"},"canonical":"https:\/\/www.oldwestburygardens.org\/es\/financials\/","og_locale":"es_ES","og_type":"article","og_title":"Financials | Old Westbury Gardens","og_description":"Explore Old Westbury Gardens\u2019 2023 Annual Report to learn more about our achievements and financial stewardship. Click on the image to read the report digitally. View 2024 Annual Report (PDF) [&hellip;]","og_url":"https:\/\/www.oldwestburygardens.org\/es\/financials\/","og_site_name":"Old Westbury Gardens","article_modified_time":"2025-09-18T14:55:27+00:00","og_image":[{"url":"https:\/\/www.oldwestburygardens.org\/wp-content\/uploads\/2025\/09\/Screenshot-2025-09-18-105417.png","type":"","width":"","height":""}],"twitter_card":"summary_large_image","twitter_misc":{"Est. reading time":"1 minuto"},"schema":{"@context":"https:\/\/schema.org","@graph":[{"@type":"WebPage","@id":"https:\/\/www.oldwestburygardens.org\/financials\/","url":"https:\/\/www.oldwestburygardens.org\/financials\/","name":"Finanzas | Jardines de Old Westbury","isPartOf":{"@id":"https:\/\/www.oldwestburygardens.org\/ko\/#website"},"primaryImageOfPage":{"@id":"https:\/\/www.oldwestburygardens.org\/financials\/#primaryimage"},"image":{"@id":"https:\/\/www.oldwestburygardens.org\/financials\/#primaryimage"},"thumbnailUrl":"https:\/\/www.oldwestburygardens.org\/wp-content\/uploads\/2025\/09\/Screenshot-2025-09-18-105417.png","datePublished":"2024-09-13T13:27:35+00:00","dateModified":"2025-09-18T14:55:27+00:00","breadcrumb":{"@id":"https:\/\/www.oldwestburygardens.org\/financials\/#breadcrumb"},"inLanguage":"es","potentialAction":[{"@type":"ReadAction","target":["https:\/\/www.oldwestburygardens.org\/financials\/"]}]},{"@type":"ImageObject","inLanguage":"es","@id":"https:\/\/www.oldwestburygardens.org\/financials\/#primaryimage","url":"https:\/\/www.oldwestburygardens.org\/wp-content\/uploads\/2025\/09\/Screenshot-2025-09-18-105417.png","contentUrl":"https:\/\/www.oldwestburygardens.org\/wp-content\/uploads\/2025\/09\/Screenshot-2025-09-18-105417.png"},{"@type":"BreadcrumbList","@id":"https:\/\/www.oldwestburygardens.org\/financials\/#breadcrumb","itemListElement":[{"@type":"ListItem","position":1,"name":"Home","item":"https:\/\/www.oldwestburygardens.org\/"},{"@type":"ListItem","position":2,"name":"Financials"}]},{"@type":"WebSite","@id":"https:\/\/www.oldwestburygardens.org\/ko\/#website","url":"https:\/\/www.oldwestburygardens.org\/ko\/","name":"Jardines del viejo Westbury","description":"","publisher":{"@id":"https:\/\/www.oldwestburygardens.org\/ko\/#organization"},"potentialAction":[{"@type":"SearchAction","target":{"@type":"EntryPoint","urlTemplate":"https:\/\/www.oldwestburygardens.org\/ko\/?s={search_term_string}"},"query-input":{"@type":"PropertyValueSpecification","valueRequired":true,"valueName":"search_term_string"}}],"inLanguage":"es"},{"@type":"Organization","@id":"https:\/\/www.oldwestburygardens.org\/ko\/#organization","name":"Jardines del viejo Westbury","url":"https:\/\/www.oldwestburygardens.org\/ko\/","logo":{"@type":"ImageObject","inLanguage":"es","@id":"https:\/\/www.oldwestburygardens.org\/ko\/#\/schema\/logo\/image\/","url":"https:\/\/www.oldwestburygardens.org\/wp-content\/uploads\/2025\/03\/OWGlogoforsite.png","contentUrl":"https:\/\/www.oldwestburygardens.org\/wp-content\/uploads\/2025\/03\/OWGlogoforsite.png","width":750,"height":173,"caption":"Old Westbury Gardens"},"image":{"@id":"https:\/\/www.oldwestburygardens.org\/ko\/#\/schema\/logo\/image\/"}}]}},"_links":{"self":[{"href":"https:\/\/www.oldwestburygardens.org\/es\/wp-json\/wp\/v2\/pages\/360","targetHints":{"allow":["GET"]}}],"collection":[{"href":"https:\/\/www.oldwestburygardens.org\/es\/wp-json\/wp\/v2\/pages"}],"about":[{"href":"https:\/\/www.oldwestburygardens.org\/es\/wp-json\/wp\/v2\/types\/page"}],"author":[{"embeddable":true,"href":"https:\/\/www.oldwestburygardens.org\/es\/wp-json\/wp\/v2\/users\/1"}],"replies":[{"embeddable":true,"href":"https:\/\/www.oldwestburygardens.org\/es\/wp-json\/wp\/v2\/comments?post=360"}],"version-history":[{"count":10,"href":"https:\/\/www.oldwestburygardens.org\/es\/wp-json\/wp\/v2\/pages\/360\/revisions"}],"predecessor-version":[{"id":8250,"href":"https:\/\/www.oldwestburygardens.org\/es\/wp-json\/wp\/v2\/pages\/360\/revisions\/8250"}],"wp:attachment":[{"href":"https:\/\/www.oldwestburygardens.org\/es\/wp-json\/wp\/v2\/media?parent=360"}],"curies":[{"name":"wp","href":"https:\/\/api.w.org\/{rel}","templated":true}]}}