{"id":420,"date":"2019-06-05T14:30:02","date_gmt":"2019-06-05T14:30:02","guid":{"rendered":"https:\/\/www.oldwestburygardens.org\/directions\/"},"modified":"2026-04-17T17:27:59","modified_gmt":"2026-04-17T21:27:59","slug":"directions","status":"publish","type":"page","link":"https:\/\/www.oldwestburygardens.org\/es\/directions\/","title":{"rendered":"Instrucciones"},"content":{"rendered":"<div class=\"wp-block-group has-global-padding is-layout-constrained wp-block-group-is-layout-constrained\" style=\"padding-top:0;padding-bottom:0\"><h1 style=\"padding-top:var(--wp--preset--spacing--20);padding-bottom:var(--wp--preset--spacing--20);\" class=\"wp-block-post-title\">Instrucciones<\/h1>\n\n\n<h4 class=\"wp-block-heading has-text-align-center\"><strong><mark style=\"background-color:rgba(0, 0, 0, 0);color:#fa0404\" class=\"has-inline-color\">A PARTIR DEL S\u00c1BADO 18 DE ABRIL: LAS PUERTAS DEL N\u00daMERO 71 DE OLD WESTBURY ROAD SE REABRIR\u00c1N AL P\u00daBLICO.<\/mark><\/strong><\/h4>\n\n\n\n<h3 class=\"wp-block-heading\">En coche<\/h3>\n\n\n\n<p>Todos los visitantes deben ingresar por <strong>71 Old Westbury Road, Old Westbury, NY 11568<\/strong>.<\/p>\n\n\n\n<p><strong>Desde el oeste<\/strong><\/p>\n\n\n\n<p><strong>Desde la autopista de Long Island:<\/strong><br>Tome la I-495 hasta la salida 39 (Glen Cove Road). Siga la v\u00eda de servicio hacia el este durante aproximadamente 1,1 millas, gire a la derecha en Old Westbury Road y contin\u00fae 0,4 millas. La entrada a los Jardines est\u00e1 a la izquierda.<\/p>\n\n\n\n<p><strong>Desde la Northern State Parkway:<\/strong><br>Tome la Northern State hasta la salida 32 (Post Avenue). Gire a la izquierda al final de la rampa de salida y gire a la izquierda en Post Avenue en direcci\u00f3n norte. Gire a la izquierda en Jericho Turnpike (Ruta 25) y gire a la derecha en el primer sem\u00e1foro hacia Old Westbury Road. La entrada de los Jardines est\u00e1 a la derecha.<\/p>\n\n\n\n<p><strong>Desde el este<\/strong><\/p>\n\n\n\n<p><strong>Desde la autopista de Long Island:<\/strong><br>Desde la autopista Long Island Expressway: Tome la LIE (I-495) hasta la salida 39. Al final de la rampa de salida, gire a la izquierda en Glen Cove Road (Garden City), cruce la autopista e inmediatamente gire a la izquierda en la v\u00eda de servicio. Siga la v\u00eda de servicio hacia el este durante aproximadamente 1.1 millas, gire a la derecha en Old Westbury Road y contin\u00fae 0.4 millas. La entrada a los jardines est\u00e1 a la izquierda.<\/p>\n\n\n\n<p><strong>Desde la Northern State Parkway:<\/strong><br>Tome la Northern State hasta la salida 32 (Post Avenue). Gire a la derecha al final de la rampa de salida (Old Westbury) hacia Post Avenue en direcci\u00f3n norte. Gire a la izquierda en Jericho Turnpike (Ruta 25) y gire a la derecha en el primer sem\u00e1foro hacia Old Westbury Road. La entrada de los Jardines est\u00e1 a la derecha.<\/p>\n\n\n\n<p>Old Westbury Gardens est\u00e1 ubicado en 71 Old Westbury Road, Old Westbury, Nueva York, entre Long Island Expressway (I-495) y Jericho Turnpike (Ruta 25 de Nueva York), aproximadamente a 20 millas al este de la ciudad de Nueva York.<\/p>\n\n\n\n<h3 class=\"wp-block-heading\">En autob\u00fas o cami\u00f3n<\/h3>\n\n\n\n<p>Todos los autobuses, camiones y repartos. <strong>debe<\/strong> Entrar por 60 Post Road.<\/p>\n\n\n\n<p>Hacer clic <a href=\"http:\/\/maps.google.com\/maps?q=60+Post+Road,+Old+Westbury,+NY\" target=\"_blank\" rel=\"noopener\"><strong>aqu\u00ed<\/strong><\/a> Para obtener indicaciones para llegar a 60 Post Road.<\/p>\n\n\n\n<h3 class=\"wp-block-heading\">En tren<\/h3>\n\n\n\n<p><strong><em>Desde la estaci\u00f3n Pennsylvania, ciudad de Nueva York<\/em><\/strong><\/p>\n\n\n\n<p>Tome el tren de Long Island Railroad hasta la estaci\u00f3n de Westbury, y luego un taxi hasta Old Westbury Gardens, en 71 Old Westbury Road (aproximadamente a 4 kil\u00f3metros de la estaci\u00f3n).<\/p>\n\n\n\n<hr class=\"wp-block-separator has-alpha-channel-opacity\"\/>\n\n\n\n<p>Hacer clic <a href=\"http:\/\/maps.google.com\/maps?q=Old+Westbury+Gardens,+Old+Westbury+Road,+Old+Westbury,+NY\" target=\"_blank\" rel=\"noopener\"><strong>aqu\u00ed<\/strong><\/a> para obtener indicaciones para llegar a 71 Old Westbury Road.<\/p>\n\n\n\n<hr class=\"wp-block-separator has-css-opacity\"\/>\n<\/div>","protected":false},"excerpt":{"rendered":"<p>EFFECTIVE SATURDAY, APRIL 18: THE GATES AT 71 OLD WESTBURY ROAD WILL RE-OPEN FOR ENTRY. By Car All visitors should enter via 71 Old Westbury Road, Old Westbury, NY 11568. [&hellip;]<\/p>","protected":false},"author":1,"featured_media":0,"parent":0,"menu_order":0,"comment_status":"open","ping_status":"closed","template":"","meta":{"_acf_changed":false,"_tec_requires_first_save":true,"_EventAllDay":false,"_EventTimezone":"","_EventStartDate":"","_EventEndDate":"","_EventStartDateUTC":"","_EventEndDateUTC":"","_EventShowMap":false,"_EventShowMapLink":false,"_EventURL":"","_EventCost":"","_EventCostDescription":"","_EventCurrencySymbol":"","_EventCurrencyCode":"","_EventCurrencyPosition":"","_EventDateTimeSeparator":"","_EventTimeRangeSeparator":"","_EventOrganizerID":[],"_EventVenueID":[],"_OrganizerEmail":"","_OrganizerPhone":"","_OrganizerWebsite":"","_VenueAddress":"","_VenueCity":"","_VenueCountry":"","_VenueProvince":"","_VenueState":"","_VenueZip":"","_VenuePhone":"","_VenueURL":"","_VenueStateProvince":"","_VenueLat":"","_VenueLng":"","_VenueShowMap":false,"_VenueShowMapLink":false,"_tribe_blocks_recurrence_rules":"","_tribe_blocks_recurrence_description":"","_tribe_blocks_recurrence_exclusions":"","footnotes":""},"class_list":["post-420","page","type-page","status-publish","hentry"],"acf":[],"yoast_head":"<!-- This site is optimized with the Yoast SEO plugin v26.2 - https:\/\/yoast.com\/wordpress\/plugins\/seo\/ -->\n<title>Directions | Old Westbury Gardens<\/title>\n<meta name=\"robots\" content=\"index, follow, max-snippet:-1, max-image-preview:large, max-video-preview:-1\" \/>\n<link rel=\"canonical\" href=\"https:\/\/www.oldwestburygardens.org\/es\/directions\/\" \/>\n<meta property=\"og:locale\" content=\"es_ES\" \/>\n<meta property=\"og:type\" content=\"article\" \/>\n<meta property=\"og:title\" content=\"Directions | Old Westbury Gardens\" \/>\n<meta property=\"og:description\" content=\"EFFECTIVE SATURDAY, APRIL 18: THE GATES AT 71 OLD WESTBURY ROAD WILL RE-OPEN FOR ENTRY. By Car All visitors should enter via 71 Old Westbury Road, Old Westbury, NY 11568. [&hellip;]\" \/>\n<meta property=\"og:url\" content=\"https:\/\/www.oldwestburygardens.org\/es\/directions\/\" \/>\n<meta property=\"og:site_name\" content=\"Old Westbury Gardens\" \/>\n<meta property=\"article:modified_time\" content=\"2026-04-17T21:27:59+00:00\" \/>\n<meta property=\"og:image\" content=\"https:\/\/www.oldwestburygardens.org\/wp-content\/uploads\/2025\/05\/2021BackofHouse-1024x683.png\" \/>\n\t<meta property=\"og:image:width\" content=\"1024\" \/>\n\t<meta property=\"og:image:height\" content=\"683\" \/>\n\t<meta property=\"og:image:type\" content=\"image\/png\" \/>\n<meta name=\"twitter:card\" content=\"summary_large_image\" \/>\n<meta name=\"twitter:label1\" content=\"Est. reading time\" \/>\n\t<meta name=\"twitter:data1\" content=\"2 minutos\" \/>\n<script type=\"application\/ld+json\" class=\"yoast-schema-graph\">{\"@context\":\"https:\/\/schema.org\",\"@graph\":[{\"@type\":\"WebPage\",\"@id\":\"https:\/\/www.oldwestburygardens.org\/directions\/\",\"url\":\"https:\/\/www.oldwestburygardens.org\/directions\/\",\"name\":\"Directions | Old Westbury Gardens\",\"isPartOf\":{\"@id\":\"https:\/\/www.oldwestburygardens.org\/ko\/#website\"},\"datePublished\":\"2019-06-05T14:30:02+00:00\",\"dateModified\":\"2026-04-17T21:27:59+00:00\",\"breadcrumb\":{\"@id\":\"https:\/\/www.oldwestburygardens.org\/directions\/#breadcrumb\"},\"inLanguage\":\"es\",\"potentialAction\":[{\"@type\":\"ReadAction\",\"target\":[\"https:\/\/www.oldwestburygardens.org\/directions\/\"]}]},{\"@type\":\"BreadcrumbList\",\"@id\":\"https:\/\/www.oldwestburygardens.org\/directions\/#breadcrumb\",\"itemListElement\":[{\"@type\":\"ListItem\",\"position\":1,\"name\":\"Home\",\"item\":\"https:\/\/www.oldwestburygardens.org\/\"},{\"@type\":\"ListItem\",\"position\":2,\"name\":\"Directions\"}]},{\"@type\":\"WebSite\",\"@id\":\"https:\/\/www.oldwestburygardens.org\/ko\/#website\",\"url\":\"https:\/\/www.oldwestburygardens.org\/ko\/\",\"name\":\"Old Westbury Gardens\",\"description\":\"\",\"publisher\":{\"@id\":\"https:\/\/www.oldwestburygardens.org\/ko\/#organization\"},\"potentialAction\":[{\"@type\":\"SearchAction\",\"target\":{\"@type\":\"EntryPoint\",\"urlTemplate\":\"https:\/\/www.oldwestburygardens.org\/ko\/?s={search_term_string}\"},\"query-input\":{\"@type\":\"PropertyValueSpecification\",\"valueRequired\":true,\"valueName\":\"search_term_string\"}}],\"inLanguage\":\"es\"},{\"@type\":\"Organization\",\"@id\":\"https:\/\/www.oldwestburygardens.org\/ko\/#organization\",\"name\":\"Old Westbury Gardens\",\"url\":\"https:\/\/www.oldwestburygardens.org\/ko\/\",\"logo\":{\"@type\":\"ImageObject\",\"inLanguage\":\"es\",\"@id\":\"https:\/\/www.oldwestburygardens.org\/ko\/#\/schema\/logo\/image\/\",\"url\":\"https:\/\/www.oldwestburygardens.org\/wp-content\/uploads\/2025\/03\/OWGlogoforsite.png\",\"contentUrl\":\"https:\/\/www.oldwestburygardens.org\/wp-content\/uploads\/2025\/03\/OWGlogoforsite.png\",\"width\":750,\"height\":173,\"caption\":\"Old Westbury Gardens\"},\"image\":{\"@id\":\"https:\/\/www.oldwestburygardens.org\/ko\/#\/schema\/logo\/image\/\"}}]}<\/script>\n<!-- \/ Yoast SEO plugin. -->","yoast_head_json":{"title":"Indicaciones | Jardines de Old Westbury","robots":{"index":"index","follow":"follow","max-snippet":"max-snippet:-1","max-image-preview":"max-image-preview:large","max-video-preview":"max-video-preview:-1"},"canonical":"https:\/\/www.oldwestburygardens.org\/es\/directions\/","og_locale":"es_ES","og_type":"article","og_title":"Directions | Old Westbury Gardens","og_description":"EFFECTIVE SATURDAY, APRIL 18: THE GATES AT 71 OLD WESTBURY ROAD WILL RE-OPEN FOR ENTRY. By Car All visitors should enter via 71 Old Westbury Road, Old Westbury, NY 11568. [&hellip;]","og_url":"https:\/\/www.oldwestburygardens.org\/es\/directions\/","og_site_name":"Old Westbury Gardens","article_modified_time":"2026-04-17T21:27:59+00:00","og_image":[{"width":1024,"height":683,"url":"https:\/\/www.oldwestburygardens.org\/wp-content\/uploads\/2025\/05\/2021BackofHouse-1024x683.png","type":"image\/png"}],"twitter_card":"summary_large_image","twitter_misc":{"Est. reading time":"2 minutos"},"schema":{"@context":"https:\/\/schema.org","@graph":[{"@type":"WebPage","@id":"https:\/\/www.oldwestburygardens.org\/directions\/","url":"https:\/\/www.oldwestburygardens.org\/directions\/","name":"Indicaciones | Jardines de Old Westbury","isPartOf":{"@id":"https:\/\/www.oldwestburygardens.org\/ko\/#website"},"datePublished":"2019-06-05T14:30:02+00:00","dateModified":"2026-04-17T21:27:59+00:00","breadcrumb":{"@id":"https:\/\/www.oldwestburygardens.org\/directions\/#breadcrumb"},"inLanguage":"es","potentialAction":[{"@type":"ReadAction","target":["https:\/\/www.oldwestburygardens.org\/directions\/"]}]},{"@type":"BreadcrumbList","@id":"https:\/\/www.oldwestburygardens.org\/directions\/#breadcrumb","itemListElement":[{"@type":"ListItem","position":1,"name":"Home","item":"https:\/\/www.oldwestburygardens.org\/"},{"@type":"ListItem","position":2,"name":"Directions"}]},{"@type":"WebSite","@id":"https:\/\/www.oldwestburygardens.org\/ko\/#website","url":"https:\/\/www.oldwestburygardens.org\/ko\/","name":"Jardines del viejo Westbury","description":"","publisher":{"@id":"https:\/\/www.oldwestburygardens.org\/ko\/#organization"},"potentialAction":[{"@type":"SearchAction","target":{"@type":"EntryPoint","urlTemplate":"https:\/\/www.oldwestburygardens.org\/ko\/?s={search_term_string}"},"query-input":{"@type":"PropertyValueSpecification","valueRequired":true,"valueName":"search_term_string"}}],"inLanguage":"es"},{"@type":"Organization","@id":"https:\/\/www.oldwestburygardens.org\/ko\/#organization","name":"Jardines del viejo Westbury","url":"https:\/\/www.oldwestburygardens.org\/ko\/","logo":{"@type":"ImageObject","inLanguage":"es","@id":"https:\/\/www.oldwestburygardens.org\/ko\/#\/schema\/logo\/image\/","url":"https:\/\/www.oldwestburygardens.org\/wp-content\/uploads\/2025\/03\/OWGlogoforsite.png","contentUrl":"https:\/\/www.oldwestburygardens.org\/wp-content\/uploads\/2025\/03\/OWGlogoforsite.png","width":750,"height":173,"caption":"Old Westbury Gardens"},"image":{"@id":"https:\/\/www.oldwestburygardens.org\/ko\/#\/schema\/logo\/image\/"}}]}},"_links":{"self":[{"href":"https:\/\/www.oldwestburygardens.org\/es\/wp-json\/wp\/v2\/pages\/420","targetHints":{"allow":["GET"]}}],"collection":[{"href":"https:\/\/www.oldwestburygardens.org\/es\/wp-json\/wp\/v2\/pages"}],"about":[{"href":"https:\/\/www.oldwestburygardens.org\/es\/wp-json\/wp\/v2\/types\/page"}],"author":[{"embeddable":true,"href":"https:\/\/www.oldwestburygardens.org\/es\/wp-json\/wp\/v2\/users\/1"}],"replies":[{"embeddable":true,"href":"https:\/\/www.oldwestburygardens.org\/es\/wp-json\/wp\/v2\/comments?post=420"}],"version-history":[{"count":9,"href":"https:\/\/www.oldwestburygardens.org\/es\/wp-json\/wp\/v2\/pages\/420\/revisions"}],"predecessor-version":[{"id":10644,"href":"https:\/\/www.oldwestburygardens.org\/es\/wp-json\/wp\/v2\/pages\/420\/revisions\/10644"}],"wp:attachment":[{"href":"https:\/\/www.oldwestburygardens.org\/es\/wp-json\/wp\/v2\/media?parent=420"}],"curies":[{"name":"wp","href":"https:\/\/api.w.org\/{rel}","templated":true}]}}