{"id":5067,"date":"2025-05-06T06:51:58","date_gmt":"2025-05-06T06:51:58","guid":{"rendered":"https:\/\/www.oldwestburygardens.org\/?page_id=5067"},"modified":"2026-02-13T10:53:24","modified_gmt":"2026-02-13T15:53:24","slug":"private-events","status":"publish","type":"page","link":"https:\/\/www.oldwestburygardens.org\/es\/private-events\/","title":{"rendered":"Eventos privados"},"content":{"rendered":"<div class=\"wp-block-group alignfull is-layout-flow wp-block-group-is-layout-flow\" style=\"padding-top:0;padding-right:0;padding-bottom:0;padding-left:0\">\n<section id=\"owg-page-header-block_82daedb9568b9079e9195a7b9e90b8b5\" class=\"owg-page-header has-transparent-background-color  alignfull\">\n\n    <div class=\"owg-page-header-inner\" style=\"background-image: url(https:\/\/www.oldwestburygardens.org\/wp-content\/uploads\/2025\/05\/private-events-banner.jpg);\">\n        <div class=\"owg-page-header-inner__content\">\n            <div class=\"owg-page-header-inner__content-inner\">\n            <div class=\"acf-innerblocks-container\">\n\n<h1 class=\"wp-block-heading\">Eventos privados<\/h1>\n\n<\/div>\n            <\/div>\n\n        <\/div>\n    <\/div>\n\n\n            <nav class=\"owg-page-header-inner__breadcrumbs\" aria-label=\"Migaja de pan\">\n            <a href=\"https:\/\/www.oldwestburygardens.org\/es\/\">Hogar<\/a>\n\n             | <span>Eventos privados<\/span>        <\/nav>\n    \n<\/section><\/div>\n\n\n\n<div class=\"wp-block-group alignfull has-light-gold-background-color has-background has-global-padding is-layout-constrained wp-container-core-group-is-layout-3 wp-block-group-is-layout-constrained\" style=\"margin-top:0;margin-bottom:0;padding-top:var(--wp--preset--spacing--80);padding-right:0;padding-bottom:var(--wp--preset--spacing--80);padding-left:0\">\n<div class=\"wp-block-group alignwide has-global-padding is-layout-constrained wp-block-group-is-layout-constrained\" style=\"padding-top:0;padding-bottom:0\">\n<h2 class=\"wp-block-heading alignwide has-text-align-center\" style=\"padding-right:0;padding-bottom:var(--wp--preset--spacing--50);padding-left:var(--wp--preset--spacing--40)\">Celebraciones a gran escala en los jardines de Old Westbury<\/h2>\n\n\n\n<div style=\"margin-top:0;margin-bottom:0;\" class=\"owg-cards-style-large owg-cards alignwide wp-block-acf-owg-cards\">\n    \n        <div class=\"owg-card owg-card-large\">\n            <div class=\"owg-card-inner\">\n\n                                    <div class=\"owg-card-image\">\n                        <div class=\"owg-card-image-container\">\n                                                            <a class=\"owg-card-image-link\" href=\"https:\/\/oldwestburygardens.inanyeventny.com\/#\/\" aria-label=\"Cont\u00e1ctenos en cualquier evento para obtener m\u00e1s informaci\u00f3n\"><\/a>\n                                                     <img src=\"https:\/\/www.oldwestburygardens.org\/wp-content\/uploads\/2025\/05\/Photo-credit-Heather-Waraksa-2.jpg\" alt=\"Looking for a one-of-a-kind venue for your special day?\" loading=\"lazy\" decoding=\"async\">\n\n                        <\/div>\n                    <\/div>\n                                <div class=\"owg-card-content\">\n                    <div>\n                    <h2 class=\"has-heading-font-size\">\u00bfBuscas un lugar \u00fanico para tu d\u00eda especial?<\/h2>\n                    <p>Old Westbury Gardens se complace en anunciar oportunidades limitadas para celebraciones exclusivas a gran escala en carpa. Ya sea que est\u00e9 planeando una boda, una celebraci\u00f3n importante o un evento a gran escala, deje que la belleza de Old Westbury Gardens le brinde el marco perfecto. Para una planificaci\u00f3n experta y un servicio personalizado para estas celebraciones a gran escala, comun\u00edquese con nuestro socio exclusivo para eventos, In Any Event, para hacer realidad su visi\u00f3n.<\/p>\n                    <\/div>\n\n                                            <div class=\"button-wrapper\">\n                            <a class=\"owg-btn-primary\" href=\"https:\/\/oldwestburygardens.inanyeventny.com\/#\/\" target=\"_blank\">Cont\u00e1ctenos en cualquier evento para obtener m\u00e1s informaci\u00f3n<\/a>\n                        <\/div>\n                                    <\/div>\n            <\/div>\n        <\/div>\n\n    <\/div>\n\n\n<p><em>Las im\u00e1genes de arriba son cortes\u00eda de <a href=\"https:\/\/overthemoon.com\/pages\/directory\/heather-waraksa\" target=\"_blank\" rel=\"noreferrer noopener\">Heather Waraksa<\/a><\/em><\/p>\n\n\n\n<div style=\"height:100px\" aria-hidden=\"true\" class=\"wp-block-spacer\"><\/div>\n\n\n\n<h2 class=\"wp-block-heading has-text-align-center\">\u00a1Fiestas de cumplea\u00f1os en Old Westbury Gardens! <\/h2>\n\n\n\n<div class=\"owg-cards-style-large owg-cards align wp-block-acf-owg-cards\">\n    \n        <div class=\"owg-card owg-card-large\">\n            <div class=\"owg-card-inner\">\n\n                                    <div class=\"owg-card-image\">\n                        <div class=\"owg-card-image-container\">\n                                                            <a class=\"owg-card-image-link\" href=\"https:\/\/www.oldwestburygardens.org\/es\/birthday-parties-2\/\" aria-label=\"\u00a1Obt\u00e9n m\u00e1s informaci\u00f3n y reserva hoy!\"><\/a>\n                                                     <img src=\"https:\/\/www.oldwestburygardens.org\/wp-content\/uploads\/2026\/01\/IMG_63811-2-scaled.jpg\" alt=\"Want to celebrate your child&#039;s birthday at the Gardens?\" loading=\"lazy\" decoding=\"async\">\n\n                        <\/div>\n                    <\/div>\n                                <div class=\"owg-card-content\">\n                    <div>\n                    <h2 class=\"has-heading-font-size\">\u00bfQuieres celebrar el cumplea\u00f1os de tu hijo en los Jardines?<\/h2>\n                    <p>\u00a1Nos complace anunciar las fiestas de cumplea\u00f1os en Old Westbury Gardens para ni\u00f1os de 5 a 9 a\u00f1os! Desde aventuras de construcci\u00f3n con ladrillos inspiradas en Nature Connects\u00ae de Sean Kenney hasta jardines de hadas, magia y safaris de insectos, hay un tema para todos los gustos. Las fiestas incluyen visitas guiadas, b\u00fasquedas del tesoro, manualidades y actividades de plantaci\u00f3n, todo dise\u00f1ado para crear recuerdos de cumplea\u00f1os inolvidables.<\/p>\n                    <\/div>\n\n                                            <div class=\"button-wrapper\">\n                            <a class=\"owg-btn-primary\" href=\"https:\/\/www.oldwestburygardens.org\/es\/birthday-parties-2\/\" target=\"\">\u00a1Obt\u00e9n m\u00e1s informaci\u00f3n y reserva hoy!<\/a>\n                        <\/div>\n                                    <\/div>\n            <\/div>\n        <\/div>\n\n    <\/div><\/div>\n<\/div>\n\n\n\n<div class=\"wp-block-group alignfull has-global-padding is-layout-constrained wp-block-group-is-layout-constrained\" style=\"padding-top:var(--wp--preset--spacing--70);padding-bottom:var(--wp--preset--spacing--70)\">\n<div class=\"wp-block-group alignwide has-global-padding is-layout-constrained wp-container-core-group-is-layout-4 wp-block-group-is-layout-constrained\" style=\"padding-top:0;padding-bottom:0\">\n<h5 class=\"wp-block-heading has-text-align-center\"><strong>Para microceremonias, despedidas de soltera u otros eventos privados de 50 invitados o menos, comun\u00edquese directamente con Old Westbury Gardens enviando un correo electr\u00f3nico a <a href=\"mailto:weddings@oldwestburygardens.org\">bodas@oldwestburygardens.org<\/a>.<br><\/strong><\/h5>\n<\/div>\n<\/div>","protected":false},"excerpt":{"rendered":"<p>Celebraciones a gran escala en Old Westbury Gardens. Im\u00e1genes cortes\u00eda de Heather Waraksa. \u00a1Fiestas de cumplea\u00f1os en Old Westbury Gardens! Para ceremonias \u00edntimas, despedidas de soltera u otros eventos privados de 50 o m\u00e1s personas.<\/p>","protected":false},"author":1,"featured_media":0,"parent":0,"menu_order":0,"comment_status":"closed","ping_status":"closed","template":"","meta":{"_acf_changed":false,"_tec_requires_first_save":true,"_EventAllDay":false,"_EventTimezone":"","_EventStartDate":"","_EventEndDate":"","_EventStartDateUTC":"","_EventEndDateUTC":"","_EventShowMap":false,"_EventShowMapLink":false,"_EventURL":"","_EventCost":"","_EventCostDescription":"","_EventCurrencySymbol":"","_EventCurrencyCode":"","_EventCurrencyPosition":"","_EventDateTimeSeparator":"","_EventTimeRangeSeparator":"","_EventOrganizerID":[],"_EventVenueID":[],"_OrganizerEmail":"","_OrganizerPhone":"","_OrganizerWebsite":"","_VenueAddress":"","_VenueCity":"","_VenueCountry":"","_VenueProvince":"","_VenueState":"","_VenueZip":"","_VenuePhone":"","_VenueURL":"","_VenueStateProvince":"","_VenueLat":"","_VenueLng":"","_VenueShowMap":false,"_VenueShowMapLink":false,"_tribe_blocks_recurrence_rules":"","_tribe_blocks_recurrence_description":"","_tribe_blocks_recurrence_exclusions":"","footnotes":""},"class_list":["post-5067","page","type-page","status-publish","hentry"],"acf":[],"yoast_head":"<!-- This site is optimized with the Yoast SEO plugin v26.2 - https:\/\/yoast.com\/wordpress\/plugins\/seo\/ -->\n<title>Private Events | Old Westbury Gardens<\/title>\n<meta name=\"robots\" content=\"index, follow, max-snippet:-1, max-image-preview:large, max-video-preview:-1\" \/>\n<link rel=\"canonical\" href=\"https:\/\/www.oldwestburygardens.org\/es\/private-events\/\" \/>\n<meta property=\"og:locale\" content=\"es_ES\" \/>\n<meta property=\"og:type\" content=\"article\" \/>\n<meta property=\"og:title\" content=\"Private Events | Old Westbury Gardens\" \/>\n<meta property=\"og:description\" content=\"Large-Scale Celebrations at Old Westbury Gardens Images above courtesy of Heather Waraksa Birthday Parties at Old Westbury Gardens! For micro ceremonies, bridal showers, or other private events of 50 or [&hellip;]\" \/>\n<meta property=\"og:url\" content=\"https:\/\/www.oldwestburygardens.org\/es\/private-events\/\" \/>\n<meta property=\"og:site_name\" content=\"Old Westbury Gardens\" \/>\n<meta property=\"article:modified_time\" content=\"2026-02-13T15:53:24+00:00\" \/>\n<meta property=\"og:image\" content=\"https:\/\/www.oldwestburygardens.org\/wp-content\/uploads\/2025\/05\/2021BackofHouse-1024x683.png\" \/>\n\t<meta property=\"og:image:width\" content=\"1024\" \/>\n\t<meta property=\"og:image:height\" content=\"683\" \/>\n\t<meta property=\"og:image:type\" content=\"image\/png\" \/>\n<meta name=\"twitter:card\" content=\"summary_large_image\" \/>\n<meta name=\"twitter:label1\" content=\"Est. reading time\" \/>\n\t<meta name=\"twitter:data1\" content=\"1 minuto\" \/>\n<script type=\"application\/ld+json\" class=\"yoast-schema-graph\">{\"@context\":\"https:\/\/schema.org\",\"@graph\":[{\"@type\":\"WebPage\",\"@id\":\"https:\/\/www.oldwestburygardens.org\/private-events\/\",\"url\":\"https:\/\/www.oldwestburygardens.org\/private-events\/\",\"name\":\"Private Events | Old Westbury Gardens\",\"isPartOf\":{\"@id\":\"https:\/\/www.oldwestburygardens.org\/ko\/#website\"},\"datePublished\":\"2025-05-06T06:51:58+00:00\",\"dateModified\":\"2026-02-13T15:53:24+00:00\",\"breadcrumb\":{\"@id\":\"https:\/\/www.oldwestburygardens.org\/private-events\/#breadcrumb\"},\"inLanguage\":\"es\",\"potentialAction\":[{\"@type\":\"ReadAction\",\"target\":[\"https:\/\/www.oldwestburygardens.org\/private-events\/\"]}]},{\"@type\":\"BreadcrumbList\",\"@id\":\"https:\/\/www.oldwestburygardens.org\/private-events\/#breadcrumb\",\"itemListElement\":[{\"@type\":\"ListItem\",\"position\":1,\"name\":\"Home\",\"item\":\"https:\/\/www.oldwestburygardens.org\/\"},{\"@type\":\"ListItem\",\"position\":2,\"name\":\"Private Events\"}]},{\"@type\":\"WebSite\",\"@id\":\"https:\/\/www.oldwestburygardens.org\/ko\/#website\",\"url\":\"https:\/\/www.oldwestburygardens.org\/ko\/\",\"name\":\"Old Westbury Gardens\",\"description\":\"\",\"publisher\":{\"@id\":\"https:\/\/www.oldwestburygardens.org\/ko\/#organization\"},\"potentialAction\":[{\"@type\":\"SearchAction\",\"target\":{\"@type\":\"EntryPoint\",\"urlTemplate\":\"https:\/\/www.oldwestburygardens.org\/ko\/?s={search_term_string}\"},\"query-input\":{\"@type\":\"PropertyValueSpecification\",\"valueRequired\":true,\"valueName\":\"search_term_string\"}}],\"inLanguage\":\"es\"},{\"@type\":\"Organization\",\"@id\":\"https:\/\/www.oldwestburygardens.org\/ko\/#organization\",\"name\":\"Old Westbury Gardens\",\"url\":\"https:\/\/www.oldwestburygardens.org\/ko\/\",\"logo\":{\"@type\":\"ImageObject\",\"inLanguage\":\"es\",\"@id\":\"https:\/\/www.oldwestburygardens.org\/ko\/#\/schema\/logo\/image\/\",\"url\":\"https:\/\/www.oldwestburygardens.org\/wp-content\/uploads\/2025\/03\/OWGlogoforsite.png\",\"contentUrl\":\"https:\/\/www.oldwestburygardens.org\/wp-content\/uploads\/2025\/03\/OWGlogoforsite.png\",\"width\":750,\"height\":173,\"caption\":\"Old Westbury Gardens\"},\"image\":{\"@id\":\"https:\/\/www.oldwestburygardens.org\/ko\/#\/schema\/logo\/image\/\"}}]}<\/script>\n<!-- \/ Yoast SEO plugin. -->","yoast_head_json":{"title":"Eventos privados | Jardines de Old Westbury","robots":{"index":"index","follow":"follow","max-snippet":"max-snippet:-1","max-image-preview":"max-image-preview:large","max-video-preview":"max-video-preview:-1"},"canonical":"https:\/\/www.oldwestburygardens.org\/es\/private-events\/","og_locale":"es_ES","og_type":"article","og_title":"Private Events | Old Westbury Gardens","og_description":"Large-Scale Celebrations at Old Westbury Gardens Images above courtesy of Heather Waraksa Birthday Parties at Old Westbury Gardens! For micro ceremonies, bridal showers, or other private events of 50 or [&hellip;]","og_url":"https:\/\/www.oldwestburygardens.org\/es\/private-events\/","og_site_name":"Old Westbury Gardens","article_modified_time":"2026-02-13T15:53:24+00:00","og_image":[{"width":1024,"height":683,"url":"https:\/\/www.oldwestburygardens.org\/wp-content\/uploads\/2025\/05\/2021BackofHouse-1024x683.png","type":"image\/png"}],"twitter_card":"summary_large_image","twitter_misc":{"Est. reading time":"1 minuto"},"schema":{"@context":"https:\/\/schema.org","@graph":[{"@type":"WebPage","@id":"https:\/\/www.oldwestburygardens.org\/private-events\/","url":"https:\/\/www.oldwestburygardens.org\/private-events\/","name":"Eventos privados | Jardines de Old Westbury","isPartOf":{"@id":"https:\/\/www.oldwestburygardens.org\/ko\/#website"},"datePublished":"2025-05-06T06:51:58+00:00","dateModified":"2026-02-13T15:53:24+00:00","breadcrumb":{"@id":"https:\/\/www.oldwestburygardens.org\/private-events\/#breadcrumb"},"inLanguage":"es","potentialAction":[{"@type":"ReadAction","target":["https:\/\/www.oldwestburygardens.org\/private-events\/"]}]},{"@type":"BreadcrumbList","@id":"https:\/\/www.oldwestburygardens.org\/private-events\/#breadcrumb","itemListElement":[{"@type":"ListItem","position":1,"name":"Home","item":"https:\/\/www.oldwestburygardens.org\/"},{"@type":"ListItem","position":2,"name":"Private Events"}]},{"@type":"WebSite","@id":"https:\/\/www.oldwestburygardens.org\/ko\/#website","url":"https:\/\/www.oldwestburygardens.org\/ko\/","name":"Jardines del viejo Westbury","description":"","publisher":{"@id":"https:\/\/www.oldwestburygardens.org\/ko\/#organization"},"potentialAction":[{"@type":"SearchAction","target":{"@type":"EntryPoint","urlTemplate":"https:\/\/www.oldwestburygardens.org\/ko\/?s={search_term_string}"},"query-input":{"@type":"PropertyValueSpecification","valueRequired":true,"valueName":"search_term_string"}}],"inLanguage":"es"},{"@type":"Organization","@id":"https:\/\/www.oldwestburygardens.org\/ko\/#organization","name":"Jardines del viejo Westbury","url":"https:\/\/www.oldwestburygardens.org\/ko\/","logo":{"@type":"ImageObject","inLanguage":"es","@id":"https:\/\/www.oldwestburygardens.org\/ko\/#\/schema\/logo\/image\/","url":"https:\/\/www.oldwestburygardens.org\/wp-content\/uploads\/2025\/03\/OWGlogoforsite.png","contentUrl":"https:\/\/www.oldwestburygardens.org\/wp-content\/uploads\/2025\/03\/OWGlogoforsite.png","width":750,"height":173,"caption":"Old Westbury Gardens"},"image":{"@id":"https:\/\/www.oldwestburygardens.org\/ko\/#\/schema\/logo\/image\/"}}]}},"_links":{"self":[{"href":"https:\/\/www.oldwestburygardens.org\/es\/wp-json\/wp\/v2\/pages\/5067","targetHints":{"allow":["GET"]}}],"collection":[{"href":"https:\/\/www.oldwestburygardens.org\/es\/wp-json\/wp\/v2\/pages"}],"about":[{"href":"https:\/\/www.oldwestburygardens.org\/es\/wp-json\/wp\/v2\/types\/page"}],"author":[{"embeddable":true,"href":"https:\/\/www.oldwestburygardens.org\/es\/wp-json\/wp\/v2\/users\/1"}],"replies":[{"embeddable":true,"href":"https:\/\/www.oldwestburygardens.org\/es\/wp-json\/wp\/v2\/comments?post=5067"}],"version-history":[{"count":29,"href":"https:\/\/www.oldwestburygardens.org\/es\/wp-json\/wp\/v2\/pages\/5067\/revisions"}],"predecessor-version":[{"id":9852,"href":"https:\/\/www.oldwestburygardens.org\/es\/wp-json\/wp\/v2\/pages\/5067\/revisions\/9852"}],"wp:attachment":[{"href":"https:\/\/www.oldwestburygardens.org\/es\/wp-json\/wp\/v2\/media?parent=5067"}],"curies":[{"name":"wp","href":"https:\/\/api.w.org\/{rel}","templated":true}]}}