{"id":550,"date":"2025-04-01T14:05:14","date_gmt":"2025-04-01T14:05:14","guid":{"rendered":"https:\/\/www.oldwestburygardens.org\/whats-in-bloom\/"},"modified":"2026-04-01T11:01:02","modified_gmt":"2026-04-01T15:01:02","slug":"whats-in-bloom","status":"publish","type":"page","link":"https:\/\/www.oldwestburygardens.org\/es\/plan-your-visit\/whats-in-bloom\/","title":{"rendered":"\u00bfQu\u00e9 est\u00e1 en flor?"},"content":{"rendered":"<div class=\"wp-block-group alignfull has-global-padding is-layout-constrained wp-block-group-is-layout-constrained\" style=\"padding-top:0;padding-bottom:0\">\n<section id=\"owg-page-header-block_cd715d764863a96b92c80dd448683bb9\" class=\"owg-page-header has-transparent-background-color  alignfull\">\n\n    <div class=\"owg-page-header-inner\" style=\"background-image: url(https:\/\/www.oldwestburygardens.org\/wp-content\/uploads\/2025\/05\/DSC_1359-scaled.jpg);\">\n        <div class=\"owg-page-header-inner__content\">\n            <div class=\"owg-page-header-inner__content-inner\">\n            <div class=\"acf-innerblocks-container\">\n\n<h1 class=\"wp-block-heading\">\u00bfQu\u00e9 est\u00e1 en flor?<\/h1>\n\n<\/div>\n            <\/div>\n\n        <\/div>\n    <\/div>\n\n\n            <nav class=\"owg-page-header-inner__breadcrumbs\" aria-label=\"Migaja de pan\">\n            <a href=\"https:\/\/www.oldwestburygardens.org\/es\/\">Hogar<\/a>\n\n             | <a href=\"https:\/\/www.oldwestburygardens.org\/es\/plan-your-visit\/\">Planifique su visita<\/a> | <span>\u00bfQu\u00e9 est\u00e1 en flor?<\/span>        <\/nav>\n    \n<\/section><\/div>\n\n\n\n<div class=\"wp-block-group has-global-padding is-layout-constrained wp-block-group-is-layout-constrained\">\n<h2 class=\"wp-block-heading has-text-align-center\">LO M\u00c1S DESTACADO DE ABRIL<\/h2>\n\n\n    <script>\n        document.addEventListener('DOMContentLoaded', function() {\n            const swiper = document.querySelector('.swiper-container.swiper-69e8286b1eaab');\n            if (!swiper) return;\n            new Swiper(swiper, {\n                slidesPerView: 'auto',\n                centeredSlides: true,\n                spaceBetween: 30,\n                loop: true,\n                                navigation: {\n                    nextEl: '.swiper-button-next',\n                    prevEl: '.swiper-button-prev',\n                },\n                pagination: {\n                    el: '.swiper-pagination',\n                    clickable: true,\n                },\n            });\n        });\n    <\/script>\n    <div class=\"swiper-container event-carousel swiper-69e8286b1eaab brown_green\">\n        <div class=\"swiper-wrapper\">\n                            \n                \n                <div class=\"swiper-slide image-only\">\n                    <div class=\"event-slide\">\n                        <figure>\n                        <img decoding=\"async\" class=\"carousel-just-image\" src=\"https:\/\/www.oldwestburygardens.org\/wp-content\/uploads\/2025\/05\/YellowCrownImperialLily28Fritillariaimperialis27LuteaMaxima2729-scaled.jpg\" alt=\"Yellow flower on a strong stem and green leaves sticking out the top\" \/>\n                                                    <figcaption>Lirio imperial de corona amarilla (Fritillaria imperialis &#039;Lutea Maxima&#039;) Cr\u00e9dito de la foto: Maura McGoldrick-Brush<\/figcaption>\n                                                <\/figure>\n                    <\/div>\n                <\/div>\n                            \n                \n                <div class=\"swiper-slide image-only\">\n                    <div class=\"event-slide\">\n                        <figure>\n                        <img decoding=\"async\" class=\"carousel-just-image\" src=\"https:\/\/www.oldwestburygardens.org\/wp-content\/uploads\/2025\/05\/VirigniaBluebell28Mertensiavirginica29-scaled.jpg\" alt=\"Violet bell-shaped flowers hanging down off a stem\" \/>\n                                                    <figcaption>Mertensia virginica (campanilla de Virginia) Cr\u00e9dito de la fotograf\u00eda: Maura McGoldrick-Brush<\/figcaption>\n                                                <\/figure>\n                    <\/div>\n                <\/div>\n                            \n                \n                <div class=\"swiper-slide image-only\">\n                    <div class=\"event-slide\">\n                        <figure>\n                        <img decoding=\"async\" class=\"carousel-just-image\" src=\"https:\/\/www.oldwestburygardens.org\/wp-content\/uploads\/2025\/05\/Virburnum-scaled.jpg\" alt=\"Flower with pink pods\" \/>\n                                                    <figcaption>Virburnum Cr\u00e9dito de la fotograf\u00eda: Maura McGoldrick-Brush<\/figcaption>\n                                                <\/figure>\n                    <\/div>\n                <\/div>\n                            \n                \n                <div class=\"swiper-slide image-only\">\n                    <div class=\"event-slide\">\n                        <figure>\n                        <img decoding=\"async\" class=\"carousel-just-image\" src=\"https:\/\/www.oldwestburygardens.org\/wp-content\/uploads\/2025\/05\/Tulip28Tulipa27Akebono2729.jpg\" alt=\"Closeup of yellow tulip flowers\" \/>\n                                                    <figcaption>Tulip\u00e1n (Tulipa &#039;Akebono&#039;) Cr\u00e9dito de la fotograf\u00eda: Maura McGoldrick-Brush<\/figcaption>\n                                                <\/figure>\n                    <\/div>\n                <\/div>\n                            \n                \n                <div class=\"swiper-slide image-only\">\n                    <div class=\"event-slide\">\n                        <figure>\n                        <img decoding=\"async\" class=\"carousel-just-image\" src=\"https:\/\/www.oldwestburygardens.org\/wp-content\/uploads\/2025\/05\/SpringSquill28Scillasiberica29.jpg\" alt=\"Field of small violet flowers stretching across\" \/>\n                                                    <figcaption>Escila de primavera (Scilla siberica) Cr\u00e9dito de la fotograf\u00eda: Maura McGoldrick-Brush<\/figcaption>\n                                                <\/figure>\n                    <\/div>\n                <\/div>\n                            \n                \n                <div class=\"swiper-slide image-only\">\n                    <div class=\"event-slide\">\n                        <figure>\n                        <img decoding=\"async\" class=\"carousel-just-image\" src=\"https:\/\/www.oldwestburygardens.org\/wp-content\/uploads\/2025\/05\/2_Snowflake28Leucojumaestivum29.jpg\" alt=\"Small bell-shaped white flowers drooping down from stem\" \/>\n                                                    <figcaption>Copo de nieve (Leucojum Aestivum) Cr\u00e9dito de la fotograf\u00eda: Maura McGoldrick-Brush<\/figcaption>\n                                                <\/figure>\n                    <\/div>\n                <\/div>\n                            \n                \n                <div class=\"swiper-slide image-only\">\n                    <div class=\"event-slide\">\n                        <figure>\n                        <img decoding=\"async\" class=\"carousel-just-image\" src=\"https:\/\/www.oldwestburygardens.org\/wp-content\/uploads\/2025\/05\/Primrose28Primula29.jpg\" alt=\"Small violet flowers with yellow centers\" \/>\n                                                    <figcaption>Primose (Primula) Cr\u00e9dito de la fotograf\u00eda: Maura McGoldrick-Brush<\/figcaption>\n                                                <\/figure>\n                    <\/div>\n                <\/div>\n                            \n                \n                <div class=\"swiper-slide image-only\">\n                    <div class=\"event-slide\">\n                        <figure>\n                        <img decoding=\"async\" class=\"carousel-just-image\" src=\"https:\/\/www.oldwestburygardens.org\/wp-content\/uploads\/2025\/05\/KwanzanCherryTree28Prunus27Kanzan2729-scaled.jpg\" alt=\"Clusters of small white and pink flowers blooming on tree branches\" \/>\n                                                    <figcaption>Cerezo Kwanzan (Prunus &#039;Kanzan&#039;) Cr\u00e9dito de la fotograf\u00eda: Maura McGoldrick-Brush<\/figcaption>\n                                                <\/figure>\n                    <\/div>\n                <\/div>\n                            \n                \n                <div class=\"swiper-slide image-only\">\n                    <div class=\"event-slide\">\n                        <figure>\n                        <img decoding=\"async\" class=\"carousel-just-image\" src=\"https:\/\/www.oldwestburygardens.org\/wp-content\/uploads\/2025\/05\/Hellebore2CLentenRose28Helleborus29.jpg\" alt=\"Closeup of dark purple flower\" \/>\n                                                    <figcaption>El\u00e9boro, rosa de Cuaresma (Helleborus) Cr\u00e9dito de la fotograf\u00eda: Maura McGoldrick-Brush<\/figcaption>\n                                                <\/figure>\n                    <\/div>\n                <\/div>\n                            \n                \n                <div class=\"swiper-slide image-only\">\n                    <div class=\"event-slide\">\n                        <figure>\n                        <img decoding=\"async\" class=\"carousel-just-image\" src=\"https:\/\/www.oldwestburygardens.org\/wp-content\/uploads\/2025\/05\/GloryoftheSnow28Chinodoxia29-scaled.jpg\" alt=\"Row of small purple flowers lining a stone path\" \/>\n                                                    <figcaption>Gloria de la nieve (Chinodoxia) Cr\u00e9dito de la fotograf\u00eda: Maura McGoldrick-Brush<\/figcaption>\n                                                <\/figure>\n                    <\/div>\n                <\/div>\n                            \n                \n                <div class=\"swiper-slide image-only\">\n                    <div class=\"event-slide\">\n                        <figure>\n                        <img decoding=\"async\" class=\"carousel-just-image\" src=\"https:\/\/www.oldwestburygardens.org\/wp-content\/uploads\/2025\/05\/Daffodil28Narcissus29.jpg\" alt=\"White flowers blooming next to a gazebo and pond\" \/>\n                                                    <figcaption>Narciso (Narcissus) Cr\u00e9dito de la fotograf\u00eda: Maura McGoldrick-Brush<\/figcaption>\n                                                <\/figure>\n                    <\/div>\n                <\/div>\n                            \n                \n                <div class=\"swiper-slide image-only\">\n                    <div class=\"event-slide\">\n                        <figure>\n                        <img decoding=\"async\" class=\"carousel-just-image\" src=\"https:\/\/www.oldwestburygardens.org\/wp-content\/uploads\/2025\/05\/CrownImperial28Fritillariaimperialis29-scaled.jpg\" alt=\"Orange flower with green spiky leaves and orange blossoms hanging below\" \/>\n                                                    <figcaption>Fritillaria imperial (Fritillaria imperialis) Cr\u00e9dito de la fotograf\u00eda: Maura McGoldrick-Brush<\/figcaption>\n                                                <\/figure>\n                    <\/div>\n                <\/div>\n                            \n                \n                <div class=\"swiper-slide image-only\">\n                    <div class=\"event-slide\">\n                        <figure>\n                        <img decoding=\"async\" class=\"carousel-just-image\" src=\"https:\/\/www.oldwestburygardens.org\/wp-content\/uploads\/2025\/05\/Cherrytree28Prunus29.jpg\" alt=\"Closeup of white and pink blossoms hanging down from tree\" \/>\n                                                    <figcaption>Cerezo (Prunus) Cr\u00e9dito de la fotograf\u00eda: Maura McGoldrick-Brush<\/figcaption>\n                                                <\/figure>\n                    <\/div>\n                <\/div>\n                            \n                \n                <div class=\"swiper-slide image-only\">\n                    <div class=\"event-slide\">\n                        <figure>\n                        <img decoding=\"async\" class=\"carousel-just-image\" src=\"https:\/\/www.oldwestburygardens.org\/wp-content\/uploads\/2025\/05\/Bluebell28Hyacinthoides29-scaled.jpg\" alt=\"Closeup of purple flowers with green caterpillar climbing on top\" \/>\n                                                    <figcaption>Campanilla azul (Hyacinthoides) Cr\u00e9dito de la fotograf\u00eda: Maura McGoldrick-Brush<\/figcaption>\n                                                <\/figure>\n                    <\/div>\n                <\/div>\n                    <\/div>\n                    <div class=\"swiper-controls-wrapper is-layout-constrained\">\n                <div class=\"swiper-controls\">\n                    <div class=\"swiper-button-prev\"><\/div>\n                    <div class=\"swiper-pagination\"><\/div>\n                    <div class=\"swiper-button-next\"><\/div>\n                <\/div>\n            <\/div>\n        \n    <\/div>\n<\/div>","protected":false},"excerpt":{"rendered":"<p>LO M\u00c1S DESTACADO DE ABRIL<\/p>","protected":false},"author":1,"featured_media":0,"parent":4879,"menu_order":0,"comment_status":"open","ping_status":"open","template":"","meta":{"_acf_changed":false,"_tec_requires_first_save":true,"_EventAllDay":false,"_EventTimezone":"","_EventStartDate":"","_EventEndDate":"","_EventStartDateUTC":"","_EventEndDateUTC":"","_EventShowMap":false,"_EventShowMapLink":false,"_EventURL":"","_EventCost":"","_EventCostDescription":"","_EventCurrencySymbol":"","_EventCurrencyCode":"","_EventCurrencyPosition":"","_EventDateTimeSeparator":"","_EventTimeRangeSeparator":"","_EventOrganizerID":[],"_EventVenueID":[],"_OrganizerEmail":"","_OrganizerPhone":"","_OrganizerWebsite":"","_VenueAddress":"","_VenueCity":"","_VenueCountry":"","_VenueProvince":"","_VenueState":"","_VenueZip":"","_VenuePhone":"","_VenueURL":"","_VenueStateProvince":"","_VenueLat":"","_VenueLng":"","_VenueShowMap":false,"_VenueShowMapLink":false,"_tribe_blocks_recurrence_rules":"","_tribe_blocks_recurrence_description":"","_tribe_blocks_recurrence_exclusions":"","footnotes":""},"class_list":["post-550","page","type-page","status-publish","hentry"],"acf":[],"yoast_head":"<!-- This site is optimized with the Yoast SEO plugin v26.2 - https:\/\/yoast.com\/wordpress\/plugins\/seo\/ -->\n<title>What&#039;s in Bloom | Old Westbury Gardens<\/title>\n<meta name=\"robots\" content=\"index, follow, max-snippet:-1, max-image-preview:large, max-video-preview:-1\" \/>\n<link rel=\"canonical\" href=\"https:\/\/www.oldwestburygardens.org\/es\/plan-your-visit\/whats-in-bloom\/\" \/>\n<meta property=\"og:locale\" content=\"es_ES\" \/>\n<meta property=\"og:type\" content=\"article\" \/>\n<meta property=\"og:title\" content=\"What&#039;s in Bloom | Old Westbury Gardens\" \/>\n<meta property=\"og:description\" content=\"APRIL HIGHLIGHTS\" \/>\n<meta property=\"og:url\" content=\"https:\/\/www.oldwestburygardens.org\/es\/plan-your-visit\/whats-in-bloom\/\" \/>\n<meta property=\"og:site_name\" content=\"Old Westbury Gardens\" \/>\n<meta property=\"article:modified_time\" content=\"2026-04-01T15:01:02+00:00\" \/>\n<meta property=\"og:image\" content=\"https:\/\/www.oldwestburygardens.org\/wp-content\/uploads\/2025\/05\/2021BackofHouse-1024x683.png\" \/>\n\t<meta property=\"og:image:width\" content=\"1024\" \/>\n\t<meta property=\"og:image:height\" content=\"683\" \/>\n\t<meta property=\"og:image:type\" content=\"image\/png\" \/>\n<meta name=\"twitter:card\" content=\"summary_large_image\" \/>\n<meta name=\"twitter:label1\" content=\"Est. reading time\" \/>\n\t<meta name=\"twitter:data1\" content=\"1 minuto\" \/>\n<script type=\"application\/ld+json\" class=\"yoast-schema-graph\">{\"@context\":\"https:\/\/schema.org\",\"@graph\":[{\"@type\":\"WebPage\",\"@id\":\"https:\/\/www.oldwestburygardens.org\/plan-your-visit\/whats-in-bloom\/\",\"url\":\"https:\/\/www.oldwestburygardens.org\/plan-your-visit\/whats-in-bloom\/\",\"name\":\"What's in Bloom | Old Westbury Gardens\",\"isPartOf\":{\"@id\":\"https:\/\/www.oldwestburygardens.org\/ko\/#website\"},\"datePublished\":\"2025-04-01T14:05:14+00:00\",\"dateModified\":\"2026-04-01T15:01:02+00:00\",\"breadcrumb\":{\"@id\":\"https:\/\/www.oldwestburygardens.org\/plan-your-visit\/whats-in-bloom\/#breadcrumb\"},\"inLanguage\":\"es\",\"potentialAction\":[{\"@type\":\"ReadAction\",\"target\":[\"https:\/\/www.oldwestburygardens.org\/plan-your-visit\/whats-in-bloom\/\"]}]},{\"@type\":\"BreadcrumbList\",\"@id\":\"https:\/\/www.oldwestburygardens.org\/plan-your-visit\/whats-in-bloom\/#breadcrumb\",\"itemListElement\":[{\"@type\":\"ListItem\",\"position\":1,\"name\":\"Home\",\"item\":\"https:\/\/www.oldwestburygardens.org\/\"},{\"@type\":\"ListItem\",\"position\":2,\"name\":\"Plan Your Visit\",\"item\":\"https:\/\/www.oldwestburygardens.org\/plan-your-visit\/\"},{\"@type\":\"ListItem\",\"position\":3,\"name\":\"What&#8217;s in Bloom\"}]},{\"@type\":\"WebSite\",\"@id\":\"https:\/\/www.oldwestburygardens.org\/ko\/#website\",\"url\":\"https:\/\/www.oldwestburygardens.org\/ko\/\",\"name\":\"Old Westbury Gardens\",\"description\":\"\",\"publisher\":{\"@id\":\"https:\/\/www.oldwestburygardens.org\/ko\/#organization\"},\"potentialAction\":[{\"@type\":\"SearchAction\",\"target\":{\"@type\":\"EntryPoint\",\"urlTemplate\":\"https:\/\/www.oldwestburygardens.org\/ko\/?s={search_term_string}\"},\"query-input\":{\"@type\":\"PropertyValueSpecification\",\"valueRequired\":true,\"valueName\":\"search_term_string\"}}],\"inLanguage\":\"es\"},{\"@type\":\"Organization\",\"@id\":\"https:\/\/www.oldwestburygardens.org\/ko\/#organization\",\"name\":\"Old Westbury Gardens\",\"url\":\"https:\/\/www.oldwestburygardens.org\/ko\/\",\"logo\":{\"@type\":\"ImageObject\",\"inLanguage\":\"es\",\"@id\":\"https:\/\/www.oldwestburygardens.org\/ko\/#\/schema\/logo\/image\/\",\"url\":\"https:\/\/www.oldwestburygardens.org\/wp-content\/uploads\/2025\/03\/OWGlogoforsite.png\",\"contentUrl\":\"https:\/\/www.oldwestburygardens.org\/wp-content\/uploads\/2025\/03\/OWGlogoforsite.png\",\"width\":750,\"height\":173,\"caption\":\"Old Westbury Gardens\"},\"image\":{\"@id\":\"https:\/\/www.oldwestburygardens.org\/ko\/#\/schema\/logo\/image\/\"}}]}<\/script>\n<!-- \/ Yoast SEO plugin. -->","yoast_head_json":{"title":"\u00bfQu\u00e9 est\u00e1 en flor? | Jardines de Old Westbury","robots":{"index":"index","follow":"follow","max-snippet":"max-snippet:-1","max-image-preview":"max-image-preview:large","max-video-preview":"max-video-preview:-1"},"canonical":"https:\/\/www.oldwestburygardens.org\/es\/plan-your-visit\/whats-in-bloom\/","og_locale":"es_ES","og_type":"article","og_title":"What's in Bloom | Old Westbury Gardens","og_description":"APRIL HIGHLIGHTS","og_url":"https:\/\/www.oldwestburygardens.org\/es\/plan-your-visit\/whats-in-bloom\/","og_site_name":"Old Westbury Gardens","article_modified_time":"2026-04-01T15:01:02+00:00","og_image":[{"width":1024,"height":683,"url":"https:\/\/www.oldwestburygardens.org\/wp-content\/uploads\/2025\/05\/2021BackofHouse-1024x683.png","type":"image\/png"}],"twitter_card":"summary_large_image","twitter_misc":{"Est. reading time":"1 minuto"},"schema":{"@context":"https:\/\/schema.org","@graph":[{"@type":"WebPage","@id":"https:\/\/www.oldwestburygardens.org\/plan-your-visit\/whats-in-bloom\/","url":"https:\/\/www.oldwestburygardens.org\/plan-your-visit\/whats-in-bloom\/","name":"\u00bfQu\u00e9 est\u00e1 en flor? | Jardines de Old Westbury","isPartOf":{"@id":"https:\/\/www.oldwestburygardens.org\/ko\/#website"},"datePublished":"2025-04-01T14:05:14+00:00","dateModified":"2026-04-01T15:01:02+00:00","breadcrumb":{"@id":"https:\/\/www.oldwestburygardens.org\/plan-your-visit\/whats-in-bloom\/#breadcrumb"},"inLanguage":"es","potentialAction":[{"@type":"ReadAction","target":["https:\/\/www.oldwestburygardens.org\/plan-your-visit\/whats-in-bloom\/"]}]},{"@type":"BreadcrumbList","@id":"https:\/\/www.oldwestburygardens.org\/plan-your-visit\/whats-in-bloom\/#breadcrumb","itemListElement":[{"@type":"ListItem","position":1,"name":"Home","item":"https:\/\/www.oldwestburygardens.org\/"},{"@type":"ListItem","position":2,"name":"Plan Your Visit","item":"https:\/\/www.oldwestburygardens.org\/plan-your-visit\/"},{"@type":"ListItem","position":3,"name":"What&#8217;s in Bloom"}]},{"@type":"WebSite","@id":"https:\/\/www.oldwestburygardens.org\/ko\/#website","url":"https:\/\/www.oldwestburygardens.org\/ko\/","name":"Jardines del viejo Westbury","description":"","publisher":{"@id":"https:\/\/www.oldwestburygardens.org\/ko\/#organization"},"potentialAction":[{"@type":"SearchAction","target":{"@type":"EntryPoint","urlTemplate":"https:\/\/www.oldwestburygardens.org\/ko\/?s={search_term_string}"},"query-input":{"@type":"PropertyValueSpecification","valueRequired":true,"valueName":"search_term_string"}}],"inLanguage":"es"},{"@type":"Organization","@id":"https:\/\/www.oldwestburygardens.org\/ko\/#organization","name":"Jardines del viejo Westbury","url":"https:\/\/www.oldwestburygardens.org\/ko\/","logo":{"@type":"ImageObject","inLanguage":"es","@id":"https:\/\/www.oldwestburygardens.org\/ko\/#\/schema\/logo\/image\/","url":"https:\/\/www.oldwestburygardens.org\/wp-content\/uploads\/2025\/03\/OWGlogoforsite.png","contentUrl":"https:\/\/www.oldwestburygardens.org\/wp-content\/uploads\/2025\/03\/OWGlogoforsite.png","width":750,"height":173,"caption":"Old Westbury Gardens"},"image":{"@id":"https:\/\/www.oldwestburygardens.org\/ko\/#\/schema\/logo\/image\/"}}]}},"_links":{"self":[{"href":"https:\/\/www.oldwestburygardens.org\/es\/wp-json\/wp\/v2\/pages\/550","targetHints":{"allow":["GET"]}}],"collection":[{"href":"https:\/\/www.oldwestburygardens.org\/es\/wp-json\/wp\/v2\/pages"}],"about":[{"href":"https:\/\/www.oldwestburygardens.org\/es\/wp-json\/wp\/v2\/types\/page"}],"author":[{"embeddable":true,"href":"https:\/\/www.oldwestburygardens.org\/es\/wp-json\/wp\/v2\/users\/1"}],"replies":[{"embeddable":true,"href":"https:\/\/www.oldwestburygardens.org\/es\/wp-json\/wp\/v2\/comments?post=550"}],"version-history":[{"count":32,"href":"https:\/\/www.oldwestburygardens.org\/es\/wp-json\/wp\/v2\/pages\/550\/revisions"}],"predecessor-version":[{"id":10546,"href":"https:\/\/www.oldwestburygardens.org\/es\/wp-json\/wp\/v2\/pages\/550\/revisions\/10546"}],"up":[{"embeddable":true,"href":"https:\/\/www.oldwestburygardens.org\/es\/wp-json\/wp\/v2\/pages\/4879"}],"wp:attachment":[{"href":"https:\/\/www.oldwestburygardens.org\/es\/wp-json\/wp\/v2\/media?parent=550"}],"curies":[{"name":"wp","href":"https:\/\/api.w.org\/{rel}","templated":true}]}}