{"id":5578,"date":"2025-05-12T23:40:42","date_gmt":"2025-05-12T23:40:42","guid":{"rendered":"https:\/\/www.oldwestburygardens.org\/?page_id=5578"},"modified":"2025-05-20T11:50:48","modified_gmt":"2025-05-20T15:50:48","slug":"mission-history","status":"publish","type":"page","link":"https:\/\/www.oldwestburygardens.org\/es\/mission-history\/","title":{"rendered":"Misi\u00f3n e historia"},"content":{"rendered":"<div class=\"wp-block-group alignfull is-layout-flow wp-block-group-is-layout-flow\" style=\"padding-top:0;padding-right:0;padding-bottom:0;padding-left:0\">\n<section id=\"owg-page-header-block_570279013615e18c5e65724ad862b21d\" class=\"owg-page-header has-transparent-background-color  alignfull\">\n\n    <div class=\"owg-page-header-inner\" style=\"background-image: url(https:\/\/www.oldwestburygardens.org\/wp-content\/uploads\/2025\/05\/DSC_3914-1-scaled.jpg);\">\n        <div class=\"owg-page-header-inner__content\">\n            <div class=\"owg-page-header-inner__content-inner\">\n            <div class=\"acf-innerblocks-container\">\n\n<h1 class=\"wp-block-heading\">Misi\u00f3n e historia<\/h1>\n\n<\/div>\n            <\/div>\n\n        <\/div>\n    <\/div>\n\n\n    \n<\/section><\/div>\n\n\n\n<div class=\"wp-block-group has-global-padding is-layout-constrained wp-block-group-is-layout-constrained\" style=\"padding-top:0;padding-bottom:0\">\n<p><strong>Jardines del viejo Westbury<\/strong>Inscrita en el Registro Nacional de Lugares Hist\u00f3ricos, es la antigua residencia de John S. Phipps, su esposa, Margarita Grace Phipps, y sus cuatro hijos. Finalizada en 1906 por el dise\u00f1ador ingl\u00e9s George A. Crawley, esta magn\u00edfica mansi\u00f3n de estilo Carlos II se encuentra enclavada en 81 hect\u00e1reas de jardines formales, terrenos ajardinados, bosques, estanques y lagos. Westbury House est\u00e1 amueblada con finas antig\u00fcedades inglesas y obras de arte decorativas de los m\u00e1s de cincuenta a\u00f1os de residencia familiar.<br><br><strong>Hoy,<\/strong>&nbsp;Old Westbury Gardens da la bienvenida a visitantes de todas las edades para recorridos guiados por Westbury House, recorridos en profundidad por los jardines formales, visitas escolares, programas y eventos para ni\u00f1os, programas familiares, exhibiciones en museos, clases de salud y bienestar, exhibiciones de autos cl\u00e1sicos, m\u00fasica cl\u00e1sica en interiores y al aire libre y conciertos, conferencias, firmas de libros, demostraciones y talleres de horticultura, el Festival Celta de Long Island, clases de jardiner\u00eda y artes bot\u00e1nicas, y charlas y recorridos dirigidos por maestros jardineros y educadores sobre temas relacionados con la horticultura, el arte, la historia, el dise\u00f1o y la arquitectura.<br><br><strong>Nuestra misi\u00f3n<\/strong>Old Westbury Gardens busca inspirar la apreciaci\u00f3n de las fincas rurales estadounidenses de principios del siglo XX a trav\u00e9s de la preservaci\u00f3n e interpretaci\u00f3n fieles de su paisaje, jardines, arquitectura y colecciones.<\/p>\n\n\n\n<p>\u00a1Esperamos que disfrutes de nuestra casa!<\/p>\n\n\n\n<p><\/p>\n<\/div>","protected":false},"excerpt":{"rendered":"<p>Los Jardines de Old Westbury, inscritos en el Registro Nacional de Lugares Hist\u00f3ricos, fueron la antigua residencia de John S. Phipps, su esposa, Margarita Grace Phipps, y sus cuatro hijos. Finalizados en [\u2026]<\/p>","protected":false},"author":1,"featured_media":3413,"parent":0,"menu_order":0,"comment_status":"closed","ping_status":"closed","template":"","meta":{"_acf_changed":false,"_tec_requires_first_save":true,"_EventAllDay":false,"_EventTimezone":"","_EventStartDate":"","_EventEndDate":"","_EventStartDateUTC":"","_EventEndDateUTC":"","_EventShowMap":false,"_EventShowMapLink":false,"_EventURL":"","_EventCost":"","_EventCostDescription":"","_EventCurrencySymbol":"","_EventCurrencyCode":"","_EventCurrencyPosition":"","_EventDateTimeSeparator":"","_EventTimeRangeSeparator":"","_EventOrganizerID":[],"_EventVenueID":[],"_OrganizerEmail":"","_OrganizerPhone":"","_OrganizerWebsite":"","_VenueAddress":"","_VenueCity":"","_VenueCountry":"","_VenueProvince":"","_VenueState":"","_VenueZip":"","_VenuePhone":"","_VenueURL":"","_VenueStateProvince":"","_VenueLat":"","_VenueLng":"","_VenueShowMap":false,"_VenueShowMapLink":false,"_tribe_blocks_recurrence_rules":"","_tribe_blocks_recurrence_description":"","_tribe_blocks_recurrence_exclusions":"","footnotes":""},"class_list":["post-5578","page","type-page","status-publish","has-post-thumbnail","hentry"],"acf":[],"yoast_head":"<!-- This site is optimized with the Yoast SEO plugin v26.2 - https:\/\/yoast.com\/wordpress\/plugins\/seo\/ -->\n<title>Mission &amp; History | Old Westbury Gardens<\/title>\n<meta name=\"robots\" content=\"index, follow, max-snippet:-1, max-image-preview:large, max-video-preview:-1\" \/>\n<link rel=\"canonical\" href=\"https:\/\/www.oldwestburygardens.org\/es\/mission-history\/\" \/>\n<meta property=\"og:locale\" content=\"es_ES\" \/>\n<meta property=\"og:type\" content=\"article\" \/>\n<meta property=\"og:title\" content=\"Mission &amp; History | Old Westbury Gardens\" \/>\n<meta property=\"og:description\" content=\"Old Westbury Gardens, listed on the National Register of Historic Places, is the former home of John S. Phipps, his wife, Margarita Grace Phipps and their four children. Completed in [&hellip;]\" \/>\n<meta property=\"og:url\" content=\"https:\/\/www.oldwestburygardens.org\/es\/mission-history\/\" \/>\n<meta property=\"og:site_name\" content=\"Old Westbury Gardens\" \/>\n<meta property=\"article:modified_time\" content=\"2025-05-20T15:50:48+00:00\" \/>\n<meta property=\"og:image\" content=\"https:\/\/www.oldwestburygardens.org\/wp-content\/uploads\/2025\/05\/Lilac-Walk_1.jpg\" \/>\n\t<meta property=\"og:image:width\" content=\"2500\" \/>\n\t<meta property=\"og:image:height\" content=\"1667\" \/>\n\t<meta property=\"og:image:type\" content=\"image\/jpeg\" \/>\n<meta name=\"twitter:card\" content=\"summary_large_image\" \/>\n<meta name=\"twitter:label1\" content=\"Est. reading time\" \/>\n\t<meta name=\"twitter:data1\" content=\"2 minutos\" \/>\n<script type=\"application\/ld+json\" class=\"yoast-schema-graph\">{\"@context\":\"https:\/\/schema.org\",\"@graph\":[{\"@type\":\"WebPage\",\"@id\":\"https:\/\/www.oldwestburygardens.org\/mission-history\/\",\"url\":\"https:\/\/www.oldwestburygardens.org\/mission-history\/\",\"name\":\"Mission &amp; History | Old Westbury Gardens\",\"isPartOf\":{\"@id\":\"https:\/\/www.oldwestburygardens.org\/ko\/#website\"},\"primaryImageOfPage\":{\"@id\":\"https:\/\/www.oldwestburygardens.org\/mission-history\/#primaryimage\"},\"image\":{\"@id\":\"https:\/\/www.oldwestburygardens.org\/mission-history\/#primaryimage\"},\"thumbnailUrl\":\"https:\/\/www.oldwestburygardens.org\/wp-content\/uploads\/2025\/05\/Lilac-Walk_1.jpg\",\"datePublished\":\"2025-05-12T23:40:42+00:00\",\"dateModified\":\"2025-05-20T15:50:48+00:00\",\"breadcrumb\":{\"@id\":\"https:\/\/www.oldwestburygardens.org\/mission-history\/#breadcrumb\"},\"inLanguage\":\"es\",\"potentialAction\":[{\"@type\":\"ReadAction\",\"target\":[\"https:\/\/www.oldwestburygardens.org\/mission-history\/\"]}]},{\"@type\":\"ImageObject\",\"inLanguage\":\"es\",\"@id\":\"https:\/\/www.oldwestburygardens.org\/mission-history\/#primaryimage\",\"url\":\"https:\/\/www.oldwestburygardens.org\/wp-content\/uploads\/2025\/05\/Lilac-Walk_1.jpg\",\"contentUrl\":\"https:\/\/www.oldwestburygardens.org\/wp-content\/uploads\/2025\/05\/Lilac-Walk_1.jpg\",\"width\":2500,\"height\":1667},{\"@type\":\"BreadcrumbList\",\"@id\":\"https:\/\/www.oldwestburygardens.org\/mission-history\/#breadcrumb\",\"itemListElement\":[{\"@type\":\"ListItem\",\"position\":1,\"name\":\"Home\",\"item\":\"https:\/\/www.oldwestburygardens.org\/\"},{\"@type\":\"ListItem\",\"position\":2,\"name\":\"Mission &amp; History\"}]},{\"@type\":\"WebSite\",\"@id\":\"https:\/\/www.oldwestburygardens.org\/ko\/#website\",\"url\":\"https:\/\/www.oldwestburygardens.org\/ko\/\",\"name\":\"Old Westbury Gardens\",\"description\":\"\",\"publisher\":{\"@id\":\"https:\/\/www.oldwestburygardens.org\/ko\/#organization\"},\"potentialAction\":[{\"@type\":\"SearchAction\",\"target\":{\"@type\":\"EntryPoint\",\"urlTemplate\":\"https:\/\/www.oldwestburygardens.org\/ko\/?s={search_term_string}\"},\"query-input\":{\"@type\":\"PropertyValueSpecification\",\"valueRequired\":true,\"valueName\":\"search_term_string\"}}],\"inLanguage\":\"es\"},{\"@type\":\"Organization\",\"@id\":\"https:\/\/www.oldwestburygardens.org\/ko\/#organization\",\"name\":\"Old Westbury Gardens\",\"url\":\"https:\/\/www.oldwestburygardens.org\/ko\/\",\"logo\":{\"@type\":\"ImageObject\",\"inLanguage\":\"es\",\"@id\":\"https:\/\/www.oldwestburygardens.org\/ko\/#\/schema\/logo\/image\/\",\"url\":\"https:\/\/www.oldwestburygardens.org\/wp-content\/uploads\/2025\/03\/OWGlogoforsite.png\",\"contentUrl\":\"https:\/\/www.oldwestburygardens.org\/wp-content\/uploads\/2025\/03\/OWGlogoforsite.png\",\"width\":750,\"height\":173,\"caption\":\"Old Westbury Gardens\"},\"image\":{\"@id\":\"https:\/\/www.oldwestburygardens.org\/ko\/#\/schema\/logo\/image\/\"}}]}<\/script>\n<!-- \/ Yoast SEO plugin. -->","yoast_head_json":{"title":"Misi\u00f3n e historia | Jardines de Old Westbury","robots":{"index":"index","follow":"follow","max-snippet":"max-snippet:-1","max-image-preview":"max-image-preview:large","max-video-preview":"max-video-preview:-1"},"canonical":"https:\/\/www.oldwestburygardens.org\/es\/mission-history\/","og_locale":"es_ES","og_type":"article","og_title":"Mission &amp; History | Old Westbury Gardens","og_description":"Old Westbury Gardens, listed on the National Register of Historic Places, is the former home of John S. Phipps, his wife, Margarita Grace Phipps and their four children. Completed in [&hellip;]","og_url":"https:\/\/www.oldwestburygardens.org\/es\/mission-history\/","og_site_name":"Old Westbury Gardens","article_modified_time":"2025-05-20T15:50:48+00:00","og_image":[{"width":2500,"height":1667,"url":"https:\/\/www.oldwestburygardens.org\/wp-content\/uploads\/2025\/05\/Lilac-Walk_1.jpg","type":"image\/jpeg"}],"twitter_card":"summary_large_image","twitter_misc":{"Est. reading time":"2 minutos"},"schema":{"@context":"https:\/\/schema.org","@graph":[{"@type":"WebPage","@id":"https:\/\/www.oldwestburygardens.org\/mission-history\/","url":"https:\/\/www.oldwestburygardens.org\/mission-history\/","name":"Misi\u00f3n e historia | Jardines de Old Westbury","isPartOf":{"@id":"https:\/\/www.oldwestburygardens.org\/ko\/#website"},"primaryImageOfPage":{"@id":"https:\/\/www.oldwestburygardens.org\/mission-history\/#primaryimage"},"image":{"@id":"https:\/\/www.oldwestburygardens.org\/mission-history\/#primaryimage"},"thumbnailUrl":"https:\/\/www.oldwestburygardens.org\/wp-content\/uploads\/2025\/05\/Lilac-Walk_1.jpg","datePublished":"2025-05-12T23:40:42+00:00","dateModified":"2025-05-20T15:50:48+00:00","breadcrumb":{"@id":"https:\/\/www.oldwestburygardens.org\/mission-history\/#breadcrumb"},"inLanguage":"es","potentialAction":[{"@type":"ReadAction","target":["https:\/\/www.oldwestburygardens.org\/mission-history\/"]}]},{"@type":"ImageObject","inLanguage":"es","@id":"https:\/\/www.oldwestburygardens.org\/mission-history\/#primaryimage","url":"https:\/\/www.oldwestburygardens.org\/wp-content\/uploads\/2025\/05\/Lilac-Walk_1.jpg","contentUrl":"https:\/\/www.oldwestburygardens.org\/wp-content\/uploads\/2025\/05\/Lilac-Walk_1.jpg","width":2500,"height":1667},{"@type":"BreadcrumbList","@id":"https:\/\/www.oldwestburygardens.org\/mission-history\/#breadcrumb","itemListElement":[{"@type":"ListItem","position":1,"name":"Home","item":"https:\/\/www.oldwestburygardens.org\/"},{"@type":"ListItem","position":2,"name":"Mission &amp; History"}]},{"@type":"WebSite","@id":"https:\/\/www.oldwestburygardens.org\/ko\/#website","url":"https:\/\/www.oldwestburygardens.org\/ko\/","name":"Jardines del viejo Westbury","description":"","publisher":{"@id":"https:\/\/www.oldwestburygardens.org\/ko\/#organization"},"potentialAction":[{"@type":"SearchAction","target":{"@type":"EntryPoint","urlTemplate":"https:\/\/www.oldwestburygardens.org\/ko\/?s={search_term_string}"},"query-input":{"@type":"PropertyValueSpecification","valueRequired":true,"valueName":"search_term_string"}}],"inLanguage":"es"},{"@type":"Organization","@id":"https:\/\/www.oldwestburygardens.org\/ko\/#organization","name":"Jardines del viejo Westbury","url":"https:\/\/www.oldwestburygardens.org\/ko\/","logo":{"@type":"ImageObject","inLanguage":"es","@id":"https:\/\/www.oldwestburygardens.org\/ko\/#\/schema\/logo\/image\/","url":"https:\/\/www.oldwestburygardens.org\/wp-content\/uploads\/2025\/03\/OWGlogoforsite.png","contentUrl":"https:\/\/www.oldwestburygardens.org\/wp-content\/uploads\/2025\/03\/OWGlogoforsite.png","width":750,"height":173,"caption":"Old Westbury Gardens"},"image":{"@id":"https:\/\/www.oldwestburygardens.org\/ko\/#\/schema\/logo\/image\/"}}]}},"_links":{"self":[{"href":"https:\/\/www.oldwestburygardens.org\/es\/wp-json\/wp\/v2\/pages\/5578","targetHints":{"allow":["GET"]}}],"collection":[{"href":"https:\/\/www.oldwestburygardens.org\/es\/wp-json\/wp\/v2\/pages"}],"about":[{"href":"https:\/\/www.oldwestburygardens.org\/es\/wp-json\/wp\/v2\/types\/page"}],"author":[{"embeddable":true,"href":"https:\/\/www.oldwestburygardens.org\/es\/wp-json\/wp\/v2\/users\/1"}],"replies":[{"embeddable":true,"href":"https:\/\/www.oldwestburygardens.org\/es\/wp-json\/wp\/v2\/comments?post=5578"}],"version-history":[{"count":3,"href":"https:\/\/www.oldwestburygardens.org\/es\/wp-json\/wp\/v2\/pages\/5578\/revisions"}],"predecessor-version":[{"id":6042,"href":"https:\/\/www.oldwestburygardens.org\/es\/wp-json\/wp\/v2\/pages\/5578\/revisions\/6042"}],"wp:featuredmedia":[{"embeddable":true,"href":"https:\/\/www.oldwestburygardens.org\/es\/wp-json\/wp\/v2\/media\/3413"}],"wp:attachment":[{"href":"https:\/\/www.oldwestburygardens.org\/es\/wp-json\/wp\/v2\/media?parent=5578"}],"curies":[{"name":"wp","href":"https:\/\/api.w.org\/{rel}","templated":true}]}}