{"id":585,"date":"2021-04-26T21:38:04","date_gmt":"2021-04-26T21:38:04","guid":{"rendered":"https:\/\/www.oldwestburygardens.org\/history\/"},"modified":"2025-05-13T02:02:32","modified_gmt":"2025-05-13T02:02:32","slug":"history","status":"publish","type":"page","link":"https:\/\/www.oldwestburygardens.org\/es\/history\/","title":{"rendered":"Historia"},"content":{"rendered":"<div class=\"wp-block-group has-global-padding is-layout-constrained wp-block-group-is-layout-constrained\" style=\"padding-top:var(--wp--preset--spacing--40);padding-bottom:var(--wp--preset--spacing--40)\"><h1 class=\"wp-block-post-title\">Historia<\/h1><\/div>\n\n\n\n<div class=\"wp-block-group has-global-padding is-layout-constrained wp-block-group-is-layout-constrained\" style=\"padding-top:0;padding-bottom:0\">\n<h2 class=\"wp-block-heading has-text-align-center\">Historia de la finca Phipps y los jardines de Old Westbury<\/h2>\n<\/div>\n\n\n\n<hr class=\"wp-block-separator has-css-opacity\"\/>\n\n\n\n<div class=\"wp-block-group has-global-padding is-layout-constrained wp-block-group-is-layout-constrained\" style=\"padding-top:0;padding-bottom:0\">\n<h3 class=\"wp-block-heading\">Los comienzos: De hijo de zapatero a socio de Carnegie Steel<\/h3>\n\n\n\n<p>En 1845, Henry Phipps Sr., zapatero de Shropshire, Inglaterra, se mud\u00f3 con su esposa y sus tres hijos a Allegheny City, Pensilvania, hoy parte de Pittsburgh. Su hijo menor, Henry Phipps Jr. (1839-1930), era vecino y amigo de la infancia de Andrew Carnegie, cuya madre se encargaba de coser los zapatos que hac\u00eda el padre de Henry. Los ni\u00f1os sol\u00edan reunirse en la trastienda de la zapater\u00eda y hablar de su futuro. Estos sue\u00f1os de infancia se hicieron realidad gracias al auge de la Carnegie Steel Company, de la que Henry Phipps era socio. Su \u00e9xito se celebr\u00f3 con un regreso por todo lo alto a la casa de la infancia de Carnegie en Dunfermline, Escocia, en 1881, con su madre sentada a su lado y Henry Phipps a su lado.<\/p>\n<\/div>\n\n\n\n<hr class=\"wp-block-separator has-css-opacity\"\/>\n\n\n\n<div class=\"wp-block-group has-global-padding is-layout-constrained wp-block-group-is-layout-constrained\" style=\"padding-top:0;padding-bottom:0\">\n<h3 class=\"wp-block-heading\">Jay y Margarita Phipps y Westbury House<\/h3>\n\n\n\n<p>En 1870, Henry Phipps se cas\u00f3 con Annie Shaffer y en 1874 naci\u00f3 John Shaffer Phipps (Jay), su hijo mayor y el segundo de cinco hijos.<\/p>\n\n\n\n<p>Tras asistir a Yale y graduarse de la Facultad de Derecho de Harvard, Jay se cas\u00f3 con Margarita (Dita) Grace, miembro de la familia Grace Shipping Line. Tras la venta de la Carnegie Steel Company en 1901, Henry Phipps se jubil\u00f3 y, en 1904, le cedi\u00f3 la administraci\u00f3n de las finanzas familiares. Durante este tiempo, Jay aprob\u00f3 los planos del dise\u00f1ador londinense George Abraham Crawley para una nueva casa en 70 hect\u00e1reas que hab\u00eda adquirido recientemente en Westbury, Long Island. Tras el nacimiento de su primer hijo, Ben, en 1904, comenz\u00f3 la construcci\u00f3n de Westbury House. Simult\u00e1neamente, se dise\u00f1aron los terrenos y caminos, y se plantaron alamedas y jardines formales.<\/p>\n<\/div>\n\n\n\n<hr class=\"wp-block-separator has-css-opacity\"\/>\n\n\n\n<div class=\"wp-block-group has-global-padding is-layout-constrained wp-block-group-is-layout-constrained\" style=\"padding-top:0;padding-bottom:0\">\n<h3 class=\"wp-block-heading\">La era de las fincas: la vida familiar en Westbury<\/h3>\n\n\n\n<p>En marzo de 1907, Jay, Dita, Ben, Hubert, de un a\u00f1o, y la reci\u00e9n nacida Peggie se mudaron a Westbury House.<\/p>\n\n\n\n<blockquote class=\"wp-block-quote is-layout-flow wp-block-quote-is-layout-flow\">\n<p>Nac\u00ed el 17 de noviembre de 1906. Me trajeron a Westbury cuando ten\u00eda unos dos meses y he vivido aqu\u00ed desde entonces. Westbury House y yo somos gemelas; ambas nacieron el mismo a\u00f1o.<\/p>\n<cite>Peggie Phipps Boegner<\/cite><\/blockquote>\n\n\n\n<p>En 1910 la familia se complet\u00f3 con el nacimiento de Michael.<\/p>\n\n\n\n<p>Con su creciente familia de tres hijos y una hija, la vida en Westbury House era muy activa. Hab\u00eda fiestas de disfraces, areneros cubiertos de rosas, columpios, perros y ponis, caba\u00f1as de madera y una casita con techo de paja y entramado de madera con brillantes bordes de flores. Como regalo de d\u00e9cimo cumplea\u00f1os para su hija, la casita en miniatura se convirti\u00f3 en el lugar favorito para las fiestas infantiles.<\/p>\n\n\n\n<p>A veces, la vida en Westbury House parec\u00eda girar en torno a los caballos y los deportes: hab\u00eda campos de polo, y el hijo menor, Michael, se convirti\u00f3 en jugador de 10 goles y miembro del equipo de polo de los Estados Unidos en los juegos internacionales.<\/p>\n\n\n\n<blockquote class=\"wp-block-quote is-layout-flow wp-block-quote-is-layout-flow\">\n<p>Westbury House fue nuestro hogar. Aunque \u00edbamos a Palm Beach cada invierno y pas\u00e1bamos parte del verano en Inglaterra, Escocia, Canad\u00e1 o Nueva Inglaterra, fue en Westbury donde echamos ra\u00edces y crecimos.<\/p>\n<cite>Peggie Phipps Boegner<\/cite><\/blockquote>\n<\/div>\n\n\n\n<hr class=\"wp-block-separator has-css-opacity\"\/>\n\n\n\n<div class=\"wp-block-group has-global-padding is-layout-constrained wp-block-group-is-layout-constrained\" style=\"padding-top:0;padding-bottom:0\">\n<p>A finales de la d\u00e9cada de 1950, la muerte de Dita y Jay en el lapso de un a\u00f1o alter\u00f3 abruptamente el curso de la vida en Westbury House. Un d\u00eda de junio de 1956, durante la enfermedad de su madre, su hija &quot;Peggie&quot; (Sra. Etienne Boegner) se sinti\u00f3 abrumada por la comprensi\u00f3n de que toda esa belleza y la alegr\u00eda que le brindaba a la familia podr\u00edan perderse para siempre. Con el apoyo de su esposo y la generosidad de sus hermanos, se encontr\u00f3 la manera de establecer los &quot;Jardines del Viejo Westbury&quot;, un lugar para apreciar un vistazo al pasado y enriquecer la vida de las generaciones futuras.<\/p>\n\n\n\n<p>As\u00ed, en 1959, Old Westbury Gardens se inaugur\u00f3 oficialmente para que los visitantes pudieran experimentar una de las pocas casas de campo y jardines intactos que quedan de la \u00e9poca de las fincas de Long Island.<\/p>\n<\/div>\n\n\n\n<p><\/p>\n\n\n\n<p><\/p>\n\n\n\n<p><\/p>","protected":false},"excerpt":{"rendered":"<p>History of the Phipps Estate and Old Westbury Gardens The Beginnings: From Cobbler\u2019s Son to Partner in Carnegie Steel In 1845, Henry Phipps Sr., a cobbler from Shropshire, England, moved [&hellip;]<\/p>","protected":false},"author":1,"featured_media":0,"parent":0,"menu_order":0,"comment_status":"open","ping_status":"open","template":"","meta":{"_acf_changed":false,"_tec_requires_first_save":true,"_EventAllDay":false,"_EventTimezone":"","_EventStartDate":"","_EventEndDate":"","_EventStartDateUTC":"","_EventEndDateUTC":"","_EventShowMap":false,"_EventShowMapLink":false,"_EventURL":"","_EventCost":"","_EventCostDescription":"","_EventCurrencySymbol":"","_EventCurrencyCode":"","_EventCurrencyPosition":"","_EventDateTimeSeparator":"","_EventTimeRangeSeparator":"","_EventOrganizerID":[],"_EventVenueID":[],"_OrganizerEmail":"","_OrganizerPhone":"","_OrganizerWebsite":"","_VenueAddress":"","_VenueCity":"","_VenueCountry":"","_VenueProvince":"","_VenueState":"","_VenueZip":"","_VenuePhone":"","_VenueURL":"","_VenueStateProvince":"","_VenueLat":"","_VenueLng":"","_VenueShowMap":false,"_VenueShowMapLink":false,"_tribe_blocks_recurrence_rules":"","_tribe_blocks_recurrence_description":"","_tribe_blocks_recurrence_exclusions":"","footnotes":""},"class_list":["post-585","page","type-page","status-publish","hentry"],"acf":[],"yoast_head":"<!-- This site is optimized with the Yoast SEO plugin v26.2 - https:\/\/yoast.com\/wordpress\/plugins\/seo\/ -->\n<title>History | Old Westbury Gardens<\/title>\n<meta name=\"robots\" content=\"index, follow, max-snippet:-1, max-image-preview:large, max-video-preview:-1\" \/>\n<link rel=\"canonical\" href=\"https:\/\/www.oldwestburygardens.org\/es\/history\/\" \/>\n<meta property=\"og:locale\" content=\"es_ES\" \/>\n<meta property=\"og:type\" content=\"article\" \/>\n<meta property=\"og:title\" content=\"History | Old Westbury Gardens\" \/>\n<meta property=\"og:description\" content=\"History of the Phipps Estate and Old Westbury Gardens The Beginnings: From Cobbler\u2019s Son to Partner in Carnegie Steel In 1845, Henry Phipps Sr., a cobbler from Shropshire, England, moved [&hellip;]\" \/>\n<meta property=\"og:url\" content=\"https:\/\/www.oldwestburygardens.org\/es\/history\/\" \/>\n<meta property=\"og:site_name\" content=\"Old Westbury Gardens\" \/>\n<meta property=\"article:modified_time\" content=\"2025-05-13T02:02:32+00:00\" \/>\n<meta property=\"og:image\" content=\"https:\/\/www.oldwestburygardens.org\/wp-content\/uploads\/2025\/05\/2021BackofHouse-1024x683.png\" \/>\n\t<meta property=\"og:image:width\" content=\"1024\" \/>\n\t<meta property=\"og:image:height\" content=\"683\" \/>\n\t<meta property=\"og:image:type\" content=\"image\/png\" \/>\n<meta name=\"twitter:card\" content=\"summary_large_image\" \/>\n<meta name=\"twitter:label1\" content=\"Est. reading time\" \/>\n\t<meta name=\"twitter:data1\" content=\"3 minutos\" \/>\n<script type=\"application\/ld+json\" class=\"yoast-schema-graph\">{\"@context\":\"https:\/\/schema.org\",\"@graph\":[{\"@type\":\"WebPage\",\"@id\":\"https:\/\/www.oldwestburygardens.org\/history\/\",\"url\":\"https:\/\/www.oldwestburygardens.org\/history\/\",\"name\":\"History | Old Westbury Gardens\",\"isPartOf\":{\"@id\":\"https:\/\/www.oldwestburygardens.org\/ko\/#website\"},\"datePublished\":\"2021-04-26T21:38:04+00:00\",\"dateModified\":\"2025-05-13T02:02:32+00:00\",\"breadcrumb\":{\"@id\":\"https:\/\/www.oldwestburygardens.org\/history\/#breadcrumb\"},\"inLanguage\":\"es\",\"potentialAction\":[{\"@type\":\"ReadAction\",\"target\":[\"https:\/\/www.oldwestburygardens.org\/history\/\"]}]},{\"@type\":\"BreadcrumbList\",\"@id\":\"https:\/\/www.oldwestburygardens.org\/history\/#breadcrumb\",\"itemListElement\":[{\"@type\":\"ListItem\",\"position\":1,\"name\":\"Home\",\"item\":\"https:\/\/www.oldwestburygardens.org\/\"},{\"@type\":\"ListItem\",\"position\":2,\"name\":\"History\"}]},{\"@type\":\"WebSite\",\"@id\":\"https:\/\/www.oldwestburygardens.org\/ko\/#website\",\"url\":\"https:\/\/www.oldwestburygardens.org\/ko\/\",\"name\":\"Old Westbury Gardens\",\"description\":\"\",\"publisher\":{\"@id\":\"https:\/\/www.oldwestburygardens.org\/ko\/#organization\"},\"potentialAction\":[{\"@type\":\"SearchAction\",\"target\":{\"@type\":\"EntryPoint\",\"urlTemplate\":\"https:\/\/www.oldwestburygardens.org\/ko\/?s={search_term_string}\"},\"query-input\":{\"@type\":\"PropertyValueSpecification\",\"valueRequired\":true,\"valueName\":\"search_term_string\"}}],\"inLanguage\":\"es\"},{\"@type\":\"Organization\",\"@id\":\"https:\/\/www.oldwestburygardens.org\/ko\/#organization\",\"name\":\"Old Westbury Gardens\",\"url\":\"https:\/\/www.oldwestburygardens.org\/ko\/\",\"logo\":{\"@type\":\"ImageObject\",\"inLanguage\":\"es\",\"@id\":\"https:\/\/www.oldwestburygardens.org\/ko\/#\/schema\/logo\/image\/\",\"url\":\"https:\/\/www.oldwestburygardens.org\/wp-content\/uploads\/2025\/03\/OWGlogoforsite.png\",\"contentUrl\":\"https:\/\/www.oldwestburygardens.org\/wp-content\/uploads\/2025\/03\/OWGlogoforsite.png\",\"width\":750,\"height\":173,\"caption\":\"Old Westbury Gardens\"},\"image\":{\"@id\":\"https:\/\/www.oldwestburygardens.org\/ko\/#\/schema\/logo\/image\/\"}}]}<\/script>\n<!-- \/ Yoast SEO plugin. -->","yoast_head_json":{"title":"History | Old Westbury Gardens","robots":{"index":"index","follow":"follow","max-snippet":"max-snippet:-1","max-image-preview":"max-image-preview:large","max-video-preview":"max-video-preview:-1"},"canonical":"https:\/\/www.oldwestburygardens.org\/es\/history\/","og_locale":"es_ES","og_type":"article","og_title":"History | Old Westbury Gardens","og_description":"History of the Phipps Estate and Old Westbury Gardens The Beginnings: From Cobbler\u2019s Son to Partner in Carnegie Steel In 1845, Henry Phipps Sr., a cobbler from Shropshire, England, moved [&hellip;]","og_url":"https:\/\/www.oldwestburygardens.org\/es\/history\/","og_site_name":"Old Westbury Gardens","article_modified_time":"2025-05-13T02:02:32+00:00","og_image":[{"width":1024,"height":683,"url":"https:\/\/www.oldwestburygardens.org\/wp-content\/uploads\/2025\/05\/2021BackofHouse-1024x683.png","type":"image\/png"}],"twitter_card":"summary_large_image","twitter_misc":{"Est. reading time":"3 minutos"},"schema":{"@context":"https:\/\/schema.org","@graph":[{"@type":"WebPage","@id":"https:\/\/www.oldwestburygardens.org\/history\/","url":"https:\/\/www.oldwestburygardens.org\/history\/","name":"History | Old Westbury Gardens","isPartOf":{"@id":"https:\/\/www.oldwestburygardens.org\/ko\/#website"},"datePublished":"2021-04-26T21:38:04+00:00","dateModified":"2025-05-13T02:02:32+00:00","breadcrumb":{"@id":"https:\/\/www.oldwestburygardens.org\/history\/#breadcrumb"},"inLanguage":"es","potentialAction":[{"@type":"ReadAction","target":["https:\/\/www.oldwestburygardens.org\/history\/"]}]},{"@type":"BreadcrumbList","@id":"https:\/\/www.oldwestburygardens.org\/history\/#breadcrumb","itemListElement":[{"@type":"ListItem","position":1,"name":"Home","item":"https:\/\/www.oldwestburygardens.org\/"},{"@type":"ListItem","position":2,"name":"History"}]},{"@type":"WebSite","@id":"https:\/\/www.oldwestburygardens.org\/ko\/#website","url":"https:\/\/www.oldwestburygardens.org\/ko\/","name":"Jardines del viejo Westbury","description":"","publisher":{"@id":"https:\/\/www.oldwestburygardens.org\/ko\/#organization"},"potentialAction":[{"@type":"SearchAction","target":{"@type":"EntryPoint","urlTemplate":"https:\/\/www.oldwestburygardens.org\/ko\/?s={search_term_string}"},"query-input":{"@type":"PropertyValueSpecification","valueRequired":true,"valueName":"search_term_string"}}],"inLanguage":"es"},{"@type":"Organization","@id":"https:\/\/www.oldwestburygardens.org\/ko\/#organization","name":"Jardines del viejo Westbury","url":"https:\/\/www.oldwestburygardens.org\/ko\/","logo":{"@type":"ImageObject","inLanguage":"es","@id":"https:\/\/www.oldwestburygardens.org\/ko\/#\/schema\/logo\/image\/","url":"https:\/\/www.oldwestburygardens.org\/wp-content\/uploads\/2025\/03\/OWGlogoforsite.png","contentUrl":"https:\/\/www.oldwestburygardens.org\/wp-content\/uploads\/2025\/03\/OWGlogoforsite.png","width":750,"height":173,"caption":"Old Westbury Gardens"},"image":{"@id":"https:\/\/www.oldwestburygardens.org\/ko\/#\/schema\/logo\/image\/"}}]}},"_links":{"self":[{"href":"https:\/\/www.oldwestburygardens.org\/es\/wp-json\/wp\/v2\/pages\/585","targetHints":{"allow":["GET"]}}],"collection":[{"href":"https:\/\/www.oldwestburygardens.org\/es\/wp-json\/wp\/v2\/pages"}],"about":[{"href":"https:\/\/www.oldwestburygardens.org\/es\/wp-json\/wp\/v2\/types\/page"}],"author":[{"embeddable":true,"href":"https:\/\/www.oldwestburygardens.org\/es\/wp-json\/wp\/v2\/users\/1"}],"replies":[{"embeddable":true,"href":"https:\/\/www.oldwestburygardens.org\/es\/wp-json\/wp\/v2\/comments?post=585"}],"version-history":[{"count":4,"href":"https:\/\/www.oldwestburygardens.org\/es\/wp-json\/wp\/v2\/pages\/585\/revisions"}],"predecessor-version":[{"id":5661,"href":"https:\/\/www.oldwestburygardens.org\/es\/wp-json\/wp\/v2\/pages\/585\/revisions\/5661"}],"wp:attachment":[{"href":"https:\/\/www.oldwestburygardens.org\/es\/wp-json\/wp\/v2\/media?parent=585"}],"curies":[{"name":"wp","href":"https:\/\/api.w.org\/{rel}","templated":true}]}}