{"id":597,"date":"2025-03-25T21:28:45","date_gmt":"2025-03-25T21:28:45","guid":{"rendered":"https:\/\/www.oldwestburygardens.org\/service-wing-tour\/"},"modified":"2026-03-25T15:32:37","modified_gmt":"2026-03-25T19:32:37","slug":"service-wing-tour","status":"publish","type":"page","link":"https:\/\/www.oldwestburygardens.org\/es\/service-wing-tour\/","title":{"rendered":"Recorrido &quot;Secretos del Ala de Servicio&quot;"},"content":{"rendered":"<section id=\"owg-page-header-v2 block_ed5c3240b1dbb7044def6dd5ade713fc\" class=\"owg-page-header-v2 has-transparent-background-color alignfull\">\n\n    <div class=\"owg-page-header-inner\">\n            \n\n<div class=\"wp-block-cover alignfull\" style=\"min-height:300px;aspect-ratio:unset;\"><span aria-hidden=\"true\" class=\"wp-block-cover__background has-background-dim-0 has-background-dim\" style=\"background-color:#8b756b\"><\/span><img loading=\"lazy\" decoding=\"async\" width=\"2500\" height=\"2500\" src=\"https:\/\/www.oldwestburygardens.org\/wp-content\/uploads\/2025\/05\/BehindtheScenes.jpg\" class=\"wp-block-cover__image-background wp-post-image\" alt=\"\" data-object-fit=\"cover\" data-object-position=\"50% 50%\" style=\"object-position:50% 50%;\" srcset=\"https:\/\/www.oldwestburygardens.org\/wp-content\/uploads\/2025\/05\/BehindtheScenes.jpg 2500w, https:\/\/www.oldwestburygardens.org\/wp-content\/uploads\/2025\/05\/BehindtheScenes-300x300.jpg 300w, https:\/\/www.oldwestburygardens.org\/wp-content\/uploads\/2025\/05\/BehindtheScenes-1024x1024.jpg 1024w, https:\/\/www.oldwestburygardens.org\/wp-content\/uploads\/2025\/05\/BehindtheScenes-150x150.jpg 150w, https:\/\/www.oldwestburygardens.org\/wp-content\/uploads\/2025\/05\/BehindtheScenes-768x768.jpg 768w, https:\/\/www.oldwestburygardens.org\/wp-content\/uploads\/2025\/05\/BehindtheScenes-1536x1536.jpg 1536w, https:\/\/www.oldwestburygardens.org\/wp-content\/uploads\/2025\/05\/BehindtheScenes-2048x2048.jpg 2048w, https:\/\/www.oldwestburygardens.org\/wp-content\/uploads\/2025\/05\/BehindtheScenes-12x12.jpg 12w\" sizes=\"auto, (max-width: 2500px) 100vw, 2500px\" \/><div class=\"wp-block-cover__inner-container is-layout-flow wp-block-cover-is-layout-flow\">\n<div class=\"wp-block-group is-layout-flow wp-block-group-is-layout-flow\" style=\"padding-top:20px;padding-right:20px;padding-bottom:20px;padding-left:20px\"><h1 class=\"has-text-align-center wp-block-post-title has-text-color has-garden-brown-color\">Recorrido &quot;Secretos del Ala de Servicio&quot;<\/h1><\/div>\n<\/div><\/div>\n\n\n    <\/div>\n\n\n            <nav class=\"owg-page-header-inner__breadcrumbs\" aria-label=\"Migaja de pan\">\n            <a href=\"https:\/\/www.oldwestburygardens.org\/es\/\">Hogar<\/a>\n\n             | <span>Recorrido &quot;Secretos del Ala de Servicio&quot;<\/span>        <\/nav>\n    \n<\/section>\n\n\n<div class=\"wp-block-group has-global-padding is-layout-constrained wp-block-group-is-layout-constrained\" style=\"padding-top:0;padding-bottom:0\"><\/div>\n\n\n\n<div class=\"wp-block-group has-global-padding is-layout-constrained wp-block-group-is-layout-constrained\" style=\"padding-top:var(--wp--preset--spacing--30);padding-bottom:var(--wp--preset--spacing--30)\">\n<div class=\"wp-block-columns is-layout-flex wp-container-core-columns-is-layout-1 wp-block-columns-is-layout-flex\">\n<div class=\"wp-block-column is-layout-flow wp-block-column-is-layout-flow\" style=\"flex-basis:66.66%\">\n<h4 class=\"wp-block-heading\">Las entradas para este tour incluyen acceso a Westbury House y sus jardines. Las entradas no son reembolsables. Quienes tengan entradas pueden llegar antes de la hora programada del tour y pasear por los jardines si lo desean.<\/h4>\n\n\n\n<p>Durante muchos a\u00f1os, los visitantes de Westbury House preguntaban qu\u00e9 hab\u00eda m\u00e1s all\u00e1 del pasillo del primer piso. Ahora pueden traspasar la puerta y descubrir los secretos del ala de servicio.<\/p>\n\n\n\n<p>En esta visita guiada de 60 minutos, descubrir\u00e1 el intenso trabajo necesario para crear el estilo de vida que disfrutaban los Phipps y sus invitados. Recorrer\u00e1 las numerosas habitaciones que se crearon entre bastidores para crear las experiencias gastron\u00f3micas formales de los miembros de la alta sociedad de los Phipps a principios del siglo XX. Recorrer\u00e1 los pasillos hasta la despensa del mayordomo y la sala de limpieza de plata, y luego descender\u00e1 los 17 escalones hasta la cocina, el lavadero y la bodega, ubicados en la planta baja.<\/p>\n\n\n\n<p><strong><em>\u00a1Novedad para 2026!<\/em><\/strong> Como parte del recorrido, los visitantes ahora podr\u00e1n pasear por el majestuoso Comedor y acercarse m\u00e1s que nunca al arte y al mobiliario hist\u00f3rico que definen este grandioso espacio, experiment\u00e1ndolo no desde detr\u00e1s de una cuerda y postes, sino como fue concebido para ser visto.<\/p>\n\n\n\n<p><em>Este recorrido dura poco m\u00e1s de una hora y, debido a sus exigencias f\u00edsicas, no se recomienda para personas con movilidad reducida ni para ni\u00f1os menores de 8 a\u00f1os. Requiere descender una estrecha escalera de 17 escalones hasta la planta baja\/s\u00f3tano, por lo que no se permite cargar ni levantar a ninguna persona (ni siquiera a ni\u00f1os y beb\u00e9s) durante el recorrido.<\/em><\/p>\n<\/div>\n\n\n\n<div class=\"wp-block-column is-layout-flow wp-block-column-is-layout-flow\" style=\"flex-basis:33.33%\">\n<figure class=\"wp-block-image size-large\"><img loading=\"lazy\" decoding=\"async\" width=\"697\" height=\"1024\" src=\"https:\/\/www.oldwestburygardens.org\/wp-content\/uploads\/2025\/05\/Nurse-2-copy-697x1024.jpg\" alt=\"\" class=\"wp-image-725\" srcset=\"https:\/\/www.oldwestburygardens.org\/wp-content\/uploads\/2025\/05\/Nurse-2-copy-697x1024.jpg 697w, https:\/\/www.oldwestburygardens.org\/wp-content\/uploads\/2025\/05\/Nurse-2-copy-204x300.jpg 204w, https:\/\/www.oldwestburygardens.org\/wp-content\/uploads\/2025\/05\/Nurse-2-copy-768x1128.jpg 768w, https:\/\/www.oldwestburygardens.org\/wp-content\/uploads\/2025\/05\/Nurse-2-copy-1046x1536.jpg 1046w, https:\/\/www.oldwestburygardens.org\/wp-content\/uploads\/2025\/05\/Nurse-2-copy-1394x2048.jpg 1394w, https:\/\/www.oldwestburygardens.org\/wp-content\/uploads\/2025\/05\/Nurse-2-copy-8x12.jpg 8w, https:\/\/www.oldwestburygardens.org\/wp-content\/uploads\/2025\/05\/Nurse-2-copy.jpg 1404w\" sizes=\"auto, (max-width: 697px) 100vw, 697px\" \/><\/figure>\n<\/div>\n<\/div>\n\n\n\n<div class=\"wp-block-buttons is-content-justification-center is-layout-flex wp-container-core-buttons-is-layout-1 wp-block-buttons-is-layout-flex\">\n<div class=\"wp-block-button is-style-btn-owg-primary is-style-btn-owg-primary--1\"><a class=\"wp-block-button__link has-text-align-center wp-element-button\" href=\"http:\/\/1473.blackbaudhosting.com\/1473\/tickets?tab=3&amp;txobjid=af6d27b5-9f22-40d7-8bce-bd8051995b73\">Comprar entradas<\/a><\/div>\n<\/div>\n<\/div>\n\n\n\n<div class=\"wp-block-group has-global-padding is-layout-constrained wp-block-group-is-layout-constrained\" style=\"padding-top:var(--wp--preset--spacing--30);padding-bottom:var(--wp--preset--spacing--30)\">\n<figure class=\"wp-block-image size-large\"><img loading=\"lazy\" decoding=\"async\" width=\"1024\" height=\"683\" src=\"https:\/\/www.oldwestburygardens.org\/wp-content\/uploads\/2025\/05\/DSC_6249rev-1024x683.jpg\" alt=\"\" class=\"wp-image-724\" srcset=\"https:\/\/www.oldwestburygardens.org\/wp-content\/uploads\/2025\/05\/DSC_6249rev-1024x683.jpg 1024w, https:\/\/www.oldwestburygardens.org\/wp-content\/uploads\/2025\/05\/DSC_6249rev-300x200.jpg 300w, https:\/\/www.oldwestburygardens.org\/wp-content\/uploads\/2025\/05\/DSC_6249rev-768x512.jpg 768w, https:\/\/www.oldwestburygardens.org\/wp-content\/uploads\/2025\/05\/DSC_6249rev-1536x1024.jpg 1536w, https:\/\/www.oldwestburygardens.org\/wp-content\/uploads\/2025\/05\/DSC_6249rev-2048x1366.jpg 2048w, https:\/\/www.oldwestburygardens.org\/wp-content\/uploads\/2025\/05\/DSC_6249rev-18x12.jpg 18w\" sizes=\"auto, (max-width: 1024px) 100vw, 1024px\" \/><\/figure>\n<\/div>","protected":false},"excerpt":{"rendered":"<p>Las entradas para este tour incluyen acceso a Westbury House y sus jardines. Las entradas no son reembolsables. Quienes tengan entradas pueden llegar antes de la hora programada del tour y pasear por los jardines si [\u2026]<\/p>","protected":false},"author":1,"featured_media":723,"parent":0,"menu_order":0,"comment_status":"open","ping_status":"closed","template":"","meta":{"_acf_changed":false,"_tec_requires_first_save":true,"_EventAllDay":false,"_EventTimezone":"","_EventStartDate":"","_EventEndDate":"","_EventStartDateUTC":"","_EventEndDateUTC":"","_EventShowMap":false,"_EventShowMapLink":false,"_EventURL":"","_EventCost":"","_EventCostDescription":"","_EventCurrencySymbol":"","_EventCurrencyCode":"","_EventCurrencyPosition":"","_EventDateTimeSeparator":"","_EventTimeRangeSeparator":"","_EventOrganizerID":[],"_EventVenueID":[],"_OrganizerEmail":"","_OrganizerPhone":"","_OrganizerWebsite":"","_VenueAddress":"","_VenueCity":"","_VenueCountry":"","_VenueProvince":"","_VenueState":"","_VenueZip":"","_VenuePhone":"","_VenueURL":"","_VenueStateProvince":"","_VenueLat":"","_VenueLng":"","_VenueShowMap":false,"_VenueShowMapLink":false,"_tribe_blocks_recurrence_rules":"","_tribe_blocks_recurrence_description":"","_tribe_blocks_recurrence_exclusions":"","footnotes":""},"class_list":["post-597","page","type-page","status-publish","has-post-thumbnail","hentry"],"acf":[],"yoast_head":"<!-- This site is optimized with the Yoast SEO plugin v26.2 - https:\/\/yoast.com\/wordpress\/plugins\/seo\/ -->\n<title>&quot;Secrets of the Service Wing&quot; Tour | Old Westbury Gardens<\/title>\n<meta name=\"robots\" content=\"index, follow, max-snippet:-1, max-image-preview:large, max-video-preview:-1\" \/>\n<link rel=\"canonical\" href=\"https:\/\/www.oldwestburygardens.org\/es\/service-wing-tour\/\" \/>\n<meta property=\"og:locale\" content=\"es_ES\" \/>\n<meta property=\"og:type\" content=\"article\" \/>\n<meta property=\"og:title\" content=\"&quot;Secrets of the Service Wing&quot; Tour | Old Westbury Gardens\" \/>\n<meta property=\"og:description\" content=\"Tickets for this tour include access to Westbury House and the gardens. All tickets are non-refundable. Ticket holders may arrive prior to their scheduled tour and stroll the gardens if [&hellip;]\" \/>\n<meta property=\"og:url\" content=\"https:\/\/www.oldwestburygardens.org\/es\/service-wing-tour\/\" \/>\n<meta property=\"og:site_name\" content=\"Old Westbury Gardens\" \/>\n<meta property=\"article:modified_time\" content=\"2026-03-25T19:32:37+00:00\" \/>\n<meta property=\"og:image\" content=\"https:\/\/www.oldwestburygardens.org\/wp-content\/uploads\/2025\/05\/BehindtheScenes.jpg\" \/>\n\t<meta property=\"og:image:width\" content=\"2500\" \/>\n\t<meta property=\"og:image:height\" content=\"2500\" \/>\n\t<meta property=\"og:image:type\" content=\"image\/jpeg\" \/>\n<meta name=\"twitter:card\" content=\"summary_large_image\" \/>\n<meta name=\"twitter:label1\" content=\"Est. reading time\" \/>\n\t<meta name=\"twitter:data1\" content=\"2 minutos\" \/>\n<script type=\"application\/ld+json\" class=\"yoast-schema-graph\">{\"@context\":\"https:\/\/schema.org\",\"@graph\":[{\"@type\":\"WebPage\",\"@id\":\"https:\/\/www.oldwestburygardens.org\/service-wing-tour\/\",\"url\":\"https:\/\/www.oldwestburygardens.org\/service-wing-tour\/\",\"name\":\"\\\"Secrets of the Service Wing\\\" Tour | Old Westbury Gardens\",\"isPartOf\":{\"@id\":\"https:\/\/www.oldwestburygardens.org\/ko\/#website\"},\"primaryImageOfPage\":{\"@id\":\"https:\/\/www.oldwestburygardens.org\/service-wing-tour\/#primaryimage\"},\"image\":{\"@id\":\"https:\/\/www.oldwestburygardens.org\/service-wing-tour\/#primaryimage\"},\"thumbnailUrl\":\"https:\/\/www.oldwestburygardens.org\/wp-content\/uploads\/2025\/05\/BehindtheScenes.jpg\",\"datePublished\":\"2025-03-25T21:28:45+00:00\",\"dateModified\":\"2026-03-25T19:32:37+00:00\",\"breadcrumb\":{\"@id\":\"https:\/\/www.oldwestburygardens.org\/service-wing-tour\/#breadcrumb\"},\"inLanguage\":\"es\",\"potentialAction\":[{\"@type\":\"ReadAction\",\"target\":[\"https:\/\/www.oldwestburygardens.org\/service-wing-tour\/\"]}]},{\"@type\":\"ImageObject\",\"inLanguage\":\"es\",\"@id\":\"https:\/\/www.oldwestburygardens.org\/service-wing-tour\/#primaryimage\",\"url\":\"https:\/\/www.oldwestburygardens.org\/wp-content\/uploads\/2025\/05\/BehindtheScenes.jpg\",\"contentUrl\":\"https:\/\/www.oldwestburygardens.org\/wp-content\/uploads\/2025\/05\/BehindtheScenes.jpg\",\"width\":2500,\"height\":2500},{\"@type\":\"BreadcrumbList\",\"@id\":\"https:\/\/www.oldwestburygardens.org\/service-wing-tour\/#breadcrumb\",\"itemListElement\":[{\"@type\":\"ListItem\",\"position\":1,\"name\":\"Home\",\"item\":\"https:\/\/www.oldwestburygardens.org\/\"},{\"@type\":\"ListItem\",\"position\":2,\"name\":\"&#8220;Secrets of the Service Wing&#8221; Tour\"}]},{\"@type\":\"WebSite\",\"@id\":\"https:\/\/www.oldwestburygardens.org\/ko\/#website\",\"url\":\"https:\/\/www.oldwestburygardens.org\/ko\/\",\"name\":\"Old Westbury Gardens\",\"description\":\"\",\"publisher\":{\"@id\":\"https:\/\/www.oldwestburygardens.org\/ko\/#organization\"},\"potentialAction\":[{\"@type\":\"SearchAction\",\"target\":{\"@type\":\"EntryPoint\",\"urlTemplate\":\"https:\/\/www.oldwestburygardens.org\/ko\/?s={search_term_string}\"},\"query-input\":{\"@type\":\"PropertyValueSpecification\",\"valueRequired\":true,\"valueName\":\"search_term_string\"}}],\"inLanguage\":\"es\"},{\"@type\":\"Organization\",\"@id\":\"https:\/\/www.oldwestburygardens.org\/ko\/#organization\",\"name\":\"Old Westbury Gardens\",\"url\":\"https:\/\/www.oldwestburygardens.org\/ko\/\",\"logo\":{\"@type\":\"ImageObject\",\"inLanguage\":\"es\",\"@id\":\"https:\/\/www.oldwestburygardens.org\/ko\/#\/schema\/logo\/image\/\",\"url\":\"https:\/\/www.oldwestburygardens.org\/wp-content\/uploads\/2025\/03\/OWGlogoforsite.png\",\"contentUrl\":\"https:\/\/www.oldwestburygardens.org\/wp-content\/uploads\/2025\/03\/OWGlogoforsite.png\",\"width\":750,\"height\":173,\"caption\":\"Old Westbury Gardens\"},\"image\":{\"@id\":\"https:\/\/www.oldwestburygardens.org\/ko\/#\/schema\/logo\/image\/\"}}]}<\/script>\n<!-- \/ Yoast SEO plugin. -->","yoast_head_json":{"title":"\"Visita guiada &quot;Secretos del ala de servicio&quot; | Jardines de Old Westbury","robots":{"index":"index","follow":"follow","max-snippet":"max-snippet:-1","max-image-preview":"max-image-preview:large","max-video-preview":"max-video-preview:-1"},"canonical":"https:\/\/www.oldwestburygardens.org\/es\/service-wing-tour\/","og_locale":"es_ES","og_type":"article","og_title":"\"Secrets of the Service Wing\" Tour | Old Westbury Gardens","og_description":"Tickets for this tour include access to Westbury House and the gardens. All tickets are non-refundable. Ticket holders may arrive prior to their scheduled tour and stroll the gardens if [&hellip;]","og_url":"https:\/\/www.oldwestburygardens.org\/es\/service-wing-tour\/","og_site_name":"Old Westbury Gardens","article_modified_time":"2026-03-25T19:32:37+00:00","og_image":[{"width":2500,"height":2500,"url":"https:\/\/www.oldwestburygardens.org\/wp-content\/uploads\/2025\/05\/BehindtheScenes.jpg","type":"image\/jpeg"}],"twitter_card":"summary_large_image","twitter_misc":{"Est. reading time":"2 minutos"},"schema":{"@context":"https:\/\/schema.org","@graph":[{"@type":"WebPage","@id":"https:\/\/www.oldwestburygardens.org\/service-wing-tour\/","url":"https:\/\/www.oldwestburygardens.org\/service-wing-tour\/","name":"\"Visita guiada &quot;Secretos del ala de servicio&quot; | Jardines de Old Westbury","isPartOf":{"@id":"https:\/\/www.oldwestburygardens.org\/ko\/#website"},"primaryImageOfPage":{"@id":"https:\/\/www.oldwestburygardens.org\/service-wing-tour\/#primaryimage"},"image":{"@id":"https:\/\/www.oldwestburygardens.org\/service-wing-tour\/#primaryimage"},"thumbnailUrl":"https:\/\/www.oldwestburygardens.org\/wp-content\/uploads\/2025\/05\/BehindtheScenes.jpg","datePublished":"2025-03-25T21:28:45+00:00","dateModified":"2026-03-25T19:32:37+00:00","breadcrumb":{"@id":"https:\/\/www.oldwestburygardens.org\/service-wing-tour\/#breadcrumb"},"inLanguage":"es","potentialAction":[{"@type":"ReadAction","target":["https:\/\/www.oldwestburygardens.org\/service-wing-tour\/"]}]},{"@type":"ImageObject","inLanguage":"es","@id":"https:\/\/www.oldwestburygardens.org\/service-wing-tour\/#primaryimage","url":"https:\/\/www.oldwestburygardens.org\/wp-content\/uploads\/2025\/05\/BehindtheScenes.jpg","contentUrl":"https:\/\/www.oldwestburygardens.org\/wp-content\/uploads\/2025\/05\/BehindtheScenes.jpg","width":2500,"height":2500},{"@type":"BreadcrumbList","@id":"https:\/\/www.oldwestburygardens.org\/service-wing-tour\/#breadcrumb","itemListElement":[{"@type":"ListItem","position":1,"name":"Home","item":"https:\/\/www.oldwestburygardens.org\/"},{"@type":"ListItem","position":2,"name":"&#8220;Secrets of the Service Wing&#8221; Tour"}]},{"@type":"WebSite","@id":"https:\/\/www.oldwestburygardens.org\/ko\/#website","url":"https:\/\/www.oldwestburygardens.org\/ko\/","name":"Jardines del viejo Westbury","description":"","publisher":{"@id":"https:\/\/www.oldwestburygardens.org\/ko\/#organization"},"potentialAction":[{"@type":"SearchAction","target":{"@type":"EntryPoint","urlTemplate":"https:\/\/www.oldwestburygardens.org\/ko\/?s={search_term_string}"},"query-input":{"@type":"PropertyValueSpecification","valueRequired":true,"valueName":"search_term_string"}}],"inLanguage":"es"},{"@type":"Organization","@id":"https:\/\/www.oldwestburygardens.org\/ko\/#organization","name":"Jardines del viejo Westbury","url":"https:\/\/www.oldwestburygardens.org\/ko\/","logo":{"@type":"ImageObject","inLanguage":"es","@id":"https:\/\/www.oldwestburygardens.org\/ko\/#\/schema\/logo\/image\/","url":"https:\/\/www.oldwestburygardens.org\/wp-content\/uploads\/2025\/03\/OWGlogoforsite.png","contentUrl":"https:\/\/www.oldwestburygardens.org\/wp-content\/uploads\/2025\/03\/OWGlogoforsite.png","width":750,"height":173,"caption":"Old Westbury Gardens"},"image":{"@id":"https:\/\/www.oldwestburygardens.org\/ko\/#\/schema\/logo\/image\/"}}]}},"_links":{"self":[{"href":"https:\/\/www.oldwestburygardens.org\/es\/wp-json\/wp\/v2\/pages\/597","targetHints":{"allow":["GET"]}}],"collection":[{"href":"https:\/\/www.oldwestburygardens.org\/es\/wp-json\/wp\/v2\/pages"}],"about":[{"href":"https:\/\/www.oldwestburygardens.org\/es\/wp-json\/wp\/v2\/types\/page"}],"author":[{"embeddable":true,"href":"https:\/\/www.oldwestburygardens.org\/es\/wp-json\/wp\/v2\/users\/1"}],"replies":[{"embeddable":true,"href":"https:\/\/www.oldwestburygardens.org\/es\/wp-json\/wp\/v2\/comments?post=597"}],"version-history":[{"count":4,"href":"https:\/\/www.oldwestburygardens.org\/es\/wp-json\/wp\/v2\/pages\/597\/revisions"}],"predecessor-version":[{"id":10459,"href":"https:\/\/www.oldwestburygardens.org\/es\/wp-json\/wp\/v2\/pages\/597\/revisions\/10459"}],"wp:featuredmedia":[{"embeddable":true,"href":"https:\/\/www.oldwestburygardens.org\/es\/wp-json\/wp\/v2\/media\/723"}],"wp:attachment":[{"href":"https:\/\/www.oldwestburygardens.org\/es\/wp-json\/wp\/v2\/media?parent=597"}],"curies":[{"name":"wp","href":"https:\/\/api.w.org\/{rel}","templated":true}]}}