{"id":606,"date":"2023-07-28T20:41:21","date_gmt":"2023-07-28T20:41:21","guid":{"rendered":"https:\/\/www.oldwestburygardens.org\/casa-bendita\/"},"modified":"2025-05-12T15:44:07","modified_gmt":"2025-05-12T15:44:07","slug":"casa-bendita","status":"publish","type":"page","link":"https:\/\/www.oldwestburygardens.org\/es\/phipps-family-history\/casa-bendita\/","title":{"rendered":"Casa Bendita"},"content":{"rendered":"<div class=\"wp-block-group has-global-padding is-layout-constrained wp-block-group-is-layout-constrained\" style=\"padding-top:0;padding-bottom:0\">\n<p><\/p>\n\n\n\n<h3 class=\"wp-block-heading\">Historia de la familia Phipps: Casa Bendita<\/h3>\n<\/div>\n\n\n\n<div class=\"wp-block-group has-global-padding is-layout-constrained wp-block-group-is-layout-constrained\" style=\"padding-top:0;padding-bottom:0\">\n<div class=\"wp-block-columns is-layout-flex wp-container-core-columns-is-layout-1 wp-block-columns-is-layout-flex\">\n<div class=\"wp-block-column is-layout-flow wp-block-column-is-layout-flow\" style=\"flex-basis:66.66%\">\n<p>Los visitantes que recorren Westbury House descubren que Jay Phipps fue propietario de varias residencias de temporada, entre ellas Casa Bendita, ubicada en la costa atl\u00e1ntica de Palm Beach, Florida.<\/p>\n\n\n\n<p>Hace poco m\u00e1s de un siglo, en febrero de 1922, una peque\u00f1a sociedad del <em>New York Tribune<\/em> Se\u00f1al\u00f3: \u00abEl Sr. y la Sra. John Phipps, cuya casa espa\u00f1ola est\u00e1 casi terminada, ofrecieron hoy una fiesta de nataci\u00f3n para sus hijos en su piscina\u00bb. Un mes antes, el Tribune inform\u00f3 que la casa no estar\u00eda terminada a tiempo para su uso esa temporada, pero describi\u00f3 su caracter\u00edstica m\u00e1s significativa: \u00ab\u2026una piscina de 7,3 x 6 metros, en el ala izquierda, con una hermosa galer\u00eda arqueada y una torre para clavados\u00bb.<\/p>\n\n\n\n<p>Desde principios de la d\u00e9cada de 1910, Jay y su familia pasaban los meses de invierno en Palm Beach, pero optaban por alquilar caba\u00f1as en el Hotel Breakers y otros lugares durante su estancia habitual de tres meses. Alrededor de 1921, Jay encarg\u00f3 al prestigioso arquitecto Addison Mizner la creaci\u00f3n de una residencia de invierno en una colina frente al mar. El padre de Jay, Henry, y su hermano Hal compraron varias parcelas en la zona norte de Palm Beach para las casas de invierno de la familia, as\u00ed como para invertir en ellas para uso residencial y comercial.<\/p>\n<\/div>\n\n\n\n<div class=\"wp-block-column is-layout-flow wp-block-column-is-layout-flow\" style=\"flex-basis:33.33%\">\n<figure class=\"wp-block-image\"><img decoding=\"async\" src=\"https:\/\/www.oldwestburygardens.org\/wp-content\/uploads\/2025\/05\/CasaBendita1.jpg\" alt=\"Hand-painted slide of the interior swimming pool at Casa Bendita from the Garden Clubs of America Collection of the Smithsonian Institution\"\/><figcaption class=\"wp-element-caption\">Tobog\u00e1n pintado a mano de la piscina interior de Casa Bendita de la Colecci\u00f3n Garden Clubs of America del Instituto Smithsonian<\/figcaption><\/figure>\n<\/div>\n<\/div>\n\n\n\n<p>De un perfil de 1923 en <em>El Foro de Arquitectura<\/em>:<\/p>\n\n\n\n<blockquote class=\"wp-block-quote is-layout-flow wp-block-quote-is-layout-flow\">\n<p>Para esta hermosa estructura, el arquitecto Addison Mizner emple\u00f3 arenisca de un amarillo intenso que aporta un inter\u00e9s particular a un edificio dise\u00f1ado en una versi\u00f3n sobria y refinada del renacimiento espa\u00f1ol. Los techos de baja pendiente, dispuestos en varios niveles ligeramente diferentes, y los suelos de las logias e incluso de algunas habitaciones son de baldosas artesanales producidas en Florida, tanto vidriadas como sin vidriar, que van desde el rosa, pasando por diferentes tonos de marr\u00f3n, hasta el negro. La casa est\u00e1 amueblada con tapices y otras antig\u00fcedades espa\u00f1olas e italianas cuidadosamente seleccionadas, ordenadas bajo la direcci\u00f3n del arquitecto.<\/p>\n<\/blockquote>\n<\/div>\n\n\n\n<div class=\"wp-block-group has-global-padding is-layout-constrained wp-block-group-is-layout-constrained\" style=\"padding-top:0;padding-bottom:0\">\n<div class=\"wp-block-columns is-layout-flex wp-container-core-columns-is-layout-2 wp-block-columns-is-layout-flex\">\n<div class=\"wp-block-column is-layout-flow wp-block-column-is-layout-flow\" style=\"flex-basis:66.66%\">\n<p>Y al igual que su vida en Long Island, los familiares tambi\u00e9n eran vecinos. Al lado de Casa Bendita estaba Heamaw, la residencia de invierno que el hermano de Jay, Hal (Henry C.), dise\u00f1\u00f3 y construy\u00f3 en 1916 por F. Burrall Hoffman, quien tambi\u00e9n dise\u00f1\u00f3 la famosa Villa Vizcaya (ahora... <a href=\"https:\/\/vizcaya.org\/\" target=\"_blank\" rel=\"noopener\">Museo y Jardines de Vizcaya<\/a>Junto a esa parcela se encontraba la antigua casa de Michael P. Grace, padre de Dita, construida en 1916, residencia que posteriormente se conocer\u00eda como Los Incas. Cerca de all\u00ed se encontraba Villa Artemis, tambi\u00e9n dise\u00f1ada por Hoffman, la residencia en Florida de Amy Guest, la hermana de Jay y Hal. (La residencia contigua a la de Amy era Villa Oheka, de Otto Kahn). El hermano menor de Jay, Howard, construy\u00f3 posteriormente una residencia en Gulf Stream, una comunidad al sur de Palm Beach, que los hermanos Phipps convirtieron en una prestigiosa comunidad residencial.<\/p>\n\n\n\n<p>Durante casi 40 a\u00f1os, Casa Bendita fue el centro de la vida familiar y social de Jay y Dita. Numerosas columnas sociales en la prensa floridana informaron sobre sus idas y venidas y los eventos que organizaban.<\/p>\n<\/div>\n\n\n\n<div class=\"wp-block-column is-layout-flow wp-block-column-is-layout-flow\" style=\"flex-basis:33.33%\">\n<figure class=\"wp-block-image\"><img decoding=\"async\" src=\"https:\/\/www.oldwestburygardens.org\/wp-content\/uploads\/2025\/05\/CasaBendita4.jpg\" alt=\"View of multiple Phipps family estates in Palm Beach, FL. Photo: Robert Yarnall Richie\"\/><figcaption class=\"wp-element-caption\">De izquierda a derecha: \u00abHeamaw\u00bb de Henry Carnegie Phipps, \u00abCasa Bendita\u00bb de John Shaffer Phipps, \u00abAmado\u00bb de Charles A. Munn y \u00abLouwana\u00bb Estates de Gurnee Munn, Palm Beach, Florida. Foto: Robert Yarnall Richie<\/figcaption><\/figure>\n<\/div>\n<\/div>\n\n\n\n<p>Desde <em>Noticias diarias de Nueva York<\/em>12 de marzo de 1930:<\/p>\n\n\n\n<blockquote class=\"wp-block-quote is-layout-flow wp-block-quote-is-layout-flow\">\n<p>La mayor\u00eda de los Rolls Royce de la colonia se reunieron esta tarde frente a Casa Bendita, en North Ocean Blvd., mientras sus imponentes due\u00f1os tomaban t\u00e9 y escuchaban las canciones de la Sra. Nina Koshetz. La Sra. Henry Phipps, viuda de este acaudalado clan, y su hija, la Sra. Frederick E. Guest, acogieron a los miembros m\u00e1s selectos de la colonia en Casa Bendita, hogar del Sr. y la Sra. John S. Phipps. Unos 200 invitados asistieron a la fiesta musical y al t\u00e9. Los Phipps y sus invitados no deben confundirse con la nobleza circense de Palm Beach. Vienen a esta costa dorada, no por la alegr\u00eda y el j\u00fabilo que ofrece, sino porque la encuentran un encantador hogar invernal.<\/p>\n<\/blockquote>\n\n\n\n<p>Tras la muerte de Jay en Casa Bendita en 1958, la propiedad fue comprada en 1960 a Casa Bendita, Inc. por el hijo menor de Jay, Michael, quien a su vez la vendi\u00f3 a un desarrollador en 1961. Al igual que muchas otras residencias dise\u00f1adas por Mizner en la d\u00e9cada de 1920, el desarrollador vendi\u00f3 muebles y enseres en una subasta p\u00fablica y demoli\u00f3 el edificio en febrero de 1961. Como Helen Van Hoy Smith, una <em>Miami Herald<\/em> Un reportero, en enero de 1961, coment\u00f3 sobre la inminente desaparici\u00f3n de Casa Bendita: \u201cEl problema de los sirvientes y el deseo de una vida m\u00e1s informada se presentan como la causa subyacente de la demolici\u00f3n de estas grandes casas\u201d.<\/p>\n\n\n\n<blockquote class=\"wp-block-quote has-text-align-right is-layout-flow wp-block-quote-is-layout-flow\">\n<p><em>~Paul Hunchak, Director de Programas P\u00fablicos y Servicios para Visitantes<\/em><\/p>\n<\/blockquote>\n<\/div>\n\n\n\n<div class=\"wp-block-group has-global-padding is-layout-constrained wp-block-group-is-layout-constrained\" style=\"padding-top:0;padding-bottom:0\">\n<figure class=\"wp-block-image aligncenter\"><img decoding=\"async\" src=\"https:\/\/www.oldwestburygardens.org\/wp-content\/uploads\/2025\/05\/CasaBendita6.jpg\" alt=\"Frederick Guest's Villa Artemis and Otto Hermann Kahn's Villa Oheka. Photo: Robert Yarnall Richie\"\/><figcaption class=\"wp-element-caption\">Finca \u00abVilla Artemis\u00bb de Frederick Guest (izquierda) y \u00abVilla Oheka\u00bb de Otto Hermann Kahn (derecha). Foto: Robert Yarnall Richie<\/figcaption><\/figure>\n\n\n\n<figure class=\"wp-block-image\"><img decoding=\"async\" src=\"https:\/\/www.oldwestburygardens.org\/wp-content\/uploads\/2025\/05\/CasaBendita8.jpg\" alt=\"Historic view of Casa Bendita estate\"\/><\/figure>\n\n\n\n<h4 class=\"wp-block-heading\">Referencias<\/h4>\n\n\n\n<ul class=\"wp-block-list\">\n<li><a href=\"https:\/\/www.newyorksocialdiary.com\/the-greening-of-palm-beach-palm-beach-country-club\/\" target=\"_blank\" rel=\"noopener\">\u201cEl reverdecimiento del Palm Beach Country Club\u201d, The New York Social Diary<\/a><\/li>\n\n\n\n<li><a href=\"https:\/\/www.google.com\/books\/edition\/The_Architectural_Forum\/pk4gAQAAMAAJ\" target=\"_blank\" rel=\"noopener\">El Foro de Arquitectura, mayo de 1923 \u2013 Google Libros<\/a><\/li>\n\n\n\n<li><a href=\"https:\/\/books.google.com\/books?id=bnwJsSIE3a4C\" target=\"_blank\" rel=\"noopener\">Artes y Decoraci\u00f3n, enero de 1926 \u2013 Google Books<\/a><\/li>\n\n\n\n<li><a href=\"http:\/\/www.palmbeachatlas.com\/\" target=\"_blank\" rel=\"noopener\">Atlas de Palm Beach por George S. Brockway, ingeniero civil, alrededor de 1936<\/a><\/li>\n\n\n\n<li><a href=\"https:\/\/www.smu.edu\/libraries\/digitalcollections\/ryr\" target=\"_blank\" rel=\"noopener\">Colecci\u00f3n de fotograf\u00edas de Robert Yarnall Richie, Universidad Metodista del Sur<\/a><\/li>\n\n\n\n<li><a href=\"https:\/\/digitalcollections.smu.edu\/digital\/collection\/ryr\/id\/226\" target=\"_blank\" rel=\"noopener\">Heamaw, Casa Bendita, Amado y Louwana Estates, Palm Beach, FL<\/a><\/li>\n\n\n\n<li><a href=\"https:\/\/digitalcollections.smu.edu\/digital\/collection\/ryr\/id\/229\" target=\"_blank\" rel=\"noopener\">Los Incas y Heamaw Estates, Palm Beach, Florida<\/a><\/li>\n\n\n\n<li><a href=\"https:\/\/digitalcollections.smu.edu\/digital\/collection\/ryr\/id\/245\" target=\"_blank\" rel=\"noopener\">Villa Artemis y Villa Oheka Estates<\/a><\/li>\n\n\n\n<li><a href=\"https:\/\/digitalcollections.smu.edu\/digital\/collection\/ryr\/id\/316\" target=\"_blank\" rel=\"noopener\">Finca Howard Phipps, Gulf Stream, Florida<\/a><\/li>\n<\/ul>\n<\/div>","protected":false},"excerpt":{"rendered":"<p>Historia de la familia Phipps: Casa Bendita Los visitantes que recorren Westbury House descubren que Jay Phipps fue due\u00f1o de varias residencias de temporada, entre ellas Casa Bendita, ubicada en la costa atl\u00e1ntica de Palm Beach, Florida. [\u2026]<\/p>","protected":false},"author":1,"featured_media":0,"parent":605,"menu_order":0,"comment_status":"open","ping_status":"open","template":"","meta":{"_acf_changed":false,"_tec_requires_first_save":true,"_EventAllDay":false,"_EventTimezone":"","_EventStartDate":"","_EventEndDate":"","_EventStartDateUTC":"","_EventEndDateUTC":"","_EventShowMap":false,"_EventShowMapLink":false,"_EventURL":"","_EventCost":"","_EventCostDescription":"","_EventCurrencySymbol":"","_EventCurrencyCode":"","_EventCurrencyPosition":"","_EventDateTimeSeparator":"","_EventTimeRangeSeparator":"","_EventOrganizerID":[],"_EventVenueID":[],"_OrganizerEmail":"","_OrganizerPhone":"","_OrganizerWebsite":"","_VenueAddress":"","_VenueCity":"","_VenueCountry":"","_VenueProvince":"","_VenueState":"","_VenueZip":"","_VenuePhone":"","_VenueURL":"","_VenueStateProvince":"","_VenueLat":"","_VenueLng":"","_VenueShowMap":false,"_VenueShowMapLink":false,"_tribe_blocks_recurrence_rules":"","_tribe_blocks_recurrence_description":"","_tribe_blocks_recurrence_exclusions":"","footnotes":""},"class_list":["post-606","page","type-page","status-publish","hentry"],"acf":[],"yoast_head":"<!-- This site is optimized with the Yoast SEO plugin v26.2 - https:\/\/yoast.com\/wordpress\/plugins\/seo\/ -->\n<title>Casa Bendita | Old Westbury Gardens<\/title>\n<meta name=\"robots\" content=\"index, follow, max-snippet:-1, max-image-preview:large, max-video-preview:-1\" \/>\n<link rel=\"canonical\" href=\"https:\/\/www.oldwestburygardens.org\/es\/phipps-family-history\/casa-bendita\/\" \/>\n<meta property=\"og:locale\" content=\"es_ES\" \/>\n<meta property=\"og:type\" content=\"article\" \/>\n<meta property=\"og:title\" content=\"Casa Bendita | Old Westbury Gardens\" \/>\n<meta property=\"og:description\" content=\"Phipps Family History: Casa Bendita Guests touring Westbury House learn that Jay Phipps owned several seasonal residences, most notably Casa Bendita located on the Atlantic Coast in Palm Beach, Florida. [&hellip;]\" \/>\n<meta property=\"og:url\" content=\"https:\/\/www.oldwestburygardens.org\/es\/phipps-family-history\/casa-bendita\/\" \/>\n<meta property=\"og:site_name\" content=\"Old Westbury Gardens\" \/>\n<meta property=\"article:modified_time\" content=\"2025-05-12T15:44:07+00:00\" \/>\n<meta property=\"og:image\" content=\"https:\/\/www.oldwestburygardens.org\/wp-content\/uploads\/2025\/05\/CasaBendita1.jpg\" \/>\n<meta name=\"twitter:card\" content=\"summary_large_image\" \/>\n<meta name=\"twitter:label1\" content=\"Est. reading time\" \/>\n\t<meta name=\"twitter:data1\" content=\"4 minutos\" \/>\n<script type=\"application\/ld+json\" class=\"yoast-schema-graph\">{\"@context\":\"https:\/\/schema.org\",\"@graph\":[{\"@type\":\"WebPage\",\"@id\":\"https:\/\/www.oldwestburygardens.org\/phipps-family-history\/casa-bendita\/\",\"url\":\"https:\/\/www.oldwestburygardens.org\/phipps-family-history\/casa-bendita\/\",\"name\":\"Casa Bendita | Old Westbury Gardens\",\"isPartOf\":{\"@id\":\"https:\/\/www.oldwestburygardens.org\/ko\/#website\"},\"primaryImageOfPage\":{\"@id\":\"https:\/\/www.oldwestburygardens.org\/phipps-family-history\/casa-bendita\/#primaryimage\"},\"image\":{\"@id\":\"https:\/\/www.oldwestburygardens.org\/phipps-family-history\/casa-bendita\/#primaryimage\"},\"thumbnailUrl\":\"https:\/\/www.oldwestburygardens.org\/wp-content\/uploads\/2025\/05\/CasaBendita1.jpg\",\"datePublished\":\"2023-07-28T20:41:21+00:00\",\"dateModified\":\"2025-05-12T15:44:07+00:00\",\"breadcrumb\":{\"@id\":\"https:\/\/www.oldwestburygardens.org\/phipps-family-history\/casa-bendita\/#breadcrumb\"},\"inLanguage\":\"es\",\"potentialAction\":[{\"@type\":\"ReadAction\",\"target\":[\"https:\/\/www.oldwestburygardens.org\/phipps-family-history\/casa-bendita\/\"]}]},{\"@type\":\"ImageObject\",\"inLanguage\":\"es\",\"@id\":\"https:\/\/www.oldwestburygardens.org\/phipps-family-history\/casa-bendita\/#primaryimage\",\"url\":\"https:\/\/www.oldwestburygardens.org\/wp-content\/uploads\/2025\/05\/CasaBendita1.jpg\",\"contentUrl\":\"https:\/\/www.oldwestburygardens.org\/wp-content\/uploads\/2025\/05\/CasaBendita1.jpg\"},{\"@type\":\"BreadcrumbList\",\"@id\":\"https:\/\/www.oldwestburygardens.org\/phipps-family-history\/casa-bendita\/#breadcrumb\",\"itemListElement\":[{\"@type\":\"ListItem\",\"position\":1,\"name\":\"Home\",\"item\":\"https:\/\/www.oldwestburygardens.org\/\"},{\"@type\":\"ListItem\",\"position\":2,\"name\":\"Phipps Family History\",\"item\":\"https:\/\/www.oldwestburygardens.org\/zh\/phipps-family-history\/\"},{\"@type\":\"ListItem\",\"position\":3,\"name\":\"Casa Bendita\"}]},{\"@type\":\"WebSite\",\"@id\":\"https:\/\/www.oldwestburygardens.org\/ko\/#website\",\"url\":\"https:\/\/www.oldwestburygardens.org\/ko\/\",\"name\":\"Old Westbury Gardens\",\"description\":\"\",\"publisher\":{\"@id\":\"https:\/\/www.oldwestburygardens.org\/ko\/#organization\"},\"potentialAction\":[{\"@type\":\"SearchAction\",\"target\":{\"@type\":\"EntryPoint\",\"urlTemplate\":\"https:\/\/www.oldwestburygardens.org\/ko\/?s={search_term_string}\"},\"query-input\":{\"@type\":\"PropertyValueSpecification\",\"valueRequired\":true,\"valueName\":\"search_term_string\"}}],\"inLanguage\":\"es\"},{\"@type\":\"Organization\",\"@id\":\"https:\/\/www.oldwestburygardens.org\/ko\/#organization\",\"name\":\"Old Westbury Gardens\",\"url\":\"https:\/\/www.oldwestburygardens.org\/ko\/\",\"logo\":{\"@type\":\"ImageObject\",\"inLanguage\":\"es\",\"@id\":\"https:\/\/www.oldwestburygardens.org\/ko\/#\/schema\/logo\/image\/\",\"url\":\"https:\/\/www.oldwestburygardens.org\/wp-content\/uploads\/2025\/03\/OWGlogoforsite.png\",\"contentUrl\":\"https:\/\/www.oldwestburygardens.org\/wp-content\/uploads\/2025\/03\/OWGlogoforsite.png\",\"width\":750,\"height\":173,\"caption\":\"Old Westbury Gardens\"},\"image\":{\"@id\":\"https:\/\/www.oldwestburygardens.org\/ko\/#\/schema\/logo\/image\/\"}}]}<\/script>\n<!-- \/ Yoast SEO plugin. -->","yoast_head_json":{"title":"Casa Bendita | Old Westbury Gardens","robots":{"index":"index","follow":"follow","max-snippet":"max-snippet:-1","max-image-preview":"max-image-preview:large","max-video-preview":"max-video-preview:-1"},"canonical":"https:\/\/www.oldwestburygardens.org\/es\/phipps-family-history\/casa-bendita\/","og_locale":"es_ES","og_type":"article","og_title":"Casa Bendita | Old Westbury Gardens","og_description":"Phipps Family History: Casa Bendita Guests touring Westbury House learn that Jay Phipps owned several seasonal residences, most notably Casa Bendita located on the Atlantic Coast in Palm Beach, Florida. [&hellip;]","og_url":"https:\/\/www.oldwestburygardens.org\/es\/phipps-family-history\/casa-bendita\/","og_site_name":"Old Westbury Gardens","article_modified_time":"2025-05-12T15:44:07+00:00","og_image":[{"url":"https:\/\/www.oldwestburygardens.org\/wp-content\/uploads\/2025\/05\/CasaBendita1.jpg","type":"","width":"","height":""}],"twitter_card":"summary_large_image","twitter_misc":{"Est. reading time":"4 minutos"},"schema":{"@context":"https:\/\/schema.org","@graph":[{"@type":"WebPage","@id":"https:\/\/www.oldwestburygardens.org\/phipps-family-history\/casa-bendita\/","url":"https:\/\/www.oldwestburygardens.org\/phipps-family-history\/casa-bendita\/","name":"Casa Bendita | Old Westbury Gardens","isPartOf":{"@id":"https:\/\/www.oldwestburygardens.org\/ko\/#website"},"primaryImageOfPage":{"@id":"https:\/\/www.oldwestburygardens.org\/phipps-family-history\/casa-bendita\/#primaryimage"},"image":{"@id":"https:\/\/www.oldwestburygardens.org\/phipps-family-history\/casa-bendita\/#primaryimage"},"thumbnailUrl":"https:\/\/www.oldwestburygardens.org\/wp-content\/uploads\/2025\/05\/CasaBendita1.jpg","datePublished":"2023-07-28T20:41:21+00:00","dateModified":"2025-05-12T15:44:07+00:00","breadcrumb":{"@id":"https:\/\/www.oldwestburygardens.org\/phipps-family-history\/casa-bendita\/#breadcrumb"},"inLanguage":"es","potentialAction":[{"@type":"ReadAction","target":["https:\/\/www.oldwestburygardens.org\/phipps-family-history\/casa-bendita\/"]}]},{"@type":"ImageObject","inLanguage":"es","@id":"https:\/\/www.oldwestburygardens.org\/phipps-family-history\/casa-bendita\/#primaryimage","url":"https:\/\/www.oldwestburygardens.org\/wp-content\/uploads\/2025\/05\/CasaBendita1.jpg","contentUrl":"https:\/\/www.oldwestburygardens.org\/wp-content\/uploads\/2025\/05\/CasaBendita1.jpg"},{"@type":"BreadcrumbList","@id":"https:\/\/www.oldwestburygardens.org\/phipps-family-history\/casa-bendita\/#breadcrumb","itemListElement":[{"@type":"ListItem","position":1,"name":"Home","item":"https:\/\/www.oldwestburygardens.org\/"},{"@type":"ListItem","position":2,"name":"Phipps Family History","item":"https:\/\/www.oldwestburygardens.org\/zh\/phipps-family-history\/"},{"@type":"ListItem","position":3,"name":"Casa Bendita"}]},{"@type":"WebSite","@id":"https:\/\/www.oldwestburygardens.org\/ko\/#website","url":"https:\/\/www.oldwestburygardens.org\/ko\/","name":"Jardines del viejo Westbury","description":"","publisher":{"@id":"https:\/\/www.oldwestburygardens.org\/ko\/#organization"},"potentialAction":[{"@type":"SearchAction","target":{"@type":"EntryPoint","urlTemplate":"https:\/\/www.oldwestburygardens.org\/ko\/?s={search_term_string}"},"query-input":{"@type":"PropertyValueSpecification","valueRequired":true,"valueName":"search_term_string"}}],"inLanguage":"es"},{"@type":"Organization","@id":"https:\/\/www.oldwestburygardens.org\/ko\/#organization","name":"Jardines del viejo Westbury","url":"https:\/\/www.oldwestburygardens.org\/ko\/","logo":{"@type":"ImageObject","inLanguage":"es","@id":"https:\/\/www.oldwestburygardens.org\/ko\/#\/schema\/logo\/image\/","url":"https:\/\/www.oldwestburygardens.org\/wp-content\/uploads\/2025\/03\/OWGlogoforsite.png","contentUrl":"https:\/\/www.oldwestburygardens.org\/wp-content\/uploads\/2025\/03\/OWGlogoforsite.png","width":750,"height":173,"caption":"Old Westbury Gardens"},"image":{"@id":"https:\/\/www.oldwestburygardens.org\/ko\/#\/schema\/logo\/image\/"}}]}},"_links":{"self":[{"href":"https:\/\/www.oldwestburygardens.org\/es\/wp-json\/wp\/v2\/pages\/606","targetHints":{"allow":["GET"]}}],"collection":[{"href":"https:\/\/www.oldwestburygardens.org\/es\/wp-json\/wp\/v2\/pages"}],"about":[{"href":"https:\/\/www.oldwestburygardens.org\/es\/wp-json\/wp\/v2\/types\/page"}],"author":[{"embeddable":true,"href":"https:\/\/www.oldwestburygardens.org\/es\/wp-json\/wp\/v2\/users\/1"}],"replies":[{"embeddable":true,"href":"https:\/\/www.oldwestburygardens.org\/es\/wp-json\/wp\/v2\/comments?post=606"}],"version-history":[{"count":6,"href":"https:\/\/www.oldwestburygardens.org\/es\/wp-json\/wp\/v2\/pages\/606\/revisions"}],"predecessor-version":[{"id":5561,"href":"https:\/\/www.oldwestburygardens.org\/es\/wp-json\/wp\/v2\/pages\/606\/revisions\/5561"}],"up":[{"embeddable":true,"href":"https:\/\/www.oldwestburygardens.org\/es\/wp-json\/wp\/v2\/pages\/605"}],"wp:attachment":[{"href":"https:\/\/www.oldwestburygardens.org\/es\/wp-json\/wp\/v2\/media?parent=606"}],"curies":[{"name":"wp","href":"https:\/\/api.w.org\/{rel}","templated":true}]}}