{"id":607,"date":"2023-07-28T20:41:46","date_gmt":"2023-07-28T20:41:46","guid":{"rendered":"https:\/\/www.oldwestburygardens.org\/henry-phipps-institute\/"},"modified":"2025-05-12T15:45:21","modified_gmt":"2025-05-12T15:45:21","slug":"henry-phipps-institute","status":"publish","type":"page","link":"https:\/\/www.oldwestburygardens.org\/es\/phipps-family-history\/henry-phipps-institute\/","title":{"rendered":"El Instituto Henry Phipps"},"content":{"rendered":"<div class=\"wp-block-group has-global-padding is-layout-constrained wp-block-group-is-layout-constrained\" style=\"padding-top:0;padding-bottom:0\">\n<p><\/p>\n\n\n\n<h3 class=\"wp-block-heading\">Historia de la familia Phipps: El Instituto Henry Phipps<\/h3>\n<\/div>\n\n\n\n<div class=\"wp-block-group has-global-padding is-layout-constrained wp-block-group-is-layout-constrained\" style=\"padding-top:0;padding-bottom:0\">\n<div class=\"wp-block-columns is-layout-flex wp-container-core-columns-is-layout-1 wp-block-columns-is-layout-flex\">\n<div class=\"wp-block-column is-layout-flow wp-block-column-is-layout-flow\" style=\"flex-basis:66.66%\">\n<p>La temporada navide\u00f1a ha sido desde hace mucho tiempo una \u00e9poca para las donaciones caritativas de fin de a\u00f1o. A principios del siglo XX, fil\u00e1ntropos industriales como Henry Phipps, Jr. reconocieron su responsabilidad social para abordar las crisis de salud y bienestar en sus comunidades.<\/p>\n\n\n\n<p>En diciembre de 1909, peri\u00f3dicos de todo Estados Unidos informaron sobre una donaci\u00f3n de Henry Phipps, Jr. a la Universidad de Pensilvania para ampliar sus programas de tratamiento e investigaci\u00f3n de la tuberculosis. La donaci\u00f3n de $500,000 (m\u00e1s de $15,000,000 en la actualidad) fue una de las m\u00faltiples donaciones que Henry hizo para establecer la primera instituci\u00f3n en Estados Unidos creada para la erradicaci\u00f3n de una sola enfermedad.<\/p>\n\n\n\n<p>La tuberculosis fue la principal causa de muerte en Estados Unidos durante los siglos XIX y principios del XX, y una de las enfermedades m\u00e1s temidas de la humanidad. Henry presenci\u00f3 personalmente los tr\u00e1gicos efectos de la tuberculosis en su propia familia. <strong>Instituto Henry Phipps<\/strong> Se convirti\u00f3 en un referente en el diagn\u00f3stico de la enfermedad, ya que los investigadores demostraron que un paciente asintom\u00e1tico pod\u00eda tener tuberculosis, siendo la \u00fanica indicaci\u00f3n de su presencia una radiograf\u00eda. La donaci\u00f3n de Henry en 1909 tambi\u00e9n se destin\u00f3 a la construcci\u00f3n y financiaci\u00f3n de un hospital que pronto ser\u00eda pionero en la lucha contra la tuberculosis en la comunidad afroamericana. El hospital innov\u00f3 en el tratamiento al capacitar a enfermeras y m\u00e9dicos negros para curar a los afectados por tuberculosis en la comunidad afroamericana marginada de Filadelfia. Su labor pronto se replicar\u00eda en todo el pa\u00eds.<\/p>\n\n\n\n<p>Tras la muerte de Henry, la mayor parte de sus archivos personales pas\u00f3 a manos de su hijo Jay y, a su vez, de Old Westbury Gardens. Con una mayor investigaci\u00f3n de los archivos de Henry Phipps, esperamos encontrar m\u00e1s materiales que documenten las obras pioneras de caridad de Henry Phipps Jr.<\/p>\n\n\n\n<p class=\"has-text-align-right\"><em>~Paul Hunchak, Director de Programas P\u00fablicos y Servicios para Visitantes<\/em><\/p>\n\n\n\n<figure class=\"wp-block-image size-large\"><img decoding=\"async\" src=\"https:\/\/www.oldwestburygardens.org\/wp-content\/uploads\/2025\/05\/PhippsInstituteHospital1918.jpg\" alt=\"Henry Phipps made a $500,000 donation (over $15,000,000 today) to establish the first institution in the US created for the eradication of a single disease.\"\/><figcaption class=\"wp-element-caption\"><strong>Henry Phipps hizo una donaci\u00f3n de $500,000 (m\u00e1s de $15,000,000 hoy) para establecer la primera instituci\u00f3n en los EE. UU. creada para la erradicaci\u00f3n de una sola enfermedad.<\/strong><\/figcaption><\/figure>\n<\/div>\n\n\n\n<div class=\"wp-block-column is-layout-flow wp-block-column-is-layout-flow\" style=\"flex-basis:33.33%\">\n<figure class=\"wp-block-image size-large\"><img decoding=\"async\" src=\"https:\/\/www.oldwestburygardens.org\/wp-content\/uploads\/2025\/05\/PhippsGives2450028229.jpg\" alt=\"Newspaper clipping about Henry Phipps's donation to the University of Pennsylvania.\"\/><\/figure>\n<\/div>\n<\/div>\n<\/div>","protected":false},"excerpt":{"rendered":"<p>Historia de la familia Phipps: El Instituto Henry Phipps. La temporada navide\u00f1a ha sido durante mucho tiempo una \u00e9poca de donaciones caritativas de fin de a\u00f1o. A principios del siglo XX, fil\u00e1ntropos industriales como Henry Phipps, Jr. [\u2026]<\/p>","protected":false},"author":1,"featured_media":0,"parent":605,"menu_order":0,"comment_status":"open","ping_status":"open","template":"","meta":{"_acf_changed":false,"_tec_requires_first_save":true,"_EventAllDay":false,"_EventTimezone":"","_EventStartDate":"","_EventEndDate":"","_EventStartDateUTC":"","_EventEndDateUTC":"","_EventShowMap":false,"_EventShowMapLink":false,"_EventURL":"","_EventCost":"","_EventCostDescription":"","_EventCurrencySymbol":"","_EventCurrencyCode":"","_EventCurrencyPosition":"","_EventDateTimeSeparator":"","_EventTimeRangeSeparator":"","_EventOrganizerID":[],"_EventVenueID":[],"_OrganizerEmail":"","_OrganizerPhone":"","_OrganizerWebsite":"","_VenueAddress":"","_VenueCity":"","_VenueCountry":"","_VenueProvince":"","_VenueState":"","_VenueZip":"","_VenuePhone":"","_VenueURL":"","_VenueStateProvince":"","_VenueLat":"","_VenueLng":"","_VenueShowMap":false,"_VenueShowMapLink":false,"_tribe_blocks_recurrence_rules":"","_tribe_blocks_recurrence_description":"","_tribe_blocks_recurrence_exclusions":"","footnotes":""},"class_list":["post-607","page","type-page","status-publish","hentry"],"acf":[],"yoast_head":"<!-- This site is optimized with the Yoast SEO plugin v26.2 - https:\/\/yoast.com\/wordpress\/plugins\/seo\/ -->\n<title>The Henry Phipps Institute | Old Westbury Gardens<\/title>\n<meta name=\"robots\" content=\"index, follow, max-snippet:-1, max-image-preview:large, max-video-preview:-1\" \/>\n<link rel=\"canonical\" href=\"https:\/\/www.oldwestburygardens.org\/es\/phipps-family-history\/henry-phipps-institute\/\" \/>\n<meta property=\"og:locale\" content=\"es_ES\" \/>\n<meta property=\"og:type\" content=\"article\" \/>\n<meta property=\"og:title\" content=\"The Henry Phipps Institute | Old Westbury Gardens\" \/>\n<meta property=\"og:description\" content=\"Phipps Family History: The Henry Phipps Institute The holiday season has long been a time for year-end charitable donations. In the early 20th century, industrial philanthropists like Henry Phipps, Jr. [&hellip;]\" \/>\n<meta property=\"og:url\" content=\"https:\/\/www.oldwestburygardens.org\/es\/phipps-family-history\/henry-phipps-institute\/\" \/>\n<meta property=\"og:site_name\" content=\"Old Westbury Gardens\" \/>\n<meta property=\"article:modified_time\" content=\"2025-05-12T15:45:21+00:00\" \/>\n<meta property=\"og:image\" content=\"https:\/\/www.oldwestburygardens.org\/wp-content\/uploads\/2025\/05\/PhippsInstituteHospital1918.jpg\" \/>\n<meta name=\"twitter:card\" content=\"summary_large_image\" \/>\n<meta name=\"twitter:label1\" content=\"Est. reading time\" \/>\n\t<meta name=\"twitter:data1\" content=\"2 minutos\" \/>\n<script type=\"application\/ld+json\" class=\"yoast-schema-graph\">{\"@context\":\"https:\/\/schema.org\",\"@graph\":[{\"@type\":\"WebPage\",\"@id\":\"https:\/\/www.oldwestburygardens.org\/phipps-family-history\/henry-phipps-institute\/\",\"url\":\"https:\/\/www.oldwestburygardens.org\/phipps-family-history\/henry-phipps-institute\/\",\"name\":\"The Henry Phipps Institute | Old Westbury Gardens\",\"isPartOf\":{\"@id\":\"https:\/\/www.oldwestburygardens.org\/ko\/#website\"},\"primaryImageOfPage\":{\"@id\":\"https:\/\/www.oldwestburygardens.org\/phipps-family-history\/henry-phipps-institute\/#primaryimage\"},\"image\":{\"@id\":\"https:\/\/www.oldwestburygardens.org\/phipps-family-history\/henry-phipps-institute\/#primaryimage\"},\"thumbnailUrl\":\"https:\/\/www.oldwestburygardens.org\/wp-content\/uploads\/2025\/05\/PhippsInstituteHospital1918.jpg\",\"datePublished\":\"2023-07-28T20:41:46+00:00\",\"dateModified\":\"2025-05-12T15:45:21+00:00\",\"breadcrumb\":{\"@id\":\"https:\/\/www.oldwestburygardens.org\/phipps-family-history\/henry-phipps-institute\/#breadcrumb\"},\"inLanguage\":\"es\",\"potentialAction\":[{\"@type\":\"ReadAction\",\"target\":[\"https:\/\/www.oldwestburygardens.org\/phipps-family-history\/henry-phipps-institute\/\"]}]},{\"@type\":\"ImageObject\",\"inLanguage\":\"es\",\"@id\":\"https:\/\/www.oldwestburygardens.org\/phipps-family-history\/henry-phipps-institute\/#primaryimage\",\"url\":\"https:\/\/www.oldwestburygardens.org\/wp-content\/uploads\/2025\/05\/PhippsInstituteHospital1918.jpg\",\"contentUrl\":\"https:\/\/www.oldwestburygardens.org\/wp-content\/uploads\/2025\/05\/PhippsInstituteHospital1918.jpg\"},{\"@type\":\"BreadcrumbList\",\"@id\":\"https:\/\/www.oldwestburygardens.org\/phipps-family-history\/henry-phipps-institute\/#breadcrumb\",\"itemListElement\":[{\"@type\":\"ListItem\",\"position\":1,\"name\":\"Home\",\"item\":\"https:\/\/www.oldwestburygardens.org\/\"},{\"@type\":\"ListItem\",\"position\":2,\"name\":\"Phipps Family History\",\"item\":\"https:\/\/www.oldwestburygardens.org\/zh\/phipps-family-history\/\"},{\"@type\":\"ListItem\",\"position\":3,\"name\":\"The Henry Phipps Institute\"}]},{\"@type\":\"WebSite\",\"@id\":\"https:\/\/www.oldwestburygardens.org\/ko\/#website\",\"url\":\"https:\/\/www.oldwestburygardens.org\/ko\/\",\"name\":\"Old Westbury Gardens\",\"description\":\"\",\"publisher\":{\"@id\":\"https:\/\/www.oldwestburygardens.org\/ko\/#organization\"},\"potentialAction\":[{\"@type\":\"SearchAction\",\"target\":{\"@type\":\"EntryPoint\",\"urlTemplate\":\"https:\/\/www.oldwestburygardens.org\/ko\/?s={search_term_string}\"},\"query-input\":{\"@type\":\"PropertyValueSpecification\",\"valueRequired\":true,\"valueName\":\"search_term_string\"}}],\"inLanguage\":\"es\"},{\"@type\":\"Organization\",\"@id\":\"https:\/\/www.oldwestburygardens.org\/ko\/#organization\",\"name\":\"Old Westbury Gardens\",\"url\":\"https:\/\/www.oldwestburygardens.org\/ko\/\",\"logo\":{\"@type\":\"ImageObject\",\"inLanguage\":\"es\",\"@id\":\"https:\/\/www.oldwestburygardens.org\/ko\/#\/schema\/logo\/image\/\",\"url\":\"https:\/\/www.oldwestburygardens.org\/wp-content\/uploads\/2025\/03\/OWGlogoforsite.png\",\"contentUrl\":\"https:\/\/www.oldwestburygardens.org\/wp-content\/uploads\/2025\/03\/OWGlogoforsite.png\",\"width\":750,\"height\":173,\"caption\":\"Old Westbury Gardens\"},\"image\":{\"@id\":\"https:\/\/www.oldwestburygardens.org\/ko\/#\/schema\/logo\/image\/\"}}]}<\/script>\n<!-- \/ Yoast SEO plugin. -->","yoast_head_json":{"title":"El Instituto Henry Phipps | Jardines de Old Westbury","robots":{"index":"index","follow":"follow","max-snippet":"max-snippet:-1","max-image-preview":"max-image-preview:large","max-video-preview":"max-video-preview:-1"},"canonical":"https:\/\/www.oldwestburygardens.org\/es\/phipps-family-history\/henry-phipps-institute\/","og_locale":"es_ES","og_type":"article","og_title":"The Henry Phipps Institute | Old Westbury Gardens","og_description":"Phipps Family History: The Henry Phipps Institute The holiday season has long been a time for year-end charitable donations. In the early 20th century, industrial philanthropists like Henry Phipps, Jr. [&hellip;]","og_url":"https:\/\/www.oldwestburygardens.org\/es\/phipps-family-history\/henry-phipps-institute\/","og_site_name":"Old Westbury Gardens","article_modified_time":"2025-05-12T15:45:21+00:00","og_image":[{"url":"https:\/\/www.oldwestburygardens.org\/wp-content\/uploads\/2025\/05\/PhippsInstituteHospital1918.jpg","type":"","width":"","height":""}],"twitter_card":"summary_large_image","twitter_misc":{"Est. reading time":"2 minutos"},"schema":{"@context":"https:\/\/schema.org","@graph":[{"@type":"WebPage","@id":"https:\/\/www.oldwestburygardens.org\/phipps-family-history\/henry-phipps-institute\/","url":"https:\/\/www.oldwestburygardens.org\/phipps-family-history\/henry-phipps-institute\/","name":"El Instituto Henry Phipps | Jardines de Old Westbury","isPartOf":{"@id":"https:\/\/www.oldwestburygardens.org\/ko\/#website"},"primaryImageOfPage":{"@id":"https:\/\/www.oldwestburygardens.org\/phipps-family-history\/henry-phipps-institute\/#primaryimage"},"image":{"@id":"https:\/\/www.oldwestburygardens.org\/phipps-family-history\/henry-phipps-institute\/#primaryimage"},"thumbnailUrl":"https:\/\/www.oldwestburygardens.org\/wp-content\/uploads\/2025\/05\/PhippsInstituteHospital1918.jpg","datePublished":"2023-07-28T20:41:46+00:00","dateModified":"2025-05-12T15:45:21+00:00","breadcrumb":{"@id":"https:\/\/www.oldwestburygardens.org\/phipps-family-history\/henry-phipps-institute\/#breadcrumb"},"inLanguage":"es","potentialAction":[{"@type":"ReadAction","target":["https:\/\/www.oldwestburygardens.org\/phipps-family-history\/henry-phipps-institute\/"]}]},{"@type":"ImageObject","inLanguage":"es","@id":"https:\/\/www.oldwestburygardens.org\/phipps-family-history\/henry-phipps-institute\/#primaryimage","url":"https:\/\/www.oldwestburygardens.org\/wp-content\/uploads\/2025\/05\/PhippsInstituteHospital1918.jpg","contentUrl":"https:\/\/www.oldwestburygardens.org\/wp-content\/uploads\/2025\/05\/PhippsInstituteHospital1918.jpg"},{"@type":"BreadcrumbList","@id":"https:\/\/www.oldwestburygardens.org\/phipps-family-history\/henry-phipps-institute\/#breadcrumb","itemListElement":[{"@type":"ListItem","position":1,"name":"Home","item":"https:\/\/www.oldwestburygardens.org\/"},{"@type":"ListItem","position":2,"name":"Phipps Family History","item":"https:\/\/www.oldwestburygardens.org\/zh\/phipps-family-history\/"},{"@type":"ListItem","position":3,"name":"The Henry Phipps Institute"}]},{"@type":"WebSite","@id":"https:\/\/www.oldwestburygardens.org\/ko\/#website","url":"https:\/\/www.oldwestburygardens.org\/ko\/","name":"Jardines del viejo Westbury","description":"","publisher":{"@id":"https:\/\/www.oldwestburygardens.org\/ko\/#organization"},"potentialAction":[{"@type":"SearchAction","target":{"@type":"EntryPoint","urlTemplate":"https:\/\/www.oldwestburygardens.org\/ko\/?s={search_term_string}"},"query-input":{"@type":"PropertyValueSpecification","valueRequired":true,"valueName":"search_term_string"}}],"inLanguage":"es"},{"@type":"Organization","@id":"https:\/\/www.oldwestburygardens.org\/ko\/#organization","name":"Jardines del viejo Westbury","url":"https:\/\/www.oldwestburygardens.org\/ko\/","logo":{"@type":"ImageObject","inLanguage":"es","@id":"https:\/\/www.oldwestburygardens.org\/ko\/#\/schema\/logo\/image\/","url":"https:\/\/www.oldwestburygardens.org\/wp-content\/uploads\/2025\/03\/OWGlogoforsite.png","contentUrl":"https:\/\/www.oldwestburygardens.org\/wp-content\/uploads\/2025\/03\/OWGlogoforsite.png","width":750,"height":173,"caption":"Old Westbury Gardens"},"image":{"@id":"https:\/\/www.oldwestburygardens.org\/ko\/#\/schema\/logo\/image\/"}}]}},"_links":{"self":[{"href":"https:\/\/www.oldwestburygardens.org\/es\/wp-json\/wp\/v2\/pages\/607","targetHints":{"allow":["GET"]}}],"collection":[{"href":"https:\/\/www.oldwestburygardens.org\/es\/wp-json\/wp\/v2\/pages"}],"about":[{"href":"https:\/\/www.oldwestburygardens.org\/es\/wp-json\/wp\/v2\/types\/page"}],"author":[{"embeddable":true,"href":"https:\/\/www.oldwestburygardens.org\/es\/wp-json\/wp\/v2\/users\/1"}],"replies":[{"embeddable":true,"href":"https:\/\/www.oldwestburygardens.org\/es\/wp-json\/wp\/v2\/comments?post=607"}],"version-history":[{"count":3,"href":"https:\/\/www.oldwestburygardens.org\/es\/wp-json\/wp\/v2\/pages\/607\/revisions"}],"predecessor-version":[{"id":5563,"href":"https:\/\/www.oldwestburygardens.org\/es\/wp-json\/wp\/v2\/pages\/607\/revisions\/5563"}],"up":[{"embeddable":true,"href":"https:\/\/www.oldwestburygardens.org\/es\/wp-json\/wp\/v2\/pages\/605"}],"wp:attachment":[{"href":"https:\/\/www.oldwestburygardens.org\/es\/wp-json\/wp\/v2\/media?parent=607"}],"curies":[{"name":"wp","href":"https:\/\/api.w.org\/{rel}","templated":true}]}}