{"id":608,"date":"2023-07-28T20:41:02","date_gmt":"2023-07-28T20:41:02","guid":{"rendered":"https:\/\/www.oldwestburygardens.org\/phipps-in-allegheny-city\/"},"modified":"2025-05-12T15:39:08","modified_gmt":"2025-05-12T15:39:08","slug":"phipps-in-allegheny-city","status":"publish","type":"page","link":"https:\/\/www.oldwestburygardens.org\/es\/phipps-family-history\/phipps-in-allegheny-city\/","title":{"rendered":"Phipps en Allegheny City"},"content":{"rendered":"<div class=\"wp-block-group has-global-padding is-layout-constrained wp-block-group-is-layout-constrained\" style=\"padding-top:0;padding-bottom:0\">\n<p><\/p>\n\n\n\n<h2 class=\"wp-block-heading\">Historia de la familia Phipps: Los Phipps en Allegheny City<\/h2>\n<\/div>\n\n\n\n<div class=\"wp-block-group has-global-padding is-layout-constrained wp-block-group-is-layout-constrained\" style=\"padding-top:0;padding-bottom:0\">\n<p>La popularidad de las producciones televisivas y cinematogr\u00e1ficas de <em>Downton Abbey<\/em> y <em>La Edad Dorada<\/em> Han despertado un renovado inter\u00e9s en el estilo de vida de familias como los Phipps durante la Edad Dorada (c. 1870-1900) y la \u00e9poca eduardiana (1907-1914). Para muchos, visitar casas hist\u00f3ricas de esas \u00e9pocas ofrece la oportunidad de experimentar ese estilo de vida, aunque de forma limitada.<\/p>\n\n\n\n<div class=\"wp-block-columns is-layout-flex wp-container-core-columns-is-layout-1 wp-block-columns-is-layout-flex\">\n<div class=\"wp-block-column is-layout-flow wp-block-column-is-layout-flow\" style=\"flex-basis:66.66%\">\n<p>La Casa Westbury y sus jardines circundantes fueron concebidos y construidos durante esta \u00faltima \u00e9poca (la construcci\u00f3n comenz\u00f3 en 1905). Quienes visiten los Jardines Old Westbury podr\u00e1n apreciar el mundo de la \u00e9poca eduardiana tal como se manifest\u00f3 en Estados Unidos, especialmente en Long Island. Lamentablemente, las casas de la familia Phipps de la \u00e9poca anterior ya no existen.<\/p>\n\n\n\n<p>Despu\u00e9s de su llegada a los Estados Unidos en 1832 y tras una breve estancia en el sur de Nueva Jersey y Filadelfia, Henry Sr. y Hannah \u201cAnna\u201d (de soltera Frank) hicieron de Allegheny City, Pensilvania, el hogar para sus cuatro hijos, entre ellos Henry Jr., el padre de John \u201cJay\u201d Phipps, el propietario de Westbury House.<\/p>\n\n\n\n<p>Los visitantes de Old Westbury Gardens y aquellos familiarizados con <em>D\u00edas felices<\/em>, el libro que narra la biograf\u00eda familiar, conoce la amistad y las conexiones comerciales entre Henry Jr. y sus amigos de la infancia, Andrew y Tom Carnegie, quienes viv\u00edan a pocas casas de distancia, en la calle Rebecca, en Allegheny City. A medida que la carrera empresarial de Henry Jr. prosperaba, se mud\u00f3 de la estrecha zona industrial de la calle Rebecca a los barrios de clase media y alta de las avenidas North y Ridge, m\u00e1s cerca de parques y espacios abiertos.<\/p>\n<\/div>\n\n\n\n<div class=\"wp-block-column is-layout-flow wp-block-column-is-layout-flow\" style=\"flex-basis:33.33%\">\n<figure class=\"wp-block-image size-large\"><img decoding=\"async\" src=\"https:\/\/www.oldwestburygardens.org\/wp-content\/uploads\/2025\/05\/HenryPhippsSr.c1856.jpg\" alt=\"Henry Phipps Sr. circa 1856\"\/><figcaption class=\"wp-element-caption\"><strong>Henry Phipps Sr. alrededor de 1856<\/strong><\/figcaption><\/figure>\n<\/div>\n<\/div>\n<\/div>\n\n\n\n<div class=\"wp-block-group has-global-padding is-layout-constrained wp-block-group-is-layout-constrained\" style=\"padding-top:0;padding-bottom:0\">\n<div class=\"wp-block-columns is-layout-flex wp-container-core-columns-is-layout-2 wp-block-columns-is-layout-flex\">\n<div class=\"wp-block-column is-layout-flow wp-block-column-is-layout-flow\" style=\"flex-basis:33.33%\">\n<figure class=\"wp-block-image size-large\"><img decoding=\"async\" src=\"https:\/\/www.oldwestburygardens.org\/wp-content\/uploads\/2025\/05\/carnegie.jpg\" alt=\"From Halcyon Days: A gathering c 1895: standing, third from left, Henry Phipps Jr.; seated, far right, Andrew Carnegie\"\/><figcaption class=\"wp-element-caption\">De <em>D\u00edas felices:<\/em> Una reuni\u00f3n alrededor de 1895: de pie, tercero desde la izquierda, Henry Phipps Jr.; sentado, a la derecha, Andrew Carnegie<\/figcaption><\/figure>\n<\/div>\n\n\n\n<div class=\"wp-block-column is-layout-flow wp-block-column-is-layout-flow\" style=\"flex-basis:66.66%\">\n<p>Durante la Edad Dorada, Allegheny City era una ciudad de millonarios y una de las ciudades con mayor concentraci\u00f3n de riqueza en Estados Unidos. En 1892, 44 millonarios viv\u00edan en Allegheny City, mientras que Pittsburgh solo pod\u00eda presumir de tener 35. Los hogares de la mayor\u00eda de estas familias se encontraban en una zona llamada Allegheny West, ahora un... <a href=\"https:\/\/alleghenywest.org\/live\/historic-preservation\/\" target=\"_blank\" rel=\"noopener\">distrito hist\u00f3rico<\/a>, en Ridge Avenue, con la esquina de Ridge y Galveston como el sitio de la mansi\u00f3n m\u00e1s grande, la <a href=\"https:\/\/alleghenycity.org\/byers-lyons-house\/\" target=\"_blank\" rel=\"noopener\">Casa Byers-Lyon<\/a>, construida entre 1896 y 1898.<\/p>\n\n\n\n<p>Allegheny City, ahora conocida como la Zona Norte de Pittsburgh, era el municipio ubicado al norte de Pittsburgh, cruzando el r\u00edo Allegheny. Su historia es poco conocida fuera del oeste de Pensilvania, sobre todo tras su anexi\u00f3n a su vecino del sur, Pittsburgh, en un controvertido refer\u00e9ndum de 1907. A pesar de su menor tama\u00f1o, tanto en poblaci\u00f3n como en geograf\u00eda, Allegheny City y sus ciudadanos no eran en absoluto inferiores a Pittsburgh.<\/p>\n<\/div>\n<\/div>\n\n\n\n<div class=\"wp-block-columns is-layout-flex wp-container-core-columns-is-layout-3 wp-block-columns-is-layout-flex\">\n<div class=\"wp-block-column is-layout-flow wp-block-column-is-layout-flow\" style=\"flex-basis:66.66%\">\n<p>A pocas cuadras al oeste, en la esquina de las avenidas Irwin (hoy Brighton) y Ridge, se encontraba la \u00faltima residencia en Allegheny City de Henry Jr. y Anna (de soltera Shaffer) y sus cuatro hijos, incluyendo a Jay. La casa fue finalmente demolida y en 1908 BF Jones, quien, al igual que Jay, era heredero de una empresa sider\u00fargica, la Jones and Laughlin Steel Company, construy\u00f3 all\u00ed una mansi\u00f3n.<\/p>\n\n\n\n<p>La imagen que acompa\u00f1a es de 1890. <a href=\"https:\/\/www.historicpittsburgh.org\/islandora\/object\/pitt%3A90v01p09\" target=\"_blank\" rel=\"noopener\">Libro de planos de bienes ra\u00edces de GM Hopkins &amp; Co.<\/a>El lote figura como propiedad de AC Phipps, lo cual es incorrecto, ya que pertenec\u00eda a la esposa de Henry, Anna Shaffer Phipps. La nota a l\u00e1piz indica que el posterior propietario de la parcela fue BF Jones. La preferencia de los empresarios adinerados por vivir en grandes casas ubicadas en grandes parcelas fuera de las ciudades apenas comenzaba (cf. <a href=\"https:\/\/www.thefrickpittsburgh.org\/Clayton\" target=\"_blank\" rel=\"noopener\">Clayton<\/a>, la residencia Henry Clay Frick).<\/p>\n<\/div>\n\n\n\n<div class=\"wp-block-column is-layout-flow wp-block-column-is-layout-flow\" style=\"flex-basis:33.33%\">\n<figure class=\"wp-block-image size-large\"><img decoding=\"async\" src=\"https:\/\/www.oldwestburygardens.org\/wp-content\/uploads\/2025\/05\/1890realestate.jpg\" alt=\"Real estate plat-book of the city of Allegheny: from official records, private plans and actual surveys, Volume 1. (1890)\"\/><figcaption class=\"wp-element-caption\">Plano de la ciudad de Allegheny: a partir de registros oficiales, planos privados y levantamientos topogr\u00e1ficos reales, Volumen 1. (1890)<\/figcaption><\/figure>\n<\/div>\n<\/div>\n<\/div>\n\n\n\n<div class=\"wp-block-group has-global-padding is-layout-constrained wp-block-group-is-layout-constrained\" style=\"padding-top:0;padding-bottom:0\">\n<p>Se necesita m\u00e1s investigaci\u00f3n para explorar la vida familiar en la casa de Ridge Avenue (Brighton). Los art\u00edculos period\u00edsticos mencionan esta residencia de la familia Phipps a lo largo de la d\u00e9cada de 1880 (el censo estadounidense de la d\u00e9cada de 1880 indica que la familia viv\u00eda en el n\u00famero 131 de North Avenue, un barrio de clase media ubicado justo al norte del centro de Allegheny City). Fue durante esta d\u00e9cada, la de 1880, cuando Henry y Anna dejaron huella en los c\u00edrculos empresariales y culturales de Allegheny City y Pittsburgh, culminando con el regalo de Henry a la ciudad de su infancia del Conservatorio Phipps original, ahora sede del... <a href=\"https:\/\/www.aviary.org\/\" target=\"_blank\" rel=\"noreferrer noopener\">Aviario Nacional<\/a>, como recurso cultural y respiro para las familias trabajadoras de la ciudad.&nbsp;<\/p>\n\n\n\n<p>A principios y mediados de la d\u00e9cada de 1890, coincidiendo con su semiretiro, Henry Jr. y Anna comenzar\u00edan a viajar por el mundo y a alquilar propiedades en Inglaterra como residencias temporales hasta que compraron un inmueble en la Quinta Avenida de la ciudad de Nueva York, en 1902-03, para construir una casa m\u00e1s permanente.&nbsp;&nbsp;<br><\/p>\n<\/div>\n\n\n\n<div class=\"wp-block-group is-layout-flow wp-block-group-is-layout-flow\" style=\"padding-top:0;padding-bottom:0\">\n<p class=\"has-text-align-right\"><em>~Paul Hunchak, Director de Programas P\u00fablicos y Servicios para Visitantes<\/em><\/p>\n<\/div>\n\n\n\n<div class=\"wp-block-group has-global-padding is-layout-constrained wp-block-group-is-layout-constrained\" style=\"padding-top:0;padding-bottom:0\">\n<figure class=\"wp-block-image aligncenter size-full is-resized\"><img loading=\"lazy\" decoding=\"async\" width=\"300\" height=\"211\" src=\"https:\/\/www.oldwestburygardens.org\/wp-content\/uploads\/2025\/05\/2_henryphippsandhiswife.jpg\" alt=\"\" class=\"wp-image-3709\" style=\"width:496px;height:auto\" srcset=\"https:\/\/www.oldwestburygardens.org\/wp-content\/uploads\/2025\/05\/2_henryphippsandhiswife.jpg 300w, https:\/\/www.oldwestburygardens.org\/wp-content\/uploads\/2025\/05\/2_henryphippsandhiswife-18x12.jpg 18w\" sizes=\"auto, (max-width: 300px) 100vw, 300px\" \/><figcaption class=\"wp-element-caption\"><strong>Henry Phipps Jr. y su esposa Anna \u2014 <em>Fotograf\u00eda de la colecci\u00f3n de la Biblioteca del Congreso.<\/em><\/strong><br><\/figcaption><\/figure>\n<\/div>","protected":false},"excerpt":{"rendered":"<p>Historia de la familia Phipps: Los Phipps en Allegheny City La popularidad de las producciones televisivas y cinematogr\u00e1ficas de Downton Abbey y The Gilded Age han despertado un renovado inter\u00e9s sobre los estilos de vida de [\u2026]<\/p>","protected":false},"author":1,"featured_media":0,"parent":605,"menu_order":0,"comment_status":"open","ping_status":"open","template":"","meta":{"_acf_changed":false,"_tec_requires_first_save":true,"_EventAllDay":false,"_EventTimezone":"","_EventStartDate":"","_EventEndDate":"","_EventStartDateUTC":"","_EventEndDateUTC":"","_EventShowMap":false,"_EventShowMapLink":false,"_EventURL":"","_EventCost":"","_EventCostDescription":"","_EventCurrencySymbol":"","_EventCurrencyCode":"","_EventCurrencyPosition":"","_EventDateTimeSeparator":"","_EventTimeRangeSeparator":"","_EventOrganizerID":[],"_EventVenueID":[],"_OrganizerEmail":"","_OrganizerPhone":"","_OrganizerWebsite":"","_VenueAddress":"","_VenueCity":"","_VenueCountry":"","_VenueProvince":"","_VenueState":"","_VenueZip":"","_VenuePhone":"","_VenueURL":"","_VenueStateProvince":"","_VenueLat":"","_VenueLng":"","_VenueShowMap":false,"_VenueShowMapLink":false,"_tribe_blocks_recurrence_rules":"","_tribe_blocks_recurrence_description":"","_tribe_blocks_recurrence_exclusions":"","footnotes":""},"class_list":["post-608","page","type-page","status-publish","hentry"],"acf":[],"yoast_head":"<!-- This site is optimized with the Yoast SEO plugin v26.2 - https:\/\/yoast.com\/wordpress\/plugins\/seo\/ -->\n<title>Phipps in Allegheny City | Old Westbury Gardens<\/title>\n<meta name=\"robots\" content=\"index, follow, max-snippet:-1, max-image-preview:large, max-video-preview:-1\" \/>\n<link rel=\"canonical\" href=\"https:\/\/www.oldwestburygardens.org\/es\/phipps-family-history\/phipps-in-allegheny-city\/\" \/>\n<meta property=\"og:locale\" content=\"es_ES\" \/>\n<meta property=\"og:type\" content=\"article\" \/>\n<meta property=\"og:title\" content=\"Phipps in Allegheny City | Old Westbury Gardens\" \/>\n<meta property=\"og:description\" content=\"Phipps Family History: The Phipps in Allegheny City The popularity of television and film productions of Downton Abbey and The Gilded Age have sparked renewed interest about the lifestyles of [&hellip;]\" \/>\n<meta property=\"og:url\" content=\"https:\/\/www.oldwestburygardens.org\/es\/phipps-family-history\/phipps-in-allegheny-city\/\" \/>\n<meta property=\"og:site_name\" content=\"Old Westbury Gardens\" \/>\n<meta property=\"article:modified_time\" content=\"2025-05-12T15:39:08+00:00\" \/>\n<meta property=\"og:image\" content=\"https:\/\/www.oldwestburygardens.org\/wp-content\/uploads\/2025\/05\/HenryPhippsSr.c1856.jpg\" \/>\n<meta name=\"twitter:card\" content=\"summary_large_image\" \/>\n<meta name=\"twitter:label1\" content=\"Est. reading time\" \/>\n\t<meta name=\"twitter:data1\" content=\"4 minutos\" \/>\n<script type=\"application\/ld+json\" class=\"yoast-schema-graph\">{\"@context\":\"https:\/\/schema.org\",\"@graph\":[{\"@type\":\"WebPage\",\"@id\":\"https:\/\/www.oldwestburygardens.org\/phipps-family-history\/phipps-in-allegheny-city\/\",\"url\":\"https:\/\/www.oldwestburygardens.org\/phipps-family-history\/phipps-in-allegheny-city\/\",\"name\":\"Phipps in Allegheny City | Old Westbury Gardens\",\"isPartOf\":{\"@id\":\"https:\/\/www.oldwestburygardens.org\/ko\/#website\"},\"primaryImageOfPage\":{\"@id\":\"https:\/\/www.oldwestburygardens.org\/phipps-family-history\/phipps-in-allegheny-city\/#primaryimage\"},\"image\":{\"@id\":\"https:\/\/www.oldwestburygardens.org\/phipps-family-history\/phipps-in-allegheny-city\/#primaryimage\"},\"thumbnailUrl\":\"https:\/\/www.oldwestburygardens.org\/wp-content\/uploads\/2025\/05\/HenryPhippsSr.c1856.jpg\",\"datePublished\":\"2023-07-28T20:41:02+00:00\",\"dateModified\":\"2025-05-12T15:39:08+00:00\",\"breadcrumb\":{\"@id\":\"https:\/\/www.oldwestburygardens.org\/phipps-family-history\/phipps-in-allegheny-city\/#breadcrumb\"},\"inLanguage\":\"es\",\"potentialAction\":[{\"@type\":\"ReadAction\",\"target\":[\"https:\/\/www.oldwestburygardens.org\/phipps-family-history\/phipps-in-allegheny-city\/\"]}]},{\"@type\":\"ImageObject\",\"inLanguage\":\"es\",\"@id\":\"https:\/\/www.oldwestburygardens.org\/phipps-family-history\/phipps-in-allegheny-city\/#primaryimage\",\"url\":\"https:\/\/www.oldwestburygardens.org\/wp-content\/uploads\/2025\/05\/HenryPhippsSr.c1856.jpg\",\"contentUrl\":\"https:\/\/www.oldwestburygardens.org\/wp-content\/uploads\/2025\/05\/HenryPhippsSr.c1856.jpg\"},{\"@type\":\"BreadcrumbList\",\"@id\":\"https:\/\/www.oldwestburygardens.org\/phipps-family-history\/phipps-in-allegheny-city\/#breadcrumb\",\"itemListElement\":[{\"@type\":\"ListItem\",\"position\":1,\"name\":\"Home\",\"item\":\"https:\/\/www.oldwestburygardens.org\/\"},{\"@type\":\"ListItem\",\"position\":2,\"name\":\"Phipps Family History\",\"item\":\"https:\/\/www.oldwestburygardens.org\/zh\/phipps-family-history\/\"},{\"@type\":\"ListItem\",\"position\":3,\"name\":\"Phipps in Allegheny City\"}]},{\"@type\":\"WebSite\",\"@id\":\"https:\/\/www.oldwestburygardens.org\/ko\/#website\",\"url\":\"https:\/\/www.oldwestburygardens.org\/ko\/\",\"name\":\"Old Westbury Gardens\",\"description\":\"\",\"publisher\":{\"@id\":\"https:\/\/www.oldwestburygardens.org\/ko\/#organization\"},\"potentialAction\":[{\"@type\":\"SearchAction\",\"target\":{\"@type\":\"EntryPoint\",\"urlTemplate\":\"https:\/\/www.oldwestburygardens.org\/ko\/?s={search_term_string}\"},\"query-input\":{\"@type\":\"PropertyValueSpecification\",\"valueRequired\":true,\"valueName\":\"search_term_string\"}}],\"inLanguage\":\"es\"},{\"@type\":\"Organization\",\"@id\":\"https:\/\/www.oldwestburygardens.org\/ko\/#organization\",\"name\":\"Old Westbury Gardens\",\"url\":\"https:\/\/www.oldwestburygardens.org\/ko\/\",\"logo\":{\"@type\":\"ImageObject\",\"inLanguage\":\"es\",\"@id\":\"https:\/\/www.oldwestburygardens.org\/ko\/#\/schema\/logo\/image\/\",\"url\":\"https:\/\/www.oldwestburygardens.org\/wp-content\/uploads\/2025\/03\/OWGlogoforsite.png\",\"contentUrl\":\"https:\/\/www.oldwestburygardens.org\/wp-content\/uploads\/2025\/03\/OWGlogoforsite.png\",\"width\":750,\"height\":173,\"caption\":\"Old Westbury Gardens\"},\"image\":{\"@id\":\"https:\/\/www.oldwestburygardens.org\/ko\/#\/schema\/logo\/image\/\"}}]}<\/script>\n<!-- \/ Yoast SEO plugin. -->","yoast_head_json":{"title":"Phipps in Allegheny City | Old Westbury Gardens","robots":{"index":"index","follow":"follow","max-snippet":"max-snippet:-1","max-image-preview":"max-image-preview:large","max-video-preview":"max-video-preview:-1"},"canonical":"https:\/\/www.oldwestburygardens.org\/es\/phipps-family-history\/phipps-in-allegheny-city\/","og_locale":"es_ES","og_type":"article","og_title":"Phipps in Allegheny City | Old Westbury Gardens","og_description":"Phipps Family History: The Phipps in Allegheny City The popularity of television and film productions of Downton Abbey and The Gilded Age have sparked renewed interest about the lifestyles of [&hellip;]","og_url":"https:\/\/www.oldwestburygardens.org\/es\/phipps-family-history\/phipps-in-allegheny-city\/","og_site_name":"Old Westbury Gardens","article_modified_time":"2025-05-12T15:39:08+00:00","og_image":[{"url":"https:\/\/www.oldwestburygardens.org\/wp-content\/uploads\/2025\/05\/HenryPhippsSr.c1856.jpg","type":"","width":"","height":""}],"twitter_card":"summary_large_image","twitter_misc":{"Est. reading time":"4 minutos"},"schema":{"@context":"https:\/\/schema.org","@graph":[{"@type":"WebPage","@id":"https:\/\/www.oldwestburygardens.org\/phipps-family-history\/phipps-in-allegheny-city\/","url":"https:\/\/www.oldwestburygardens.org\/phipps-family-history\/phipps-in-allegheny-city\/","name":"Phipps in Allegheny City | Old Westbury Gardens","isPartOf":{"@id":"https:\/\/www.oldwestburygardens.org\/ko\/#website"},"primaryImageOfPage":{"@id":"https:\/\/www.oldwestburygardens.org\/phipps-family-history\/phipps-in-allegheny-city\/#primaryimage"},"image":{"@id":"https:\/\/www.oldwestburygardens.org\/phipps-family-history\/phipps-in-allegheny-city\/#primaryimage"},"thumbnailUrl":"https:\/\/www.oldwestburygardens.org\/wp-content\/uploads\/2025\/05\/HenryPhippsSr.c1856.jpg","datePublished":"2023-07-28T20:41:02+00:00","dateModified":"2025-05-12T15:39:08+00:00","breadcrumb":{"@id":"https:\/\/www.oldwestburygardens.org\/phipps-family-history\/phipps-in-allegheny-city\/#breadcrumb"},"inLanguage":"es","potentialAction":[{"@type":"ReadAction","target":["https:\/\/www.oldwestburygardens.org\/phipps-family-history\/phipps-in-allegheny-city\/"]}]},{"@type":"ImageObject","inLanguage":"es","@id":"https:\/\/www.oldwestburygardens.org\/phipps-family-history\/phipps-in-allegheny-city\/#primaryimage","url":"https:\/\/www.oldwestburygardens.org\/wp-content\/uploads\/2025\/05\/HenryPhippsSr.c1856.jpg","contentUrl":"https:\/\/www.oldwestburygardens.org\/wp-content\/uploads\/2025\/05\/HenryPhippsSr.c1856.jpg"},{"@type":"BreadcrumbList","@id":"https:\/\/www.oldwestburygardens.org\/phipps-family-history\/phipps-in-allegheny-city\/#breadcrumb","itemListElement":[{"@type":"ListItem","position":1,"name":"Home","item":"https:\/\/www.oldwestburygardens.org\/"},{"@type":"ListItem","position":2,"name":"Phipps Family History","item":"https:\/\/www.oldwestburygardens.org\/zh\/phipps-family-history\/"},{"@type":"ListItem","position":3,"name":"Phipps in Allegheny City"}]},{"@type":"WebSite","@id":"https:\/\/www.oldwestburygardens.org\/ko\/#website","url":"https:\/\/www.oldwestburygardens.org\/ko\/","name":"Jardines del viejo Westbury","description":"","publisher":{"@id":"https:\/\/www.oldwestburygardens.org\/ko\/#organization"},"potentialAction":[{"@type":"SearchAction","target":{"@type":"EntryPoint","urlTemplate":"https:\/\/www.oldwestburygardens.org\/ko\/?s={search_term_string}"},"query-input":{"@type":"PropertyValueSpecification","valueRequired":true,"valueName":"search_term_string"}}],"inLanguage":"es"},{"@type":"Organization","@id":"https:\/\/www.oldwestburygardens.org\/ko\/#organization","name":"Jardines del viejo Westbury","url":"https:\/\/www.oldwestburygardens.org\/ko\/","logo":{"@type":"ImageObject","inLanguage":"es","@id":"https:\/\/www.oldwestburygardens.org\/ko\/#\/schema\/logo\/image\/","url":"https:\/\/www.oldwestburygardens.org\/wp-content\/uploads\/2025\/03\/OWGlogoforsite.png","contentUrl":"https:\/\/www.oldwestburygardens.org\/wp-content\/uploads\/2025\/03\/OWGlogoforsite.png","width":750,"height":173,"caption":"Old Westbury Gardens"},"image":{"@id":"https:\/\/www.oldwestburygardens.org\/ko\/#\/schema\/logo\/image\/"}}]}},"_links":{"self":[{"href":"https:\/\/www.oldwestburygardens.org\/es\/wp-json\/wp\/v2\/pages\/608","targetHints":{"allow":["GET"]}}],"collection":[{"href":"https:\/\/www.oldwestburygardens.org\/es\/wp-json\/wp\/v2\/pages"}],"about":[{"href":"https:\/\/www.oldwestburygardens.org\/es\/wp-json\/wp\/v2\/types\/page"}],"author":[{"embeddable":true,"href":"https:\/\/www.oldwestburygardens.org\/es\/wp-json\/wp\/v2\/users\/1"}],"replies":[{"embeddable":true,"href":"https:\/\/www.oldwestburygardens.org\/es\/wp-json\/wp\/v2\/comments?post=608"}],"version-history":[{"count":4,"href":"https:\/\/www.oldwestburygardens.org\/es\/wp-json\/wp\/v2\/pages\/608\/revisions"}],"predecessor-version":[{"id":5557,"href":"https:\/\/www.oldwestburygardens.org\/es\/wp-json\/wp\/v2\/pages\/608\/revisions\/5557"}],"up":[{"embeddable":true,"href":"https:\/\/www.oldwestburygardens.org\/es\/wp-json\/wp\/v2\/pages\/605"}],"wp:attachment":[{"href":"https:\/\/www.oldwestburygardens.org\/es\/wp-json\/wp\/v2\/media?parent=608"}],"curies":[{"name":"wp","href":"https:\/\/api.w.org\/{rel}","templated":true}]}}