{"id":612,"date":"2022-05-31T20:42:30","date_gmt":"2022-05-31T20:42:30","guid":{"rendered":"https:\/\/www.oldwestburygardens.org\/vacation-photos-an-archival-mystery\/"},"modified":"2025-05-12T15:44:39","modified_gmt":"2025-05-12T15:44:39","slug":"vacation-photos-an-archival-mystery","status":"publish","type":"page","link":"https:\/\/www.oldwestburygardens.org\/es\/phipps-family-history\/vacation-photos-an-archival-mystery\/","title":{"rendered":"Fotos de vacaciones: un misterio de archivo"},"content":{"rendered":"<div class=\"wp-block-group has-global-padding is-layout-constrained wp-block-group-is-layout-constrained\" style=\"padding-top:0;padding-bottom:0\">\n<p><\/p>\n\n\n\n<h3 class=\"wp-block-heading\">Historia de la familia Phipps: Fotos de vacaciones: un misterio de archivo<\/h3>\n<\/div>\n\n\n\n<div class=\"wp-block-group has-global-padding is-layout-constrained wp-block-group-is-layout-constrained\" style=\"padding-top:0;padding-bottom:0\">\n<div class=\"wp-block-columns is-layout-flex wp-container-core-columns-is-layout-1 wp-block-columns-is-layout-flex\">\n<div class=\"wp-block-column is-layout-flow wp-block-column-is-layout-flow\" style=\"flex-basis:66.66%\">\n<p>Al subir las escaleras desde el vest\u00edbulo del segundo piso de Westbury House, los visitantes suelen preguntar al personal de atenci\u00f3n al visitante: &quot;\u00bfQu\u00e9 hay arriba?&quot;. Y la respuesta es: &quot;Oficinas y almacenes, que est\u00e1n cerrados al p\u00fablico&quot;.<\/p>\n\n\n\n<p>Estas habitaciones, que sirvieron como dormitorios de la infancia de Ben, Hubert, Peggie y Michael, y posteriormente como talleres de servicio, contienen miles de objetos familiares, incluyendo correspondencia, facturas, dibujos arquitect\u00f3nicos y fotograf\u00edas desde finales de la d\u00e9cada de 1890 hasta la de 1950. En varias etapas desde principios de la d\u00e9cada de 1980, el personal y los voluntarios han revisado minuciosamente estos materiales, garantizando su protecci\u00f3n contra el deterioro y llevando a cabo su catalogaci\u00f3n.<\/p>\n\n\n\n<p>Un valioso tesoro de esta colecci\u00f3n son los cientos de fotograf\u00edas familiares que documentan la vida de Jay y Margarita Phipps, sus hijos, as\u00ed como la de los padres de Jay, Henry y Anna. Entre esta colecci\u00f3n se encuentran las fotos de los viajes internacionales de la familia. Los Phipps tuvieron la fortuna de viajar a tierras que a\u00fan eran desconocidas para la mayor\u00eda y que se consideraban &quot;ex\u00f3ticas&quot; o incluso, con prejuicios, &quot;primitivas&quot;, y las fotos demuestran este atractivo.<\/p>\n<\/div>\n\n\n\n<div class=\"wp-block-column is-layout-flow wp-block-column-is-layout-flow\" style=\"flex-basis:33.33%\">\n<figure class=\"wp-block-image size-large\"><img decoding=\"async\" src=\"https:\/\/www.oldwestburygardens.org\/wp-content\/uploads\/2025\/05\/JSPhipps_EastAsiaTrip1904_010_Edited.REV.jpg\" alt=\"Vacation photo of John S. Phipps - East Asia Trip 1904\"\/><\/figure>\n<\/div>\n<\/div>\n\n\n\n<p>Recientemente, el especialista en archivos <strong>Drew Fullshire<\/strong> Fotos digitalizadas de un \u00e1lbum de fotos con notas a l\u00e1piz: &quot;Viaje a Asia Oriental, 1904&quot;. Curiosamente, los registros de inmigraci\u00f3n no registran dicho viaje de Jay, Margarita ni de sus familiares. Adem\u00e1s, una b\u00fasqueda en otros registros de archivo tampoco registra dicho viaje. Sabemos que Jay y Margarita viajaron a la India de luna de miel en 1904, pero los art\u00edculos period\u00edsticos relatan su viaje de Inglaterra a la India y su posterior regreso directo a Inglaterra (debido a la preocupaci\u00f3n de sus padres por su seguridad). Otro misterio son las personas que acompa\u00f1an a Jay en las fotos. \u00bfQuiz\u00e1s incluyan a Michael P. Grace o a Frederick Guest, quien se cas\u00f3 con Amy, la hermana de Jay, en 1905? \u00bfO quiz\u00e1s la fecha a l\u00e1piz es incorrecta?<\/p>\n\n\n\n<p>En cualquier caso, estas fotograf\u00edas ofrecen una visi\u00f3n del turismo internacional de principios del siglo XX y del encanto euroamericano que lo acompa\u00f1aba por las vidas \u201cextranjeras\u201d.<\/p>\n<\/div>\n\n\n\n<div class=\"wp-block-group has-global-padding is-layout-constrained wp-block-group-is-layout-constrained\" style=\"padding-top:0;padding-bottom:0\">\n<figure class=\"wp-block-gallery has-nested-images columns-4 is-cropped wp-block-gallery-1 is-layout-flex wp-block-gallery-is-layout-flex\">\n<figure class=\"wp-block-image size-large\"><img loading=\"lazy\" decoding=\"async\" width=\"464\" height=\"471\" src=\"https:\/\/www.oldwestburygardens.org\/wp-content\/uploads\/2025\/05\/JSPhipps_EastAsiaTrip1904_001_Edited.REV.jpg\" alt=\"\" class=\"wp-image-3642\" srcset=\"https:\/\/www.oldwestburygardens.org\/wp-content\/uploads\/2025\/05\/JSPhipps_EastAsiaTrip1904_001_Edited.REV.jpg 464w, https:\/\/www.oldwestburygardens.org\/wp-content\/uploads\/2025\/05\/JSPhipps_EastAsiaTrip1904_001_Edited.REV-296x300.jpg 296w, https:\/\/www.oldwestburygardens.org\/wp-content\/uploads\/2025\/05\/JSPhipps_EastAsiaTrip1904_001_Edited.REV-12x12.jpg 12w\" sizes=\"auto, (max-width: 464px) 100vw, 464px\" \/><\/figure>\n\n\n\n<figure class=\"wp-block-image size-large\"><img loading=\"lazy\" decoding=\"async\" width=\"819\" height=\"1024\" src=\"https:\/\/www.oldwestburygardens.org\/wp-content\/uploads\/2025\/05\/JSPhipps_EastAsiaTrip1904_002_Edited.REV-819x1024.jpg\" alt=\"\" class=\"wp-image-4151\" srcset=\"https:\/\/www.oldwestburygardens.org\/wp-content\/uploads\/2025\/05\/JSPhipps_EastAsiaTrip1904_002_Edited.REV-819x1024.jpg 819w, https:\/\/www.oldwestburygardens.org\/wp-content\/uploads\/2025\/05\/JSPhipps_EastAsiaTrip1904_002_Edited.REV-240x300.jpg 240w, https:\/\/www.oldwestburygardens.org\/wp-content\/uploads\/2025\/05\/JSPhipps_EastAsiaTrip1904_002_Edited.REV-768x960.jpg 768w, https:\/\/www.oldwestburygardens.org\/wp-content\/uploads\/2025\/05\/JSPhipps_EastAsiaTrip1904_002_Edited.REV-10x12.jpg 10w, https:\/\/www.oldwestburygardens.org\/wp-content\/uploads\/2025\/05\/JSPhipps_EastAsiaTrip1904_002_Edited.REV.jpg 990w\" sizes=\"auto, (max-width: 819px) 100vw, 819px\" \/><\/figure>\n\n\n\n<figure class=\"wp-block-image size-large\"><img loading=\"lazy\" decoding=\"async\" width=\"980\" height=\"982\" src=\"https:\/\/www.oldwestburygardens.org\/wp-content\/uploads\/2025\/05\/JSPhipps_EastAsiaTrip1904_004_Edited.REV.jpg\" alt=\"\" class=\"wp-image-4152\" srcset=\"https:\/\/www.oldwestburygardens.org\/wp-content\/uploads\/2025\/05\/JSPhipps_EastAsiaTrip1904_004_Edited.REV.jpg 980w, https:\/\/www.oldwestburygardens.org\/wp-content\/uploads\/2025\/05\/JSPhipps_EastAsiaTrip1904_004_Edited.REV-300x300.jpg 300w, https:\/\/www.oldwestburygardens.org\/wp-content\/uploads\/2025\/05\/JSPhipps_EastAsiaTrip1904_004_Edited.REV-150x150.jpg 150w, https:\/\/www.oldwestburygardens.org\/wp-content\/uploads\/2025\/05\/JSPhipps_EastAsiaTrip1904_004_Edited.REV-768x770.jpg 768w, https:\/\/www.oldwestburygardens.org\/wp-content\/uploads\/2025\/05\/JSPhipps_EastAsiaTrip1904_004_Edited.REV-12x12.jpg 12w\" sizes=\"auto, (max-width: 980px) 100vw, 980px\" \/><\/figure>\n\n\n\n<figure class=\"wp-block-image size-large\"><img loading=\"lazy\" decoding=\"async\" width=\"1024\" height=\"797\" src=\"https:\/\/www.oldwestburygardens.org\/wp-content\/uploads\/2025\/05\/JSPhipps_EastAsiaTrip1904_006_Edited.REV-1024x797.jpg\" alt=\"\" class=\"wp-image-4153\" srcset=\"https:\/\/www.oldwestburygardens.org\/wp-content\/uploads\/2025\/05\/JSPhipps_EastAsiaTrip1904_006_Edited.REV-1024x797.jpg 1024w, https:\/\/www.oldwestburygardens.org\/wp-content\/uploads\/2025\/05\/JSPhipps_EastAsiaTrip1904_006_Edited.REV-300x233.jpg 300w, https:\/\/www.oldwestburygardens.org\/wp-content\/uploads\/2025\/05\/JSPhipps_EastAsiaTrip1904_006_Edited.REV-768x597.jpg 768w, https:\/\/www.oldwestburygardens.org\/wp-content\/uploads\/2025\/05\/JSPhipps_EastAsiaTrip1904_006_Edited.REV-15x12.jpg 15w, https:\/\/www.oldwestburygardens.org\/wp-content\/uploads\/2025\/05\/JSPhipps_EastAsiaTrip1904_006_Edited.REV.jpg 1310w\" sizes=\"auto, (max-width: 1024px) 100vw, 1024px\" \/><\/figure>\n\n\n\n<figure class=\"wp-block-image size-large\"><img loading=\"lazy\" decoding=\"async\" width=\"1024\" height=\"726\" src=\"https:\/\/www.oldwestburygardens.org\/wp-content\/uploads\/2025\/05\/JSPhipps_EastAsiaTrip1904_008_Edited.REV-1024x726.jpg\" alt=\"\" class=\"wp-image-4154\" srcset=\"https:\/\/www.oldwestburygardens.org\/wp-content\/uploads\/2025\/05\/JSPhipps_EastAsiaTrip1904_008_Edited.REV-1024x726.jpg 1024w, https:\/\/www.oldwestburygardens.org\/wp-content\/uploads\/2025\/05\/JSPhipps_EastAsiaTrip1904_008_Edited.REV-300x213.jpg 300w, https:\/\/www.oldwestburygardens.org\/wp-content\/uploads\/2025\/05\/JSPhipps_EastAsiaTrip1904_008_Edited.REV-768x544.jpg 768w, https:\/\/www.oldwestburygardens.org\/wp-content\/uploads\/2025\/05\/JSPhipps_EastAsiaTrip1904_008_Edited.REV-18x12.jpg 18w, https:\/\/www.oldwestburygardens.org\/wp-content\/uploads\/2025\/05\/JSPhipps_EastAsiaTrip1904_008_Edited.REV.jpg 1273w\" sizes=\"auto, (max-width: 1024px) 100vw, 1024px\" \/><\/figure>\n\n\n\n<figure class=\"wp-block-image size-full\"><img loading=\"lazy\" decoding=\"async\" width=\"708\" height=\"910\" src=\"https:\/\/www.oldwestburygardens.org\/wp-content\/uploads\/2025\/05\/JSPhipps_EastAsiaTrip1904_009_Edited.REV.jpg\" alt=\"\" class=\"wp-image-4155\" srcset=\"https:\/\/www.oldwestburygardens.org\/wp-content\/uploads\/2025\/05\/JSPhipps_EastAsiaTrip1904_009_Edited.REV.jpg 708w, https:\/\/www.oldwestburygardens.org\/wp-content\/uploads\/2025\/05\/JSPhipps_EastAsiaTrip1904_009_Edited.REV-233x300.jpg 233w, https:\/\/www.oldwestburygardens.org\/wp-content\/uploads\/2025\/05\/JSPhipps_EastAsiaTrip1904_009_Edited.REV-9x12.jpg 9w\" sizes=\"auto, (max-width: 708px) 100vw, 708px\" \/><\/figure>\n\n\n\n<figure class=\"wp-block-image size-large\"><img loading=\"lazy\" decoding=\"async\" width=\"738\" height=\"950\" src=\"https:\/\/www.oldwestburygardens.org\/wp-content\/uploads\/2025\/05\/JSPhipps_EastAsiaTrip1904_011_Edited.REV.jpg\" alt=\"\" class=\"wp-image-4156\" srcset=\"https:\/\/www.oldwestburygardens.org\/wp-content\/uploads\/2025\/05\/JSPhipps_EastAsiaTrip1904_011_Edited.REV.jpg 738w, https:\/\/www.oldwestburygardens.org\/wp-content\/uploads\/2025\/05\/JSPhipps_EastAsiaTrip1904_011_Edited.REV-233x300.jpg 233w, https:\/\/www.oldwestburygardens.org\/wp-content\/uploads\/2025\/05\/JSPhipps_EastAsiaTrip1904_011_Edited.REV-9x12.jpg 9w\" sizes=\"auto, (max-width: 738px) 100vw, 738px\" \/><\/figure>\n\n\n\n<figure class=\"wp-block-image size-large\"><img loading=\"lazy\" decoding=\"async\" width=\"750\" height=\"960\" src=\"https:\/\/www.oldwestburygardens.org\/wp-content\/uploads\/2025\/05\/JSPhipps_EastAsiaTrip1904_012_Edited.REV.jpg\" alt=\"\" class=\"wp-image-4157\" srcset=\"https:\/\/www.oldwestburygardens.org\/wp-content\/uploads\/2025\/05\/JSPhipps_EastAsiaTrip1904_012_Edited.REV.jpg 750w, https:\/\/www.oldwestburygardens.org\/wp-content\/uploads\/2025\/05\/JSPhipps_EastAsiaTrip1904_012_Edited.REV-234x300.jpg 234w, https:\/\/www.oldwestburygardens.org\/wp-content\/uploads\/2025\/05\/JSPhipps_EastAsiaTrip1904_012_Edited.REV-9x12.jpg 9w\" sizes=\"auto, (max-width: 750px) 100vw, 750px\" \/><\/figure>\n<\/figure>\n<\/div>","protected":false},"excerpt":{"rendered":"<p>Historia de la familia Phipps: Fotos de vacaciones: un misterio de archivo Al mirar hacia arriba por la escalera desde el vest\u00edbulo del segundo piso de Westbury House, los visitantes a menudo preguntan al personal de servicios tur\u00edsticos: &quot;\u00bfQu\u00e9 hay arriba?&quot; Y la respuesta es [\u2026]<\/p>","protected":false},"author":1,"featured_media":0,"parent":605,"menu_order":0,"comment_status":"open","ping_status":"open","template":"","meta":{"_acf_changed":false,"_tec_requires_first_save":true,"_EventAllDay":false,"_EventTimezone":"","_EventStartDate":"","_EventEndDate":"","_EventStartDateUTC":"","_EventEndDateUTC":"","_EventShowMap":false,"_EventShowMapLink":false,"_EventURL":"","_EventCost":"","_EventCostDescription":"","_EventCurrencySymbol":"","_EventCurrencyCode":"","_EventCurrencyPosition":"","_EventDateTimeSeparator":"","_EventTimeRangeSeparator":"","_EventOrganizerID":[],"_EventVenueID":[],"_OrganizerEmail":"","_OrganizerPhone":"","_OrganizerWebsite":"","_VenueAddress":"","_VenueCity":"","_VenueCountry":"","_VenueProvince":"","_VenueState":"","_VenueZip":"","_VenuePhone":"","_VenueURL":"","_VenueStateProvince":"","_VenueLat":"","_VenueLng":"","_VenueShowMap":false,"_VenueShowMapLink":false,"_tribe_blocks_recurrence_rules":"","_tribe_blocks_recurrence_description":"","_tribe_blocks_recurrence_exclusions":"","footnotes":""},"class_list":["post-612","page","type-page","status-publish","hentry"],"acf":[],"yoast_head":"<!-- This site is optimized with the Yoast SEO plugin v26.2 - https:\/\/yoast.com\/wordpress\/plugins\/seo\/ -->\n<title>Vacation Photos\u2014An Archival Mystery | Old Westbury Gardens<\/title>\n<meta name=\"robots\" content=\"index, follow, max-snippet:-1, max-image-preview:large, max-video-preview:-1\" \/>\n<link rel=\"canonical\" href=\"https:\/\/www.oldwestburygardens.org\/es\/phipps-family-history\/vacation-photos-an-archival-mystery\/\" \/>\n<meta property=\"og:locale\" content=\"es_ES\" \/>\n<meta property=\"og:type\" content=\"article\" \/>\n<meta property=\"og:title\" content=\"Vacation Photos\u2014An Archival Mystery | Old Westbury Gardens\" \/>\n<meta property=\"og:description\" content=\"Phipps Family History: Vacation Photos\u2014An Archival Mystery Looking up the staircase from the second-floor hall of Westbury House, visitors often ask visitor services staff, \u201cwhat\u2019s upstairs?\u201d And the reply is [&hellip;]\" \/>\n<meta property=\"og:url\" content=\"https:\/\/www.oldwestburygardens.org\/es\/phipps-family-history\/vacation-photos-an-archival-mystery\/\" \/>\n<meta property=\"og:site_name\" content=\"Old Westbury Gardens\" \/>\n<meta property=\"article:modified_time\" content=\"2025-05-12T15:44:39+00:00\" \/>\n<meta property=\"og:image\" content=\"https:\/\/www.oldwestburygardens.org\/wp-content\/uploads\/2025\/05\/JSPhipps_EastAsiaTrip1904_010_Edited.REV.jpg\" \/>\n<meta name=\"twitter:card\" content=\"summary_large_image\" \/>\n<meta name=\"twitter:label1\" content=\"Est. reading time\" \/>\n\t<meta name=\"twitter:data1\" content=\"2 minutos\" \/>\n<script type=\"application\/ld+json\" class=\"yoast-schema-graph\">{\"@context\":\"https:\/\/schema.org\",\"@graph\":[{\"@type\":\"WebPage\",\"@id\":\"https:\/\/www.oldwestburygardens.org\/ko\/phipps-family-history\/vacation-photos-an-archival-mystery\/\",\"url\":\"https:\/\/www.oldwestburygardens.org\/ko\/phipps-family-history\/vacation-photos-an-archival-mystery\/\",\"name\":\"Vacation Photos\u2014An Archival Mystery | Old Westbury Gardens\",\"isPartOf\":{\"@id\":\"https:\/\/www.oldwestburygardens.org\/ko\/#website\"},\"primaryImageOfPage\":{\"@id\":\"https:\/\/www.oldwestburygardens.org\/ko\/phipps-family-history\/vacation-photos-an-archival-mystery\/#primaryimage\"},\"image\":{\"@id\":\"https:\/\/www.oldwestburygardens.org\/ko\/phipps-family-history\/vacation-photos-an-archival-mystery\/#primaryimage\"},\"thumbnailUrl\":\"https:\/\/www.oldwestburygardens.org\/wp-content\/uploads\/2025\/05\/JSPhipps_EastAsiaTrip1904_010_Edited.REV.jpg\",\"datePublished\":\"2022-05-31T20:42:30+00:00\",\"dateModified\":\"2025-05-12T15:44:39+00:00\",\"breadcrumb\":{\"@id\":\"https:\/\/www.oldwestburygardens.org\/ko\/phipps-family-history\/vacation-photos-an-archival-mystery\/#breadcrumb\"},\"inLanguage\":\"es\",\"potentialAction\":[{\"@type\":\"ReadAction\",\"target\":[\"https:\/\/www.oldwestburygardens.org\/ko\/phipps-family-history\/vacation-photos-an-archival-mystery\/\"]}]},{\"@type\":\"ImageObject\",\"inLanguage\":\"es\",\"@id\":\"https:\/\/www.oldwestburygardens.org\/ko\/phipps-family-history\/vacation-photos-an-archival-mystery\/#primaryimage\",\"url\":\"https:\/\/www.oldwestburygardens.org\/wp-content\/uploads\/2025\/05\/JSPhipps_EastAsiaTrip1904_010_Edited.REV.jpg\",\"contentUrl\":\"https:\/\/www.oldwestburygardens.org\/wp-content\/uploads\/2025\/05\/JSPhipps_EastAsiaTrip1904_010_Edited.REV.jpg\"},{\"@type\":\"BreadcrumbList\",\"@id\":\"https:\/\/www.oldwestburygardens.org\/ko\/phipps-family-history\/vacation-photos-an-archival-mystery\/#breadcrumb\",\"itemListElement\":[{\"@type\":\"ListItem\",\"position\":1,\"name\":\"Home\",\"item\":\"https:\/\/www.oldwestburygardens.org\/\"},{\"@type\":\"ListItem\",\"position\":2,\"name\":\"Phipps Family History\",\"item\":\"https:\/\/www.oldwestburygardens.org\/zh\/phipps-family-history\/\"},{\"@type\":\"ListItem\",\"position\":3,\"name\":\"Vacation Photos\u2014An Archival Mystery\"}]},{\"@type\":\"WebSite\",\"@id\":\"https:\/\/www.oldwestburygardens.org\/ko\/#website\",\"url\":\"https:\/\/www.oldwestburygardens.org\/ko\/\",\"name\":\"Old Westbury Gardens\",\"description\":\"\",\"publisher\":{\"@id\":\"https:\/\/www.oldwestburygardens.org\/ko\/#organization\"},\"potentialAction\":[{\"@type\":\"SearchAction\",\"target\":{\"@type\":\"EntryPoint\",\"urlTemplate\":\"https:\/\/www.oldwestburygardens.org\/ko\/?s={search_term_string}\"},\"query-input\":{\"@type\":\"PropertyValueSpecification\",\"valueRequired\":true,\"valueName\":\"search_term_string\"}}],\"inLanguage\":\"es\"},{\"@type\":\"Organization\",\"@id\":\"https:\/\/www.oldwestburygardens.org\/ko\/#organization\",\"name\":\"Old Westbury Gardens\",\"url\":\"https:\/\/www.oldwestburygardens.org\/ko\/\",\"logo\":{\"@type\":\"ImageObject\",\"inLanguage\":\"es\",\"@id\":\"https:\/\/www.oldwestburygardens.org\/ko\/#\/schema\/logo\/image\/\",\"url\":\"https:\/\/www.oldwestburygardens.org\/wp-content\/uploads\/2025\/03\/OWGlogoforsite.png\",\"contentUrl\":\"https:\/\/www.oldwestburygardens.org\/wp-content\/uploads\/2025\/03\/OWGlogoforsite.png\",\"width\":750,\"height\":173,\"caption\":\"Old Westbury Gardens\"},\"image\":{\"@id\":\"https:\/\/www.oldwestburygardens.org\/ko\/#\/schema\/logo\/image\/\"}}]}<\/script>\n<!-- \/ Yoast SEO plugin. -->","yoast_head_json":{"title":"Vacation Photos\u2014An Archival Mystery | Old Westbury Gardens","robots":{"index":"index","follow":"follow","max-snippet":"max-snippet:-1","max-image-preview":"max-image-preview:large","max-video-preview":"max-video-preview:-1"},"canonical":"https:\/\/www.oldwestburygardens.org\/es\/phipps-family-history\/vacation-photos-an-archival-mystery\/","og_locale":"es_ES","og_type":"article","og_title":"Vacation Photos\u2014An Archival Mystery | Old Westbury Gardens","og_description":"Phipps Family History: Vacation Photos\u2014An Archival Mystery Looking up the staircase from the second-floor hall of Westbury House, visitors often ask visitor services staff, \u201cwhat\u2019s upstairs?\u201d And the reply is [&hellip;]","og_url":"https:\/\/www.oldwestburygardens.org\/es\/phipps-family-history\/vacation-photos-an-archival-mystery\/","og_site_name":"Old Westbury Gardens","article_modified_time":"2025-05-12T15:44:39+00:00","og_image":[{"url":"https:\/\/www.oldwestburygardens.org\/wp-content\/uploads\/2025\/05\/JSPhipps_EastAsiaTrip1904_010_Edited.REV.jpg","type":"","width":"","height":""}],"twitter_card":"summary_large_image","twitter_misc":{"Est. reading time":"2 minutos"},"schema":{"@context":"https:\/\/schema.org","@graph":[{"@type":"WebPage","@id":"https:\/\/www.oldwestburygardens.org\/ko\/phipps-family-history\/vacation-photos-an-archival-mystery\/","url":"https:\/\/www.oldwestburygardens.org\/ko\/phipps-family-history\/vacation-photos-an-archival-mystery\/","name":"Vacation Photos\u2014An Archival Mystery | Old Westbury Gardens","isPartOf":{"@id":"https:\/\/www.oldwestburygardens.org\/ko\/#website"},"primaryImageOfPage":{"@id":"https:\/\/www.oldwestburygardens.org\/ko\/phipps-family-history\/vacation-photos-an-archival-mystery\/#primaryimage"},"image":{"@id":"https:\/\/www.oldwestburygardens.org\/ko\/phipps-family-history\/vacation-photos-an-archival-mystery\/#primaryimage"},"thumbnailUrl":"https:\/\/www.oldwestburygardens.org\/wp-content\/uploads\/2025\/05\/JSPhipps_EastAsiaTrip1904_010_Edited.REV.jpg","datePublished":"2022-05-31T20:42:30+00:00","dateModified":"2025-05-12T15:44:39+00:00","breadcrumb":{"@id":"https:\/\/www.oldwestburygardens.org\/ko\/phipps-family-history\/vacation-photos-an-archival-mystery\/#breadcrumb"},"inLanguage":"es","potentialAction":[{"@type":"ReadAction","target":["https:\/\/www.oldwestburygardens.org\/ko\/phipps-family-history\/vacation-photos-an-archival-mystery\/"]}]},{"@type":"ImageObject","inLanguage":"es","@id":"https:\/\/www.oldwestburygardens.org\/ko\/phipps-family-history\/vacation-photos-an-archival-mystery\/#primaryimage","url":"https:\/\/www.oldwestburygardens.org\/wp-content\/uploads\/2025\/05\/JSPhipps_EastAsiaTrip1904_010_Edited.REV.jpg","contentUrl":"https:\/\/www.oldwestburygardens.org\/wp-content\/uploads\/2025\/05\/JSPhipps_EastAsiaTrip1904_010_Edited.REV.jpg"},{"@type":"BreadcrumbList","@id":"https:\/\/www.oldwestburygardens.org\/ko\/phipps-family-history\/vacation-photos-an-archival-mystery\/#breadcrumb","itemListElement":[{"@type":"ListItem","position":1,"name":"Home","item":"https:\/\/www.oldwestburygardens.org\/"},{"@type":"ListItem","position":2,"name":"Phipps Family History","item":"https:\/\/www.oldwestburygardens.org\/zh\/phipps-family-history\/"},{"@type":"ListItem","position":3,"name":"Vacation Photos\u2014An Archival Mystery"}]},{"@type":"WebSite","@id":"https:\/\/www.oldwestburygardens.org\/ko\/#website","url":"https:\/\/www.oldwestburygardens.org\/ko\/","name":"Jardines del viejo Westbury","description":"","publisher":{"@id":"https:\/\/www.oldwestburygardens.org\/ko\/#organization"},"potentialAction":[{"@type":"SearchAction","target":{"@type":"EntryPoint","urlTemplate":"https:\/\/www.oldwestburygardens.org\/ko\/?s={search_term_string}"},"query-input":{"@type":"PropertyValueSpecification","valueRequired":true,"valueName":"search_term_string"}}],"inLanguage":"es"},{"@type":"Organization","@id":"https:\/\/www.oldwestburygardens.org\/ko\/#organization","name":"Jardines del viejo Westbury","url":"https:\/\/www.oldwestburygardens.org\/ko\/","logo":{"@type":"ImageObject","inLanguage":"es","@id":"https:\/\/www.oldwestburygardens.org\/ko\/#\/schema\/logo\/image\/","url":"https:\/\/www.oldwestburygardens.org\/wp-content\/uploads\/2025\/03\/OWGlogoforsite.png","contentUrl":"https:\/\/www.oldwestburygardens.org\/wp-content\/uploads\/2025\/03\/OWGlogoforsite.png","width":750,"height":173,"caption":"Old Westbury Gardens"},"image":{"@id":"https:\/\/www.oldwestburygardens.org\/ko\/#\/schema\/logo\/image\/"}}]}},"_links":{"self":[{"href":"https:\/\/www.oldwestburygardens.org\/es\/wp-json\/wp\/v2\/pages\/612","targetHints":{"allow":["GET"]}}],"collection":[{"href":"https:\/\/www.oldwestburygardens.org\/es\/wp-json\/wp\/v2\/pages"}],"about":[{"href":"https:\/\/www.oldwestburygardens.org\/es\/wp-json\/wp\/v2\/types\/page"}],"author":[{"embeddable":true,"href":"https:\/\/www.oldwestburygardens.org\/es\/wp-json\/wp\/v2\/users\/1"}],"replies":[{"embeddable":true,"href":"https:\/\/www.oldwestburygardens.org\/es\/wp-json\/wp\/v2\/comments?post=612"}],"version-history":[{"count":3,"href":"https:\/\/www.oldwestburygardens.org\/es\/wp-json\/wp\/v2\/pages\/612\/revisions"}],"predecessor-version":[{"id":5562,"href":"https:\/\/www.oldwestburygardens.org\/es\/wp-json\/wp\/v2\/pages\/612\/revisions\/5562"}],"up":[{"embeddable":true,"href":"https:\/\/www.oldwestburygardens.org\/es\/wp-json\/wp\/v2\/pages\/605"}],"wp:attachment":[{"href":"https:\/\/www.oldwestburygardens.org\/es\/wp-json\/wp\/v2\/media?parent=612"}],"curies":[{"name":"wp","href":"https:\/\/api.w.org\/{rel}","templated":true}]}}