{"id":616,"date":"2023-07-28T20:40:15","date_gmt":"2023-07-28T20:40:15","guid":{"rendered":"https:\/\/www.oldwestburygardens.org\/autumnal-nuptials\/"},"modified":"2025-06-11T10:36:30","modified_gmt":"2025-06-11T14:36:30","slug":"autumnal-nuptials","status":"publish","type":"page","link":"https:\/\/www.oldwestburygardens.org\/es\/phipps-family-history\/autumnal-nuptials\/","title":{"rendered":"Nupcias oto\u00f1ales"},"content":{"rendered":"<div class=\"wp-block-group has-global-padding is-layout-constrained wp-block-group-is-layout-constrained\" style=\"padding-top:0;padding-bottom:0\">\n<p><\/p>\n\n\n\n<h3 class=\"wp-block-heading\">Historia de la familia Phipps: Nupcias oto\u00f1ales<\/h3>\n\n\n\n<figure class=\"wp-block-image\"><img decoding=\"async\" src=\"https:\/\/www.oldwestburygardens.org\/wp-content\/uploads\/2025\/05\/PPD-Wedding.jpg\" alt=\"Peggie in wedding dress at Westbury House\"\/><figcaption class=\"wp-element-caption\">Peggie con vestido de novia en Westbury House.<\/figcaption><\/figure>\n<\/div>\n\n\n\n<div class=\"wp-block-group has-global-padding is-layout-constrained wp-block-group-is-layout-constrained\" style=\"padding-top:0;padding-bottom:0\">\n<div class=\"wp-block-columns is-layout-flex wp-container-core-columns-is-layout-1 wp-block-columns-is-layout-flex\">\n<div class=\"wp-block-column is-layout-flow wp-block-column-is-layout-flow\" style=\"flex-basis:66.66%\">\n<p>La primavera no es la \u00fanica \u00e9poca en la que las parejas se casan. En la familia Phipps, varias bodas se celebraron en octubre y noviembre: John (Jay) S. Phipps, quien construy\u00f3 Westbury House y sus jardines, se cas\u00f3 con Margarita (Dita) Grace el 4 de noviembre de 1903. La hermana menor de Jay, Helen, se cas\u00f3 con Bradley Martin, Jr. el 2 de noviembre de 1904 en Escocia.<\/p>\n\n\n\n<p>Debido a la uni\u00f3n de dos prominentes familias de la sociedad estadounidense, decenas de peri\u00f3dicos del Reino Unido informaron sobre el evento. Casi tres d\u00e9cadas despu\u00e9s, el hermano menor de Jay, Howard, propietario de la cercana finca Erchless, se cas\u00f3 con Helen Dyer Price el 22 de octubre de 1931.<\/p>\n\n\n\n<p>Y el jueves 2 de octubre de 1930, Peggie, la \u00fanica hija de Jay y Dita, se cas\u00f3 con J. Gordon Douglas, Jr. en la Catedral Episcopal de la Encarnaci\u00f3n, en Garden City.<\/p>\n\n\n\n<p>Al d\u00eda siguiente, el <em>El New York Times<\/em> Inform\u00f3 sobre la ceremonia de la pareja que anunci\u00f3 su compromiso apenas unas semanas antes, en agosto. La ceremonia y la recepci\u00f3n en Westbury House fueron m\u00e1s \u00edntimas debido al fallecimiento del abuelo de Peggie, Henry, el patriarca de la familia Phipps, el 22 de septiembre. Como la mayor\u00eda de las bodas de la alta sociedad, la <em>Veces<\/em> El relato enumeraba los nombres de los invitados a la boda, describ\u00eda los vestidos y las flores de la novia y las damas de honor, e informaba sobre la luna de miel planeada. Otros peri\u00f3dicos que informaron sobre la boda inclu\u00edan... <em>Brooklyn Daily Eagle<\/em>, <em>El Newport Mercury<\/em> (Rhode Island)\u2014peri\u00f3dico local del novio, <em>La prensa de Pittsburgh<\/em>, <em>El Palm Beach Post<\/em>, y el (Londres) <em>Noticias diarias<\/em>.<\/p>\n\n\n\n<p>Incluido en las memorias de Peggie, <em>D\u00edas felices<\/em>Es una fotograf\u00eda de la novia posando en la escalera principal de Westbury House. Old Westbury Gardens tiene la fortuna de que los archivos de la familia Phipps contengan en sus colecciones una pel\u00edcula con varias escenas de este d\u00eda tan especial, incluyendo el desayuno de bodas de Peggie y sus amigas, y un v\u00eddeo entre bastidores de Peggie posando para su fotograf\u00eda en la escalera de Westbury House, as\u00ed como una fotograf\u00eda de ella rodeada de sus damas de honor. <\/p>\n<\/div>\n\n\n\n<div class=\"wp-block-column is-layout-flow wp-block-column-is-layout-flow\" style=\"flex-basis:33.33%\">\n<figure class=\"wp-block-image\"><img decoding=\"async\" src=\"https:\/\/www.oldwestburygardens.org\/wp-content\/uploads\/2025\/05\/100330phippswedding.jpg\" alt=\"Wedding ceremony at Cathedral of the Incarnation, Garden City\"\/><\/figure>\n<\/div>\n<\/div>\n<\/div>\n\n\n\n<div class=\"wp-block-group is-layout-flow wp-block-group-is-layout-flow\" style=\"padding-top:0;padding-bottom:0\">\n<p><em>~Paul Hunchak, Director de Programas P\u00fablicos y Servicios para Visitantes<\/em><\/p>\n<\/div>","protected":false},"excerpt":{"rendered":"<p>Phipps Family History: Autumnal Nuptials Spring isn\u2019t the only time couples are wed. In the Phipps family, several weddings took place in October and November: John (Jay) S. Phipps, who [&hellip;]<\/p>","protected":false},"author":1,"featured_media":0,"parent":605,"menu_order":0,"comment_status":"open","ping_status":"open","template":"","meta":{"_acf_changed":false,"_tec_requires_first_save":true,"_EventAllDay":false,"_EventTimezone":"","_EventStartDate":"","_EventEndDate":"","_EventStartDateUTC":"","_EventEndDateUTC":"","_EventShowMap":false,"_EventShowMapLink":false,"_EventURL":"","_EventCost":"","_EventCostDescription":"","_EventCurrencySymbol":"","_EventCurrencyCode":"","_EventCurrencyPosition":"","_EventDateTimeSeparator":"","_EventTimeRangeSeparator":"","_EventOrganizerID":[],"_EventVenueID":[],"_OrganizerEmail":"","_OrganizerPhone":"","_OrganizerWebsite":"","_VenueAddress":"","_VenueCity":"","_VenueCountry":"","_VenueProvince":"","_VenueState":"","_VenueZip":"","_VenuePhone":"","_VenueURL":"","_VenueStateProvince":"","_VenueLat":"","_VenueLng":"","_VenueShowMap":false,"_VenueShowMapLink":false,"_tribe_blocks_recurrence_rules":"","_tribe_blocks_recurrence_description":"","_tribe_blocks_recurrence_exclusions":"","footnotes":""},"class_list":["post-616","page","type-page","status-publish","hentry"],"acf":[],"yoast_head":"<!-- This site is optimized with the Yoast SEO plugin v26.2 - https:\/\/yoast.com\/wordpress\/plugins\/seo\/ -->\n<title>Autumnal Nuptials | Old Westbury Gardens<\/title>\n<meta name=\"robots\" content=\"index, follow, max-snippet:-1, max-image-preview:large, max-video-preview:-1\" \/>\n<link rel=\"canonical\" href=\"https:\/\/www.oldwestburygardens.org\/es\/phipps-family-history\/autumnal-nuptials\/\" \/>\n<meta property=\"og:locale\" content=\"es_ES\" \/>\n<meta property=\"og:type\" content=\"article\" \/>\n<meta property=\"og:title\" content=\"Autumnal Nuptials | Old Westbury Gardens\" \/>\n<meta property=\"og:description\" content=\"Phipps Family History: Autumnal Nuptials Spring isn\u2019t the only time couples are wed. In the Phipps family, several weddings took place in October and November: John (Jay) S. Phipps, who [&hellip;]\" \/>\n<meta property=\"og:url\" content=\"https:\/\/www.oldwestburygardens.org\/es\/phipps-family-history\/autumnal-nuptials\/\" \/>\n<meta property=\"og:site_name\" content=\"Old Westbury Gardens\" \/>\n<meta property=\"article:modified_time\" content=\"2025-06-11T14:36:30+00:00\" \/>\n<meta property=\"og:image\" content=\"https:\/\/www.oldwestburygardens.org\/wp-content\/uploads\/2025\/05\/PPD-Wedding.jpg\" \/>\n<meta name=\"twitter:card\" content=\"summary_large_image\" \/>\n<meta name=\"twitter:label1\" content=\"Est. reading time\" \/>\n\t<meta name=\"twitter:data1\" content=\"2 minutos\" \/>\n<script type=\"application\/ld+json\" class=\"yoast-schema-graph\">{\"@context\":\"https:\/\/schema.org\",\"@graph\":[{\"@type\":\"WebPage\",\"@id\":\"https:\/\/www.oldwestburygardens.org\/ko\/phipps-family-history\/autumnal-nuptials\/\",\"url\":\"https:\/\/www.oldwestburygardens.org\/ko\/phipps-family-history\/autumnal-nuptials\/\",\"name\":\"Autumnal Nuptials | Old Westbury Gardens\",\"isPartOf\":{\"@id\":\"https:\/\/www.oldwestburygardens.org\/ko\/#website\"},\"primaryImageOfPage\":{\"@id\":\"https:\/\/www.oldwestburygardens.org\/ko\/phipps-family-history\/autumnal-nuptials\/#primaryimage\"},\"image\":{\"@id\":\"https:\/\/www.oldwestburygardens.org\/ko\/phipps-family-history\/autumnal-nuptials\/#primaryimage\"},\"thumbnailUrl\":\"https:\/\/www.oldwestburygardens.org\/wp-content\/uploads\/2025\/05\/PPD-Wedding.jpg\",\"datePublished\":\"2023-07-28T20:40:15+00:00\",\"dateModified\":\"2025-06-11T14:36:30+00:00\",\"breadcrumb\":{\"@id\":\"https:\/\/www.oldwestburygardens.org\/ko\/phipps-family-history\/autumnal-nuptials\/#breadcrumb\"},\"inLanguage\":\"es\",\"potentialAction\":[{\"@type\":\"ReadAction\",\"target\":[\"https:\/\/www.oldwestburygardens.org\/ko\/phipps-family-history\/autumnal-nuptials\/\"]}]},{\"@type\":\"ImageObject\",\"inLanguage\":\"es\",\"@id\":\"https:\/\/www.oldwestburygardens.org\/ko\/phipps-family-history\/autumnal-nuptials\/#primaryimage\",\"url\":\"https:\/\/www.oldwestburygardens.org\/wp-content\/uploads\/2025\/05\/PPD-Wedding.jpg\",\"contentUrl\":\"https:\/\/www.oldwestburygardens.org\/wp-content\/uploads\/2025\/05\/PPD-Wedding.jpg\"},{\"@type\":\"BreadcrumbList\",\"@id\":\"https:\/\/www.oldwestburygardens.org\/ko\/phipps-family-history\/autumnal-nuptials\/#breadcrumb\",\"itemListElement\":[{\"@type\":\"ListItem\",\"position\":1,\"name\":\"Home\",\"item\":\"https:\/\/www.oldwestburygardens.org\/\"},{\"@type\":\"ListItem\",\"position\":2,\"name\":\"Phipps Family History\",\"item\":\"https:\/\/www.oldwestburygardens.org\/zh\/phipps-family-history\/\"},{\"@type\":\"ListItem\",\"position\":3,\"name\":\"Autumnal Nuptials\"}]},{\"@type\":\"WebSite\",\"@id\":\"https:\/\/www.oldwestburygardens.org\/ko\/#website\",\"url\":\"https:\/\/www.oldwestburygardens.org\/ko\/\",\"name\":\"Old Westbury Gardens\",\"description\":\"\",\"publisher\":{\"@id\":\"https:\/\/www.oldwestburygardens.org\/ko\/#organization\"},\"potentialAction\":[{\"@type\":\"SearchAction\",\"target\":{\"@type\":\"EntryPoint\",\"urlTemplate\":\"https:\/\/www.oldwestburygardens.org\/ko\/?s={search_term_string}\"},\"query-input\":{\"@type\":\"PropertyValueSpecification\",\"valueRequired\":true,\"valueName\":\"search_term_string\"}}],\"inLanguage\":\"es\"},{\"@type\":\"Organization\",\"@id\":\"https:\/\/www.oldwestburygardens.org\/ko\/#organization\",\"name\":\"Old Westbury Gardens\",\"url\":\"https:\/\/www.oldwestburygardens.org\/ko\/\",\"logo\":{\"@type\":\"ImageObject\",\"inLanguage\":\"es\",\"@id\":\"https:\/\/www.oldwestburygardens.org\/ko\/#\/schema\/logo\/image\/\",\"url\":\"https:\/\/www.oldwestburygardens.org\/wp-content\/uploads\/2025\/03\/OWGlogoforsite.png\",\"contentUrl\":\"https:\/\/www.oldwestburygardens.org\/wp-content\/uploads\/2025\/03\/OWGlogoforsite.png\",\"width\":750,\"height\":173,\"caption\":\"Old Westbury Gardens\"},\"image\":{\"@id\":\"https:\/\/www.oldwestburygardens.org\/ko\/#\/schema\/logo\/image\/\"}}]}<\/script>\n<!-- \/ Yoast SEO plugin. -->","yoast_head_json":{"title":"Autumnal Nuptials | Old Westbury Gardens","robots":{"index":"index","follow":"follow","max-snippet":"max-snippet:-1","max-image-preview":"max-image-preview:large","max-video-preview":"max-video-preview:-1"},"canonical":"https:\/\/www.oldwestburygardens.org\/es\/phipps-family-history\/autumnal-nuptials\/","og_locale":"es_ES","og_type":"article","og_title":"Autumnal Nuptials | Old Westbury Gardens","og_description":"Phipps Family History: Autumnal Nuptials Spring isn\u2019t the only time couples are wed. In the Phipps family, several weddings took place in October and November: John (Jay) S. Phipps, who [&hellip;]","og_url":"https:\/\/www.oldwestburygardens.org\/es\/phipps-family-history\/autumnal-nuptials\/","og_site_name":"Old Westbury Gardens","article_modified_time":"2025-06-11T14:36:30+00:00","og_image":[{"url":"https:\/\/www.oldwestburygardens.org\/wp-content\/uploads\/2025\/05\/PPD-Wedding.jpg","type":"","width":"","height":""}],"twitter_card":"summary_large_image","twitter_misc":{"Est. reading time":"2 minutos"},"schema":{"@context":"https:\/\/schema.org","@graph":[{"@type":"WebPage","@id":"https:\/\/www.oldwestburygardens.org\/ko\/phipps-family-history\/autumnal-nuptials\/","url":"https:\/\/www.oldwestburygardens.org\/ko\/phipps-family-history\/autumnal-nuptials\/","name":"Autumnal Nuptials | Old Westbury Gardens","isPartOf":{"@id":"https:\/\/www.oldwestburygardens.org\/ko\/#website"},"primaryImageOfPage":{"@id":"https:\/\/www.oldwestburygardens.org\/ko\/phipps-family-history\/autumnal-nuptials\/#primaryimage"},"image":{"@id":"https:\/\/www.oldwestburygardens.org\/ko\/phipps-family-history\/autumnal-nuptials\/#primaryimage"},"thumbnailUrl":"https:\/\/www.oldwestburygardens.org\/wp-content\/uploads\/2025\/05\/PPD-Wedding.jpg","datePublished":"2023-07-28T20:40:15+00:00","dateModified":"2025-06-11T14:36:30+00:00","breadcrumb":{"@id":"https:\/\/www.oldwestburygardens.org\/ko\/phipps-family-history\/autumnal-nuptials\/#breadcrumb"},"inLanguage":"es","potentialAction":[{"@type":"ReadAction","target":["https:\/\/www.oldwestburygardens.org\/ko\/phipps-family-history\/autumnal-nuptials\/"]}]},{"@type":"ImageObject","inLanguage":"es","@id":"https:\/\/www.oldwestburygardens.org\/ko\/phipps-family-history\/autumnal-nuptials\/#primaryimage","url":"https:\/\/www.oldwestburygardens.org\/wp-content\/uploads\/2025\/05\/PPD-Wedding.jpg","contentUrl":"https:\/\/www.oldwestburygardens.org\/wp-content\/uploads\/2025\/05\/PPD-Wedding.jpg"},{"@type":"BreadcrumbList","@id":"https:\/\/www.oldwestburygardens.org\/ko\/phipps-family-history\/autumnal-nuptials\/#breadcrumb","itemListElement":[{"@type":"ListItem","position":1,"name":"Home","item":"https:\/\/www.oldwestburygardens.org\/"},{"@type":"ListItem","position":2,"name":"Phipps Family History","item":"https:\/\/www.oldwestburygardens.org\/zh\/phipps-family-history\/"},{"@type":"ListItem","position":3,"name":"Autumnal Nuptials"}]},{"@type":"WebSite","@id":"https:\/\/www.oldwestburygardens.org\/ko\/#website","url":"https:\/\/www.oldwestburygardens.org\/ko\/","name":"Jardines del viejo Westbury","description":"","publisher":{"@id":"https:\/\/www.oldwestburygardens.org\/ko\/#organization"},"potentialAction":[{"@type":"SearchAction","target":{"@type":"EntryPoint","urlTemplate":"https:\/\/www.oldwestburygardens.org\/ko\/?s={search_term_string}"},"query-input":{"@type":"PropertyValueSpecification","valueRequired":true,"valueName":"search_term_string"}}],"inLanguage":"es"},{"@type":"Organization","@id":"https:\/\/www.oldwestburygardens.org\/ko\/#organization","name":"Jardines del viejo Westbury","url":"https:\/\/www.oldwestburygardens.org\/ko\/","logo":{"@type":"ImageObject","inLanguage":"es","@id":"https:\/\/www.oldwestburygardens.org\/ko\/#\/schema\/logo\/image\/","url":"https:\/\/www.oldwestburygardens.org\/wp-content\/uploads\/2025\/03\/OWGlogoforsite.png","contentUrl":"https:\/\/www.oldwestburygardens.org\/wp-content\/uploads\/2025\/03\/OWGlogoforsite.png","width":750,"height":173,"caption":"Old Westbury Gardens"},"image":{"@id":"https:\/\/www.oldwestburygardens.org\/ko\/#\/schema\/logo\/image\/"}}]}},"_links":{"self":[{"href":"https:\/\/www.oldwestburygardens.org\/es\/wp-json\/wp\/v2\/pages\/616","targetHints":{"allow":["GET"]}}],"collection":[{"href":"https:\/\/www.oldwestburygardens.org\/es\/wp-json\/wp\/v2\/pages"}],"about":[{"href":"https:\/\/www.oldwestburygardens.org\/es\/wp-json\/wp\/v2\/types\/page"}],"author":[{"embeddable":true,"href":"https:\/\/www.oldwestburygardens.org\/es\/wp-json\/wp\/v2\/users\/1"}],"replies":[{"embeddable":true,"href":"https:\/\/www.oldwestburygardens.org\/es\/wp-json\/wp\/v2\/comments?post=616"}],"version-history":[{"count":4,"href":"https:\/\/www.oldwestburygardens.org\/es\/wp-json\/wp\/v2\/pages\/616\/revisions"}],"predecessor-version":[{"id":6684,"href":"https:\/\/www.oldwestburygardens.org\/es\/wp-json\/wp\/v2\/pages\/616\/revisions\/6684"}],"up":[{"embeddable":true,"href":"https:\/\/www.oldwestburygardens.org\/es\/wp-json\/wp\/v2\/pages\/605"}],"wp:attachment":[{"href":"https:\/\/www.oldwestburygardens.org\/es\/wp-json\/wp\/v2\/media?parent=616"}],"curies":[{"name":"wp","href":"https:\/\/api.w.org\/{rel}","templated":true}]}}