{"id":619,"date":"2023-07-28T20:42:21","date_gmt":"2023-07-28T20:42:21","guid":{"rendered":"https:\/\/www.oldwestburygardens.org\/may-i-have-your-autograph\/"},"modified":"2025-05-12T15:35:21","modified_gmt":"2025-05-12T15:35:21","slug":"may-i-have-your-autograph","status":"publish","type":"page","link":"https:\/\/www.oldwestburygardens.org\/es\/phipps-family-history\/may-i-have-your-autograph\/","title":{"rendered":"\u00bfMe puede dar su aut\u00f3grafo?"},"content":{"rendered":"<div class=\"wp-block-group has-global-padding is-layout-constrained wp-block-group-is-layout-constrained\" style=\"padding-top:0;padding-bottom:0\">\n<p><\/p>\n\n\n\n<h3 class=\"wp-block-heading\">Historia de la familia Phipps: \u00bfPuedo tener su aut\u00f3grafo?<\/h3>\n<\/div>\n\n\n\n<div class=\"wp-block-group has-global-padding is-layout-constrained wp-block-group-is-layout-constrained\" style=\"padding-top:0;padding-bottom:0\">\n<p>Adem\u00e1s de su reconocida colecci\u00f3n de paisajes y bellas artes, Old Westbury Gardens mantiene y preserva otros recursos culturales que evocan la grandiosa era rural de la historia estadounidense anterior a la guerra durante la cual se construy\u00f3 la propiedad.<\/p>\n\n\n\n<p>La biblioteca de Westbury House contiene una interesante colecci\u00f3n de libros adquiridos por Jay y Dita Phipps. La colecci\u00f3n abarca desde ediciones raras de Lord Byron, Anthony Trollope y Robert Burns, hasta libros populares de mediados del siglo XX como <em>Cruzada en Europa<\/em> (1948) de Dwight D. Eisenhower y <em>Kon-Tiki: Cruzando el Pac\u00edfico en una balsa<\/em> (1950) de Thor Heyerdahl.<\/p>\n\n\n\n<p>La colecci\u00f3n de documentos de la familia Phipps en Old Westbury Gardens incluye una peque\u00f1a pero significativa colecci\u00f3n de aut\u00f3grafos, hol\u00f3grafos y manuscritos firmados por personas notables como Walt Whitman, Charlotte Bront\u00eb, Theodore Roosevelt y el rey Jaime II de Inglaterra.<\/p>\n\n\n\n<p>La colecci\u00f3n de tales art\u00edculos tiene una larga historia. <a href=\"https:\/\/www.brandeis.edu\/library\/archives\/essays\/special-collections\/autographs.html#:~:text=Evidence%20of%20autograph%20collecting%20dates%20back%20to%20antiquity%2C,eventually%20developed%20an%20interest%20in%20collecting%20as%20well.\" target=\"_blank\" rel=\"noopener\">historia<\/a> y se hizo popular (y rentable) a mediados del siglo XIX.<\/p>\n\n\n\n<p>Al igual que con otros pasatiempos, los coleccionistas de manuscritos de finales del siglo XIX y principios del siglo XX enfatizaron los beneficios intelectuales y aspiracionales de coleccionar aut\u00f3grafos.<\/p>\n<\/div>\n\n\n\n<div class=\"wp-block-group has-global-padding is-layout-constrained wp-block-group-is-layout-constrained\" style=\"padding-top:0;padding-bottom:0\">\n<div class=\"wp-block-columns is-layout-flex wp-container-core-columns-is-layout-1 wp-block-columns-is-layout-flex\">\n<div class=\"wp-block-column is-layout-flow wp-block-column-is-layout-flow\" style=\"flex-basis:66.66%\">\n<blockquote class=\"wp-block-quote is-layout-flow wp-block-quote-is-layout-flow\">\n<p>\u2026el coleccionista de aut\u00f3grafos, que extiende sus intereses a los diversos grandes y c\u00e9lebres personajes cuyas cartas posee, y que se convierten para \u00e9l, de ah\u00ed en adelante, en asociados \u00edntimos, ya que por su correspondencia puede entrar en sus pensamientos y sentimientos, escuchar sus propias palabras, familiarizarse con sus modales y saber lo que dijeron e hicieron durante sus momentos m\u00e1s privados en la soledad de sus hogares.<\/p>\n<\/blockquote>\n\n\n\n<blockquote class=\"wp-block-quote is-layout-flow wp-block-quote-is-layout-flow\">\n<p>Sin embargo, con el tiempo, los coleccionistas enfatizaron que las ganancias financieras eran excepcionalmente importantes para adquirir tales documentos: \u201cLas cartas de simples obispos, pares, miembros del parlamento, etc., a menos que se distingan de otra manera, son completamente invendibles\u201d.<\/p>\n<cite><a href=\"https:\/\/books.google.com\/books?id=nAgPAAAAQAAJ&amp;printsec=frontcover#v=onepage&amp;q&amp;f=false\" target=\"_blank\" rel=\"noopener\"><em>Un manual para el coleccionista de aut\u00f3grafos<\/em> por Henry T. Scott (1898)<\/a><\/cite><\/blockquote>\n<\/div>\n\n\n\n<div class=\"wp-block-column is-layout-flow wp-block-column-is-layout-flow\" style=\"flex-basis:33.33%\">\n<figure class=\"wp-block-image size-large\"><img decoding=\"async\" src=\"https:\/\/www.oldwestburygardens.org\/wp-content\/uploads\/2025\/05\/PagesfromWaltWhitman_ThePatrolAtBarnegot_Complete.jpg\" alt=\"First draft of Patrolling Barnegat by Walt Whitman\" class=\"wp-image-123\"\/><figcaption class=\"wp-element-caption\">Primer borrador de <em>Patrullando Barnegat<\/em> por Walt Whitman<\/figcaption><\/figure>\n<\/div>\n<\/div>\n\n\n\n<p>Esta noble b\u00fasqueda contrastaba con el menos respetado \u201cAutograph Fiend\u201d, un t\u00e9rmino popularizado en Estados Unidos que describe a quienes molestan a individuos famosos simplemente por sus firmas.<\/p>\n\n\n\n<blockquote class=\"wp-block-quote is-layout-flow wp-block-quote-is-layout-flow\">\n<p>\u2026el coleccionista perspicaz acumula para beneficio de la posteridad documentos importantes o cartas de individuos famosos.<\/p>\n<cite><a href=\"https:\/\/www.google.com\/books\/edition\/Chats_on_Autographs\/rkg5AQAAMAAJ?hl=en&amp;gbpv=1\" target=\"_blank\" rel=\"noopener\"><em>Chats sobre aut\u00f3grafos<\/em> por AM Broadley (1910)<\/a><\/cite><\/blockquote>\n\n\n\n<div class=\"wp-block-columns is-layout-flex wp-container-core-columns-is-layout-2 wp-block-columns-is-layout-flex\">\n<div class=\"wp-block-column is-layout-flow wp-block-column-is-layout-flow\" style=\"flex-basis:66.66%\">\n<p>Entre lo m\u00e1s destacado de la colecci\u00f3n:<\/p>\n\n\n\n<p>La mayor parte de la colecci\u00f3n de aut\u00f3grafos de Phipps fue adquirida a la Anderson Auction Company, que luego fue absorbida por Sotheby&#039;s.<\/p>\n\n\n\n<ul class=\"wp-block-list\">\n<li><strong>Walt Whitman<\/strong>:Manuscrito de 1890 del primer borrador de \u201c<a href=\"https:\/\/whitmanarchive.org\/published\/LG\/1891\/poems\/116\" target=\"_blank\" rel=\"noopener\"><em>Patrullando Barnegat<\/em><\/a>.&#8221;<\/li>\n\n\n\n<li><strong>Samuel F. Smith<\/strong>: 1883 hol\u00f3grafo de \u201c<a href=\"https:\/\/www.songhall.org\/profile\/Samuel_Francis_Smith\" target=\"_blank\" rel=\"noopener\"><em>Am\u00e9rica (Mi pa\u00eds, eres t\u00fa)<\/em><\/a>.&#8221;<\/li>\n\n\n\n<li><strong>Teodoro Roosevelt<\/strong>:Discurso mecanografiado de 1900 con notas escritas a mano sobre la aceptaci\u00f3n de la nominaci\u00f3n republicana a la vicepresidencia.<\/li>\n<\/ul>\n\n\n\n<p>A\u00fan quedan preguntas sobre qu\u00e9 motiv\u00f3 a la familia Phipps a adquirir estos documentos. Este ser\u00e1 un proyecto de investigaci\u00f3n para el archivista Drew Fullshire, quien contin\u00faa catalogando la Colecci\u00f3n Phipps.<\/p>\n<\/div>\n\n\n\n<div class=\"wp-block-column is-layout-flow wp-block-column-is-layout-flow\" style=\"flex-basis:33.33%\">\n<figure class=\"wp-block-image size-large\"><img decoding=\"async\" src=\"https:\/\/www.oldwestburygardens.org\/wp-content\/uploads\/2025\/05\/TRDoc2.jpg\" alt=\"1900 Typescript speech with handwritten notes by Theodore Roosevelt\" class=\"wp-image-124\"\/><figcaption class=\"wp-element-caption\">Discurso mecanografiado de 1900 con notas manuscritas de <a href=\"https:\/\/www.nps.gov\/thri\/theodorerooseveltbio.htm\" target=\"_blank\" rel=\"noopener\">Teodoro Roosevelt<\/a><\/figcaption><\/figure>\n<\/div>\n<\/div>\n\n\n\n<p class=\"has-text-align-right\"><em>~Paul Hunchak, Director de Programas P\u00fablicos y Servicios para Visitantes<\/em><\/p>\n<\/div>\n\n\n\n<div class=\"wp-block-group has-global-padding is-layout-constrained wp-block-group-is-layout-constrained\" style=\"padding-top:0;padding-bottom:0\">\n<figure class=\"wp-block-image size-large\"><img decoding=\"async\" src=\"https:\/\/www.oldwestburygardens.org\/wp-content\/uploads\/2025\/05\/PagesfromSamuelF.Smith_SongManuscript_Complete.pdf_Pages1and2combined.jpg\" alt=\"Pages from the Samuel F. Smith Song Manuscript of America\" class=\"wp-image-125\"\/><figcaption class=\"wp-element-caption\">P\u00e1ginas del manuscrito de la canci\u00f3n de Samuel F. Smith <em>Am\u00e9rica<\/em><\/figcaption><\/figure>\n\n\n\n<p><\/p>\n<\/div>","protected":false},"excerpt":{"rendered":"<p>Historia de la familia Phipps: \u00bfMe permite su aut\u00f3grafo? Adem\u00e1s de su reconocida colecci\u00f3n de paisajes y bellas artes, los Jardines de Old Westbury mantienen y preservan otros recursos culturales que evocan [\u2026]<\/p>","protected":false},"author":1,"featured_media":0,"parent":605,"menu_order":0,"comment_status":"open","ping_status":"open","template":"","meta":{"_acf_changed":false,"_tec_requires_first_save":true,"_EventAllDay":false,"_EventTimezone":"","_EventStartDate":"","_EventEndDate":"","_EventStartDateUTC":"","_EventEndDateUTC":"","_EventShowMap":false,"_EventShowMapLink":false,"_EventURL":"","_EventCost":"","_EventCostDescription":"","_EventCurrencySymbol":"","_EventCurrencyCode":"","_EventCurrencyPosition":"","_EventDateTimeSeparator":"","_EventTimeRangeSeparator":"","_EventOrganizerID":[],"_EventVenueID":[],"_OrganizerEmail":"","_OrganizerPhone":"","_OrganizerWebsite":"","_VenueAddress":"","_VenueCity":"","_VenueCountry":"","_VenueProvince":"","_VenueState":"","_VenueZip":"","_VenuePhone":"","_VenueURL":"","_VenueStateProvince":"","_VenueLat":"","_VenueLng":"","_VenueShowMap":false,"_VenueShowMapLink":false,"_tribe_blocks_recurrence_rules":"","_tribe_blocks_recurrence_description":"","_tribe_blocks_recurrence_exclusions":"","footnotes":""},"class_list":["post-619","page","type-page","status-publish","hentry"],"acf":[],"yoast_head":"<!-- This site is optimized with the Yoast SEO plugin v26.2 - https:\/\/yoast.com\/wordpress\/plugins\/seo\/ -->\n<title>May I Have Your Autograph? | Old Westbury Gardens<\/title>\n<meta name=\"robots\" content=\"index, follow, max-snippet:-1, max-image-preview:large, max-video-preview:-1\" \/>\n<link rel=\"canonical\" href=\"https:\/\/www.oldwestburygardens.org\/es\/phipps-family-history\/may-i-have-your-autograph\/\" \/>\n<meta property=\"og:locale\" content=\"es_ES\" \/>\n<meta property=\"og:type\" content=\"article\" \/>\n<meta property=\"og:title\" content=\"May I Have Your Autograph? | Old Westbury Gardens\" \/>\n<meta property=\"og:description\" content=\"Phipps Family History: May I Have Your Autograph? In addition to its renowned landscape and fine arts collection, Old Westbury Gardens maintains and preserves other cultural resources that evoke the [&hellip;]\" \/>\n<meta property=\"og:url\" content=\"https:\/\/www.oldwestburygardens.org\/es\/phipps-family-history\/may-i-have-your-autograph\/\" \/>\n<meta property=\"og:site_name\" content=\"Old Westbury Gardens\" \/>\n<meta property=\"article:modified_time\" content=\"2025-05-12T15:35:21+00:00\" \/>\n<meta property=\"og:image\" content=\"https:\/\/www.oldwestburygardens.org\/wp-content\/uploads\/2025\/05\/PagesfromWaltWhitman_ThePatrolAtBarnegot_Complete.jpg\" \/>\n<meta name=\"twitter:card\" content=\"summary_large_image\" \/>\n<meta name=\"twitter:label1\" content=\"Est. reading time\" \/>\n\t<meta name=\"twitter:data1\" content=\"2 minutos\" \/>\n<script type=\"application\/ld+json\" class=\"yoast-schema-graph\">{\"@context\":\"https:\/\/schema.org\",\"@graph\":[{\"@type\":\"WebPage\",\"@id\":\"https:\/\/www.oldwestburygardens.org\/zh\/phipps-family-history\/may-i-have-your-autograph\/\",\"url\":\"https:\/\/www.oldwestburygardens.org\/zh\/phipps-family-history\/may-i-have-your-autograph\/\",\"name\":\"May I Have Your Autograph? | Old Westbury Gardens\",\"isPartOf\":{\"@id\":\"https:\/\/www.oldwestburygardens.org\/ko\/#website\"},\"primaryImageOfPage\":{\"@id\":\"https:\/\/www.oldwestburygardens.org\/zh\/phipps-family-history\/may-i-have-your-autograph\/#primaryimage\"},\"image\":{\"@id\":\"https:\/\/www.oldwestburygardens.org\/zh\/phipps-family-history\/may-i-have-your-autograph\/#primaryimage\"},\"thumbnailUrl\":\"https:\/\/www.oldwestburygardens.org\/wp-content\/uploads\/2025\/05\/PagesfromWaltWhitman_ThePatrolAtBarnegot_Complete.jpg\",\"datePublished\":\"2023-07-28T20:42:21+00:00\",\"dateModified\":\"2025-05-12T15:35:21+00:00\",\"breadcrumb\":{\"@id\":\"https:\/\/www.oldwestburygardens.org\/zh\/phipps-family-history\/may-i-have-your-autograph\/#breadcrumb\"},\"inLanguage\":\"es\",\"potentialAction\":[{\"@type\":\"ReadAction\",\"target\":[\"https:\/\/www.oldwestburygardens.org\/zh\/phipps-family-history\/may-i-have-your-autograph\/\"]}]},{\"@type\":\"ImageObject\",\"inLanguage\":\"es\",\"@id\":\"https:\/\/www.oldwestburygardens.org\/zh\/phipps-family-history\/may-i-have-your-autograph\/#primaryimage\",\"url\":\"https:\/\/www.oldwestburygardens.org\/wp-content\/uploads\/2025\/05\/PagesfromWaltWhitman_ThePatrolAtBarnegot_Complete.jpg\",\"contentUrl\":\"https:\/\/www.oldwestburygardens.org\/wp-content\/uploads\/2025\/05\/PagesfromWaltWhitman_ThePatrolAtBarnegot_Complete.jpg\"},{\"@type\":\"BreadcrumbList\",\"@id\":\"https:\/\/www.oldwestburygardens.org\/zh\/phipps-family-history\/may-i-have-your-autograph\/#breadcrumb\",\"itemListElement\":[{\"@type\":\"ListItem\",\"position\":1,\"name\":\"Home\",\"item\":\"https:\/\/www.oldwestburygardens.org\/\"},{\"@type\":\"ListItem\",\"position\":2,\"name\":\"Phipps Family History\",\"item\":\"https:\/\/www.oldwestburygardens.org\/zh\/phipps-family-history\/\"},{\"@type\":\"ListItem\",\"position\":3,\"name\":\"May I Have Your Autograph?\"}]},{\"@type\":\"WebSite\",\"@id\":\"https:\/\/www.oldwestburygardens.org\/ko\/#website\",\"url\":\"https:\/\/www.oldwestburygardens.org\/ko\/\",\"name\":\"Old Westbury Gardens\",\"description\":\"\",\"publisher\":{\"@id\":\"https:\/\/www.oldwestburygardens.org\/ko\/#organization\"},\"potentialAction\":[{\"@type\":\"SearchAction\",\"target\":{\"@type\":\"EntryPoint\",\"urlTemplate\":\"https:\/\/www.oldwestburygardens.org\/ko\/?s={search_term_string}\"},\"query-input\":{\"@type\":\"PropertyValueSpecification\",\"valueRequired\":true,\"valueName\":\"search_term_string\"}}],\"inLanguage\":\"es\"},{\"@type\":\"Organization\",\"@id\":\"https:\/\/www.oldwestburygardens.org\/ko\/#organization\",\"name\":\"Old Westbury Gardens\",\"url\":\"https:\/\/www.oldwestburygardens.org\/ko\/\",\"logo\":{\"@type\":\"ImageObject\",\"inLanguage\":\"es\",\"@id\":\"https:\/\/www.oldwestburygardens.org\/ko\/#\/schema\/logo\/image\/\",\"url\":\"https:\/\/www.oldwestburygardens.org\/wp-content\/uploads\/2025\/03\/OWGlogoforsite.png\",\"contentUrl\":\"https:\/\/www.oldwestburygardens.org\/wp-content\/uploads\/2025\/03\/OWGlogoforsite.png\",\"width\":750,\"height\":173,\"caption\":\"Old Westbury Gardens\"},\"image\":{\"@id\":\"https:\/\/www.oldwestburygardens.org\/ko\/#\/schema\/logo\/image\/\"}}]}<\/script>\n<!-- \/ Yoast SEO plugin. -->","yoast_head_json":{"title":"\u00bfMe das tu aut\u00f3grafo? | Jardines de Old Westbury","robots":{"index":"index","follow":"follow","max-snippet":"max-snippet:-1","max-image-preview":"max-image-preview:large","max-video-preview":"max-video-preview:-1"},"canonical":"https:\/\/www.oldwestburygardens.org\/es\/phipps-family-history\/may-i-have-your-autograph\/","og_locale":"es_ES","og_type":"article","og_title":"May I Have Your Autograph? | Old Westbury Gardens","og_description":"Phipps Family History: May I Have Your Autograph? In addition to its renowned landscape and fine arts collection, Old Westbury Gardens maintains and preserves other cultural resources that evoke the [&hellip;]","og_url":"https:\/\/www.oldwestburygardens.org\/es\/phipps-family-history\/may-i-have-your-autograph\/","og_site_name":"Old Westbury Gardens","article_modified_time":"2025-05-12T15:35:21+00:00","og_image":[{"url":"https:\/\/www.oldwestburygardens.org\/wp-content\/uploads\/2025\/05\/PagesfromWaltWhitman_ThePatrolAtBarnegot_Complete.jpg","type":"","width":"","height":""}],"twitter_card":"summary_large_image","twitter_misc":{"Est. reading time":"2 minutos"},"schema":{"@context":"https:\/\/schema.org","@graph":[{"@type":"WebPage","@id":"https:\/\/www.oldwestburygardens.org\/zh\/phipps-family-history\/may-i-have-your-autograph\/","url":"https:\/\/www.oldwestburygardens.org\/zh\/phipps-family-history\/may-i-have-your-autograph\/","name":"\u00bfMe das tu aut\u00f3grafo? | Jardines de Old Westbury","isPartOf":{"@id":"https:\/\/www.oldwestburygardens.org\/ko\/#website"},"primaryImageOfPage":{"@id":"https:\/\/www.oldwestburygardens.org\/zh\/phipps-family-history\/may-i-have-your-autograph\/#primaryimage"},"image":{"@id":"https:\/\/www.oldwestburygardens.org\/zh\/phipps-family-history\/may-i-have-your-autograph\/#primaryimage"},"thumbnailUrl":"https:\/\/www.oldwestburygardens.org\/wp-content\/uploads\/2025\/05\/PagesfromWaltWhitman_ThePatrolAtBarnegot_Complete.jpg","datePublished":"2023-07-28T20:42:21+00:00","dateModified":"2025-05-12T15:35:21+00:00","breadcrumb":{"@id":"https:\/\/www.oldwestburygardens.org\/zh\/phipps-family-history\/may-i-have-your-autograph\/#breadcrumb"},"inLanguage":"es","potentialAction":[{"@type":"ReadAction","target":["https:\/\/www.oldwestburygardens.org\/zh\/phipps-family-history\/may-i-have-your-autograph\/"]}]},{"@type":"ImageObject","inLanguage":"es","@id":"https:\/\/www.oldwestburygardens.org\/zh\/phipps-family-history\/may-i-have-your-autograph\/#primaryimage","url":"https:\/\/www.oldwestburygardens.org\/wp-content\/uploads\/2025\/05\/PagesfromWaltWhitman_ThePatrolAtBarnegot_Complete.jpg","contentUrl":"https:\/\/www.oldwestburygardens.org\/wp-content\/uploads\/2025\/05\/PagesfromWaltWhitman_ThePatrolAtBarnegot_Complete.jpg"},{"@type":"BreadcrumbList","@id":"https:\/\/www.oldwestburygardens.org\/zh\/phipps-family-history\/may-i-have-your-autograph\/#breadcrumb","itemListElement":[{"@type":"ListItem","position":1,"name":"Home","item":"https:\/\/www.oldwestburygardens.org\/"},{"@type":"ListItem","position":2,"name":"Phipps Family History","item":"https:\/\/www.oldwestburygardens.org\/zh\/phipps-family-history\/"},{"@type":"ListItem","position":3,"name":"May I Have Your Autograph?"}]},{"@type":"WebSite","@id":"https:\/\/www.oldwestburygardens.org\/ko\/#website","url":"https:\/\/www.oldwestburygardens.org\/ko\/","name":"Jardines del viejo Westbury","description":"","publisher":{"@id":"https:\/\/www.oldwestburygardens.org\/ko\/#organization"},"potentialAction":[{"@type":"SearchAction","target":{"@type":"EntryPoint","urlTemplate":"https:\/\/www.oldwestburygardens.org\/ko\/?s={search_term_string}"},"query-input":{"@type":"PropertyValueSpecification","valueRequired":true,"valueName":"search_term_string"}}],"inLanguage":"es"},{"@type":"Organization","@id":"https:\/\/www.oldwestburygardens.org\/ko\/#organization","name":"Jardines del viejo Westbury","url":"https:\/\/www.oldwestburygardens.org\/ko\/","logo":{"@type":"ImageObject","inLanguage":"es","@id":"https:\/\/www.oldwestburygardens.org\/ko\/#\/schema\/logo\/image\/","url":"https:\/\/www.oldwestburygardens.org\/wp-content\/uploads\/2025\/03\/OWGlogoforsite.png","contentUrl":"https:\/\/www.oldwestburygardens.org\/wp-content\/uploads\/2025\/03\/OWGlogoforsite.png","width":750,"height":173,"caption":"Old Westbury Gardens"},"image":{"@id":"https:\/\/www.oldwestburygardens.org\/ko\/#\/schema\/logo\/image\/"}}]}},"_links":{"self":[{"href":"https:\/\/www.oldwestburygardens.org\/es\/wp-json\/wp\/v2\/pages\/619","targetHints":{"allow":["GET"]}}],"collection":[{"href":"https:\/\/www.oldwestburygardens.org\/es\/wp-json\/wp\/v2\/pages"}],"about":[{"href":"https:\/\/www.oldwestburygardens.org\/es\/wp-json\/wp\/v2\/types\/page"}],"author":[{"embeddable":true,"href":"https:\/\/www.oldwestburygardens.org\/es\/wp-json\/wp\/v2\/users\/1"}],"replies":[{"embeddable":true,"href":"https:\/\/www.oldwestburygardens.org\/es\/wp-json\/wp\/v2\/comments?post=619"}],"version-history":[{"count":3,"href":"https:\/\/www.oldwestburygardens.org\/es\/wp-json\/wp\/v2\/pages\/619\/revisions"}],"predecessor-version":[{"id":5552,"href":"https:\/\/www.oldwestburygardens.org\/es\/wp-json\/wp\/v2\/pages\/619\/revisions\/5552"}],"up":[{"embeddable":true,"href":"https:\/\/www.oldwestburygardens.org\/es\/wp-json\/wp\/v2\/pages\/605"}],"wp:attachment":[{"href":"https:\/\/www.oldwestburygardens.org\/es\/wp-json\/wp\/v2\/media?parent=619"}],"curies":[{"name":"wp","href":"https:\/\/api.w.org\/{rel}","templated":true}]}}