{"id":625,"date":"2023-04-13T17:19:09","date_gmt":"2023-04-13T17:19:09","guid":{"rendered":"https:\/\/www.oldwestburygardens.org\/new-page-2\/"},"modified":"2025-05-13T02:27:04","modified_gmt":"2025-05-13T02:27:04","slug":"new-page-2","status":"publish","type":"page","link":"https:\/\/www.oldwestburygardens.org\/es\/new-page-2\/","title":{"rendered":"Accesibilidad web"},"content":{"rendered":"<div class=\"wp-block-group has-global-padding is-layout-constrained wp-block-group-is-layout-constrained\" style=\"padding-top:var(--wp--preset--spacing--50);padding-bottom:var(--wp--preset--spacing--50)\"><h1 class=\"wp-block-post-title\">Accesibilidad web<\/h1><\/div>\n\n\n\n<div class=\"wp-block-group has-global-padding is-layout-constrained wp-block-group-is-layout-constrained\" style=\"padding-top:0;padding-bottom:0\">\n<h2 class=\"wp-block-heading\">Declaraci\u00f3n de accesibilidad<\/h2>\n\n\n\n<p>Esta Declaraci\u00f3n de Accesibilidad se aplica a: oldwestburygardens.org<\/p>\n<\/div>\n\n\n\n<div class=\"wp-block-group has-global-padding is-layout-constrained wp-block-group-is-layout-constrained\" style=\"padding-top:0;padding-bottom:0\">\n<h3 class=\"wp-block-heading\">Valoramos la inclusi\u00f3n digital<\/h3>\n\n\n\n<p>En nuestro esfuerzo por ayudar a proporcionar una experiencia totalmente accesible y optimizada para los visitantes de nuestro sitio web, oldwestburygardens.org ha tomado medidas cuidadosas para ayudar a garantizar una mejor experiencia de usuario, ya sea que el visitante del sitio web utilice tecnolog\u00edas de asistencia como un lector de pantalla, una lupa u otra tecnolog\u00eda de asistencia para acceder al sitio web.<br><br>Este sitio web es monitoreado y probado por&nbsp;<a href=\"https:\/\/www.audioeye.com\/\" target=\"_blank\" rel=\"noreferrer noopener\">AudioEye<\/a>, un proveedor externo de pruebas y monitorizaci\u00f3n de accesibilidad web. Los resultados de las pruebas automatizadas se informan a oldwestburygardens.org en la plataforma AudioEye. Adem\u00e1s, cuando oldwestburygardens.org contrata a AudioEye para la revisi\u00f3n, correcci\u00f3n y pruebas de usuarios por parte de expertos, AudioEye corrige los problemas detectados o proporciona un Informe de Retroalimentaci\u00f3n de la Fuente (SFR) para que oldwestburygardens.org los solucione. Finalmente, AudioEye mejora y perfecciona continuamente sus soluciones existentes.<\/p>\n\n\n\n<figure class=\"wp-block-image\"><img decoding=\"async\" src=\"https:\/\/portal.audioeye.com\/AudioEye-Trusted-Horizontal.svg\" alt=\"AudioEye Trusted\"\/><\/figure>\n<\/div>\n\n\n\n<div class=\"wp-block-group has-global-padding is-layout-constrained wp-block-group-is-layout-constrained\" style=\"padding-top:0;padding-bottom:0\">\n<h3 class=\"wp-block-heading\">Certificaci\u00f3n de confianza de AudioEye<\/h3>\n\n\n\n<p>La insignia &quot;Confianza de AudioEye&quot; representa un compromiso con la accesibilidad y la inclusi\u00f3n digital. El proceso de certificaci\u00f3n de AudioEye implica una revisi\u00f3n autom\u00e1tica y, si corresponde, por parte de expertos, correcci\u00f3n y pruebas de usuario para aumentar el cumplimiento de los Criterios de \u00c9xito de Nivel AA de las Pautas de Accesibilidad al Contenido Web (WCAG) 2.2. AudioEye y oldwestburygardens.org siguen colaborando para mantener el cumplimiento de los criterios de \u00e9xito y ofrecer una experiencia de usuario accesible a todos los visitantes del sitio web.<\/p>\n\n\n\n<p><strong>AudioEye certifica que oldwestburygardens.org ha contratado a AudioEye para ayudar a oldwestburygardens.org a cumplir con los criterios de \u00e9xito AA de WCAG 2.2.<\/strong><\/p>\n\n\n\n<p>AudioEye utiliza los siguientes navegadores web y tecnolog\u00edas de asistencia basadas en web para probar sus soluciones:<\/p>\n\n\n\n<p>Las dos versiones m\u00e1s recientes e inmediatamente anteriores de cualquier navegador web compatible con est\u00e1ndares de escritorio que representa m\u00e1s del 5% de participaci\u00f3n de mercado.<\/p>\n\n\n\n<p>Las tecnolog\u00edas de asistencia basadas en la web, como los lectores de pantalla (es decir, JAWS, NVDA y VoiceOver), la ampliaci\u00f3n, el dictado de voz y la navegaci\u00f3n solo con teclado, generalmente son las preferidas por la comunidad de discapacitados.<\/p>\n<\/div>\n\n\n\n<div class=\"wp-block-group has-global-padding is-layout-constrained wp-block-group-is-layout-constrained\" style=\"padding-top:0;padding-bottom:0\">\n<h3 class=\"wp-block-heading\">Pautas de accesibilidad web<\/h3>\n\n\n\n<p>Por favor, consulte m\u00e1s informaci\u00f3n sobre&nbsp;<a href=\"https:\/\/www.audioeye.com\/wcag-compliance\" target=\"_blank\" rel=\"noreferrer noopener\">Cumplimiento de WCAG<\/a>.<\/p>\n\n\n\n<p>Mejorando la experiencia del usuario para todos<\/p>\n\n\n\n<p>oldwestburygardens.org ha utilizado las Pautas de Accesibilidad al Contenido Web (WCAG) 2.2 como referencia para garantizar que el contenido disponible en este sitio web sea m\u00e1s accesible para personas con discapacidad y f\u00e1cil de usar para todos. Estas buenas pr\u00e1cticas, reconocidas mundialmente (seg\u00fan las recomendaciones del Consorcio World Wide Web), constan de tres niveles de medici\u00f3n de accesibilidad (A, AA y AAA). AudioEye utiliza el Nivel AA de estas pautas para facilitar la accesibilidad.<\/p>\n<\/div>\n\n\n\n<div class=\"wp-block-group has-global-padding is-layout-constrained wp-block-group-is-layout-constrained\" style=\"padding-top:0;padding-bottom:0\">\n<h3 class=\"wp-block-heading\">Enlaces relacionados<\/h3>\n\n\n\n<p><a href=\"https:\/\/www.w3.org\/WAI\/\" target=\"_blank\" rel=\"noreferrer noopener\">Iniciativa de Accesibilidad Web (WAI)<\/a><\/p>\n<\/div>\n\n\n\n<div class=\"wp-block-group has-global-padding is-layout-constrained wp-block-group-is-layout-constrained\" style=\"padding-top:0;padding-bottom:0\">\n<h3 class=\"wp-block-heading\">Comentario<\/h3>\n\n\n\n<p>\u00bfHas notado alguna barrera de accesibilidad? Informar de un problema.<\/p>\n\n\n\n<p>AudioEye est\u00e1 disponible para ayudar a los visitantes del sitio web con cualquier problema que tengan al acceder al contenido y a los diversos servicios y funciones disponibles en oldwestburygardens.org. Se anima a los visitantes del sitio web a contactar con el servicio de asistencia para informar y solucionar problemas de accesibilidad web.<\/p>\n<\/div>\n\n\n\n<div class=\"wp-block-group has-global-padding is-layout-constrained wp-block-group-is-layout-constrained\" style=\"padding-top:0;padding-bottom:0\">\n<h3 class=\"wp-block-heading\">El servicio de asistencia de accesibilidad de AudioEye<\/h3>\n\n\n\n<p>Proporcionar a los usuarios una utilidad de asistencia gratuita y personalizable<\/p>\n\n\n\n<p>Adem\u00e1s de las t\u00e9cnicas y estrategias mencionadas, ofrecemos el Centro de Ayuda de Accesibilidad de AudioEye, que permite a los visitantes del sitio web reportar problemas de accesibilidad. El Centro de Ayuda tambi\u00e9n proporciona herramientas de personalizaci\u00f3n que permiten a los visitantes del sitio web personalizar su experiencia de usuario. Si el Centro de Ayuda de Accesibilidad de AudioEye no est\u00e1 habilitado por defecto, los usuarios pueden habilitarlo seleccionando el bot\u00f3n &quot;Activar Centro de Ayuda&quot; a continuaci\u00f3n. Una vez activado, el icono de Accesibilidad deber\u00eda estar visible en cualquier p\u00e1gina de este sitio web. Los usuarios pueden contactar con el Centro de Ayuda interactuando con el icono de Accesibilidad.<\/p>\n<\/div>\n\n\n\n<div class=\"wp-block-group has-global-padding is-layout-constrained wp-block-group-is-layout-constrained\" style=\"padding-top:0;padding-bottom:0\">\n<h3 class=\"wp-block-heading\">Caracter\u00edsticas principales del servicio de asistencia de accesibilidad de AudioEye<\/h3>\n\n\n\n<p><strong>Centro de ayuda de AudioEye<\/strong>Los usuarios pueden informar problemas relacionados con la accesibilidad y la usabilidad.<\/p>\n\n\n\n<p><strong>Herramientas de personalizaci\u00f3n<\/strong>Las herramientas de personalizaci\u00f3n se pueden utilizar para personalizar la presentaci\u00f3n visual del sitio web.<\/p>\n\n\n\n<p><strong>Navegaci\u00f3n por elementos de la p\u00e1gina<\/strong>Los usuarios pueden navegar f\u00e1cilmente a trav\u00e9s de cualquier p\u00e1gina por elemento o jerarqu\u00eda de contenido.<\/p>\n<\/div>\n\n\n\n<div class=\"wp-block-group has-global-padding is-layout-constrained wp-block-group-is-layout-constrained\" style=\"padding-top:0;padding-bottom:0\">\n<h3 class=\"wp-block-heading\">Sitios de terceros<\/h3>\n\n\n\n<p>En este sitio web, podemos utilizar sitios web de terceros como Facebook, Google Maps, X (anteriormente Twitter), LinkedIn, Instagram y YouTube para difundir noticias e informaci\u00f3n sobre los productos y servicios de oldwestburygardens.org. Estos sitios web, que no est\u00e1n controlados por oldwestburygardens.org, pueden presentar dificultades para las personas con discapacidad que no podemos controlar ni solucionar. A continuaci\u00f3n, se detallan las Pol\u00edticas de Accesibilidad de estos sitios web de terceros, tal como se publican:<\/p>\n\n\n\n<p><a href=\"https:\/\/www.facebook.com\/help\/141636465971794\/\" target=\"_blank\" rel=\"noreferrer noopener\">Pol\u00edtica de accesibilidad de Facebook<\/a><\/p>\n\n\n\n<p><a href=\"https:\/\/support.google.com\/maps\/answer\/6396990\" target=\"_blank\" rel=\"noreferrer noopener\">Pol\u00edtica de accesibilidad de Google Maps<\/a><\/p>\n\n\n\n<p><a href=\"https:\/\/help.x.com\/en\/resources\/accessibility\" target=\"_blank\" rel=\"noreferrer noopener\">Pol\u00edtica de accesibilidad de X (anteriormente conocida como Twitter)<\/a><\/p>\n\n\n\n<p><a href=\"https:\/\/www.linkedin.com\/accessibility\" target=\"_blank\" rel=\"noreferrer noopener\">Pol\u00edtica de accesibilidad de LinkedIn<\/a><\/p>\n\n\n\n<p><a href=\"https:\/\/help.instagram.com\/1178723545597542\" target=\"_blank\" rel=\"noreferrer noopener\">Pol\u00edtica de accesibilidad de Instagram<\/a><\/p>\n\n\n\n<p><a href=\"https:\/\/support.google.com\/youtube\/answer\/189278\" target=\"_blank\" rel=\"noreferrer noopener\">Pol\u00edtica de accesibilidad de YouTube<\/a><\/p>\n<\/div>\n\n\n\n<p><\/p>\n\n\n\n<p><\/p>\n\n\n\n<p><\/p>","protected":false},"excerpt":{"rendered":"<p>Accessibility statement This Accessibility Statement applies to: oldwestburygardens.org We Value Digital Inclusion In our effort to help provide a fully accessible and optimized experience for our website visitors, oldwestburygardens.org has [&hellip;]<\/p>","protected":false},"author":1,"featured_media":0,"parent":0,"menu_order":0,"comment_status":"open","ping_status":"open","template":"","meta":{"_acf_changed":false,"_tec_requires_first_save":true,"_EventAllDay":false,"_EventTimezone":"","_EventStartDate":"","_EventEndDate":"","_EventStartDateUTC":"","_EventEndDateUTC":"","_EventShowMap":false,"_EventShowMapLink":false,"_EventURL":"","_EventCost":"","_EventCostDescription":"","_EventCurrencySymbol":"","_EventCurrencyCode":"","_EventCurrencyPosition":"","_EventDateTimeSeparator":"","_EventTimeRangeSeparator":"","_EventOrganizerID":[],"_EventVenueID":[],"_OrganizerEmail":"","_OrganizerPhone":"","_OrganizerWebsite":"","_VenueAddress":"","_VenueCity":"","_VenueCountry":"","_VenueProvince":"","_VenueState":"","_VenueZip":"","_VenuePhone":"","_VenueURL":"","_VenueStateProvince":"","_VenueLat":"","_VenueLng":"","_VenueShowMap":false,"_VenueShowMapLink":false,"_tribe_blocks_recurrence_rules":"","_tribe_blocks_recurrence_description":"","_tribe_blocks_recurrence_exclusions":"","footnotes":""},"class_list":["post-625","page","type-page","status-publish","hentry"],"acf":[],"yoast_head":"<!-- This site is optimized with the Yoast SEO plugin v26.2 - https:\/\/yoast.com\/wordpress\/plugins\/seo\/ -->\n<title>Web Accessibility | Old Westbury Gardens<\/title>\n<meta name=\"robots\" content=\"index, follow, max-snippet:-1, max-image-preview:large, max-video-preview:-1\" \/>\n<link rel=\"canonical\" href=\"https:\/\/www.oldwestburygardens.org\/es\/new-page-2\/\" \/>\n<meta property=\"og:locale\" content=\"es_ES\" \/>\n<meta property=\"og:type\" content=\"article\" \/>\n<meta property=\"og:title\" content=\"Web Accessibility | Old Westbury Gardens\" \/>\n<meta property=\"og:description\" content=\"Accessibility statement This Accessibility Statement applies to: oldwestburygardens.org We Value Digital Inclusion In our effort to help provide a fully accessible and optimized experience for our website visitors, oldwestburygardens.org has [&hellip;]\" \/>\n<meta property=\"og:url\" content=\"https:\/\/www.oldwestburygardens.org\/es\/new-page-2\/\" \/>\n<meta property=\"og:site_name\" content=\"Old Westbury Gardens\" \/>\n<meta property=\"article:modified_time\" content=\"2025-05-13T02:27:04+00:00\" \/>\n<meta property=\"og:image\" content=\"https:\/\/portal.audioeye.com\/AudioEye-Trusted-Horizontal.svg\" \/>\n<meta name=\"twitter:card\" content=\"summary_large_image\" \/>\n<meta name=\"twitter:label1\" content=\"Est. reading time\" \/>\n\t<meta name=\"twitter:data1\" content=\"3 minutos\" \/>\n<script type=\"application\/ld+json\" class=\"yoast-schema-graph\">{\"@context\":\"https:\/\/schema.org\",\"@graph\":[{\"@type\":\"WebPage\",\"@id\":\"https:\/\/www.oldwestburygardens.org\/new-page-2\/\",\"url\":\"https:\/\/www.oldwestburygardens.org\/new-page-2\/\",\"name\":\"Web Accessibility | Old Westbury Gardens\",\"isPartOf\":{\"@id\":\"https:\/\/www.oldwestburygardens.org\/ko\/#website\"},\"primaryImageOfPage\":{\"@id\":\"https:\/\/www.oldwestburygardens.org\/new-page-2\/#primaryimage\"},\"image\":{\"@id\":\"https:\/\/www.oldwestburygardens.org\/new-page-2\/#primaryimage\"},\"thumbnailUrl\":\"https:\/\/portal.audioeye.com\/AudioEye-Trusted-Horizontal.svg\",\"datePublished\":\"2023-04-13T17:19:09+00:00\",\"dateModified\":\"2025-05-13T02:27:04+00:00\",\"breadcrumb\":{\"@id\":\"https:\/\/www.oldwestburygardens.org\/new-page-2\/#breadcrumb\"},\"inLanguage\":\"es\",\"potentialAction\":[{\"@type\":\"ReadAction\",\"target\":[\"https:\/\/www.oldwestburygardens.org\/new-page-2\/\"]}]},{\"@type\":\"ImageObject\",\"inLanguage\":\"es\",\"@id\":\"https:\/\/www.oldwestburygardens.org\/new-page-2\/#primaryimage\",\"url\":\"https:\/\/portal.audioeye.com\/AudioEye-Trusted-Horizontal.svg\",\"contentUrl\":\"https:\/\/portal.audioeye.com\/AudioEye-Trusted-Horizontal.svg\"},{\"@type\":\"BreadcrumbList\",\"@id\":\"https:\/\/www.oldwestburygardens.org\/new-page-2\/#breadcrumb\",\"itemListElement\":[{\"@type\":\"ListItem\",\"position\":1,\"name\":\"Home\",\"item\":\"https:\/\/www.oldwestburygardens.org\/\"},{\"@type\":\"ListItem\",\"position\":2,\"name\":\"Web Accessibility\"}]},{\"@type\":\"WebSite\",\"@id\":\"https:\/\/www.oldwestburygardens.org\/ko\/#website\",\"url\":\"https:\/\/www.oldwestburygardens.org\/ko\/\",\"name\":\"Old Westbury Gardens\",\"description\":\"\",\"publisher\":{\"@id\":\"https:\/\/www.oldwestburygardens.org\/ko\/#organization\"},\"potentialAction\":[{\"@type\":\"SearchAction\",\"target\":{\"@type\":\"EntryPoint\",\"urlTemplate\":\"https:\/\/www.oldwestburygardens.org\/ko\/?s={search_term_string}\"},\"query-input\":{\"@type\":\"PropertyValueSpecification\",\"valueRequired\":true,\"valueName\":\"search_term_string\"}}],\"inLanguage\":\"es\"},{\"@type\":\"Organization\",\"@id\":\"https:\/\/www.oldwestburygardens.org\/ko\/#organization\",\"name\":\"Old Westbury Gardens\",\"url\":\"https:\/\/www.oldwestburygardens.org\/ko\/\",\"logo\":{\"@type\":\"ImageObject\",\"inLanguage\":\"es\",\"@id\":\"https:\/\/www.oldwestburygardens.org\/ko\/#\/schema\/logo\/image\/\",\"url\":\"https:\/\/www.oldwestburygardens.org\/wp-content\/uploads\/2025\/03\/OWGlogoforsite.png\",\"contentUrl\":\"https:\/\/www.oldwestburygardens.org\/wp-content\/uploads\/2025\/03\/OWGlogoforsite.png\",\"width\":750,\"height\":173,\"caption\":\"Old Westbury Gardens\"},\"image\":{\"@id\":\"https:\/\/www.oldwestburygardens.org\/ko\/#\/schema\/logo\/image\/\"}}]}<\/script>\n<!-- \/ Yoast SEO plugin. -->","yoast_head_json":{"title":"Web Accessibility | Old Westbury Gardens","robots":{"index":"index","follow":"follow","max-snippet":"max-snippet:-1","max-image-preview":"max-image-preview:large","max-video-preview":"max-video-preview:-1"},"canonical":"https:\/\/www.oldwestburygardens.org\/es\/new-page-2\/","og_locale":"es_ES","og_type":"article","og_title":"Web Accessibility | Old Westbury Gardens","og_description":"Accessibility statement This Accessibility Statement applies to: oldwestburygardens.org We Value Digital Inclusion In our effort to help provide a fully accessible and optimized experience for our website visitors, oldwestburygardens.org has [&hellip;]","og_url":"https:\/\/www.oldwestburygardens.org\/es\/new-page-2\/","og_site_name":"Old Westbury Gardens","article_modified_time":"2025-05-13T02:27:04+00:00","og_image":[{"url":"https:\/\/portal.audioeye.com\/AudioEye-Trusted-Horizontal.svg","type":"","width":"","height":""}],"twitter_card":"summary_large_image","twitter_misc":{"Est. reading time":"3 minutos"},"schema":{"@context":"https:\/\/schema.org","@graph":[{"@type":"WebPage","@id":"https:\/\/www.oldwestburygardens.org\/new-page-2\/","url":"https:\/\/www.oldwestburygardens.org\/new-page-2\/","name":"Web Accessibility | Old Westbury Gardens","isPartOf":{"@id":"https:\/\/www.oldwestburygardens.org\/ko\/#website"},"primaryImageOfPage":{"@id":"https:\/\/www.oldwestburygardens.org\/new-page-2\/#primaryimage"},"image":{"@id":"https:\/\/www.oldwestburygardens.org\/new-page-2\/#primaryimage"},"thumbnailUrl":"https:\/\/portal.audioeye.com\/AudioEye-Trusted-Horizontal.svg","datePublished":"2023-04-13T17:19:09+00:00","dateModified":"2025-05-13T02:27:04+00:00","breadcrumb":{"@id":"https:\/\/www.oldwestburygardens.org\/new-page-2\/#breadcrumb"},"inLanguage":"es","potentialAction":[{"@type":"ReadAction","target":["https:\/\/www.oldwestburygardens.org\/new-page-2\/"]}]},{"@type":"ImageObject","inLanguage":"es","@id":"https:\/\/www.oldwestburygardens.org\/new-page-2\/#primaryimage","url":"https:\/\/portal.audioeye.com\/AudioEye-Trusted-Horizontal.svg","contentUrl":"https:\/\/portal.audioeye.com\/AudioEye-Trusted-Horizontal.svg"},{"@type":"BreadcrumbList","@id":"https:\/\/www.oldwestburygardens.org\/new-page-2\/#breadcrumb","itemListElement":[{"@type":"ListItem","position":1,"name":"Home","item":"https:\/\/www.oldwestburygardens.org\/"},{"@type":"ListItem","position":2,"name":"Web Accessibility"}]},{"@type":"WebSite","@id":"https:\/\/www.oldwestburygardens.org\/ko\/#website","url":"https:\/\/www.oldwestburygardens.org\/ko\/","name":"Jardines del viejo Westbury","description":"","publisher":{"@id":"https:\/\/www.oldwestburygardens.org\/ko\/#organization"},"potentialAction":[{"@type":"SearchAction","target":{"@type":"EntryPoint","urlTemplate":"https:\/\/www.oldwestburygardens.org\/ko\/?s={search_term_string}"},"query-input":{"@type":"PropertyValueSpecification","valueRequired":true,"valueName":"search_term_string"}}],"inLanguage":"es"},{"@type":"Organization","@id":"https:\/\/www.oldwestburygardens.org\/ko\/#organization","name":"Jardines del viejo Westbury","url":"https:\/\/www.oldwestburygardens.org\/ko\/","logo":{"@type":"ImageObject","inLanguage":"es","@id":"https:\/\/www.oldwestburygardens.org\/ko\/#\/schema\/logo\/image\/","url":"https:\/\/www.oldwestburygardens.org\/wp-content\/uploads\/2025\/03\/OWGlogoforsite.png","contentUrl":"https:\/\/www.oldwestburygardens.org\/wp-content\/uploads\/2025\/03\/OWGlogoforsite.png","width":750,"height":173,"caption":"Old Westbury Gardens"},"image":{"@id":"https:\/\/www.oldwestburygardens.org\/ko\/#\/schema\/logo\/image\/"}}]}},"_links":{"self":[{"href":"https:\/\/www.oldwestburygardens.org\/es\/wp-json\/wp\/v2\/pages\/625","targetHints":{"allow":["GET"]}}],"collection":[{"href":"https:\/\/www.oldwestburygardens.org\/es\/wp-json\/wp\/v2\/pages"}],"about":[{"href":"https:\/\/www.oldwestburygardens.org\/es\/wp-json\/wp\/v2\/types\/page"}],"author":[{"embeddable":true,"href":"https:\/\/www.oldwestburygardens.org\/es\/wp-json\/wp\/v2\/users\/1"}],"replies":[{"embeddable":true,"href":"https:\/\/www.oldwestburygardens.org\/es\/wp-json\/wp\/v2\/comments?post=625"}],"version-history":[{"count":3,"href":"https:\/\/www.oldwestburygardens.org\/es\/wp-json\/wp\/v2\/pages\/625\/revisions"}],"predecessor-version":[{"id":5680,"href":"https:\/\/www.oldwestburygardens.org\/es\/wp-json\/wp\/v2\/pages\/625\/revisions\/5680"}],"wp:attachment":[{"href":"https:\/\/www.oldwestburygardens.org\/es\/wp-json\/wp\/v2\/media?parent=625"}],"curies":[{"name":"wp","href":"https:\/\/api.w.org\/{rel}","templated":true}]}}