{"id":626,"date":"2024-06-24T13:51:05","date_gmt":"2024-06-24T13:51:05","guid":{"rendered":"https:\/\/www.oldwestburygardens.org\/2024-midsummer-nights\/"},"modified":"2025-06-05T15:51:03","modified_gmt":"2025-06-05T19:51:03","slug":"2025-midsummer-nights","status":"publish","type":"page","link":"https:\/\/www.oldwestburygardens.org\/es\/2025-midsummer-nights\/","title":{"rendered":"Noches de verano de 2025"},"content":{"rendered":"<div class=\"wp-block-group has-global-padding is-layout-constrained wp-block-group-is-layout-constrained\" style=\"padding-top:var(--wp--preset--spacing--30);padding-bottom:var(--wp--preset--spacing--30)\">\n<section id=\"owg-page-header-block_3bd4658d47e0fdeeb892f8130bc0e72b\" class=\"owg-page-header has-transparent-background-color  alignfull\">\n\n    <div class=\"owg-page-header-inner\" style=\"background-image: url(https:\/\/www.oldwestburygardens.org\/wp-content\/uploads\/2025\/05\/Midsummerpergolarev.jpg);\">\n        <div class=\"owg-page-header-inner__content\">\n            <div class=\"owg-page-header-inner__content-inner\">\n            <div class=\"acf-innerblocks-container\">\n\n<h1 class=\"wp-block-heading\">Noches de verano de 2025<\/h1>\n\n<\/div>\n            <\/div>\n\n        <\/div>\n    <\/div>\n\n\n            <nav class=\"owg-page-header-inner__breadcrumbs\" aria-label=\"Migaja de pan\">\n            <a href=\"https:\/\/www.oldwestburygardens.org\/es\/\">Hogar<\/a>\n\n             | <span>Noches de verano de 2025<\/span>        <\/nav>\n    \n<\/section>\n\n\n<h3 class=\"wp-block-heading has-text-align-center\">Jueves a domingo, del 19 al 22 de junio de 2025<\/h3>\n\n\n\n<h4 class=\"wp-block-heading has-text-align-center\">El solsticio de verano es el d\u00eda m\u00e1s largo del a\u00f1o y durante mucho tiempo se consider\u00f3 una noche m\u00e1gica. Las celebraciones del solsticio de verano siempre involucran plantas, especialmente las que florecen. As\u00ed que, \u00bfqu\u00e9 mejor lugar para celebrar a estas estrellas de la naturaleza que en un jard\u00edn?<\/h4>\n\n\n\n<p><\/p>\n<\/div>\n\n\n\n<div class=\"wp-block-group has-global-padding is-layout-constrained wp-block-group-is-layout-constrained\" style=\"padding-top:0;padding-bottom:0\">\n<figure class=\"wp-block-gallery has-nested-images columns-default is-cropped wp-block-gallery-1 is-layout-flex wp-block-gallery-is-layout-flex\">\n<figure class=\"wp-block-image size-large\"><img loading=\"lazy\" decoding=\"async\" width=\"1024\" height=\"606\" src=\"https:\/\/www.oldwestburygardens.org\/wp-content\/uploads\/2025\/05\/FlowersDecorConcert-9-1024x606.jpg\" alt=\"\" class=\"wp-image-1579\" srcset=\"https:\/\/www.oldwestburygardens.org\/wp-content\/uploads\/2025\/05\/FlowersDecorConcert-9-1024x606.jpg 1024w, https:\/\/www.oldwestburygardens.org\/wp-content\/uploads\/2025\/05\/FlowersDecorConcert-9-300x178.jpg 300w, https:\/\/www.oldwestburygardens.org\/wp-content\/uploads\/2025\/05\/FlowersDecorConcert-9-768x455.jpg 768w, https:\/\/www.oldwestburygardens.org\/wp-content\/uploads\/2025\/05\/FlowersDecorConcert-9-1536x909.jpg 1536w, https:\/\/www.oldwestburygardens.org\/wp-content\/uploads\/2025\/05\/FlowersDecorConcert-9-2048x1212.jpg 2048w, https:\/\/www.oldwestburygardens.org\/wp-content\/uploads\/2025\/05\/FlowersDecorConcert-9-18x12.jpg 18w\" sizes=\"auto, (max-width: 1024px) 100vw, 1024px\" \/><\/figure>\n\n\n\n<figure class=\"wp-block-image size-large\"><img loading=\"lazy\" decoding=\"async\" width=\"1024\" height=\"682\" src=\"https:\/\/www.oldwestburygardens.org\/wp-content\/uploads\/2025\/05\/FlowersDecorConcert-16-1024x682.jpg\" alt=\"\" class=\"wp-image-1581\" srcset=\"https:\/\/www.oldwestburygardens.org\/wp-content\/uploads\/2025\/05\/FlowersDecorConcert-16-1024x682.jpg 1024w, https:\/\/www.oldwestburygardens.org\/wp-content\/uploads\/2025\/05\/FlowersDecorConcert-16-300x200.jpg 300w, https:\/\/www.oldwestburygardens.org\/wp-content\/uploads\/2025\/05\/FlowersDecorConcert-16-768x512.jpg 768w, https:\/\/www.oldwestburygardens.org\/wp-content\/uploads\/2025\/05\/FlowersDecorConcert-16-1536x1024.jpg 1536w, https:\/\/www.oldwestburygardens.org\/wp-content\/uploads\/2025\/05\/FlowersDecorConcert-16-2048x1365.jpg 2048w, https:\/\/www.oldwestburygardens.org\/wp-content\/uploads\/2025\/05\/FlowersDecorConcert-16-18x12.jpg 18w\" sizes=\"auto, (max-width: 1024px) 100vw, 1024px\" \/><\/figure>\n\n\n\n<figure class=\"wp-block-image size-large\"><img loading=\"lazy\" decoding=\"async\" width=\"768\" height=\"1024\" src=\"https:\/\/www.oldwestburygardens.org\/wp-content\/uploads\/2025\/05\/IMG_8286-768x1024.jpg\" alt=\"\" class=\"wp-image-1580\" srcset=\"https:\/\/www.oldwestburygardens.org\/wp-content\/uploads\/2025\/05\/IMG_8286-768x1024.jpg 768w, https:\/\/www.oldwestburygardens.org\/wp-content\/uploads\/2025\/05\/IMG_8286-225x300.jpg 225w, https:\/\/www.oldwestburygardens.org\/wp-content\/uploads\/2025\/05\/IMG_8286-9x12.jpg 9w, https:\/\/www.oldwestburygardens.org\/wp-content\/uploads\/2025\/05\/IMG_8286.jpg 852w\" sizes=\"auto, (max-width: 768px) 100vw, 768px\" \/><\/figure>\n<\/figure>\n<\/div>\n\n\n\n<div class=\"wp-block-group has-global-padding is-layout-constrained wp-block-group-is-layout-constrained\" style=\"padding-top:var(--wp--preset--spacing--40);padding-bottom:var(--wp--preset--spacing--40)\">\n<h3 class=\"wp-block-heading has-text-align-center\">JAZZ DE VERANO<\/h3>\n\n\n\n<h4 class=\"wp-block-heading has-text-align-center\">Jueves 19 de junio \u2014 19:00 \u2013 21:00 horas<\/h4>\n\n\n\n<p class=\"has-text-align-center\"><strong>\u00a1ESTE EVENTO SE HA AGOTADO!<\/strong><\/p>\n\n\n\n<p>Disfrute de los est\u00e1ndares de jazz y las composiciones originales del m\u00fasico y compositor Glafkos Kontemeniotis y su tr\u00edo. <strong>Monje para presidente<\/strong> con Vince \u201cKazi\u201d McCoy en la bater\u00eda y Fred Berman en el contrabajo.<\/p>\n\n\n\n<p>Antes, durante o despu\u00e9s, pasea por los jardines decorados con arreglos florales e iluminados con faroles.<\/p>\n\n\n\n<p>Se proporcionar\u00e1n bebidas y aperitivos; puedes traer una cena tipo picnic. <strong>El evento se llevar\u00e1 a cabo en el Jard\u00edn del Agradecimiento. El estacionamiento estar\u00e1 junto al Jard\u00edn Amurallado. El personal de OWG guiar\u00e1 a los invitados a esta \u00e1rea.<\/strong><\/p>\n\n\n\n<div class=\"wp-block-buttons is-content-justification-center is-layout-flex wp-container-core-buttons-is-layout-1 wp-block-buttons-is-layout-flex\"><\/div>\n\n\n\n<p><\/p>\n<\/div>\n\n\n\n<div class=\"wp-block-group has-global-padding is-layout-constrained wp-block-group-is-layout-constrained\" style=\"padding-top:var(--wp--preset--spacing--40);padding-bottom:var(--wp--preset--spacing--40)\">\n<figure class=\"wp-block-image size-large\"><img loading=\"lazy\" decoding=\"async\" width=\"1024\" height=\"678\" src=\"https:\/\/www.oldwestburygardens.org\/wp-content\/uploads\/2025\/05\/87rev-1024x678.jpg\" alt=\"\" class=\"wp-image-1583\" srcset=\"https:\/\/www.oldwestburygardens.org\/wp-content\/uploads\/2025\/05\/87rev-1024x678.jpg 1024w, https:\/\/www.oldwestburygardens.org\/wp-content\/uploads\/2025\/05\/87rev-300x199.jpg 300w, https:\/\/www.oldwestburygardens.org\/wp-content\/uploads\/2025\/05\/87rev-768x509.jpg 768w, https:\/\/www.oldwestburygardens.org\/wp-content\/uploads\/2025\/05\/87rev-1536x1017.jpg 1536w, https:\/\/www.oldwestburygardens.org\/wp-content\/uploads\/2025\/05\/87rev-2048x1357.jpg 2048w, https:\/\/www.oldwestburygardens.org\/wp-content\/uploads\/2025\/05\/87rev-18x12.jpg 18w\" sizes=\"auto, (max-width: 1024px) 100vw, 1024px\" \/><\/figure>\n\n\n\n<h3 class=\"wp-block-heading has-text-align-center\">NOCHES DE VERANO<\/h3>\n\n\n\n<h4 class=\"wp-block-heading has-text-align-center\">Viernes 20 de junio, s\u00e1bado 21 de junio y domingo 22 de junio\u2014 18:30 \u2013 21:30 h<\/h4>\n\n\n\n<p>Invitados de todas las edades est\u00e1n invitados a disfrutar de un picnic, pasear y relajarse en las noches m\u00e1s largas del a\u00f1o. Los jardines estar\u00e1n iluminados con faroles y decorados con coronas y arreglos florales.<\/p>\n\n\n\n<p>Traiga una cena de picnic o compre comida y bebidas en el lugar en Caf\u00e9 in the Woods, operado por Polka Dot Poundcake de Rockville Centre.<\/p>\n\n\n\n<p>La venta de entradas es definitiva. En caso de mal tiempo, los asistentes podr\u00e1n asistir el viernes, s\u00e1bado o domingo y recibir\u00e1n entradas generales gratuitas.<\/p>\n\n\n\n<p>Las puertas abren a las 6:00 p.m.<\/p>\n\n\n\n<p><strong>ENTRADAS<\/strong>:<\/p>\n\n\n\n<ul class=\"wp-block-list\">\n<li>$22 Admisi\u00f3n general<\/li>\n\n\n\n<li>Miembro 20% fuera<\/li>\n\n\n\n<li>Ni\u00f1os\/J\u00f3venes $8<\/li>\n\n\n\n<li>Ni\u00f1os miembros 20% fuera<\/li>\n<\/ul>\n\n\n\n<p>Noches de Solsticio de Verano se celebra con lluvia o sol. En caso de lluvia, las entradas se pueden usar autom\u00e1ticamente para las dem\u00e1s noches. Old Westbury Gardens solo cancelar\u00e1 el evento de esa noche en caso de mal tiempo.<\/p>\n\n\n\n<div class=\"wp-block-buttons is-content-justification-center is-layout-flex wp-container-core-buttons-is-layout-2 wp-block-buttons-is-layout-flex\">\n<div class=\"wp-block-button is-style-btn-owg-primary is-style-btn-owg-primary--2\"><a class=\"wp-block-button__link wp-element-button\" href=\"https:\/\/1473.blackbaudhosting.com\/1473\/page.aspx?pid=213&amp;tab=2&amp;txobjid=52f147e8-1dcd-4ab7-b89a-fc4e136ebc34\">comprar entradas para el viernes<\/a><\/div>\n\n\n\n<div class=\"wp-block-button is-style-btn-owg-primary is-style-btn-owg-primary--3\"><a class=\"wp-block-button__link has-text-align-left wp-element-button\" href=\"https:\/\/1473.blackbaudhosting.com\/1473\/page.aspx?pid=213&amp;tab=2&amp;txobjid=09848e39-7f13-4872-8601-623d7b447e50\">comprar entradas para el s\u00e1bado<\/a><\/div>\n\n\n\n<div class=\"wp-block-button is-style-btn-owg-primary is-style-btn-owg-primary--4\"><a class=\"wp-block-button__link wp-element-button\" href=\"https:\/\/1473.blackbaudhosting.com\/1473\/page.aspx?pid=213&amp;tab=2&amp;txobjid=41f9e0b1-9d03-4291-963c-4ef0f72406f0\">comprar entradas para el domingo<\/a><\/div>\n<\/div>\n<\/div>\n\n\n\n<p><\/p>\n\n\n\n<p><\/p>\n\n\n\n<p><\/p>","protected":false},"excerpt":{"rendered":"<p>Thursday through Sunday, June 19 \u2013 22, 2025 Midsummer is the longest day of the year and was long considered a magical night. Midsummer celebrations always involve plants\u2014especially flowering ones. [&hellip;]<\/p>","protected":false},"author":1,"featured_media":0,"parent":0,"menu_order":0,"comment_status":"open","ping_status":"closed","template":"","meta":{"_acf_changed":false,"_tec_requires_first_save":true,"_EventAllDay":false,"_EventTimezone":"","_EventStartDate":"","_EventEndDate":"","_EventStartDateUTC":"","_EventEndDateUTC":"","_EventShowMap":false,"_EventShowMapLink":false,"_EventURL":"","_EventCost":"","_EventCostDescription":"","_EventCurrencySymbol":"","_EventCurrencyCode":"","_EventCurrencyPosition":"","_EventDateTimeSeparator":"","_EventTimeRangeSeparator":"","_EventOrganizerID":[],"_EventVenueID":[],"_OrganizerEmail":"","_OrganizerPhone":"","_OrganizerWebsite":"","_VenueAddress":"","_VenueCity":"","_VenueCountry":"","_VenueProvince":"","_VenueState":"","_VenueZip":"","_VenuePhone":"","_VenueURL":"","_VenueStateProvince":"","_VenueLat":"","_VenueLng":"","_VenueShowMap":false,"_VenueShowMapLink":false,"_tribe_blocks_recurrence_rules":"","_tribe_blocks_recurrence_description":"","_tribe_blocks_recurrence_exclusions":"","footnotes":""},"class_list":["post-626","page","type-page","status-publish","hentry"],"acf":[],"yoast_head":"<!-- This site is optimized with the Yoast SEO plugin v26.2 - https:\/\/yoast.com\/wordpress\/plugins\/seo\/ -->\n<title>2025 Midsummer Nights | Old Westbury Gardens<\/title>\n<meta name=\"robots\" content=\"index, follow, max-snippet:-1, max-image-preview:large, max-video-preview:-1\" \/>\n<link rel=\"canonical\" href=\"https:\/\/www.oldwestburygardens.org\/es\/2025-midsummer-nights\/\" \/>\n<meta property=\"og:locale\" content=\"es_ES\" \/>\n<meta property=\"og:type\" content=\"article\" \/>\n<meta property=\"og:title\" content=\"2025 Midsummer Nights | Old Westbury Gardens\" \/>\n<meta property=\"og:description\" content=\"Thursday through Sunday, June 19 \u2013 22, 2025 Midsummer is the longest day of the year and was long considered a magical night. Midsummer celebrations always involve plants\u2014especially flowering ones. [&hellip;]\" \/>\n<meta property=\"og:url\" content=\"https:\/\/www.oldwestburygardens.org\/es\/2025-midsummer-nights\/\" \/>\n<meta property=\"og:site_name\" content=\"Old Westbury Gardens\" \/>\n<meta property=\"article:modified_time\" content=\"2025-06-05T19:51:03+00:00\" \/>\n<meta property=\"og:image\" content=\"https:\/\/www.oldwestburygardens.org\/wp-content\/uploads\/2025\/05\/FlowersDecorConcert-9-1024x606.jpg\" \/>\n<meta name=\"twitter:card\" content=\"summary_large_image\" \/>\n<meta name=\"twitter:label1\" content=\"Est. reading time\" \/>\n\t<meta name=\"twitter:data1\" content=\"3 minutos\" \/>\n<script type=\"application\/ld+json\" class=\"yoast-schema-graph\">{\"@context\":\"https:\/\/schema.org\",\"@graph\":[{\"@type\":\"WebPage\",\"@id\":\"https:\/\/www.oldwestburygardens.org\/2025-midsummer-nights\/\",\"url\":\"https:\/\/www.oldwestburygardens.org\/2025-midsummer-nights\/\",\"name\":\"2025 Midsummer Nights | Old Westbury Gardens\",\"isPartOf\":{\"@id\":\"https:\/\/www.oldwestburygardens.org\/ko\/#website\"},\"primaryImageOfPage\":{\"@id\":\"https:\/\/www.oldwestburygardens.org\/2025-midsummer-nights\/#primaryimage\"},\"image\":{\"@id\":\"https:\/\/www.oldwestburygardens.org\/2025-midsummer-nights\/#primaryimage\"},\"thumbnailUrl\":\"https:\/\/www.oldwestburygardens.org\/wp-content\/uploads\/2025\/05\/FlowersDecorConcert-9-1024x606.jpg\",\"datePublished\":\"2024-06-24T13:51:05+00:00\",\"dateModified\":\"2025-06-05T19:51:03+00:00\",\"breadcrumb\":{\"@id\":\"https:\/\/www.oldwestburygardens.org\/2025-midsummer-nights\/#breadcrumb\"},\"inLanguage\":\"es\",\"potentialAction\":[{\"@type\":\"ReadAction\",\"target\":[\"https:\/\/www.oldwestburygardens.org\/2025-midsummer-nights\/\"]}]},{\"@type\":\"ImageObject\",\"inLanguage\":\"es\",\"@id\":\"https:\/\/www.oldwestburygardens.org\/2025-midsummer-nights\/#primaryimage\",\"url\":\"https:\/\/www.oldwestburygardens.org\/wp-content\/uploads\/2025\/05\/FlowersDecorConcert-9-1024x606.jpg\",\"contentUrl\":\"https:\/\/www.oldwestburygardens.org\/wp-content\/uploads\/2025\/05\/FlowersDecorConcert-9-1024x606.jpg\"},{\"@type\":\"BreadcrumbList\",\"@id\":\"https:\/\/www.oldwestburygardens.org\/2025-midsummer-nights\/#breadcrumb\",\"itemListElement\":[{\"@type\":\"ListItem\",\"position\":1,\"name\":\"Home\",\"item\":\"https:\/\/www.oldwestburygardens.org\/\"},{\"@type\":\"ListItem\",\"position\":2,\"name\":\"2025 Midsummer Nights\"}]},{\"@type\":\"WebSite\",\"@id\":\"https:\/\/www.oldwestburygardens.org\/ko\/#website\",\"url\":\"https:\/\/www.oldwestburygardens.org\/ko\/\",\"name\":\"Old Westbury Gardens\",\"description\":\"\",\"publisher\":{\"@id\":\"https:\/\/www.oldwestburygardens.org\/ko\/#organization\"},\"potentialAction\":[{\"@type\":\"SearchAction\",\"target\":{\"@type\":\"EntryPoint\",\"urlTemplate\":\"https:\/\/www.oldwestburygardens.org\/ko\/?s={search_term_string}\"},\"query-input\":{\"@type\":\"PropertyValueSpecification\",\"valueRequired\":true,\"valueName\":\"search_term_string\"}}],\"inLanguage\":\"es\"},{\"@type\":\"Organization\",\"@id\":\"https:\/\/www.oldwestburygardens.org\/ko\/#organization\",\"name\":\"Old Westbury Gardens\",\"url\":\"https:\/\/www.oldwestburygardens.org\/ko\/\",\"logo\":{\"@type\":\"ImageObject\",\"inLanguage\":\"es\",\"@id\":\"https:\/\/www.oldwestburygardens.org\/ko\/#\/schema\/logo\/image\/\",\"url\":\"https:\/\/www.oldwestburygardens.org\/wp-content\/uploads\/2025\/03\/OWGlogoforsite.png\",\"contentUrl\":\"https:\/\/www.oldwestburygardens.org\/wp-content\/uploads\/2025\/03\/OWGlogoforsite.png\",\"width\":750,\"height\":173,\"caption\":\"Old Westbury Gardens\"},\"image\":{\"@id\":\"https:\/\/www.oldwestburygardens.org\/ko\/#\/schema\/logo\/image\/\"}}]}<\/script>\n<!-- \/ Yoast SEO plugin. -->","yoast_head_json":{"title":"2025 Midsummer Nights | Old Westbury Gardens","robots":{"index":"index","follow":"follow","max-snippet":"max-snippet:-1","max-image-preview":"max-image-preview:large","max-video-preview":"max-video-preview:-1"},"canonical":"https:\/\/www.oldwestburygardens.org\/es\/2025-midsummer-nights\/","og_locale":"es_ES","og_type":"article","og_title":"2025 Midsummer Nights | Old Westbury Gardens","og_description":"Thursday through Sunday, June 19 \u2013 22, 2025 Midsummer is the longest day of the year and was long considered a magical night. Midsummer celebrations always involve plants\u2014especially flowering ones. [&hellip;]","og_url":"https:\/\/www.oldwestburygardens.org\/es\/2025-midsummer-nights\/","og_site_name":"Old Westbury Gardens","article_modified_time":"2025-06-05T19:51:03+00:00","og_image":[{"url":"https:\/\/www.oldwestburygardens.org\/wp-content\/uploads\/2025\/05\/FlowersDecorConcert-9-1024x606.jpg","type":"","width":"","height":""}],"twitter_card":"summary_large_image","twitter_misc":{"Est. reading time":"3 minutos"},"schema":{"@context":"https:\/\/schema.org","@graph":[{"@type":"WebPage","@id":"https:\/\/www.oldwestburygardens.org\/2025-midsummer-nights\/","url":"https:\/\/www.oldwestburygardens.org\/2025-midsummer-nights\/","name":"2025 Midsummer Nights | Old Westbury Gardens","isPartOf":{"@id":"https:\/\/www.oldwestburygardens.org\/ko\/#website"},"primaryImageOfPage":{"@id":"https:\/\/www.oldwestburygardens.org\/2025-midsummer-nights\/#primaryimage"},"image":{"@id":"https:\/\/www.oldwestburygardens.org\/2025-midsummer-nights\/#primaryimage"},"thumbnailUrl":"https:\/\/www.oldwestburygardens.org\/wp-content\/uploads\/2025\/05\/FlowersDecorConcert-9-1024x606.jpg","datePublished":"2024-06-24T13:51:05+00:00","dateModified":"2025-06-05T19:51:03+00:00","breadcrumb":{"@id":"https:\/\/www.oldwestburygardens.org\/2025-midsummer-nights\/#breadcrumb"},"inLanguage":"es","potentialAction":[{"@type":"ReadAction","target":["https:\/\/www.oldwestburygardens.org\/2025-midsummer-nights\/"]}]},{"@type":"ImageObject","inLanguage":"es","@id":"https:\/\/www.oldwestburygardens.org\/2025-midsummer-nights\/#primaryimage","url":"https:\/\/www.oldwestburygardens.org\/wp-content\/uploads\/2025\/05\/FlowersDecorConcert-9-1024x606.jpg","contentUrl":"https:\/\/www.oldwestburygardens.org\/wp-content\/uploads\/2025\/05\/FlowersDecorConcert-9-1024x606.jpg"},{"@type":"BreadcrumbList","@id":"https:\/\/www.oldwestburygardens.org\/2025-midsummer-nights\/#breadcrumb","itemListElement":[{"@type":"ListItem","position":1,"name":"Home","item":"https:\/\/www.oldwestburygardens.org\/"},{"@type":"ListItem","position":2,"name":"2025 Midsummer Nights"}]},{"@type":"WebSite","@id":"https:\/\/www.oldwestburygardens.org\/ko\/#website","url":"https:\/\/www.oldwestburygardens.org\/ko\/","name":"Jardines del viejo Westbury","description":"","publisher":{"@id":"https:\/\/www.oldwestburygardens.org\/ko\/#organization"},"potentialAction":[{"@type":"SearchAction","target":{"@type":"EntryPoint","urlTemplate":"https:\/\/www.oldwestburygardens.org\/ko\/?s={search_term_string}"},"query-input":{"@type":"PropertyValueSpecification","valueRequired":true,"valueName":"search_term_string"}}],"inLanguage":"es"},{"@type":"Organization","@id":"https:\/\/www.oldwestburygardens.org\/ko\/#organization","name":"Jardines del viejo Westbury","url":"https:\/\/www.oldwestburygardens.org\/ko\/","logo":{"@type":"ImageObject","inLanguage":"es","@id":"https:\/\/www.oldwestburygardens.org\/ko\/#\/schema\/logo\/image\/","url":"https:\/\/www.oldwestburygardens.org\/wp-content\/uploads\/2025\/03\/OWGlogoforsite.png","contentUrl":"https:\/\/www.oldwestburygardens.org\/wp-content\/uploads\/2025\/03\/OWGlogoforsite.png","width":750,"height":173,"caption":"Old Westbury Gardens"},"image":{"@id":"https:\/\/www.oldwestburygardens.org\/ko\/#\/schema\/logo\/image\/"}}]}},"_links":{"self":[{"href":"https:\/\/www.oldwestburygardens.org\/es\/wp-json\/wp\/v2\/pages\/626","targetHints":{"allow":["GET"]}}],"collection":[{"href":"https:\/\/www.oldwestburygardens.org\/es\/wp-json\/wp\/v2\/pages"}],"about":[{"href":"https:\/\/www.oldwestburygardens.org\/es\/wp-json\/wp\/v2\/types\/page"}],"author":[{"embeddable":true,"href":"https:\/\/www.oldwestburygardens.org\/es\/wp-json\/wp\/v2\/users\/1"}],"replies":[{"embeddable":true,"href":"https:\/\/www.oldwestburygardens.org\/es\/wp-json\/wp\/v2\/comments?post=626"}],"version-history":[{"count":5,"href":"https:\/\/www.oldwestburygardens.org\/es\/wp-json\/wp\/v2\/pages\/626\/revisions"}],"predecessor-version":[{"id":6527,"href":"https:\/\/www.oldwestburygardens.org\/es\/wp-json\/wp\/v2\/pages\/626\/revisions\/6527"}],"wp:attachment":[{"href":"https:\/\/www.oldwestburygardens.org\/es\/wp-json\/wp\/v2\/media?parent=626"}],"curies":[{"name":"wp","href":"https:\/\/api.w.org\/{rel}","templated":true}]}}