{"id":639,"date":"2023-09-01T18:18:07","date_gmt":"2023-09-01T18:18:07","guid":{"rendered":"https:\/\/www.oldwestburygardens.org\/the-value-of-cultivating-relationships\/"},"modified":"2025-05-28T15:31:29","modified_gmt":"2025-05-28T19:31:29","slug":"the-value-of-cultivating-relationships","status":"publish","type":"page","link":"https:\/\/www.oldwestburygardens.org\/es\/phipps-family-history\/the-value-of-cultivating-relationships\/","title":{"rendered":"El valor de cultivar las relaciones"},"content":{"rendered":"<div class=\"wp-block-group has-global-padding is-layout-constrained wp-block-group-is-layout-constrained\" style=\"padding-top:0;padding-bottom:0\">\n<p><\/p>\n\n\n\n<h3 class=\"wp-block-heading\">Historia de la familia Phipps: El valor de cultivar las relaciones<\/h3>\n<\/div>\n\n\n\n<div class=\"wp-block-group has-global-padding is-layout-constrained wp-block-group-is-layout-constrained\" style=\"padding-top:0;padding-bottom:0\">\n<div class=\"wp-block-columns is-layout-flex wp-container-core-columns-is-layout-1 wp-block-columns-is-layout-flex\">\n<div class=\"wp-block-column is-layout-flow wp-block-column-is-layout-flow\" style=\"flex-basis:66.66%\">\n<p>El 27 de septiembre se cumple el 184 aniversario del nacimiento de <strong>Henry Phipps, Jr.<\/strong>\u2014padre de John S. Phipps, cuya familia residi\u00f3 en Westbury House y sus jardines, bosques y campos que lo rodeaban, similares a parques, durante m\u00e1s de medio siglo. Henry Phipps es conocido por sus alianzas comerciales con Andrew y Thomas Carnegie, que contribuyeron enormemente al enorme crecimiento de la industria sider\u00fargica con sede en Pittsburgh durante la segunda mitad del siglo XIX.<\/p>\n\n\n\n<p>Siempre consciente de sus humildes or\u00edgenes como hijo de un zapatero remend\u00f3n que emigr\u00f3 de Inglaterra a Estados Unidos en busca de una vida mejor para su familia, Henry se comprometi\u00f3 a cultivar una vida mejor para quienes viv\u00edan en su vecindario y m\u00e1s all\u00e1. Reconoc\u00eda la educaci\u00f3n como fundamental para el bienestar de una persona y abog\u00f3 por instituciones en su Pittsburgh natal, con apoyo financiero, que ofrec\u00edan oportunidades de formaci\u00f3n profesional a hombres j\u00f3venes y, algo poco com\u00fan en aquella \u00e9poca, a mujeres j\u00f3venes. Fund\u00f3 bibliotecas p\u00fablicas en Allegheny City e incluso abri\u00f3 su casa los s\u00e1bados por la noche para charlas educativas informales sobre astronom\u00eda y culturas internacionales.<\/p>\n<\/div>\n\n\n\n<div class=\"wp-block-column is-layout-flow wp-block-column-is-layout-flow\" style=\"flex-basis:33.33%\">\n<figure class=\"wp-block-image size-large\"><img decoding=\"async\" src=\"https:\/\/www.oldwestburygardens.org\/wp-content\/uploads\/2025\/05\/phippscarnegiecrop.jpg\" alt=\"Henry Phipps (left) and Andrew Carnegie in 1914\"\/><figcaption class=\"wp-element-caption\"><strong>Henry Phipps (izquierda) y Andrew Carnegie en 1914<\/strong><\/figcaption><\/figure>\n<\/div>\n<\/div>\n\n\n\n<div class=\"wp-block-columns is-layout-flex wp-container-core-columns-is-layout-2 wp-block-columns-is-layout-flex\">\n<div class=\"wp-block-column is-layout-flow wp-block-column-is-layout-flow\" style=\"flex-basis:33.33%\">\n<figure class=\"wp-block-image size-large\"><img decoding=\"async\" src=\"https:\/\/www.oldwestburygardens.org\/wp-content\/uploads\/2025\/05\/phippsconservancy.jpg\" alt=\"Henry Phipps (left) visits the Phipps Conservancy in 1915\"\/><figcaption class=\"wp-element-caption\"><strong>Henry Phipps (izquierda) visita la Reserva Phipps en 1915.<\/strong><\/figcaption><\/figure>\n<\/div>\n\n\n\n<div class=\"wp-block-column is-layout-flow wp-block-column-is-layout-flow\" style=\"flex-basis:66.66%\">\n<p>Tambi\u00e9n reconoci\u00f3 la necesidad de instituciones que fomentaran el inter\u00e9s p\u00fablico por el mundo natural y los espacios p\u00fablicos de descanso. Su mayor logro en este \u00e1mbito fue la formaci\u00f3n de la <strong>Conservatorio Phipps<\/strong> Primero en su ciudad natal, Allegheny City, y poco despu\u00e9s se expandir\u00eda al reci\u00e9n creado parque c\u00edvico y jardines, Schenley Park. Henry proporcion\u00f3 fondos adicionales para instalaciones que mejorar\u00edan la experiencia de aprendizaje de los escolares cuando visitaran el Conservatorio.<\/p>\n\n\n\n<p>Fiel al legado de Henry desde su creaci\u00f3n en 1959, <strong>Jardines del viejo Westbury<\/strong> Siempre ha acogido con agrado a grupos escolares para conectar con el mundo natural y la historia de Long Island. En la d\u00e9cada del 2000, Old Westbury Gardens se comprometi\u00f3 a colaborar con <strong>Distrito escolar de Westbury<\/strong> Ofrece programas STEM gratuitos a estudiantes de educaci\u00f3n inicial (ver galer\u00eda a continuaci\u00f3n). Este oto\u00f1o y primavera, cada estudiante de k\u00ednder visitar\u00e1 los Jardines al menos dos veces para una experiencia pr\u00e1ctica de aprendizaje. Con el apoyo de la Universidad Estatal de Nueva York, este programa se extender\u00e1 al siguiente nivel escolar.<\/p>\n<\/div>\n<\/div>\n\n\n\n<div class=\"wp-block-columns is-layout-flex wp-container-core-columns-is-layout-3 wp-block-columns-is-layout-flex\">\n<div class=\"wp-block-column is-layout-flow wp-block-column-is-layout-flow\" style=\"flex-basis:66.66%\">\n<p>Este verano, Old Westbury Gardens formaliz\u00f3 su apoyo a las iniciativas art\u00edsticas locales y comenz\u00f3 a asociarse con <strong>Artes de Westbury<\/strong> Para apoyar objetivos comunes y fomentar expresiones art\u00edsticas que unan a las comunidades y estimulen su imaginaci\u00f3n. Se est\u00e1n desarrollando planes para desarrollar exposiciones y programas conjuntos en 2024 para cultivar y difundir las artes visuales, la poes\u00eda, la palabra hablada y las representaciones teatrales.<\/p>\n<\/div>\n\n\n\n<div class=\"wp-block-column is-layout-flow wp-block-column-is-layout-flow\" style=\"flex-basis:33.33%\">\n<figure class=\"wp-block-image size-thumbnail\"><img decoding=\"async\" src=\"https:\/\/www.oldwestburygardens.org\/wp-content\/uploads\/2025\/05\/westburyarts.png\" alt=\"Westbury Arts logo\"\/><\/figure>\n<\/div>\n<\/div>\n<\/div>\n\n\n\n<div class=\"wp-block-group has-global-padding is-layout-constrained wp-block-group-is-layout-constrained\" style=\"padding-top:var(--wp--preset--spacing--60);padding-bottom:var(--wp--preset--spacing--60)\">\n<figure class=\"wp-block-gallery has-nested-images columns-4 is-cropped wp-block-gallery-1 is-layout-flex wp-block-gallery-is-layout-flex\">\n<figure class=\"wp-block-image size-large\"><img loading=\"lazy\" decoding=\"async\" width=\"1920\" height=\"2560\" src=\"https:\/\/www.oldwestburygardens.org\/wp-content\/uploads\/2025\/05\/IMG_190828129-scaled.jpg\" alt=\"\" class=\"wp-image-4096\" srcset=\"https:\/\/www.oldwestburygardens.org\/wp-content\/uploads\/2025\/05\/IMG_190828129-scaled.jpg 1920w, https:\/\/www.oldwestburygardens.org\/wp-content\/uploads\/2025\/05\/IMG_190828129-225x300.jpg 225w\" sizes=\"auto, (max-width: 1920px) 100vw, 1920px\" \/><\/figure>\n\n\n\n<figure class=\"wp-block-image size-large\"><img loading=\"lazy\" decoding=\"async\" width=\"1024\" height=\"768\" src=\"https:\/\/www.oldwestburygardens.org\/wp-content\/uploads\/2025\/05\/IMG_1910-1024x768.jpg\" alt=\"\" class=\"wp-image-4097\" srcset=\"https:\/\/www.oldwestburygardens.org\/wp-content\/uploads\/2025\/05\/IMG_1910-1024x768.jpg 1024w, https:\/\/www.oldwestburygardens.org\/wp-content\/uploads\/2025\/05\/IMG_1910-300x225.jpg 300w, https:\/\/www.oldwestburygardens.org\/wp-content\/uploads\/2025\/05\/IMG_1910-768x576.jpg 768w, https:\/\/www.oldwestburygardens.org\/wp-content\/uploads\/2025\/05\/IMG_1910-1536x1152.jpg 1536w, https:\/\/www.oldwestburygardens.org\/wp-content\/uploads\/2025\/05\/IMG_1910-2048x1536.jpg 2048w, https:\/\/www.oldwestburygardens.org\/wp-content\/uploads\/2025\/05\/IMG_1910-16x12.jpg 16w\" sizes=\"auto, (max-width: 1024px) 100vw, 1024px\" \/><\/figure>\n\n\n\n<figure class=\"wp-block-image size-large\"><img loading=\"lazy\" decoding=\"async\" width=\"1024\" height=\"768\" src=\"https:\/\/www.oldwestburygardens.org\/wp-content\/uploads\/2025\/05\/IMG_1940-1024x768.jpg\" alt=\"\" class=\"wp-image-4098\" srcset=\"https:\/\/www.oldwestburygardens.org\/wp-content\/uploads\/2025\/05\/IMG_1940-1024x768.jpg 1024w, https:\/\/www.oldwestburygardens.org\/wp-content\/uploads\/2025\/05\/IMG_1940-300x225.jpg 300w, https:\/\/www.oldwestburygardens.org\/wp-content\/uploads\/2025\/05\/IMG_1940-768x576.jpg 768w, https:\/\/www.oldwestburygardens.org\/wp-content\/uploads\/2025\/05\/IMG_1940-1536x1152.jpg 1536w, https:\/\/www.oldwestburygardens.org\/wp-content\/uploads\/2025\/05\/IMG_1940-2048x1536.jpg 2048w, https:\/\/www.oldwestburygardens.org\/wp-content\/uploads\/2025\/05\/IMG_1940-16x12.jpg 16w\" sizes=\"auto, (max-width: 1024px) 100vw, 1024px\" \/><\/figure>\n\n\n\n<figure class=\"wp-block-image size-large\"><img loading=\"lazy\" decoding=\"async\" width=\"1920\" height=\"2560\" src=\"https:\/\/www.oldwestburygardens.org\/wp-content\/uploads\/2025\/05\/IMG_1961-scaled.jpg\" alt=\"\" class=\"wp-image-4099\" srcset=\"https:\/\/www.oldwestburygardens.org\/wp-content\/uploads\/2025\/05\/IMG_1961-scaled.jpg 1920w, https:\/\/www.oldwestburygardens.org\/wp-content\/uploads\/2025\/05\/IMG_1961-225x300.jpg 225w\" sizes=\"auto, (max-width: 1920px) 100vw, 1920px\" \/><\/figure>\n<\/figure>\n<\/div>\n\n\n\n<p><\/p>","protected":false},"excerpt":{"rendered":"<p>Historia de la familia Phipps: El valor de cultivar relaciones El 27 de septiembre es el 184 aniversario del nacimiento de Henry Phipps, Jr., padre de John S. Phipps, cuya familia llam\u00f3 a Westbury House y sus [\u2026]<\/p>","protected":false},"author":1,"featured_media":0,"parent":605,"menu_order":0,"comment_status":"open","ping_status":"open","template":"","meta":{"_acf_changed":false,"_tec_requires_first_save":true,"_EventAllDay":false,"_EventTimezone":"","_EventStartDate":"","_EventEndDate":"","_EventStartDateUTC":"","_EventEndDateUTC":"","_EventShowMap":false,"_EventShowMapLink":false,"_EventURL":"","_EventCost":"","_EventCostDescription":"","_EventCurrencySymbol":"","_EventCurrencyCode":"","_EventCurrencyPosition":"","_EventDateTimeSeparator":"","_EventTimeRangeSeparator":"","_EventOrganizerID":[],"_EventVenueID":[],"_OrganizerEmail":"","_OrganizerPhone":"","_OrganizerWebsite":"","_VenueAddress":"","_VenueCity":"","_VenueCountry":"","_VenueProvince":"","_VenueState":"","_VenueZip":"","_VenuePhone":"","_VenueURL":"","_VenueStateProvince":"","_VenueLat":"","_VenueLng":"","_VenueShowMap":false,"_VenueShowMapLink":false,"_tribe_blocks_recurrence_rules":"","_tribe_blocks_recurrence_description":"","_tribe_blocks_recurrence_exclusions":"","footnotes":""},"class_list":["post-639","page","type-page","status-publish","hentry"],"acf":[],"yoast_head":"<!-- This site is optimized with the Yoast SEO plugin v26.2 - https:\/\/yoast.com\/wordpress\/plugins\/seo\/ -->\n<title>The Value of Cultivating Relationships | Old Westbury Gardens<\/title>\n<meta name=\"robots\" content=\"index, follow, max-snippet:-1, max-image-preview:large, max-video-preview:-1\" \/>\n<link rel=\"canonical\" href=\"https:\/\/www.oldwestburygardens.org\/es\/phipps-family-history\/the-value-of-cultivating-relationships\/\" \/>\n<meta property=\"og:locale\" content=\"es_ES\" \/>\n<meta property=\"og:type\" content=\"article\" \/>\n<meta property=\"og:title\" content=\"The Value of Cultivating Relationships | Old Westbury Gardens\" \/>\n<meta property=\"og:description\" content=\"Phipps Family History: The Value of Cultivating Relationships September 27 is the 184th birth anniversary of Henry Phipps, Jr.\u2014father of John S. Phipps, whose family called Westbury House and its [&hellip;]\" \/>\n<meta property=\"og:url\" content=\"https:\/\/www.oldwestburygardens.org\/es\/phipps-family-history\/the-value-of-cultivating-relationships\/\" \/>\n<meta property=\"og:site_name\" content=\"Old Westbury Gardens\" \/>\n<meta property=\"article:modified_time\" content=\"2025-05-28T19:31:29+00:00\" \/>\n<meta property=\"og:image\" content=\"https:\/\/www.oldwestburygardens.org\/wp-content\/uploads\/2025\/05\/phippscarnegiecrop.jpg\" \/>\n<meta name=\"twitter:card\" content=\"summary_large_image\" \/>\n<meta name=\"twitter:label1\" content=\"Est. reading time\" \/>\n\t<meta name=\"twitter:data1\" content=\"4 minutos\" \/>\n<script type=\"application\/ld+json\" class=\"yoast-schema-graph\">{\"@context\":\"https:\/\/schema.org\",\"@graph\":[{\"@type\":\"WebPage\",\"@id\":\"https:\/\/www.oldwestburygardens.org\/zh\/phipps-family-history\/the-value-of-cultivating-relationships\/\",\"url\":\"https:\/\/www.oldwestburygardens.org\/zh\/phipps-family-history\/the-value-of-cultivating-relationships\/\",\"name\":\"The Value of Cultivating Relationships | Old Westbury Gardens\",\"isPartOf\":{\"@id\":\"https:\/\/www.oldwestburygardens.org\/ko\/#website\"},\"primaryImageOfPage\":{\"@id\":\"https:\/\/www.oldwestburygardens.org\/zh\/phipps-family-history\/the-value-of-cultivating-relationships\/#primaryimage\"},\"image\":{\"@id\":\"https:\/\/www.oldwestburygardens.org\/zh\/phipps-family-history\/the-value-of-cultivating-relationships\/#primaryimage\"},\"thumbnailUrl\":\"https:\/\/www.oldwestburygardens.org\/wp-content\/uploads\/2025\/05\/phippscarnegiecrop.jpg\",\"datePublished\":\"2023-09-01T18:18:07+00:00\",\"dateModified\":\"2025-05-28T19:31:29+00:00\",\"breadcrumb\":{\"@id\":\"https:\/\/www.oldwestburygardens.org\/zh\/phipps-family-history\/the-value-of-cultivating-relationships\/#breadcrumb\"},\"inLanguage\":\"es\",\"potentialAction\":[{\"@type\":\"ReadAction\",\"target\":[\"https:\/\/www.oldwestburygardens.org\/zh\/phipps-family-history\/the-value-of-cultivating-relationships\/\"]}]},{\"@type\":\"ImageObject\",\"inLanguage\":\"es\",\"@id\":\"https:\/\/www.oldwestburygardens.org\/zh\/phipps-family-history\/the-value-of-cultivating-relationships\/#primaryimage\",\"url\":\"https:\/\/www.oldwestburygardens.org\/wp-content\/uploads\/2025\/05\/phippscarnegiecrop.jpg\",\"contentUrl\":\"https:\/\/www.oldwestburygardens.org\/wp-content\/uploads\/2025\/05\/phippscarnegiecrop.jpg\"},{\"@type\":\"BreadcrumbList\",\"@id\":\"https:\/\/www.oldwestburygardens.org\/zh\/phipps-family-history\/the-value-of-cultivating-relationships\/#breadcrumb\",\"itemListElement\":[{\"@type\":\"ListItem\",\"position\":1,\"name\":\"Home\",\"item\":\"https:\/\/www.oldwestburygardens.org\/\"},{\"@type\":\"ListItem\",\"position\":2,\"name\":\"Phipps Family History\",\"item\":\"https:\/\/www.oldwestburygardens.org\/zh\/phipps-family-history\/\"},{\"@type\":\"ListItem\",\"position\":3,\"name\":\"The Value of Cultivating Relationships\"}]},{\"@type\":\"WebSite\",\"@id\":\"https:\/\/www.oldwestburygardens.org\/ko\/#website\",\"url\":\"https:\/\/www.oldwestburygardens.org\/ko\/\",\"name\":\"Old Westbury Gardens\",\"description\":\"\",\"publisher\":{\"@id\":\"https:\/\/www.oldwestburygardens.org\/ko\/#organization\"},\"potentialAction\":[{\"@type\":\"SearchAction\",\"target\":{\"@type\":\"EntryPoint\",\"urlTemplate\":\"https:\/\/www.oldwestburygardens.org\/ko\/?s={search_term_string}\"},\"query-input\":{\"@type\":\"PropertyValueSpecification\",\"valueRequired\":true,\"valueName\":\"search_term_string\"}}],\"inLanguage\":\"es\"},{\"@type\":\"Organization\",\"@id\":\"https:\/\/www.oldwestburygardens.org\/ko\/#organization\",\"name\":\"Old Westbury Gardens\",\"url\":\"https:\/\/www.oldwestburygardens.org\/ko\/\",\"logo\":{\"@type\":\"ImageObject\",\"inLanguage\":\"es\",\"@id\":\"https:\/\/www.oldwestburygardens.org\/ko\/#\/schema\/logo\/image\/\",\"url\":\"https:\/\/www.oldwestburygardens.org\/wp-content\/uploads\/2025\/03\/OWGlogoforsite.png\",\"contentUrl\":\"https:\/\/www.oldwestburygardens.org\/wp-content\/uploads\/2025\/03\/OWGlogoforsite.png\",\"width\":750,\"height\":173,\"caption\":\"Old Westbury Gardens\"},\"image\":{\"@id\":\"https:\/\/www.oldwestburygardens.org\/ko\/#\/schema\/logo\/image\/\"}}]}<\/script>\n<!-- \/ Yoast SEO plugin. -->","yoast_head_json":{"title":"El valor de cultivar relaciones | Old Westbury Gardens","robots":{"index":"index","follow":"follow","max-snippet":"max-snippet:-1","max-image-preview":"max-image-preview:large","max-video-preview":"max-video-preview:-1"},"canonical":"https:\/\/www.oldwestburygardens.org\/es\/phipps-family-history\/the-value-of-cultivating-relationships\/","og_locale":"es_ES","og_type":"article","og_title":"The Value of Cultivating Relationships | Old Westbury Gardens","og_description":"Phipps Family History: The Value of Cultivating Relationships September 27 is the 184th birth anniversary of Henry Phipps, Jr.\u2014father of John S. Phipps, whose family called Westbury House and its [&hellip;]","og_url":"https:\/\/www.oldwestburygardens.org\/es\/phipps-family-history\/the-value-of-cultivating-relationships\/","og_site_name":"Old Westbury Gardens","article_modified_time":"2025-05-28T19:31:29+00:00","og_image":[{"url":"https:\/\/www.oldwestburygardens.org\/wp-content\/uploads\/2025\/05\/phippscarnegiecrop.jpg","type":"","width":"","height":""}],"twitter_card":"summary_large_image","twitter_misc":{"Est. reading time":"4 minutos"},"schema":{"@context":"https:\/\/schema.org","@graph":[{"@type":"WebPage","@id":"https:\/\/www.oldwestburygardens.org\/zh\/phipps-family-history\/the-value-of-cultivating-relationships\/","url":"https:\/\/www.oldwestburygardens.org\/zh\/phipps-family-history\/the-value-of-cultivating-relationships\/","name":"El valor de cultivar relaciones | Old Westbury Gardens","isPartOf":{"@id":"https:\/\/www.oldwestburygardens.org\/ko\/#website"},"primaryImageOfPage":{"@id":"https:\/\/www.oldwestburygardens.org\/zh\/phipps-family-history\/the-value-of-cultivating-relationships\/#primaryimage"},"image":{"@id":"https:\/\/www.oldwestburygardens.org\/zh\/phipps-family-history\/the-value-of-cultivating-relationships\/#primaryimage"},"thumbnailUrl":"https:\/\/www.oldwestburygardens.org\/wp-content\/uploads\/2025\/05\/phippscarnegiecrop.jpg","datePublished":"2023-09-01T18:18:07+00:00","dateModified":"2025-05-28T19:31:29+00:00","breadcrumb":{"@id":"https:\/\/www.oldwestburygardens.org\/zh\/phipps-family-history\/the-value-of-cultivating-relationships\/#breadcrumb"},"inLanguage":"es","potentialAction":[{"@type":"ReadAction","target":["https:\/\/www.oldwestburygardens.org\/zh\/phipps-family-history\/the-value-of-cultivating-relationships\/"]}]},{"@type":"ImageObject","inLanguage":"es","@id":"https:\/\/www.oldwestburygardens.org\/zh\/phipps-family-history\/the-value-of-cultivating-relationships\/#primaryimage","url":"https:\/\/www.oldwestburygardens.org\/wp-content\/uploads\/2025\/05\/phippscarnegiecrop.jpg","contentUrl":"https:\/\/www.oldwestburygardens.org\/wp-content\/uploads\/2025\/05\/phippscarnegiecrop.jpg"},{"@type":"BreadcrumbList","@id":"https:\/\/www.oldwestburygardens.org\/zh\/phipps-family-history\/the-value-of-cultivating-relationships\/#breadcrumb","itemListElement":[{"@type":"ListItem","position":1,"name":"Home","item":"https:\/\/www.oldwestburygardens.org\/"},{"@type":"ListItem","position":2,"name":"Phipps Family History","item":"https:\/\/www.oldwestburygardens.org\/zh\/phipps-family-history\/"},{"@type":"ListItem","position":3,"name":"The Value of Cultivating Relationships"}]},{"@type":"WebSite","@id":"https:\/\/www.oldwestburygardens.org\/ko\/#website","url":"https:\/\/www.oldwestburygardens.org\/ko\/","name":"Jardines del viejo Westbury","description":"","publisher":{"@id":"https:\/\/www.oldwestburygardens.org\/ko\/#organization"},"potentialAction":[{"@type":"SearchAction","target":{"@type":"EntryPoint","urlTemplate":"https:\/\/www.oldwestburygardens.org\/ko\/?s={search_term_string}"},"query-input":{"@type":"PropertyValueSpecification","valueRequired":true,"valueName":"search_term_string"}}],"inLanguage":"es"},{"@type":"Organization","@id":"https:\/\/www.oldwestburygardens.org\/ko\/#organization","name":"Jardines del viejo Westbury","url":"https:\/\/www.oldwestburygardens.org\/ko\/","logo":{"@type":"ImageObject","inLanguage":"es","@id":"https:\/\/www.oldwestburygardens.org\/ko\/#\/schema\/logo\/image\/","url":"https:\/\/www.oldwestburygardens.org\/wp-content\/uploads\/2025\/03\/OWGlogoforsite.png","contentUrl":"https:\/\/www.oldwestburygardens.org\/wp-content\/uploads\/2025\/03\/OWGlogoforsite.png","width":750,"height":173,"caption":"Old Westbury Gardens"},"image":{"@id":"https:\/\/www.oldwestburygardens.org\/ko\/#\/schema\/logo\/image\/"}}]}},"_links":{"self":[{"href":"https:\/\/www.oldwestburygardens.org\/es\/wp-json\/wp\/v2\/pages\/639","targetHints":{"allow":["GET"]}}],"collection":[{"href":"https:\/\/www.oldwestburygardens.org\/es\/wp-json\/wp\/v2\/pages"}],"about":[{"href":"https:\/\/www.oldwestburygardens.org\/es\/wp-json\/wp\/v2\/types\/page"}],"author":[{"embeddable":true,"href":"https:\/\/www.oldwestburygardens.org\/es\/wp-json\/wp\/v2\/users\/1"}],"replies":[{"embeddable":true,"href":"https:\/\/www.oldwestburygardens.org\/es\/wp-json\/wp\/v2\/comments?post=639"}],"version-history":[{"count":7,"href":"https:\/\/www.oldwestburygardens.org\/es\/wp-json\/wp\/v2\/pages\/639\/revisions"}],"predecessor-version":[{"id":6435,"href":"https:\/\/www.oldwestburygardens.org\/es\/wp-json\/wp\/v2\/pages\/639\/revisions\/6435"}],"up":[{"embeddable":true,"href":"https:\/\/www.oldwestburygardens.org\/es\/wp-json\/wp\/v2\/pages\/605"}],"wp:attachment":[{"href":"https:\/\/www.oldwestburygardens.org\/es\/wp-json\/wp\/v2\/media?parent=639"}],"curies":[{"name":"wp","href":"https:\/\/api.w.org\/{rel}","templated":true}]}}