{"id":640,"date":"2024-04-30T14:37:33","date_gmt":"2024-04-30T14:37:33","guid":{"rendered":"https:\/\/www.oldwestburygardens.org\/the-phipps-of-denver\/"},"modified":"2025-06-05T22:11:09","modified_gmt":"2025-06-06T02:11:09","slug":"the-phipps-of-denver","status":"publish","type":"page","link":"https:\/\/www.oldwestburygardens.org\/es\/phipps-family-history\/the-phipps-of-denver\/","title":{"rendered":"Los Phipps de Denver"},"content":{"rendered":"<div class=\"wp-block-group has-global-padding is-layout-constrained wp-block-group-is-layout-constrained\" style=\"padding-top:0;padding-bottom:0\">\n<p><\/p>\n\n\n\n<h3 class=\"wp-block-heading\">Historia de la familia Phipps: Los Phipps de Denver<\/h3>\n\n\n\n<p>Ocasionalmente, los visitantes de Westbury House preguntan a los docentes y al personal: &quot;Soy de Colorado. \u00bfEstos Phipps son parientes de los Phipps de Denver?&quot;. La respuesta a la pregunta es s\u00ed, por supuesto.<\/p>\n\n\n\n<div class=\"wp-block-columns is-layout-flex wp-container-core-columns-is-layout-1 wp-block-columns-is-layout-flex\">\n<div class=\"wp-block-column is-layout-flow wp-block-column-is-layout-flow\" style=\"flex-basis:66.66%\">\n<p>A principios del siglo XX, Lawrence Cowle Phipps (1862-1958), sobrino de Henry Phipps, Jr. y primo hermano de Jay Phipps, decidi\u00f3 trasladar su residencia permanente de Pittsburgh a Denver, donde mantuvo una residencia de verano. Poco despu\u00e9s, Lawrence se convirti\u00f3 en un miembro destacado del sector empresarial de Denver, en particular del sector energ\u00e9tico, as\u00ed como de las comunidades pol\u00edtica y social. En 1918, se postul\u00f3 con \u00e9xito para el Senado de los Estados Unidos y represent\u00f3 a Colorado durante dos mandatos; un importante legado pol\u00edtico fue su apoyo a la presa Hoover.<\/p>\n\n\n\n<p>Siguiendo los pasos de las actividades filantr\u00f3picas de sus mentores empresariales, Andrew Carnegie y Henry Phipps, Lawrence tambi\u00e9n se convirti\u00f3 en un l\u00edder en las iniciativas ben\u00e9ficas de Denver. En 1904, construy\u00f3 el Sanatorio Agnes Memorial en Denver \u2014un hospital y centro de rehabilitaci\u00f3n para pacientes con tuberculosis\u2014 en memoria de su madre, Agnes, quien falleci\u00f3 a causa de la enfermedad. Lawrence tambi\u00e9n contribuy\u00f3 significativamente a las operaciones de la Cruz Roja de Denver durante la Primera Guerra Mundial y fue uno de los principales contribuyentes al Museo de Historia Natural de Colorado, actualmente el Museo de Naturaleza y Ciencia de Denver.<\/p>\n<\/div>\n\n\n\n<div class=\"wp-block-column is-layout-flow wp-block-column-is-layout-flow\" style=\"flex-basis:33.33%\">\n<figure class=\"wp-block-image size-large\"><img decoding=\"async\" src=\"https:\/\/www.oldwestburygardens.org\/wp-content\/uploads\/2025\/05\/LC-Phipps-wife-and-children.jpg\" alt=\"Lawrence (1862-1958), Margaret (1889-1968), and their children Gerald (1915-1993), and Allan (1912-1997). 1931, History Colorado\" class=\"wp-image-123\"\/><figcaption class=\"wp-element-caption\">Lawrence (1862-1958), Margaret (1889-1968) y sus hijos Gerald (1915-1993) y Allan (1912-1997). 1931, Historia de Colorado<\/figcaption><\/figure>\n<\/div>\n<\/div>\n<\/div>\n\n\n\n<div class=\"wp-block-group has-global-padding is-layout-constrained wp-block-group-is-layout-constrained\" style=\"padding-top:0;padding-bottom:0\">\n<p><\/p>\n\n\n\n<div class=\"wp-block-columns is-layout-flex wp-container-core-columns-is-layout-2 wp-block-columns-is-layout-flex\">\n<div class=\"wp-block-column is-layout-flow wp-block-column-is-layout-flow\" style=\"flex-basis:33.33%\">\n<figure class=\"wp-block-image size-large\"><img decoding=\"async\" src=\"https:\/\/www.oldwestburygardens.org\/wp-content\/uploads\/2025\/05\/AgnesSanitorium.jpg\" alt=\"Agnes Memorial Sanitarium. c 1910-1932? Denver Public Library.\" class=\"wp-image-123\"\/><figcaption class=\"wp-element-caption\">Sanatorio Agnes Memorial. \u00bf1910-1932? Biblioteca P\u00fablica de Denver<\/figcaption><\/figure>\n<\/div>\n\n\n\n<div class=\"wp-block-column is-layout-flow wp-block-column-is-layout-flow\" style=\"flex-basis:66.66%\">\n<p>Phipps era el menor de los cuatro hijos del pastor metodista William Henry Phipps y su esposa Agnes McCall. Lawrence ascendi\u00f3 en la jerarqu\u00eda de Carnegie Steel a los 16 a\u00f1os, hasta convertirse en vicepresidente. Tras la venta de Carnegie Steel en 1901, Lawrence, al igual que su t\u00edo Henry, se enriqueci\u00f3 enormemente, siendo uno de los principales accionistas de Carnegie Steel. Resulta interesante que la mayor\u00eda de sus biograf\u00edas \u2014incluidas las de su campa\u00f1a pol\u00edtica\u2014 mencionen sus humildes comienzos en Carnegie Steel como oficinista en una acer\u00eda, pero omitan la influencia que su t\u00edo Henry ejerci\u00f3 en su carrera, quien, junto con Andrew y Thomas Carnegie, fund\u00f3 las diversas operaciones sider\u00fargicas que emplearon a Lawrence.<\/p>\n<\/div>\n<\/div>\n\n\n\n<div class=\"wp-block-columns is-layout-flex wp-container-core-columns-is-layout-3 wp-block-columns-is-layout-flex\">\n<div class=\"wp-block-column is-layout-flow wp-block-column-is-layout-flow\" style=\"flex-basis:66.66%\">\n<p>Otro hecho interesante en la vida de Lawrence fue su distanciamiento y posterior divorcio de su segunda esposa, Genevieve. Su primera esposa, Ibraella, con quien tuvo dos hijos, falleci\u00f3 de una enfermedad pulmonar tras seis a\u00f1os de matrimonio. En 1897 se cas\u00f3 con Genevieve Chandler, hija de una prominente familia de Pittsburgh. En 1904, peri\u00f3dicos de todo Estados Unidos informaron sobre el secuestro de sus dos hijos, quienes se alojaban en un hotel de Nueva York con su madre. Posteriormente, la prensa inform\u00f3 sobre intentos de reconciliaci\u00f3n mediados por el benefactor de Lawrence, Henry Phipps, Sr.<\/p>\n\n\n\n<p>Tras divorciarse finalmente de Genevieve, Lawrence se cas\u00f3 con Margaret Rogers, hija de un destacado abogado y exalcalde de Denver. Margaret y Lawrence tuvieron dos hijos. A principios de la d\u00e9cada de 1930, para generar empleo durante la depresi\u00f3n, seg\u00fan las memorias familiares, Lawrence y Margaret colaboraron en el dise\u00f1o de una gran casa en el sur de Denver y encargaron el proyecto a los arquitectos Fisher and Fisher, junto con Charles Platt. La casa, que a\u00fan existe, se llamaba Belcaro, que traducido del italiano significa &quot;hermosa querida&quot;. El paisaje y los jardines fueron dise\u00f1ados por Annette Hoyt Flanders, quien tambi\u00e9n dise\u00f1\u00f3 varios jardines en la zona de Nueva York, incluyendo el de la finca Clovery Manor de Vincent Astor, ubicada en Sands Point.<\/p>\n\n\n\n<p>En la d\u00e9cada de 1960, la familia don\u00f3 Belcaro a la Universidad de Denver, que utiliz\u00f3 la propiedad como centro de eventos y conferencias. En 2010, la Universidad vendi\u00f3 la finca para usarla como residencia privada. Phipps tambi\u00e9n ten\u00eda una residencia de verano en el \u00e1rea de Los \u00c1ngeles, que posteriormente fue propiedad de la comediante Phyllis Diller.<\/p>\n\n\n\n<p>Los hijos de Lawrence tambi\u00e9n desempe\u00f1aron papeles destacados en los negocios y las industrias sin fines de lucro de Denver, siendo copropietarios de los Denver Broncos y dirigiendo el Museo de Ciencias y Naturaleza de Denver desde la d\u00e9cada de 1960 hasta 1981.<\/p>\n\n\n\n<p class=\"has-text-align-right\"><em>~Paul Hunchak, Director de Programas P\u00fablicos y Servicios para Visitantes<\/em><\/p>\n<\/div>\n\n\n\n<div class=\"wp-block-column is-layout-flow wp-block-column-is-layout-flow\" style=\"flex-basis:33.33%\">\n<figure class=\"wp-block-image size-large\"><img decoding=\"async\" src=\"https:\/\/www.oldwestburygardens.org\/wp-content\/uploads\/2025\/05\/Millionaire_Flees_with_His_Two_Daughters.jpg\" alt=\"Chicago Tribune. June 4, 1904\" class=\"wp-image-123\"\/><figcaption class=\"wp-element-caption\">Chicago Tribune. 4 de junio de 1904<\/figcaption><\/figure>\n<\/div>\n<\/div>\n<\/div>\n\n\n\n<div class=\"wp-block-group has-global-padding is-layout-constrained wp-block-group-is-layout-constrained\" style=\"padding-top:0;padding-bottom:0\">\n<figure class=\"wp-block-gallery has-nested-images columns-4 is-cropped wp-block-gallery-1 is-layout-flex wp-block-gallery-is-layout-flex\">\n<figure class=\"wp-block-image size-large\"><img loading=\"lazy\" decoding=\"async\" width=\"500\" height=\"338\" src=\"https:\/\/www.oldwestburygardens.org\/wp-content\/uploads\/2025\/05\/Belcaro.jpg\" alt=\"\" class=\"wp-image-4083\" srcset=\"https:\/\/www.oldwestburygardens.org\/wp-content\/uploads\/2025\/05\/Belcaro.jpg 500w, https:\/\/www.oldwestburygardens.org\/wp-content\/uploads\/2025\/05\/Belcaro-300x203.jpg 300w, https:\/\/www.oldwestburygardens.org\/wp-content\/uploads\/2025\/05\/Belcaro-18x12.jpg 18w\" sizes=\"auto, (max-width: 500px) 100vw, 500px\" \/><\/figure>\n\n\n\n<figure class=\"wp-block-image size-large\"><img loading=\"lazy\" decoding=\"async\" width=\"500\" height=\"472\" src=\"https:\/\/www.oldwestburygardens.org\/wp-content\/uploads\/2025\/05\/GardensatBelcaro.jpg\" alt=\"\" class=\"wp-image-4084\" srcset=\"https:\/\/www.oldwestburygardens.org\/wp-content\/uploads\/2025\/05\/GardensatBelcaro.jpg 500w, https:\/\/www.oldwestburygardens.org\/wp-content\/uploads\/2025\/05\/GardensatBelcaro-300x283.jpg 300w, https:\/\/www.oldwestburygardens.org\/wp-content\/uploads\/2025\/05\/GardensatBelcaro-13x12.jpg 13w\" sizes=\"auto, (max-width: 500px) 100vw, 500px\" \/><\/figure>\n\n\n\n<figure class=\"wp-block-image size-large\"><img loading=\"lazy\" decoding=\"async\" width=\"1024\" height=\"678\" src=\"https:\/\/www.oldwestburygardens.org\/wp-content\/uploads\/2025\/05\/Grandview-1024x678.jpg\" alt=\"\" class=\"wp-image-4085\" srcset=\"https:\/\/www.oldwestburygardens.org\/wp-content\/uploads\/2025\/05\/Grandview-1024x678.jpg 1024w, https:\/\/www.oldwestburygardens.org\/wp-content\/uploads\/2025\/05\/Grandview-300x199.jpg 300w, https:\/\/www.oldwestburygardens.org\/wp-content\/uploads\/2025\/05\/Grandview-768x508.jpg 768w, https:\/\/www.oldwestburygardens.org\/wp-content\/uploads\/2025\/05\/Grandview-18x12.jpg 18w, https:\/\/www.oldwestburygardens.org\/wp-content\/uploads\/2025\/05\/Grandview.jpg 1203w\" sizes=\"auto, (max-width: 1024px) 100vw, 1024px\" \/><\/figure>\n\n\n\n<figure class=\"wp-block-image size-large\"><img loading=\"lazy\" decoding=\"async\" width=\"500\" height=\"397\" src=\"https:\/\/www.oldwestburygardens.org\/wp-content\/uploads\/2025\/05\/PhippsAuditorium.jpg\" alt=\"\" class=\"wp-image-4086\" srcset=\"https:\/\/www.oldwestburygardens.org\/wp-content\/uploads\/2025\/05\/PhippsAuditorium.jpg 500w, https:\/\/www.oldwestburygardens.org\/wp-content\/uploads\/2025\/05\/PhippsAuditorium-300x238.jpg 300w, https:\/\/www.oldwestburygardens.org\/wp-content\/uploads\/2025\/05\/PhippsAuditorium-15x12.jpg 15w\" sizes=\"auto, (max-width: 500px) 100vw, 500px\" \/><\/figure>\n<\/figure>\n\n\n\n<p><strong>Subt\u00edtulos de im\u00e1genes de la galer\u00eda <\/strong>(de izquierda a derecha):<\/p>\n\n\n\n<ol class=\"wp-block-list\">\n<li>Belcaro. 1949, Biblioteca P\u00fablica de Denver&nbsp;<\/li>\n\n\n\n<li>Secci\u00f3n de los jardines dise\u00f1ados por Annette Hoyt-Flanders para Belcaro. Diapositiva de linterna de 1937, Biblioteca P\u00fablica de Denver&nbsp;<\/li>\n\n\n\n<li>Grandview, residencia de Lawrence C Phipps en Pittsburgh construida en 1902. Pittsburgh hist\u00f3rico&nbsp;<\/li>\n\n\n\n<li>Auditorio Phipps, Museo de Historia Natural de Denver. c. 1945-1950, Biblioteca P\u00fablica de Denver&nbsp;<\/li>\n<\/ol>\n<\/div>","protected":false},"excerpt":{"rendered":"<p>Historia de la familia Phipps: Los Phipps de Denver En ocasiones, los visitantes de Westbury House preguntan a los docentes y al personal: &quot;Soy de Colorado, \u00bfestos Phipps son parientes de los Phipps de Denver?&quot; La respuesta a [\u2026]<\/p>","protected":false},"author":1,"featured_media":0,"parent":605,"menu_order":0,"comment_status":"open","ping_status":"open","template":"","meta":{"_acf_changed":false,"_tec_requires_first_save":true,"_EventAllDay":false,"_EventTimezone":"","_EventStartDate":"","_EventEndDate":"","_EventStartDateUTC":"","_EventEndDateUTC":"","_EventShowMap":false,"_EventShowMapLink":false,"_EventURL":"","_EventCost":"","_EventCostDescription":"","_EventCurrencySymbol":"","_EventCurrencyCode":"","_EventCurrencyPosition":"","_EventDateTimeSeparator":"","_EventTimeRangeSeparator":"","_EventOrganizerID":[],"_EventVenueID":[],"_OrganizerEmail":"","_OrganizerPhone":"","_OrganizerWebsite":"","_VenueAddress":"","_VenueCity":"","_VenueCountry":"","_VenueProvince":"","_VenueState":"","_VenueZip":"","_VenuePhone":"","_VenueURL":"","_VenueStateProvince":"","_VenueLat":"","_VenueLng":"","_VenueShowMap":false,"_VenueShowMapLink":false,"_tribe_blocks_recurrence_rules":"","_tribe_blocks_recurrence_description":"","_tribe_blocks_recurrence_exclusions":"","footnotes":""},"class_list":["post-640","page","type-page","status-publish","hentry"],"acf":[],"yoast_head":"<!-- This site is optimized with the Yoast SEO plugin v26.2 - https:\/\/yoast.com\/wordpress\/plugins\/seo\/ -->\n<title>The Phipps of Denver | Old Westbury Gardens<\/title>\n<meta name=\"robots\" content=\"index, follow, max-snippet:-1, max-image-preview:large, max-video-preview:-1\" \/>\n<link rel=\"canonical\" href=\"https:\/\/www.oldwestburygardens.org\/es\/phipps-family-history\/the-phipps-of-denver\/\" \/>\n<meta property=\"og:locale\" content=\"es_ES\" \/>\n<meta property=\"og:type\" content=\"article\" \/>\n<meta property=\"og:title\" content=\"The Phipps of Denver | Old Westbury Gardens\" \/>\n<meta property=\"og:description\" content=\"Phipps Family History: The Phipps of Denver Occasionally visitors to Westbury House ask docents and staff, \u201cI\u2019m from Colorado\u2014are these Phipps related to the Phipps from Denver?\u201d The answer to [&hellip;]\" \/>\n<meta property=\"og:url\" content=\"https:\/\/www.oldwestburygardens.org\/es\/phipps-family-history\/the-phipps-of-denver\/\" \/>\n<meta property=\"og:site_name\" content=\"Old Westbury Gardens\" \/>\n<meta property=\"article:modified_time\" content=\"2025-06-06T02:11:09+00:00\" \/>\n<meta property=\"og:image\" content=\"https:\/\/www.oldwestburygardens.org\/wp-content\/uploads\/2025\/05\/LC-Phipps-wife-and-children.jpg\" \/>\n<meta name=\"twitter:card\" content=\"summary_large_image\" \/>\n<meta name=\"twitter:label1\" content=\"Est. reading time\" \/>\n\t<meta name=\"twitter:data1\" content=\"5 minutos\" \/>\n<script type=\"application\/ld+json\" class=\"yoast-schema-graph\">{\"@context\":\"https:\/\/schema.org\",\"@graph\":[{\"@type\":\"WebPage\",\"@id\":\"https:\/\/www.oldwestburygardens.org\/phipps-family-history\/the-phipps-of-denver\/\",\"url\":\"https:\/\/www.oldwestburygardens.org\/phipps-family-history\/the-phipps-of-denver\/\",\"name\":\"The Phipps of Denver | Old Westbury Gardens\",\"isPartOf\":{\"@id\":\"https:\/\/www.oldwestburygardens.org\/ko\/#website\"},\"primaryImageOfPage\":{\"@id\":\"https:\/\/www.oldwestburygardens.org\/phipps-family-history\/the-phipps-of-denver\/#primaryimage\"},\"image\":{\"@id\":\"https:\/\/www.oldwestburygardens.org\/phipps-family-history\/the-phipps-of-denver\/#primaryimage\"},\"thumbnailUrl\":\"https:\/\/www.oldwestburygardens.org\/wp-content\/uploads\/2025\/05\/LC-Phipps-wife-and-children.jpg\",\"datePublished\":\"2024-04-30T14:37:33+00:00\",\"dateModified\":\"2025-06-06T02:11:09+00:00\",\"breadcrumb\":{\"@id\":\"https:\/\/www.oldwestburygardens.org\/phipps-family-history\/the-phipps-of-denver\/#breadcrumb\"},\"inLanguage\":\"es\",\"potentialAction\":[{\"@type\":\"ReadAction\",\"target\":[\"https:\/\/www.oldwestburygardens.org\/phipps-family-history\/the-phipps-of-denver\/\"]}]},{\"@type\":\"ImageObject\",\"inLanguage\":\"es\",\"@id\":\"https:\/\/www.oldwestburygardens.org\/phipps-family-history\/the-phipps-of-denver\/#primaryimage\",\"url\":\"https:\/\/www.oldwestburygardens.org\/wp-content\/uploads\/2025\/05\/LC-Phipps-wife-and-children.jpg\",\"contentUrl\":\"https:\/\/www.oldwestburygardens.org\/wp-content\/uploads\/2025\/05\/LC-Phipps-wife-and-children.jpg\"},{\"@type\":\"BreadcrumbList\",\"@id\":\"https:\/\/www.oldwestburygardens.org\/phipps-family-history\/the-phipps-of-denver\/#breadcrumb\",\"itemListElement\":[{\"@type\":\"ListItem\",\"position\":1,\"name\":\"Home\",\"item\":\"https:\/\/www.oldwestburygardens.org\/\"},{\"@type\":\"ListItem\",\"position\":2,\"name\":\"Phipps Family History\",\"item\":\"https:\/\/www.oldwestburygardens.org\/zh\/phipps-family-history\/\"},{\"@type\":\"ListItem\",\"position\":3,\"name\":\"The Phipps of Denver\"}]},{\"@type\":\"WebSite\",\"@id\":\"https:\/\/www.oldwestburygardens.org\/ko\/#website\",\"url\":\"https:\/\/www.oldwestburygardens.org\/ko\/\",\"name\":\"Old Westbury Gardens\",\"description\":\"\",\"publisher\":{\"@id\":\"https:\/\/www.oldwestburygardens.org\/ko\/#organization\"},\"potentialAction\":[{\"@type\":\"SearchAction\",\"target\":{\"@type\":\"EntryPoint\",\"urlTemplate\":\"https:\/\/www.oldwestburygardens.org\/ko\/?s={search_term_string}\"},\"query-input\":{\"@type\":\"PropertyValueSpecification\",\"valueRequired\":true,\"valueName\":\"search_term_string\"}}],\"inLanguage\":\"es\"},{\"@type\":\"Organization\",\"@id\":\"https:\/\/www.oldwestburygardens.org\/ko\/#organization\",\"name\":\"Old Westbury Gardens\",\"url\":\"https:\/\/www.oldwestburygardens.org\/ko\/\",\"logo\":{\"@type\":\"ImageObject\",\"inLanguage\":\"es\",\"@id\":\"https:\/\/www.oldwestburygardens.org\/ko\/#\/schema\/logo\/image\/\",\"url\":\"https:\/\/www.oldwestburygardens.org\/wp-content\/uploads\/2025\/03\/OWGlogoforsite.png\",\"contentUrl\":\"https:\/\/www.oldwestburygardens.org\/wp-content\/uploads\/2025\/03\/OWGlogoforsite.png\",\"width\":750,\"height\":173,\"caption\":\"Old Westbury Gardens\"},\"image\":{\"@id\":\"https:\/\/www.oldwestburygardens.org\/ko\/#\/schema\/logo\/image\/\"}}]}<\/script>\n<!-- \/ Yoast SEO plugin. -->","yoast_head_json":{"title":"Los Phipps de Denver | Jardines de Old Westbury","robots":{"index":"index","follow":"follow","max-snippet":"max-snippet:-1","max-image-preview":"max-image-preview:large","max-video-preview":"max-video-preview:-1"},"canonical":"https:\/\/www.oldwestburygardens.org\/es\/phipps-family-history\/the-phipps-of-denver\/","og_locale":"es_ES","og_type":"article","og_title":"The Phipps of Denver | Old Westbury Gardens","og_description":"Phipps Family History: The Phipps of Denver Occasionally visitors to Westbury House ask docents and staff, \u201cI\u2019m from Colorado\u2014are these Phipps related to the Phipps from Denver?\u201d The answer to [&hellip;]","og_url":"https:\/\/www.oldwestburygardens.org\/es\/phipps-family-history\/the-phipps-of-denver\/","og_site_name":"Old Westbury Gardens","article_modified_time":"2025-06-06T02:11:09+00:00","og_image":[{"url":"https:\/\/www.oldwestburygardens.org\/wp-content\/uploads\/2025\/05\/LC-Phipps-wife-and-children.jpg","type":"","width":"","height":""}],"twitter_card":"summary_large_image","twitter_misc":{"Est. reading time":"5 minutos"},"schema":{"@context":"https:\/\/schema.org","@graph":[{"@type":"WebPage","@id":"https:\/\/www.oldwestburygardens.org\/phipps-family-history\/the-phipps-of-denver\/","url":"https:\/\/www.oldwestburygardens.org\/phipps-family-history\/the-phipps-of-denver\/","name":"Los Phipps de Denver | Jardines de Old Westbury","isPartOf":{"@id":"https:\/\/www.oldwestburygardens.org\/ko\/#website"},"primaryImageOfPage":{"@id":"https:\/\/www.oldwestburygardens.org\/phipps-family-history\/the-phipps-of-denver\/#primaryimage"},"image":{"@id":"https:\/\/www.oldwestburygardens.org\/phipps-family-history\/the-phipps-of-denver\/#primaryimage"},"thumbnailUrl":"https:\/\/www.oldwestburygardens.org\/wp-content\/uploads\/2025\/05\/LC-Phipps-wife-and-children.jpg","datePublished":"2024-04-30T14:37:33+00:00","dateModified":"2025-06-06T02:11:09+00:00","breadcrumb":{"@id":"https:\/\/www.oldwestburygardens.org\/phipps-family-history\/the-phipps-of-denver\/#breadcrumb"},"inLanguage":"es","potentialAction":[{"@type":"ReadAction","target":["https:\/\/www.oldwestburygardens.org\/phipps-family-history\/the-phipps-of-denver\/"]}]},{"@type":"ImageObject","inLanguage":"es","@id":"https:\/\/www.oldwestburygardens.org\/phipps-family-history\/the-phipps-of-denver\/#primaryimage","url":"https:\/\/www.oldwestburygardens.org\/wp-content\/uploads\/2025\/05\/LC-Phipps-wife-and-children.jpg","contentUrl":"https:\/\/www.oldwestburygardens.org\/wp-content\/uploads\/2025\/05\/LC-Phipps-wife-and-children.jpg"},{"@type":"BreadcrumbList","@id":"https:\/\/www.oldwestburygardens.org\/phipps-family-history\/the-phipps-of-denver\/#breadcrumb","itemListElement":[{"@type":"ListItem","position":1,"name":"Home","item":"https:\/\/www.oldwestburygardens.org\/"},{"@type":"ListItem","position":2,"name":"Phipps Family History","item":"https:\/\/www.oldwestburygardens.org\/zh\/phipps-family-history\/"},{"@type":"ListItem","position":3,"name":"The Phipps of Denver"}]},{"@type":"WebSite","@id":"https:\/\/www.oldwestburygardens.org\/ko\/#website","url":"https:\/\/www.oldwestburygardens.org\/ko\/","name":"Jardines del viejo Westbury","description":"","publisher":{"@id":"https:\/\/www.oldwestburygardens.org\/ko\/#organization"},"potentialAction":[{"@type":"SearchAction","target":{"@type":"EntryPoint","urlTemplate":"https:\/\/www.oldwestburygardens.org\/ko\/?s={search_term_string}"},"query-input":{"@type":"PropertyValueSpecification","valueRequired":true,"valueName":"search_term_string"}}],"inLanguage":"es"},{"@type":"Organization","@id":"https:\/\/www.oldwestburygardens.org\/ko\/#organization","name":"Jardines del viejo Westbury","url":"https:\/\/www.oldwestburygardens.org\/ko\/","logo":{"@type":"ImageObject","inLanguage":"es","@id":"https:\/\/www.oldwestburygardens.org\/ko\/#\/schema\/logo\/image\/","url":"https:\/\/www.oldwestburygardens.org\/wp-content\/uploads\/2025\/03\/OWGlogoforsite.png","contentUrl":"https:\/\/www.oldwestburygardens.org\/wp-content\/uploads\/2025\/03\/OWGlogoforsite.png","width":750,"height":173,"caption":"Old Westbury Gardens"},"image":{"@id":"https:\/\/www.oldwestburygardens.org\/ko\/#\/schema\/logo\/image\/"}}]}},"_links":{"self":[{"href":"https:\/\/www.oldwestburygardens.org\/es\/wp-json\/wp\/v2\/pages\/640","targetHints":{"allow":["GET"]}}],"collection":[{"href":"https:\/\/www.oldwestburygardens.org\/es\/wp-json\/wp\/v2\/pages"}],"about":[{"href":"https:\/\/www.oldwestburygardens.org\/es\/wp-json\/wp\/v2\/types\/page"}],"author":[{"embeddable":true,"href":"https:\/\/www.oldwestburygardens.org\/es\/wp-json\/wp\/v2\/users\/1"}],"replies":[{"embeddable":true,"href":"https:\/\/www.oldwestburygardens.org\/es\/wp-json\/wp\/v2\/comments?post=640"}],"version-history":[{"count":6,"href":"https:\/\/www.oldwestburygardens.org\/es\/wp-json\/wp\/v2\/pages\/640\/revisions"}],"predecessor-version":[{"id":6587,"href":"https:\/\/www.oldwestburygardens.org\/es\/wp-json\/wp\/v2\/pages\/640\/revisions\/6587"}],"up":[{"embeddable":true,"href":"https:\/\/www.oldwestburygardens.org\/es\/wp-json\/wp\/v2\/pages\/605"}],"wp:attachment":[{"href":"https:\/\/www.oldwestburygardens.org\/es\/wp-json\/wp\/v2\/media?parent=640"}],"curies":[{"name":"wp","href":"https:\/\/api.w.org\/{rel}","templated":true}]}}