{"id":647,"date":"2024-04-19T20:14:38","date_gmt":"2024-04-19T20:14:38","guid":{"rendered":"https:\/\/www.oldwestburygardens.org\/garden-bliss-proposal-package\/"},"modified":"2026-02-10T10:56:08","modified_gmt":"2026-02-10T15:56:08","slug":"garden-bliss-proposal-package","status":"publish","type":"page","link":"https:\/\/www.oldwestburygardens.org\/es\/private-events\/garden-bliss-proposal-package\/","title":{"rendered":"Paquete de propuesta \u201cGarden Bliss\u201d"},"content":{"rendered":"<section id=\"owg-page-header-v2 block_46bb20bdc7a9ec0cb56d04a49be76363\" class=\"owg-page-header-v2 has-transparent-background-color alignfull\">\n\n    <div class=\"owg-page-header-inner\">\n            \n\n<div class=\"wp-block-cover alignfull\" style=\"min-height:286px;aspect-ratio:unset;\"><span aria-hidden=\"true\" class=\"wp-block-cover__background has-background-dim-0 has-background-dim\" style=\"background-color:#6e816e\"><\/span><img loading=\"lazy\" decoding=\"async\" width=\"894\" height=\"475\" src=\"https:\/\/www.oldwestburygardens.org\/wp-content\/uploads\/2025\/10\/pergola-rev-rev.jpg\" class=\"wp-block-cover__image-background wp-post-image\" alt=\"\" data-object-fit=\"cover\" data-object-position=\"50% 50%\" style=\"object-position:50% 50%;\" srcset=\"https:\/\/www.oldwestburygardens.org\/wp-content\/uploads\/2025\/10\/pergola-rev-rev.jpg 894w, https:\/\/www.oldwestburygardens.org\/wp-content\/uploads\/2025\/10\/pergola-rev-rev-300x159.jpg 300w, https:\/\/www.oldwestburygardens.org\/wp-content\/uploads\/2025\/10\/pergola-rev-rev-768x408.jpg 768w, https:\/\/www.oldwestburygardens.org\/wp-content\/uploads\/2025\/10\/pergola-rev-rev-18x10.jpg 18w\" sizes=\"auto, (max-width: 894px) 100vw, 894px\" \/><div class=\"wp-block-cover__inner-container is-layout-flow wp-block-cover-is-layout-flow\">\n<div class=\"wp-block-group is-layout-flow wp-block-group-is-layout-flow\" style=\"padding-top:20px;padding-right:20px;padding-bottom:20px;padding-left:20px\"><h1 class=\"has-text-align-center wp-block-post-title has-text-color has-garden-brown-color\">Paquete de propuesta \u201cGarden Bliss\u201d<\/h1><\/div>\n<\/div><\/div>\n\n\n    <\/div>\n\n\n            <nav class=\"owg-page-header-inner__breadcrumbs\" aria-label=\"Migaja de pan\">\n            <a href=\"https:\/\/www.oldwestburygardens.org\/es\/\">Hogar<\/a>\n\n             | <a href=\"https:\/\/www.oldwestburygardens.org\/es\/private-events\/\">Eventos privados<\/a> | <span>Paquete de propuesta \u201cGarden Bliss\u201d<\/span>        <\/nav>\n    \n<\/section>\n\n\n<div class=\"wp-block-group has-global-padding is-layout-constrained wp-block-group-is-layout-constrained\" style=\"padding-top:0;padding-bottom:0\">\n<h5 class=\"wp-block-heading has-text-align-center\"><strong>Los permisos para fotograf\u00edas ya est\u00e1n disponibles para fechas posteriores al 1 de abril de 2026. <\/strong><\/h5>\n\n\n\n<h5 class=\"wp-block-heading has-text-align-center\"><strong>TENGA EN CUENTA:<\/strong> <strong><span style=\"text-decoration: underline;\">NO HAY SESIONES DE FOTOGRAF\u00cdA PRIVADAS DISPONIBLES EL 22 DE AGOSTO, EL 18 Y 19 DE SEPTIEMBRE Y EL 11 DE OCTUBRE<\/span><\/strong><\/h5>\n\n\n\n<h5 class=\"wp-block-heading has-text-align-center\"><strong>Las reservas de ceremonias est\u00e1n disponibles para fechas posteriores al 1 de mayo de 2026.<\/strong><\/h5>\n\n\n\n<hr class=\"wp-block-separator has-alpha-channel-opacity\"\/>\n\n\n\n<p class=\"has-text-align-center\">La grandiosa arquitectura y los jardines bellamente cuidados son el escenario perfecto para su momento especial.<\/p>\n\n\n\n<p class=\"has-text-align-center\">Nuestro equipo trabajar\u00e1 estrechamente con usted para garantizar que su pareja est\u00e9 sorprendida y emocionada de decir &quot;s\u00ed&quot;, y que ambos tengan una experiencia memorable que atesorar\u00e1n durante toda la vida.<\/p>\n\n\n\n<h2 class=\"wp-block-heading has-text-align-center\">El paquete<\/h2>\n\n\n\n<p class=\"has-text-align-center\">El paquete de propuesta \u201cGarden Bliss\u201d incluye:<\/p>\n\n\n\n<div class=\"wp-block-columns is-layout-flex wp-container-core-columns-is-layout-1 wp-block-columns-is-layout-flex\">\n<div class=\"wp-block-column is-layout-flow wp-block-column-is-layout-flow\">\n<figure class=\"wp-block-image aligncenter size-full is-resized\"><img loading=\"lazy\" decoding=\"async\" width=\"1000\" height=\"865\" src=\"https:\/\/www.oldwestburygardens.org\/wp-content\/uploads\/2025\/05\/Garden-Bliss-pic-1-rev.jpg\" alt=\"\" class=\"wp-image-6330\" style=\"width:503px;height:auto\" srcset=\"https:\/\/www.oldwestburygardens.org\/wp-content\/uploads\/2025\/05\/Garden-Bliss-pic-1-rev.jpg 1000w, https:\/\/www.oldwestburygardens.org\/wp-content\/uploads\/2025\/05\/Garden-Bliss-pic-1-rev-300x260.jpg 300w, https:\/\/www.oldwestburygardens.org\/wp-content\/uploads\/2025\/05\/Garden-Bliss-pic-1-rev-768x664.jpg 768w, https:\/\/www.oldwestburygardens.org\/wp-content\/uploads\/2025\/05\/Garden-Bliss-pic-1-rev-14x12.jpg 14w\" sizes=\"auto, (max-width: 1000px) 100vw, 1000px\" \/><\/figure>\n\n\n\n<p class=\"has-text-align-center\">Tres entradas para los Old Westbury Gardens: incluye la entrada a Westbury House y los jardines para la pareja, as\u00ed como la entrada para el fot\u00f3grafo.<\/p>\n<\/div>\n<\/div>\n<\/div>\n\n\n\n<div class=\"wp-block-group has-global-padding is-layout-constrained wp-block-group-is-layout-constrained\" style=\"padding-top:0;padding-bottom:0\">\n<h2 class=\"wp-block-heading has-text-align-center\">El escenario<\/h2>\n\n\n\n<p class=\"has-text-align-center\">Elige uno de los lugares que se muestran a continuaci\u00f3n para tu momento especial. Despu\u00e9s de la propuesta, puedes continuar la sesi\u00f3n fotogr\u00e1fica en los exteriores de los Jardines durante 90 minutos m\u00e1s.<\/p>\n\n\n\n<figure class=\"wp-block-gallery has-nested-images columns-default is-cropped wp-block-gallery-1 is-layout-flex wp-block-gallery-is-layout-flex\">\n<figure class=\"wp-block-image size-large\"><img loading=\"lazy\" decoding=\"async\" width=\"1000\" height=\"1000\" src=\"https:\/\/www.oldwestburygardens.org\/wp-content\/uploads\/2025\/05\/bridge1000x1000.jpg\" alt=\"\" class=\"wp-image-695\" srcset=\"https:\/\/www.oldwestburygardens.org\/wp-content\/uploads\/2025\/05\/bridge1000x1000.jpg 1000w, https:\/\/www.oldwestburygardens.org\/wp-content\/uploads\/2025\/05\/bridge1000x1000-300x300.jpg 300w, https:\/\/www.oldwestburygardens.org\/wp-content\/uploads\/2025\/05\/bridge1000x1000-150x150.jpg 150w, https:\/\/www.oldwestburygardens.org\/wp-content\/uploads\/2025\/05\/bridge1000x1000-768x768.jpg 768w, https:\/\/www.oldwestburygardens.org\/wp-content\/uploads\/2025\/05\/bridge1000x1000-12x12.jpg 12w\" sizes=\"auto, (max-width: 1000px) 100vw, 1000px\" \/><figcaption class=\"wp-element-caption\"><strong>PUENTE DEL LAGO ESTE<\/strong><\/figcaption><\/figure>\n\n\n\n<figure class=\"wp-block-image size-large\"><img loading=\"lazy\" decoding=\"async\" width=\"1000\" height=\"1000\" src=\"https:\/\/www.oldwestburygardens.org\/wp-content\/uploads\/2025\/05\/gate1000x1000.jpg\" alt=\"\" class=\"wp-image-694\" srcset=\"https:\/\/www.oldwestburygardens.org\/wp-content\/uploads\/2025\/05\/gate1000x1000.jpg 1000w, https:\/\/www.oldwestburygardens.org\/wp-content\/uploads\/2025\/05\/gate1000x1000-300x300.jpg 300w, https:\/\/www.oldwestburygardens.org\/wp-content\/uploads\/2025\/05\/gate1000x1000-150x150.jpg 150w, https:\/\/www.oldwestburygardens.org\/wp-content\/uploads\/2025\/05\/gate1000x1000-768x768.jpg 768w, https:\/\/www.oldwestburygardens.org\/wp-content\/uploads\/2025\/05\/gate1000x1000-12x12.jpg 12w\" sizes=\"auto, (max-width: 1000px) 100vw, 1000px\" \/><figcaption class=\"wp-element-caption\"><strong>PUERTA DE LA GRAN ALL\u00c9E<\/strong><\/figcaption><\/figure>\n\n\n\n<figure class=\"wp-block-image size-large\"><img loading=\"lazy\" decoding=\"async\" width=\"1000\" height=\"1000\" src=\"https:\/\/www.oldwestburygardens.org\/wp-content\/uploads\/2025\/05\/pergola1000x1000.jpg\" alt=\"\" class=\"wp-image-693\" srcset=\"https:\/\/www.oldwestburygardens.org\/wp-content\/uploads\/2025\/05\/pergola1000x1000.jpg 1000w, https:\/\/www.oldwestburygardens.org\/wp-content\/uploads\/2025\/05\/pergola1000x1000-300x300.jpg 300w, https:\/\/www.oldwestburygardens.org\/wp-content\/uploads\/2025\/05\/pergola1000x1000-150x150.jpg 150w, https:\/\/www.oldwestburygardens.org\/wp-content\/uploads\/2025\/05\/pergola1000x1000-768x768.jpg 768w, https:\/\/www.oldwestburygardens.org\/wp-content\/uploads\/2025\/05\/pergola1000x1000-12x12.jpg 12w\" sizes=\"auto, (max-width: 1000px) 100vw, 1000px\" \/><figcaption class=\"wp-element-caption\"><strong>JARD\u00cdN AMURALLADO<\/strong><\/figcaption><\/figure>\n<\/figure>\n<\/div>\n\n\n\n<div class=\"wp-block-group has-global-padding is-layout-constrained wp-block-group-is-layout-constrained\" style=\"padding-top:0;padding-bottom:0\">\n<p><em>Cr\u00e9dito de la foto central: Cassarino<\/em> <em>Estudios<\/em><\/p>\n\n\n\n<h2 class=\"wp-block-heading has-text-align-center\">Los detalles<\/h2>\n\n\n\n<h3 class=\"wp-block-heading has-text-align-center\">Tarifa del paquete: $350<\/h3>\n\n\n\n<p class=\"has-text-align-center\"><strong>El paquete de propuesta \u201cGarden Bliss\u201d debe reservarse con 2 a 3 semanas de anticipaci\u00f3n.<\/strong><\/p>\n\n\n\n<p class=\"has-text-align-center\"><strong>Nota: Estamos abiertos al p\u00fablico. El permiso para la ubicaci\u00f3n elegida no incluye la exclusividad en esa \u00e1rea. El personal de OWG estar\u00e1 presente para garantizar que su sesi\u00f3n no se interrumpa y que se cumplan los protocolos. <\/strong>(Por favor consulte la <a href=\"\/es\/plan-your-visit\/\">Planifique su visita<\/a> p\u00e1gina para m\u00e1s detalles).<\/p>\n\n\n\n<p class=\"has-text-align-center\">Si tiene preguntas o inquietudes, env\u00ede un correo electr\u00f3nico a <a href=\"mailto:info@oldwestburygardens.org?\" target=\"_blank\" rel=\"noreferrer noopener\"><strong>info@oldwestburygardens.org<\/strong><\/a>Para reservar, env\u00ede un correo electr\u00f3nico. <a href=\"mailto:weddings@oldwestburygardens.org\" target=\"_blank\" rel=\"noreferrer noopener\"><strong>bodas@oldwestburygardens.org<\/strong><\/a><\/p>\n\n\n\n<div style=\"height:59px\" aria-hidden=\"true\" class=\"wp-block-spacer\"><\/div>\n<\/div>","protected":false},"excerpt":{"rendered":"<p>Los permisos para tomar fotograf\u00edas ya est\u00e1n disponibles para fechas posteriores al 1 de abril de 2026. NOTA IMPORTANTE: NO HAY SESIONES DE FOTOGRAF\u00cdA PRIVADAS DISPONIBLES EL 22 DE AGOSTO, EL 18 Y 19 DE SEPTIEMBRE, NI EL 11 DE OCTUBRE. Reservas para la ceremonia [\u2026]<\/p>","protected":false},"author":1,"featured_media":8933,"parent":5067,"menu_order":0,"comment_status":"open","ping_status":"closed","template":"","meta":{"_acf_changed":false,"_tec_requires_first_save":true,"_EventAllDay":false,"_EventTimezone":"","_EventStartDate":"","_EventEndDate":"","_EventStartDateUTC":"","_EventEndDateUTC":"","_EventShowMap":false,"_EventShowMapLink":false,"_EventURL":"","_EventCost":"","_EventCostDescription":"","_EventCurrencySymbol":"","_EventCurrencyCode":"","_EventCurrencyPosition":"","_EventDateTimeSeparator":"","_EventTimeRangeSeparator":"","_EventOrganizerID":[],"_EventVenueID":[],"_OrganizerEmail":"","_OrganizerPhone":"","_OrganizerWebsite":"","_VenueAddress":"","_VenueCity":"","_VenueCountry":"","_VenueProvince":"","_VenueState":"","_VenueZip":"","_VenuePhone":"","_VenueURL":"","_VenueStateProvince":"","_VenueLat":"","_VenueLng":"","_VenueShowMap":false,"_VenueShowMapLink":false,"_tribe_blocks_recurrence_rules":"","_tribe_blocks_recurrence_description":"","_tribe_blocks_recurrence_exclusions":"","footnotes":""},"class_list":["post-647","page","type-page","status-publish","has-post-thumbnail","hentry"],"acf":[],"yoast_head":"<!-- This site is optimized with the Yoast SEO plugin v26.2 - https:\/\/yoast.com\/wordpress\/plugins\/seo\/ -->\n<title>&quot;Garden Bliss&quot; Proposal Package | Old Westbury Gardens<\/title>\n<meta name=\"robots\" content=\"index, follow, max-snippet:-1, max-image-preview:large, max-video-preview:-1\" \/>\n<link rel=\"canonical\" href=\"https:\/\/www.oldwestburygardens.org\/es\/private-events\/garden-bliss-proposal-package\/\" \/>\n<meta property=\"og:locale\" content=\"es_ES\" \/>\n<meta property=\"og:type\" content=\"article\" \/>\n<meta property=\"og:title\" content=\"&quot;Garden Bliss&quot; Proposal Package | Old Westbury Gardens\" \/>\n<meta property=\"og:description\" content=\"Photo permits are now available for dates after April 1, 2026. PLEASE NOTE: NO PRIVATE PHOTOGRAPHY SESSIONS ARE AVAILABLE ON AUGUST 22, SEPTEMBER 18 &amp; 19, OCTOBER 11 Ceremony reservations [&hellip;]\" \/>\n<meta property=\"og:url\" content=\"https:\/\/www.oldwestburygardens.org\/es\/private-events\/garden-bliss-proposal-package\/\" \/>\n<meta property=\"og:site_name\" content=\"Old Westbury Gardens\" \/>\n<meta property=\"article:modified_time\" content=\"2026-02-10T15:56:08+00:00\" \/>\n<meta property=\"og:image\" content=\"https:\/\/www.oldwestburygardens.org\/wp-content\/uploads\/2025\/10\/pergola-rev-rev.jpg\" \/>\n\t<meta property=\"og:image:width\" content=\"894\" \/>\n\t<meta property=\"og:image:height\" content=\"475\" \/>\n\t<meta property=\"og:image:type\" content=\"image\/jpeg\" \/>\n<meta name=\"twitter:card\" content=\"summary_large_image\" \/>\n<meta name=\"twitter:label1\" content=\"Est. reading time\" \/>\n\t<meta name=\"twitter:data1\" content=\"3 minutos\" \/>\n<script type=\"application\/ld+json\" class=\"yoast-schema-graph\">{\"@context\":\"https:\/\/schema.org\",\"@graph\":[{\"@type\":\"WebPage\",\"@id\":\"https:\/\/www.oldwestburygardens.org\/private-events\/garden-bliss-proposal-package\/\",\"url\":\"https:\/\/www.oldwestburygardens.org\/private-events\/garden-bliss-proposal-package\/\",\"name\":\"\\\"Garden Bliss\\\" Proposal Package | Old Westbury Gardens\",\"isPartOf\":{\"@id\":\"https:\/\/www.oldwestburygardens.org\/ko\/#website\"},\"primaryImageOfPage\":{\"@id\":\"https:\/\/www.oldwestburygardens.org\/private-events\/garden-bliss-proposal-package\/#primaryimage\"},\"image\":{\"@id\":\"https:\/\/www.oldwestburygardens.org\/private-events\/garden-bliss-proposal-package\/#primaryimage\"},\"thumbnailUrl\":\"https:\/\/www.oldwestburygardens.org\/wp-content\/uploads\/2025\/10\/pergola-rev-rev.jpg\",\"datePublished\":\"2024-04-19T20:14:38+00:00\",\"dateModified\":\"2026-02-10T15:56:08+00:00\",\"breadcrumb\":{\"@id\":\"https:\/\/www.oldwestburygardens.org\/private-events\/garden-bliss-proposal-package\/#breadcrumb\"},\"inLanguage\":\"es\",\"potentialAction\":[{\"@type\":\"ReadAction\",\"target\":[\"https:\/\/www.oldwestburygardens.org\/private-events\/garden-bliss-proposal-package\/\"]}]},{\"@type\":\"ImageObject\",\"inLanguage\":\"es\",\"@id\":\"https:\/\/www.oldwestburygardens.org\/private-events\/garden-bliss-proposal-package\/#primaryimage\",\"url\":\"https:\/\/www.oldwestburygardens.org\/wp-content\/uploads\/2025\/10\/pergola-rev-rev.jpg\",\"contentUrl\":\"https:\/\/www.oldwestburygardens.org\/wp-content\/uploads\/2025\/10\/pergola-rev-rev.jpg\",\"width\":894,\"height\":475},{\"@type\":\"BreadcrumbList\",\"@id\":\"https:\/\/www.oldwestburygardens.org\/private-events\/garden-bliss-proposal-package\/#breadcrumb\",\"itemListElement\":[{\"@type\":\"ListItem\",\"position\":1,\"name\":\"Home\",\"item\":\"https:\/\/www.oldwestburygardens.org\/\"},{\"@type\":\"ListItem\",\"position\":2,\"name\":\"Private Events\",\"item\":\"https:\/\/www.oldwestburygardens.org\/private-events\/\"},{\"@type\":\"ListItem\",\"position\":3,\"name\":\"&#8220;Garden Bliss&#8221; Proposal Package\"}]},{\"@type\":\"WebSite\",\"@id\":\"https:\/\/www.oldwestburygardens.org\/ko\/#website\",\"url\":\"https:\/\/www.oldwestburygardens.org\/ko\/\",\"name\":\"Old Westbury Gardens\",\"description\":\"\",\"publisher\":{\"@id\":\"https:\/\/www.oldwestburygardens.org\/ko\/#organization\"},\"potentialAction\":[{\"@type\":\"SearchAction\",\"target\":{\"@type\":\"EntryPoint\",\"urlTemplate\":\"https:\/\/www.oldwestburygardens.org\/ko\/?s={search_term_string}\"},\"query-input\":{\"@type\":\"PropertyValueSpecification\",\"valueRequired\":true,\"valueName\":\"search_term_string\"}}],\"inLanguage\":\"es\"},{\"@type\":\"Organization\",\"@id\":\"https:\/\/www.oldwestburygardens.org\/ko\/#organization\",\"name\":\"Old Westbury Gardens\",\"url\":\"https:\/\/www.oldwestburygardens.org\/ko\/\",\"logo\":{\"@type\":\"ImageObject\",\"inLanguage\":\"es\",\"@id\":\"https:\/\/www.oldwestburygardens.org\/ko\/#\/schema\/logo\/image\/\",\"url\":\"https:\/\/www.oldwestburygardens.org\/wp-content\/uploads\/2025\/03\/OWGlogoforsite.png\",\"contentUrl\":\"https:\/\/www.oldwestburygardens.org\/wp-content\/uploads\/2025\/03\/OWGlogoforsite.png\",\"width\":750,\"height\":173,\"caption\":\"Old Westbury Gardens\"},\"image\":{\"@id\":\"https:\/\/www.oldwestburygardens.org\/ko\/#\/schema\/logo\/image\/\"}}]}<\/script>\n<!-- \/ Yoast SEO plugin. -->","yoast_head_json":{"title":"\"Paquete de propuesta &quot;Garden Bliss&quot; | Old Westbury Gardens","robots":{"index":"index","follow":"follow","max-snippet":"max-snippet:-1","max-image-preview":"max-image-preview:large","max-video-preview":"max-video-preview:-1"},"canonical":"https:\/\/www.oldwestburygardens.org\/es\/private-events\/garden-bliss-proposal-package\/","og_locale":"es_ES","og_type":"article","og_title":"\"Garden Bliss\" Proposal Package | Old Westbury Gardens","og_description":"Photo permits are now available for dates after April 1, 2026. PLEASE NOTE: NO PRIVATE PHOTOGRAPHY SESSIONS ARE AVAILABLE ON AUGUST 22, SEPTEMBER 18 &amp; 19, OCTOBER 11 Ceremony reservations [&hellip;]","og_url":"https:\/\/www.oldwestburygardens.org\/es\/private-events\/garden-bliss-proposal-package\/","og_site_name":"Old Westbury Gardens","article_modified_time":"2026-02-10T15:56:08+00:00","og_image":[{"width":894,"height":475,"url":"https:\/\/www.oldwestburygardens.org\/wp-content\/uploads\/2025\/10\/pergola-rev-rev.jpg","type":"image\/jpeg"}],"twitter_card":"summary_large_image","twitter_misc":{"Est. reading time":"3 minutos"},"schema":{"@context":"https:\/\/schema.org","@graph":[{"@type":"WebPage","@id":"https:\/\/www.oldwestburygardens.org\/private-events\/garden-bliss-proposal-package\/","url":"https:\/\/www.oldwestburygardens.org\/private-events\/garden-bliss-proposal-package\/","name":"\"Paquete de propuesta &quot;Garden Bliss&quot; | Old Westbury Gardens","isPartOf":{"@id":"https:\/\/www.oldwestburygardens.org\/ko\/#website"},"primaryImageOfPage":{"@id":"https:\/\/www.oldwestburygardens.org\/private-events\/garden-bliss-proposal-package\/#primaryimage"},"image":{"@id":"https:\/\/www.oldwestburygardens.org\/private-events\/garden-bliss-proposal-package\/#primaryimage"},"thumbnailUrl":"https:\/\/www.oldwestburygardens.org\/wp-content\/uploads\/2025\/10\/pergola-rev-rev.jpg","datePublished":"2024-04-19T20:14:38+00:00","dateModified":"2026-02-10T15:56:08+00:00","breadcrumb":{"@id":"https:\/\/www.oldwestburygardens.org\/private-events\/garden-bliss-proposal-package\/#breadcrumb"},"inLanguage":"es","potentialAction":[{"@type":"ReadAction","target":["https:\/\/www.oldwestburygardens.org\/private-events\/garden-bliss-proposal-package\/"]}]},{"@type":"ImageObject","inLanguage":"es","@id":"https:\/\/www.oldwestburygardens.org\/private-events\/garden-bliss-proposal-package\/#primaryimage","url":"https:\/\/www.oldwestburygardens.org\/wp-content\/uploads\/2025\/10\/pergola-rev-rev.jpg","contentUrl":"https:\/\/www.oldwestburygardens.org\/wp-content\/uploads\/2025\/10\/pergola-rev-rev.jpg","width":894,"height":475},{"@type":"BreadcrumbList","@id":"https:\/\/www.oldwestburygardens.org\/private-events\/garden-bliss-proposal-package\/#breadcrumb","itemListElement":[{"@type":"ListItem","position":1,"name":"Home","item":"https:\/\/www.oldwestburygardens.org\/"},{"@type":"ListItem","position":2,"name":"Private Events","item":"https:\/\/www.oldwestburygardens.org\/private-events\/"},{"@type":"ListItem","position":3,"name":"&#8220;Garden Bliss&#8221; Proposal Package"}]},{"@type":"WebSite","@id":"https:\/\/www.oldwestburygardens.org\/ko\/#website","url":"https:\/\/www.oldwestburygardens.org\/ko\/","name":"Jardines del viejo Westbury","description":"","publisher":{"@id":"https:\/\/www.oldwestburygardens.org\/ko\/#organization"},"potentialAction":[{"@type":"SearchAction","target":{"@type":"EntryPoint","urlTemplate":"https:\/\/www.oldwestburygardens.org\/ko\/?s={search_term_string}"},"query-input":{"@type":"PropertyValueSpecification","valueRequired":true,"valueName":"search_term_string"}}],"inLanguage":"es"},{"@type":"Organization","@id":"https:\/\/www.oldwestburygardens.org\/ko\/#organization","name":"Jardines del viejo Westbury","url":"https:\/\/www.oldwestburygardens.org\/ko\/","logo":{"@type":"ImageObject","inLanguage":"es","@id":"https:\/\/www.oldwestburygardens.org\/ko\/#\/schema\/logo\/image\/","url":"https:\/\/www.oldwestburygardens.org\/wp-content\/uploads\/2025\/03\/OWGlogoforsite.png","contentUrl":"https:\/\/www.oldwestburygardens.org\/wp-content\/uploads\/2025\/03\/OWGlogoforsite.png","width":750,"height":173,"caption":"Old Westbury Gardens"},"image":{"@id":"https:\/\/www.oldwestburygardens.org\/ko\/#\/schema\/logo\/image\/"}}]}},"_links":{"self":[{"href":"https:\/\/www.oldwestburygardens.org\/es\/wp-json\/wp\/v2\/pages\/647","targetHints":{"allow":["GET"]}}],"collection":[{"href":"https:\/\/www.oldwestburygardens.org\/es\/wp-json\/wp\/v2\/pages"}],"about":[{"href":"https:\/\/www.oldwestburygardens.org\/es\/wp-json\/wp\/v2\/types\/page"}],"author":[{"embeddable":true,"href":"https:\/\/www.oldwestburygardens.org\/es\/wp-json\/wp\/v2\/users\/1"}],"replies":[{"embeddable":true,"href":"https:\/\/www.oldwestburygardens.org\/es\/wp-json\/wp\/v2\/comments?post=647"}],"version-history":[{"count":19,"href":"https:\/\/www.oldwestburygardens.org\/es\/wp-json\/wp\/v2\/pages\/647\/revisions"}],"predecessor-version":[{"id":9701,"href":"https:\/\/www.oldwestburygardens.org\/es\/wp-json\/wp\/v2\/pages\/647\/revisions\/9701"}],"up":[{"embeddable":true,"href":"https:\/\/www.oldwestburygardens.org\/es\/wp-json\/wp\/v2\/pages\/5067"}],"wp:featuredmedia":[{"embeddable":true,"href":"https:\/\/www.oldwestburygardens.org\/es\/wp-json\/wp\/v2\/media\/8933"}],"wp:attachment":[{"href":"https:\/\/www.oldwestburygardens.org\/es\/wp-json\/wp\/v2\/media?parent=647"}],"curies":[{"name":"wp","href":"https:\/\/api.w.org\/{rel}","templated":true}]}}