{"id":652,"date":"2024-06-04T14:36:43","date_gmt":"2024-06-04T14:36:43","guid":{"rendered":"https:\/\/www.oldwestburygardens.org\/jay-phipps-and-the-rise-of-luxury-cars\/"},"modified":"2025-05-13T01:32:48","modified_gmt":"2025-05-13T01:32:48","slug":"jay-phipps-and-the-rise-of-luxury-cars","status":"publish","type":"page","link":"https:\/\/www.oldwestburygardens.org\/es\/phipps-family-history\/jay-phipps-and-the-rise-of-luxury-cars\/","title":{"rendered":"Jay Phipps y el auge de los coches de lujo"},"content":{"rendered":"<div class=\"wp-block-group has-global-padding is-layout-constrained wp-block-group-is-layout-constrained\" style=\"padding-top:0;padding-bottom:0\"><h1 class=\"wp-block-post-title\">Jay Phipps y el auge de los coches de lujo<\/h1>\n\n\n<div class=\"wp-block-columns is-layout-flex wp-container-core-columns-is-layout-1 wp-block-columns-is-layout-flex\">\n<div class=\"wp-block-column is-layout-flow wp-block-column-is-layout-flow\" style=\"flex-basis:66.66%\">\n<p>En 1907, cuando John (Jay) Phipps y su familia se instalaron en Westbury House, el autom\u00f3vil y su papel omnipresente en la vida suburbana ya se hab\u00edan previsto. En un art\u00edculo de dos p\u00e1ginas publicado en mayo de ese a\u00f1o sobre el estado de los autom\u00f3viles y su industria, <em>El New York Times<\/em> anotado:<\/p>\n\n\n\n<blockquote class=\"wp-block-quote is-layout-flow wp-block-quote-is-layout-flow\">\n<p>El enorme crecimiento de la industria automotriz en los \u00faltimos diez a\u00f1os ha sido uno de los desarrollos comerciales m\u00e1s asombrosos que el mundo haya conocido. Recordar el origen del autom\u00f3vil y comparar su rudimentaria rudeza con los autos suntuosos de la actualidad, recordar sus limitadas capacidades y contemplar los grandes camiones que hoy realizan el reparto comercial, es como evocar la varita m\u00e1gica de un hada madrina que fabrica carrozas y carruajes con calabazas.<\/p>\n\n\n\n<p>\u2026Se estima que en Estados Unidos se fabrican m\u00e1s de 250 marcas diferentes de autom\u00f3viles y que hay 120.000 en circulaci\u00f3n, teniendo solo el estado de Nueva York m\u00e1s de 40.000 m\u00e1quinas registradas.<\/p>\n<\/blockquote>\n<\/div>\n\n\n\n<div class=\"wp-block-column is-layout-flow wp-block-column-is-layout-flow\" style=\"flex-basis:33.33%\">\n<figure class=\"wp-block-image size-large\"><img decoding=\"async\" src=\"https:\/\/www.oldwestburygardens.org\/wp-content\/uploads\/2025\/05\/Jayin1939CrosleyConvertible.jpg\" alt=\"Jay Phipps in a 1939 Crosley Convertible\" class=\"wp-image-1234\"\/><figcaption class=\"wp-element-caption\"><strong>Jay Phipps en un Crosley Convertible de 1939<\/strong><\/figcaption><\/figure>\n<\/div>\n<\/div>\n\n\n\n<div class=\"wp-block-columns is-layout-flex wp-container-core-columns-is-layout-2 wp-block-columns-is-layout-flex\">\n<div class=\"wp-block-column is-layout-flow wp-block-column-is-layout-flow\" style=\"flex-basis:66.66%\">\n<p>Al igual que en el mercado emergente actual de veh\u00edculos el\u00e9ctricos, la propiedad de autom\u00f3viles en la d\u00e9cada de 1900 se vio impulsada por quienes estaban dispuestos a invertir en una tecnolog\u00eda avanzada con un alto precio de compra. Al igual que otros residentes adinerados de Long Island, en particular William K. Vanderbilt, quien impuls\u00f3 y financi\u00f3 la... <a href=\"https:\/\/www.vanderbiltcupraces.com\/index.php\/motor_pkwy\/\" target=\"_blank\" rel=\"noopener\">Long Island Parkway<\/a>\u2014Los tres hijos de Henry Phipps, Jay, Henry (Hal) y Howard, ten\u00edan los recursos para tener varios autos a la vez. (El precio de uno de ellos normalmente superaba los $75,000 en d\u00f3lares actuales).<\/p>\n\n\n\n<p>En un lapso de tres a\u00f1os, los registros estatales indicaban que Jay pose\u00eda: dos Ford (1908), un Cadillac (1909), un Harrold (1910) y dos autom\u00f3viles nuevos fabricados por la White Automobile Company (1911). Sus hermanos pose\u00edan veh\u00edculos como un Panard (1902), un Mercedes (1905), un Selden (1909), un Hupmobile (1910) y un Pierce-Arrow (1911).<\/p>\n\n\n\n<p>Los clientes con recursos, como Jay y Hal, tambi\u00e9n compraban coches de lujo a medida, construidos seg\u00fan sus especificaciones. Los carroceros combinaban los mejores chasis y carrocer\u00edas de distintos fabricantes para crear los veh\u00edculos de lujo definitivos. Los archivos de John S. Phipps en Old Westbury Gardens contienen propuestas de... <a href=\"https:\/\/en.wikipedia.org\/wiki\/Hooper_%28coachbuilder%29\" target=\"_blank\" rel=\"noopener\">Hooper &amp; C\u00eda.<\/a>, un carrocero con sede en Londres.<\/p>\n\n\n\n<p>Para Jay: un descapotable Hooper biplaza (m\u00e1s conductor) de 1911 con tracci\u00f3n integral y una limusina con tracci\u00f3n interna. Adem\u00e1s de las especificaciones escritas, Hooper tambi\u00e9n proporcion\u00f3 fotograf\u00edas para su revisi\u00f3n. (El costo estimado actual ser\u00eda de aproximadamente 1 TP4T56,000). Jay hab\u00eda comprado previamente una limusina Napier-Landaulette en 1910; un modelo similar apareci\u00f3 en <em>Downton Abbey<\/em>.<\/p>\n<\/div>\n\n\n\n<div class=\"wp-block-column is-layout-flow wp-block-column-is-layout-flow\" style=\"flex-basis:33.33%\">\n<figure class=\"wp-block-image size-large\"><img decoding=\"async\" src=\"https:\/\/www.oldwestburygardens.org\/wp-content\/uploads\/2025\/05\/WhiteAutomobileAd.png\" alt=\"White Automobile Company Ad\" class=\"wp-image-1235\"\/><figcaption class=\"wp-element-caption\"><strong>Anuncio de la empresa automovil\u00edstica White<\/strong><\/figcaption><\/figure>\n<\/div>\n<\/div>\n\n\n\n<div class=\"wp-block-columns is-layout-flex wp-container-core-columns-is-layout-3 wp-block-columns-is-layout-flex\">\n<div class=\"wp-block-column is-layout-flow wp-block-column-is-layout-flow\" style=\"flex-basis:33.33%\">\n<figure class=\"wp-block-image size-large\"><img decoding=\"async\" src=\"https:\/\/www.oldwestburygardens.org\/wp-content\/uploads\/2025\/05\/HooperLimousine.jpg\" alt=\"Hooper Limousine\" class=\"wp-image-1236\"\/><figcaption class=\"wp-element-caption\"><strong>Limusina Hooper<\/strong><\/figcaption><\/figure>\n<\/div>\n\n\n\n<div class=\"wp-block-column is-layout-flow wp-block-column-is-layout-flow\" style=\"flex-basis:66.66%\">\n<p>Para Hal: una propuesta de 1920 para un nuevo Hooper Sedan Limusina con tracci\u00f3n integral y chasis Rolls-Royce, comprado en 1921. (Valor estimado hoy: $80,000.)<\/p>\n\n\n\n<p>Facturas de <a href=\"https:\/\/www.coachbuild.com\/index.php\/encyclopedia\/coachbuilders-models\/category\/thrupp-maberly\" target=\"_blank\" rel=\"noopener\">Thrupp y Maberly<\/a>, otro carrocero con sede en Londres, tambi\u00e9n documenta reparaciones de un veh\u00edculo Thrupp propiedad de Jay.<\/p>\n\n\n\n<p>Aunque los archivos contienen pocas fotograf\u00edas de autom\u00f3viles de las d\u00e9cadas de 1900 y 1920, im\u00e1genes posteriores de las d\u00e9cadas de 1930 y 1940 muestran algunos de los veh\u00edculos interesantes de la familia. Los colaboradores de <a href=\"https:\/\/www.vanderbiltcupraces.com\/\" target=\"_blank\" rel=\"noopener\">Carreras de la Copa Vanderbilt<\/a> El blog ayud\u00f3 a identificar algunos de estos coches misteriosos. <a href=\"https:\/\/www.vanderbiltcupraces.com\/blog\/article\/mystery_friday_foto_4_an_automobile_owned_by_the_phipps_family_of_old_westbury\" target=\"_blank\" rel=\"noopener\">Vea su trabajo aqu\u00ed.<\/a><\/p>\n<\/div>\n<\/div>\n<\/div>\n\n\n\n<div class=\"wp-block-group has-global-padding is-layout-constrained wp-block-group-is-layout-constrained\" style=\"padding-top:0;padding-bottom:0\">\n<p>A finales de este a\u00f1o, Howard Kroplick, presidente de la Long Island Motor Parkway Preservation Society y copresidente de la Roslyn Landmark Society, ofrecer\u00e1 una presentaci\u00f3n en Old Westbury Gardens sobre los primeros a\u00f1os de los autom\u00f3viles en Long Island.<\/p>\n\n\n\n<p class=\"has-text-align-right\"><em>~Paul Hunchak, Director de Programas P\u00fablicos y Servicios para Visitantes<\/em><\/p>\n\n\n\n<div class=\"wp-block-columns is-layout-flex wp-container-core-columns-is-layout-4 wp-block-columns-is-layout-flex\">\n<div class=\"wp-block-column is-layout-flow wp-block-column-is-layout-flow\">\n<figure class=\"wp-block-image size-large\"><img loading=\"lazy\" decoding=\"async\" width=\"1024\" height=\"758\" src=\"https:\/\/www.oldwestburygardens.org\/wp-content\/uploads\/2025\/05\/HooperCabriolettopdown-1024x758.jpg\" alt=\"\" class=\"wp-image-3332\" srcset=\"https:\/\/www.oldwestburygardens.org\/wp-content\/uploads\/2025\/05\/HooperCabriolettopdown-1024x758.jpg 1024w, https:\/\/www.oldwestburygardens.org\/wp-content\/uploads\/2025\/05\/HooperCabriolettopdown-300x222.jpg 300w, https:\/\/www.oldwestburygardens.org\/wp-content\/uploads\/2025\/05\/HooperCabriolettopdown-768x568.jpg 768w, https:\/\/www.oldwestburygardens.org\/wp-content\/uploads\/2025\/05\/HooperCabriolettopdown-1536x1137.jpg 1536w, https:\/\/www.oldwestburygardens.org\/wp-content\/uploads\/2025\/05\/HooperCabriolettopdown-2048x1516.jpg 2048w, https:\/\/www.oldwestburygardens.org\/wp-content\/uploads\/2025\/05\/HooperCabriolettopdown-16x12.jpg 16w\" sizes=\"auto, (max-width: 1024px) 100vw, 1024px\" \/><\/figure>\n\n\n\n<figure class=\"wp-block-image size-large\"><img loading=\"lazy\" decoding=\"async\" width=\"1024\" height=\"734\" src=\"https:\/\/www.oldwestburygardens.org\/wp-content\/uploads\/2025\/05\/6_HooperLimousine-1024x734.jpg\" alt=\"\" class=\"wp-image-3345\" srcset=\"https:\/\/www.oldwestburygardens.org\/wp-content\/uploads\/2025\/05\/6_HooperLimousine-1024x734.jpg 1024w, https:\/\/www.oldwestburygardens.org\/wp-content\/uploads\/2025\/05\/6_HooperLimousine-300x215.jpg 300w, https:\/\/www.oldwestburygardens.org\/wp-content\/uploads\/2025\/05\/6_HooperLimousine-768x550.jpg 768w, https:\/\/www.oldwestburygardens.org\/wp-content\/uploads\/2025\/05\/6_HooperLimousine-18x12.jpg 18w, https:\/\/www.oldwestburygardens.org\/wp-content\/uploads\/2025\/05\/6_HooperLimousine.jpg 1500w\" sizes=\"auto, (max-width: 1024px) 100vw, 1024px\" \/><\/figure>\n<\/div>\n\n\n\n<div class=\"wp-block-column is-layout-flow wp-block-column-is-layout-flow\">\n<figure class=\"wp-block-image size-large\"><img loading=\"lazy\" decoding=\"async\" width=\"713\" height=\"1024\" src=\"https:\/\/www.oldwestburygardens.org\/wp-content\/uploads\/2025\/05\/PagesfromHarper_s_Bazaar.pdf-713x1024.jpg\" alt=\"\" class=\"wp-image-3333\" srcset=\"https:\/\/www.oldwestburygardens.org\/wp-content\/uploads\/2025\/05\/PagesfromHarper_s_Bazaar.pdf-713x1024.jpg 713w, https:\/\/www.oldwestburygardens.org\/wp-content\/uploads\/2025\/05\/PagesfromHarper_s_Bazaar.pdf-209x300.jpg 209w, https:\/\/www.oldwestburygardens.org\/wp-content\/uploads\/2025\/05\/PagesfromHarper_s_Bazaar.pdf-768x1103.jpg 768w, https:\/\/www.oldwestburygardens.org\/wp-content\/uploads\/2025\/05\/PagesfromHarper_s_Bazaar.pdf-1069x1536.jpg 1069w, https:\/\/www.oldwestburygardens.org\/wp-content\/uploads\/2025\/05\/PagesfromHarper_s_Bazaar.pdf-1425x2048.jpg 1425w, https:\/\/www.oldwestburygardens.org\/wp-content\/uploads\/2025\/05\/PagesfromHarper_s_Bazaar.pdf-8x12.jpg 8w, https:\/\/www.oldwestburygardens.org\/wp-content\/uploads\/2025\/05\/PagesfromHarper_s_Bazaar.pdf-scaled.jpg 1782w\" sizes=\"auto, (max-width: 713px) 100vw, 713px\" \/><\/figure>\n<\/div>\n<\/div>\n<\/div>\n\n\n\n<hr class=\"wp-block-separator has-css-opacity\"\/>\n\n\n\n<p><\/p>","protected":false},"excerpt":{"rendered":"<p>En 1907, cuando John (Jay) Phipps y su familia se instalaron en Westbury House, el autom\u00f3vil y su papel omnipresente en la vida suburbana ya se hab\u00edan previsto. En un [\u2026]<\/p>","protected":false},"author":1,"featured_media":0,"parent":605,"menu_order":0,"comment_status":"open","ping_status":"open","template":"","meta":{"_acf_changed":false,"_tec_requires_first_save":true,"_EventAllDay":false,"_EventTimezone":"","_EventStartDate":"","_EventEndDate":"","_EventStartDateUTC":"","_EventEndDateUTC":"","_EventShowMap":false,"_EventShowMapLink":false,"_EventURL":"","_EventCost":"","_EventCostDescription":"","_EventCurrencySymbol":"","_EventCurrencyCode":"","_EventCurrencyPosition":"","_EventDateTimeSeparator":"","_EventTimeRangeSeparator":"","_EventOrganizerID":[],"_EventVenueID":[],"_OrganizerEmail":"","_OrganizerPhone":"","_OrganizerWebsite":"","_VenueAddress":"","_VenueCity":"","_VenueCountry":"","_VenueProvince":"","_VenueState":"","_VenueZip":"","_VenuePhone":"","_VenueURL":"","_VenueStateProvince":"","_VenueLat":"","_VenueLng":"","_VenueShowMap":false,"_VenueShowMapLink":false,"_tribe_blocks_recurrence_rules":"","_tribe_blocks_recurrence_description":"","_tribe_blocks_recurrence_exclusions":"","footnotes":""},"class_list":["post-652","page","type-page","status-publish","hentry"],"acf":[],"yoast_head":"<!-- This site is optimized with the Yoast SEO plugin v26.2 - https:\/\/yoast.com\/wordpress\/plugins\/seo\/ -->\n<title>Jay Phipps and the Rise of Luxury Cars | Old Westbury Gardens<\/title>\n<meta name=\"robots\" content=\"index, follow, max-snippet:-1, max-image-preview:large, max-video-preview:-1\" \/>\n<link rel=\"canonical\" href=\"https:\/\/www.oldwestburygardens.org\/es\/phipps-family-history\/jay-phipps-and-the-rise-of-luxury-cars\/\" \/>\n<meta property=\"og:locale\" content=\"es_ES\" \/>\n<meta property=\"og:type\" content=\"article\" \/>\n<meta property=\"og:title\" content=\"Jay Phipps and the Rise of Luxury Cars | Old Westbury Gardens\" \/>\n<meta property=\"og:description\" content=\"In 1907, when John (Jay) Phipps and his family took up residence in Westbury House, the automobile and its ubiquitous role in suburban life had already been foreseen. In a [&hellip;]\" \/>\n<meta property=\"og:url\" content=\"https:\/\/www.oldwestburygardens.org\/es\/phipps-family-history\/jay-phipps-and-the-rise-of-luxury-cars\/\" \/>\n<meta property=\"og:site_name\" content=\"Old Westbury Gardens\" \/>\n<meta property=\"article:modified_time\" content=\"2025-05-13T01:32:48+00:00\" \/>\n<meta property=\"og:image\" content=\"https:\/\/www.oldwestburygardens.org\/wp-content\/uploads\/2025\/05\/Jayin1939CrosleyConvertible.jpg\" \/>\n<meta name=\"twitter:card\" content=\"summary_large_image\" \/>\n<meta name=\"twitter:label1\" content=\"Est. reading time\" \/>\n\t<meta name=\"twitter:data1\" content=\"3 minutos\" \/>\n<script type=\"application\/ld+json\" class=\"yoast-schema-graph\">{\"@context\":\"https:\/\/schema.org\",\"@graph\":[{\"@type\":\"WebPage\",\"@id\":\"https:\/\/www.oldwestburygardens.org\/zh\/phipps-family-history\/jay-phipps-and-the-rise-of-luxury-cars\/\",\"url\":\"https:\/\/www.oldwestburygardens.org\/zh\/phipps-family-history\/jay-phipps-and-the-rise-of-luxury-cars\/\",\"name\":\"Jay Phipps and the Rise of Luxury Cars | Old Westbury Gardens\",\"isPartOf\":{\"@id\":\"https:\/\/www.oldwestburygardens.org\/ko\/#website\"},\"primaryImageOfPage\":{\"@id\":\"https:\/\/www.oldwestburygardens.org\/zh\/phipps-family-history\/jay-phipps-and-the-rise-of-luxury-cars\/#primaryimage\"},\"image\":{\"@id\":\"https:\/\/www.oldwestburygardens.org\/zh\/phipps-family-history\/jay-phipps-and-the-rise-of-luxury-cars\/#primaryimage\"},\"thumbnailUrl\":\"https:\/\/www.oldwestburygardens.org\/wp-content\/uploads\/2025\/05\/Jayin1939CrosleyConvertible.jpg\",\"datePublished\":\"2024-06-04T14:36:43+00:00\",\"dateModified\":\"2025-05-13T01:32:48+00:00\",\"breadcrumb\":{\"@id\":\"https:\/\/www.oldwestburygardens.org\/zh\/phipps-family-history\/jay-phipps-and-the-rise-of-luxury-cars\/#breadcrumb\"},\"inLanguage\":\"es\",\"potentialAction\":[{\"@type\":\"ReadAction\",\"target\":[\"https:\/\/www.oldwestburygardens.org\/zh\/phipps-family-history\/jay-phipps-and-the-rise-of-luxury-cars\/\"]}]},{\"@type\":\"ImageObject\",\"inLanguage\":\"es\",\"@id\":\"https:\/\/www.oldwestburygardens.org\/zh\/phipps-family-history\/jay-phipps-and-the-rise-of-luxury-cars\/#primaryimage\",\"url\":\"https:\/\/www.oldwestburygardens.org\/wp-content\/uploads\/2025\/05\/Jayin1939CrosleyConvertible.jpg\",\"contentUrl\":\"https:\/\/www.oldwestburygardens.org\/wp-content\/uploads\/2025\/05\/Jayin1939CrosleyConvertible.jpg\"},{\"@type\":\"BreadcrumbList\",\"@id\":\"https:\/\/www.oldwestburygardens.org\/zh\/phipps-family-history\/jay-phipps-and-the-rise-of-luxury-cars\/#breadcrumb\",\"itemListElement\":[{\"@type\":\"ListItem\",\"position\":1,\"name\":\"Home\",\"item\":\"https:\/\/www.oldwestburygardens.org\/\"},{\"@type\":\"ListItem\",\"position\":2,\"name\":\"Phipps Family History\",\"item\":\"https:\/\/www.oldwestburygardens.org\/zh\/phipps-family-history\/\"},{\"@type\":\"ListItem\",\"position\":3,\"name\":\"Jay Phipps and the Rise of Luxury Cars\"}]},{\"@type\":\"WebSite\",\"@id\":\"https:\/\/www.oldwestburygardens.org\/ko\/#website\",\"url\":\"https:\/\/www.oldwestburygardens.org\/ko\/\",\"name\":\"Old Westbury Gardens\",\"description\":\"\",\"publisher\":{\"@id\":\"https:\/\/www.oldwestburygardens.org\/ko\/#organization\"},\"potentialAction\":[{\"@type\":\"SearchAction\",\"target\":{\"@type\":\"EntryPoint\",\"urlTemplate\":\"https:\/\/www.oldwestburygardens.org\/ko\/?s={search_term_string}\"},\"query-input\":{\"@type\":\"PropertyValueSpecification\",\"valueRequired\":true,\"valueName\":\"search_term_string\"}}],\"inLanguage\":\"es\"},{\"@type\":\"Organization\",\"@id\":\"https:\/\/www.oldwestburygardens.org\/ko\/#organization\",\"name\":\"Old Westbury Gardens\",\"url\":\"https:\/\/www.oldwestburygardens.org\/ko\/\",\"logo\":{\"@type\":\"ImageObject\",\"inLanguage\":\"es\",\"@id\":\"https:\/\/www.oldwestburygardens.org\/ko\/#\/schema\/logo\/image\/\",\"url\":\"https:\/\/www.oldwestburygardens.org\/wp-content\/uploads\/2025\/03\/OWGlogoforsite.png\",\"contentUrl\":\"https:\/\/www.oldwestburygardens.org\/wp-content\/uploads\/2025\/03\/OWGlogoforsite.png\",\"width\":750,\"height\":173,\"caption\":\"Old Westbury Gardens\"},\"image\":{\"@id\":\"https:\/\/www.oldwestburygardens.org\/ko\/#\/schema\/logo\/image\/\"}}]}<\/script>\n<!-- \/ Yoast SEO plugin. -->","yoast_head_json":{"title":"Jay Phipps y el auge de los coches de lujo | Jardines de Old Westbury","robots":{"index":"index","follow":"follow","max-snippet":"max-snippet:-1","max-image-preview":"max-image-preview:large","max-video-preview":"max-video-preview:-1"},"canonical":"https:\/\/www.oldwestburygardens.org\/es\/phipps-family-history\/jay-phipps-and-the-rise-of-luxury-cars\/","og_locale":"es_ES","og_type":"article","og_title":"Jay Phipps and the Rise of Luxury Cars | Old Westbury Gardens","og_description":"In 1907, when John (Jay) Phipps and his family took up residence in Westbury House, the automobile and its ubiquitous role in suburban life had already been foreseen. In a [&hellip;]","og_url":"https:\/\/www.oldwestburygardens.org\/es\/phipps-family-history\/jay-phipps-and-the-rise-of-luxury-cars\/","og_site_name":"Old Westbury Gardens","article_modified_time":"2025-05-13T01:32:48+00:00","og_image":[{"url":"https:\/\/www.oldwestburygardens.org\/wp-content\/uploads\/2025\/05\/Jayin1939CrosleyConvertible.jpg","type":"","width":"","height":""}],"twitter_card":"summary_large_image","twitter_misc":{"Est. reading time":"3 minutos"},"schema":{"@context":"https:\/\/schema.org","@graph":[{"@type":"WebPage","@id":"https:\/\/www.oldwestburygardens.org\/zh\/phipps-family-history\/jay-phipps-and-the-rise-of-luxury-cars\/","url":"https:\/\/www.oldwestburygardens.org\/zh\/phipps-family-history\/jay-phipps-and-the-rise-of-luxury-cars\/","name":"Jay Phipps y el auge de los coches de lujo | Jardines de Old Westbury","isPartOf":{"@id":"https:\/\/www.oldwestburygardens.org\/ko\/#website"},"primaryImageOfPage":{"@id":"https:\/\/www.oldwestburygardens.org\/zh\/phipps-family-history\/jay-phipps-and-the-rise-of-luxury-cars\/#primaryimage"},"image":{"@id":"https:\/\/www.oldwestburygardens.org\/zh\/phipps-family-history\/jay-phipps-and-the-rise-of-luxury-cars\/#primaryimage"},"thumbnailUrl":"https:\/\/www.oldwestburygardens.org\/wp-content\/uploads\/2025\/05\/Jayin1939CrosleyConvertible.jpg","datePublished":"2024-06-04T14:36:43+00:00","dateModified":"2025-05-13T01:32:48+00:00","breadcrumb":{"@id":"https:\/\/www.oldwestburygardens.org\/zh\/phipps-family-history\/jay-phipps-and-the-rise-of-luxury-cars\/#breadcrumb"},"inLanguage":"es","potentialAction":[{"@type":"ReadAction","target":["https:\/\/www.oldwestburygardens.org\/zh\/phipps-family-history\/jay-phipps-and-the-rise-of-luxury-cars\/"]}]},{"@type":"ImageObject","inLanguage":"es","@id":"https:\/\/www.oldwestburygardens.org\/zh\/phipps-family-history\/jay-phipps-and-the-rise-of-luxury-cars\/#primaryimage","url":"https:\/\/www.oldwestburygardens.org\/wp-content\/uploads\/2025\/05\/Jayin1939CrosleyConvertible.jpg","contentUrl":"https:\/\/www.oldwestburygardens.org\/wp-content\/uploads\/2025\/05\/Jayin1939CrosleyConvertible.jpg"},{"@type":"BreadcrumbList","@id":"https:\/\/www.oldwestburygardens.org\/zh\/phipps-family-history\/jay-phipps-and-the-rise-of-luxury-cars\/#breadcrumb","itemListElement":[{"@type":"ListItem","position":1,"name":"Home","item":"https:\/\/www.oldwestburygardens.org\/"},{"@type":"ListItem","position":2,"name":"Phipps Family History","item":"https:\/\/www.oldwestburygardens.org\/zh\/phipps-family-history\/"},{"@type":"ListItem","position":3,"name":"Jay Phipps and the Rise of Luxury Cars"}]},{"@type":"WebSite","@id":"https:\/\/www.oldwestburygardens.org\/ko\/#website","url":"https:\/\/www.oldwestburygardens.org\/ko\/","name":"Jardines del viejo Westbury","description":"","publisher":{"@id":"https:\/\/www.oldwestburygardens.org\/ko\/#organization"},"potentialAction":[{"@type":"SearchAction","target":{"@type":"EntryPoint","urlTemplate":"https:\/\/www.oldwestburygardens.org\/ko\/?s={search_term_string}"},"query-input":{"@type":"PropertyValueSpecification","valueRequired":true,"valueName":"search_term_string"}}],"inLanguage":"es"},{"@type":"Organization","@id":"https:\/\/www.oldwestburygardens.org\/ko\/#organization","name":"Jardines del viejo Westbury","url":"https:\/\/www.oldwestburygardens.org\/ko\/","logo":{"@type":"ImageObject","inLanguage":"es","@id":"https:\/\/www.oldwestburygardens.org\/ko\/#\/schema\/logo\/image\/","url":"https:\/\/www.oldwestburygardens.org\/wp-content\/uploads\/2025\/03\/OWGlogoforsite.png","contentUrl":"https:\/\/www.oldwestburygardens.org\/wp-content\/uploads\/2025\/03\/OWGlogoforsite.png","width":750,"height":173,"caption":"Old Westbury Gardens"},"image":{"@id":"https:\/\/www.oldwestburygardens.org\/ko\/#\/schema\/logo\/image\/"}}]}},"_links":{"self":[{"href":"https:\/\/www.oldwestburygardens.org\/es\/wp-json\/wp\/v2\/pages\/652","targetHints":{"allow":["GET"]}}],"collection":[{"href":"https:\/\/www.oldwestburygardens.org\/es\/wp-json\/wp\/v2\/pages"}],"about":[{"href":"https:\/\/www.oldwestburygardens.org\/es\/wp-json\/wp\/v2\/types\/page"}],"author":[{"embeddable":true,"href":"https:\/\/www.oldwestburygardens.org\/es\/wp-json\/wp\/v2\/users\/1"}],"replies":[{"embeddable":true,"href":"https:\/\/www.oldwestburygardens.org\/es\/wp-json\/wp\/v2\/comments?post=652"}],"version-history":[{"count":7,"href":"https:\/\/www.oldwestburygardens.org\/es\/wp-json\/wp\/v2\/pages\/652\/revisions"}],"predecessor-version":[{"id":5631,"href":"https:\/\/www.oldwestburygardens.org\/es\/wp-json\/wp\/v2\/pages\/652\/revisions\/5631"}],"up":[{"embeddable":true,"href":"https:\/\/www.oldwestburygardens.org\/es\/wp-json\/wp\/v2\/pages\/605"}],"wp:attachment":[{"href":"https:\/\/www.oldwestburygardens.org\/es\/wp-json\/wp\/v2\/media?parent=652"}],"curies":[{"name":"wp","href":"https:\/\/api.w.org\/{rel}","templated":true}]}}