{"id":653,"date":"2025-04-25T14:08:24","date_gmt":"2025-04-25T14:08:24","guid":{"rendered":"https:\/\/www.oldwestburygardens.org\/friends-of-old-westbury-gardens\/"},"modified":"2026-01-06T13:23:14","modified_gmt":"2026-01-06T18:23:14","slug":"friends-of-old-westbury-gardens","status":"publish","type":"page","link":"https:\/\/www.oldwestburygardens.org\/es\/friends-of-old-westbury-gardens\/","title":{"rendered":"Amigos de los jardines de Old Westbury"},"content":{"rendered":"<section id=\"owg-page-header-v2 block_a41531ad64d584377a979dc81d7bab5e\" class=\"owg-page-header-v2 has-transparent-background-color alignfull\">\n\n    <div class=\"owg-page-header-inner\">\n            \n\n<div class=\"wp-block-cover alignfull\" style=\"min-height:300px;aspect-ratio:unset;\"><span aria-hidden=\"true\" class=\"wp-block-cover__background has-background-dim-0 has-background-dim\" style=\"background-color:#69806b\"><\/span><img decoding=\"async\" src=\"https:\/\/www.oldwestburygardens.org\/wp-content\/uploads\/2025\/05\/307AjuZZ.jpeg\" class=\"wp-block-cover__image-background wp-post-image\" alt=\"\" data-object-fit=\"cover\" data-object-position=\"50% 50%\" style=\"object-position:50% 50%;\" \/><div class=\"wp-block-cover__inner-container is-layout-flow wp-block-cover-is-layout-flow\">\n<div class=\"wp-block-group is-layout-flow wp-block-group-is-layout-flow\" style=\"padding-top:20px;padding-right:20px;padding-bottom:20px;padding-left:20px\"><h1 class=\"has-text-align-center wp-block-post-title has-text-color has-garden-brown-color\">Amigos de los jardines de Old Westbury<\/h1><\/div>\n<\/div><\/div>\n\n\n    <\/div>\n\n\n            <nav class=\"owg-page-header-inner__breadcrumbs\" aria-label=\"Migaja de pan\">\n            <a href=\"https:\/\/www.oldwestburygardens.org\/es\/\">Hogar<\/a>\n\n             | <span>Amigos de los jardines de Old Westbury<\/span>        <\/nav>\n    \n<\/section>\n\n\n<div class=\"wp-block-group has-global-padding is-layout-constrained wp-block-group-is-layout-constrained\" style=\"padding-top:0;padding-bottom:0\">\n<h5 class=\"wp-block-heading has-text-align-center\"><em><mark style=\"background-color:rgba(0, 0, 0, 0)\" class=\"has-inline-color has-primary-color\">Los Amigos de Old Westbury Gardens, fundado en 1995, son un testimonio del atractivo perdurable de este monumento hist\u00f3rico. <\/mark><\/em><\/h5>\n\n\n\n<hr class=\"wp-block-separator has-css-opacity\"\/>\n<\/div>\n\n\n\n<div class=\"wp-block-group has-global-padding is-layout-constrained wp-block-group-is-layout-constrained\" style=\"padding-top:0;padding-bottom:0\">\n<p><mark style=\"background-color:rgba(0, 0, 0, 0)\" class=\"has-inline-color has-primary-text-color\">Compuesto por personas que comparten un profundo aprecio por los Jardines y la ic\u00f3nica Westbury House, <strong>Los Amigos han fomentado una comunidad dedicada a preservar y celebrar este patrimonio \u00fanico.<\/strong><\/mark><\/p>\n\n\n\n<p>Las experiencias seleccionadas que ofrecen los Amigos brindan a los miembros <strong>acceso exclusivo a colecciones privadas, casas y jardines, <\/strong>Esto les permite conocer de primera mano la rica historia y cultura que rodea los Jardines de Old Westbury. Adem\u00e1s de estas experiencias, los Amigos tambi\u00e9n participan activamente en la recaudaci\u00f3n de fondos. <strong>Las ganancias de los eventos de Friends juegan un papel crucial en el apoyo a varios proyectos de preservaci\u00f3n y otros programas.<\/strong> que garantizan que los jardines sigan prosperando durante las generaciones venideras.<\/p>\n\n\n\n<p>Desde sus inicios, los Amigos de los Jardines de Old Westbury han sido m\u00e1s que un simple grupo de miembros; son una comunidad unida por una pasi\u00f3n compartida por la historia, la cultura y la belleza natural. Tanto si es miembro de larga data como si es un reci\u00e9n llegado interesado en unirse a esta vibrante comunidad, los Amigos de los Jardines de Old Westbury dan la bienvenida a todos los que deseen contribuir a su misi\u00f3n y compartir su valioso legado.<\/p>\n\n\n\n<div class=\"wp-block-buttons is-content-justification-center is-layout-flex wp-container-core-buttons-is-layout-1 wp-block-buttons-is-layout-flex\" style=\"padding-top:var(--wp--preset--spacing--50);padding-bottom:var(--wp--preset--spacing--50)\">\n<div class=\"wp-block-button is-style-btn-owg-primary is-style-btn-owg-primary--1\"><a class=\"wp-block-button__link wp-element-button\" href=\"https:\/\/www.oldwestburygardens.org\/es\/membership\/\">\u00a1Hazte amigo hoy!<\/a><\/div>\n<\/div>\n<\/div>\n\n\n\n<div class=\"wp-block-group has-global-padding is-layout-constrained wp-block-group-is-layout-constrained\" style=\"padding-top:0;padding-bottom:0\">    <script>\n        document.addEventListener('DOMContentLoaded', function() {\n            const swiper = document.querySelector('.swiper-container.swiper-69e6726560e89');\n            if (!swiper) return;\n            new Swiper(swiper, {\n                slidesPerView: 'auto',\n                centeredSlides: true,\n                spaceBetween: 30,\n                loop: true,\n                                autoplay: {\n                    delay: 3000,\n                    pauseOnMouseEnter: true,\n                    disableOnInteraction: true,\n                },\n                                navigation: {\n                    nextEl: '.swiper-button-next',\n                    prevEl: '.swiper-button-prev',\n                },\n                pagination: {\n                    el: '.swiper-pagination',\n                    clickable: true,\n                },\n            });\n        });\n    <\/script>\n    <div class=\"swiper-container event-carousel swiper-69e6726560e89 brown_green\">\n        <div class=\"swiper-wrapper\">\n                            \n                \n                <div class=\"swiper-slide image-only\">\n                    <div class=\"event-slide\">\n                        <figure>\n                        <img decoding=\"async\" class=\"carousel-just-image\" src=\"https:\/\/www.oldwestburygardens.org\/wp-content\/uploads\/2026\/01\/54852743633_42c0a7039e_o-2-scaled.jpg\" alt=\"\" \/>\n                                                <\/figure>\n                    <\/div>\n                <\/div>\n                            \n                \n                <div class=\"swiper-slide image-only\">\n                    <div class=\"event-slide\">\n                        <figure>\n                        <img decoding=\"async\" class=\"carousel-just-image\" src=\"https:\/\/www.oldwestburygardens.org\/wp-content\/uploads\/2025\/05\/Sby_8_dP-1-1.jpg\" alt=\"\" \/>\n                                                <\/figure>\n                    <\/div>\n                <\/div>\n                            \n                \n                <div class=\"swiper-slide image-only\">\n                    <div class=\"event-slide\">\n                        <figure>\n                        <img decoding=\"async\" class=\"carousel-just-image\" src=\"https:\/\/www.oldwestburygardens.org\/wp-content\/uploads\/2025\/05\/Ol8vdb3-1-1.jpg\" alt=\"\" \/>\n                                                <\/figure>\n                    <\/div>\n                <\/div>\n                            \n                \n                <div class=\"swiper-slide image-only\">\n                    <div class=\"event-slide\">\n                        <figure>\n                        <img decoding=\"async\" class=\"carousel-just-image\" src=\"https:\/\/www.oldwestburygardens.org\/wp-content\/uploads\/2025\/05\/psqiS6iX-1-1.jpg\" alt=\"\" \/>\n                                                <\/figure>\n                    <\/div>\n                <\/div>\n                            \n                \n                <div class=\"swiper-slide image-only\">\n                    <div class=\"event-slide\">\n                        <figure>\n                        <img decoding=\"async\" class=\"carousel-just-image\" src=\"https:\/\/www.oldwestburygardens.org\/wp-content\/uploads\/2026\/01\/54938252059_6595a3a589_o-scaled.jpg\" alt=\"\" \/>\n                                                <\/figure>\n                    <\/div>\n                <\/div>\n                            \n                \n                <div class=\"swiper-slide image-only\">\n                    <div class=\"event-slide\">\n                        <figure>\n                        <img decoding=\"async\" class=\"carousel-just-image\" src=\"https:\/\/www.oldwestburygardens.org\/wp-content\/uploads\/2026\/01\/54938000001_12d1395f16_o-scaled.jpg\" alt=\"\" \/>\n                                                <\/figure>\n                    <\/div>\n                <\/div>\n                            \n                \n                <div class=\"swiper-slide image-only\">\n                    <div class=\"event-slide\">\n                        <figure>\n                        <img decoding=\"async\" class=\"carousel-just-image\" src=\"https:\/\/www.oldwestburygardens.org\/wp-content\/uploads\/2025\/05\/leXBPTfP-1-1.jpg\" alt=\"\" \/>\n                                                <\/figure>\n                    <\/div>\n                <\/div>\n                            \n                \n                <div class=\"swiper-slide image-only\">\n                    <div class=\"event-slide\">\n                        <figure>\n                        <img decoding=\"async\" class=\"carousel-just-image\" src=\"https:\/\/www.oldwestburygardens.org\/wp-content\/uploads\/2025\/05\/EvjCz4sY-1-1.jpg\" alt=\"\" \/>\n                                                <\/figure>\n                    <\/div>\n                <\/div>\n                            \n                \n                <div class=\"swiper-slide image-only\">\n                    <div class=\"event-slide\">\n                        <figure>\n                        <img decoding=\"async\" class=\"carousel-just-image\" src=\"https:\/\/www.oldwestburygardens.org\/wp-content\/uploads\/2025\/05\/Pj46wbIa-1-1.jpg\" alt=\"\" \/>\n                                                <\/figure>\n                    <\/div>\n                <\/div>\n                            \n                \n                <div class=\"swiper-slide image-only\">\n                    <div class=\"event-slide\">\n                        <figure>\n                        <img decoding=\"async\" class=\"carousel-just-image\" src=\"https:\/\/www.oldwestburygardens.org\/wp-content\/uploads\/2025\/05\/Z_w41reH-1-1.jpg\" alt=\"\" \/>\n                                                <\/figure>\n                    <\/div>\n                <\/div>\n                            \n                \n                <div class=\"swiper-slide image-only\">\n                    <div class=\"event-slide\">\n                        <figure>\n                        <img decoding=\"async\" class=\"carousel-just-image\" src=\"https:\/\/www.oldwestburygardens.org\/wp-content\/uploads\/2026\/01\/54936881133_0e1e2eddb8_o-scaled.jpg\" alt=\"\" \/>\n                                                <\/figure>\n                    <\/div>\n                <\/div>\n                    <\/div>\n                    <div class=\"swiper-controls-wrapper is-layout-constrained\">\n                <div class=\"swiper-controls\">\n                    <div class=\"swiper-button-prev\"><\/div>\n                    <div class=\"swiper-pagination\"><\/div>\n                    <div class=\"swiper-button-next\"><\/div>\n                <\/div>\n            <\/div>\n        \n    <\/div>\n\n\n\n<h3 class=\"wp-block-heading has-text-align-center\">\u00a1Sigue a los amigos en Instagram!<\/h3>\n\n\n\n<figure class=\"wp-block-image aligncenter size-full is-resized\"><a href=\"http:\/\/instagram.com\/friendsofowg\"><img loading=\"lazy\" decoding=\"async\" width=\"2560\" height=\"2560\" src=\"https:\/\/www.oldwestburygardens.org\/wp-content\/uploads\/2025\/05\/Instagram_Glyph_Black-scaled.jpg\" alt=\"\" class=\"wp-image-5908\" style=\"width:36px;height:auto\" srcset=\"https:\/\/www.oldwestburygardens.org\/wp-content\/uploads\/2025\/05\/Instagram_Glyph_Black-scaled.jpg 2560w, https:\/\/www.oldwestburygardens.org\/wp-content\/uploads\/2025\/05\/Instagram_Glyph_Black-300x300.jpg 300w\" sizes=\"auto, (max-width: 2560px) 100vw, 2560px\" \/><\/a><\/figure>\n\n\n\n<hr class=\"wp-block-separator has-css-opacity\"\/>\n<\/div>\n\n\n\n<p><\/p>","protected":false},"excerpt":{"rendered":"<p>Los Amigos de los Jardines de Old Westbury, fundados en 1995, son un testimonio del perdurable encanto de este monumento hist\u00f3rico. Formados por personas que comparten un profundo aprecio por [\u2026]<\/p>","protected":false},"author":1,"featured_media":6205,"parent":0,"menu_order":0,"comment_status":"open","ping_status":"open","template":"","meta":{"_acf_changed":false,"_tec_requires_first_save":true,"_EventAllDay":false,"_EventTimezone":"","_EventStartDate":"","_EventEndDate":"","_EventStartDateUTC":"","_EventEndDateUTC":"","_EventShowMap":false,"_EventShowMapLink":false,"_EventURL":"","_EventCost":"","_EventCostDescription":"","_EventCurrencySymbol":"","_EventCurrencyCode":"","_EventCurrencyPosition":"","_EventDateTimeSeparator":"","_EventTimeRangeSeparator":"","_EventOrganizerID":[],"_EventVenueID":[],"_OrganizerEmail":"","_OrganizerPhone":"","_OrganizerWebsite":"","_VenueAddress":"","_VenueCity":"","_VenueCountry":"","_VenueProvince":"","_VenueState":"","_VenueZip":"","_VenuePhone":"","_VenueURL":"","_VenueStateProvince":"","_VenueLat":"","_VenueLng":"","_VenueShowMap":false,"_VenueShowMapLink":false,"_tribe_blocks_recurrence_rules":"","_tribe_blocks_recurrence_description":"","_tribe_blocks_recurrence_exclusions":"","footnotes":""},"class_list":["post-653","page","type-page","status-publish","has-post-thumbnail","hentry"],"acf":[],"yoast_head":"<!-- This site is optimized with the Yoast SEO plugin v26.2 - https:\/\/yoast.com\/wordpress\/plugins\/seo\/ -->\n<title>Friends of Old Westbury Gardens | Old Westbury Gardens<\/title>\n<meta name=\"robots\" content=\"index, follow, max-snippet:-1, max-image-preview:large, max-video-preview:-1\" \/>\n<link rel=\"canonical\" href=\"https:\/\/www.oldwestburygardens.org\/es\/friends-of-old-westbury-gardens\/\" \/>\n<meta property=\"og:locale\" content=\"es_ES\" \/>\n<meta property=\"og:type\" content=\"article\" \/>\n<meta property=\"og:title\" content=\"Friends of Old Westbury Gardens | Old Westbury Gardens\" \/>\n<meta property=\"og:description\" content=\"The Friends of Old Westbury Gardens, established in 1995, stands as a testament to the enduring allure of this historic landmark. Comprising of individuals who share a profound appreciation for [&hellip;]\" \/>\n<meta property=\"og:url\" content=\"https:\/\/www.oldwestburygardens.org\/es\/friends-of-old-westbury-gardens\/\" \/>\n<meta property=\"og:site_name\" content=\"Old Westbury Gardens\" \/>\n<meta property=\"article:modified_time\" content=\"2026-01-06T18:23:14+00:00\" \/>\n<meta property=\"og:image\" content=\"https:\/\/www.oldwestburygardens.org\/wp-content\/uploads\/2025\/05\/307AjuZZ.jpeg\" \/>\n\t<meta property=\"og:image:width\" content=\"1\" \/>\n\t<meta property=\"og:image:height\" content=\"1\" \/>\n\t<meta property=\"og:image:type\" content=\"image\/jpeg\" \/>\n<meta name=\"twitter:card\" content=\"summary_large_image\" \/>\n<meta name=\"twitter:label1\" content=\"Est. reading time\" \/>\n\t<meta name=\"twitter:data1\" content=\"2 minutos\" \/>\n<script type=\"application\/ld+json\" class=\"yoast-schema-graph\">{\"@context\":\"https:\/\/schema.org\",\"@graph\":[{\"@type\":\"WebPage\",\"@id\":\"https:\/\/www.oldwestburygardens.org\/friends-of-old-westbury-gardens\/\",\"url\":\"https:\/\/www.oldwestburygardens.org\/friends-of-old-westbury-gardens\/\",\"name\":\"Friends of Old Westbury Gardens | Old Westbury Gardens\",\"isPartOf\":{\"@id\":\"https:\/\/www.oldwestburygardens.org\/ko\/#website\"},\"primaryImageOfPage\":{\"@id\":\"https:\/\/www.oldwestburygardens.org\/friends-of-old-westbury-gardens\/#primaryimage\"},\"image\":{\"@id\":\"https:\/\/www.oldwestburygardens.org\/friends-of-old-westbury-gardens\/#primaryimage\"},\"thumbnailUrl\":\"https:\/\/www.oldwestburygardens.org\/wp-content\/uploads\/2025\/05\/307AjuZZ.jpeg\",\"datePublished\":\"2025-04-25T14:08:24+00:00\",\"dateModified\":\"2026-01-06T18:23:14+00:00\",\"breadcrumb\":{\"@id\":\"https:\/\/www.oldwestburygardens.org\/friends-of-old-westbury-gardens\/#breadcrumb\"},\"inLanguage\":\"es\",\"potentialAction\":[{\"@type\":\"ReadAction\",\"target\":[\"https:\/\/www.oldwestburygardens.org\/friends-of-old-westbury-gardens\/\"]}]},{\"@type\":\"ImageObject\",\"inLanguage\":\"es\",\"@id\":\"https:\/\/www.oldwestburygardens.org\/friends-of-old-westbury-gardens\/#primaryimage\",\"url\":\"https:\/\/www.oldwestburygardens.org\/wp-content\/uploads\/2025\/05\/307AjuZZ.jpeg\",\"contentUrl\":\"https:\/\/www.oldwestburygardens.org\/wp-content\/uploads\/2025\/05\/307AjuZZ.jpeg\"},{\"@type\":\"BreadcrumbList\",\"@id\":\"https:\/\/www.oldwestburygardens.org\/friends-of-old-westbury-gardens\/#breadcrumb\",\"itemListElement\":[{\"@type\":\"ListItem\",\"position\":1,\"name\":\"Home\",\"item\":\"https:\/\/www.oldwestburygardens.org\/\"},{\"@type\":\"ListItem\",\"position\":2,\"name\":\"Friends of Old Westbury Gardens\"}]},{\"@type\":\"WebSite\",\"@id\":\"https:\/\/www.oldwestburygardens.org\/ko\/#website\",\"url\":\"https:\/\/www.oldwestburygardens.org\/ko\/\",\"name\":\"Old Westbury Gardens\",\"description\":\"\",\"publisher\":{\"@id\":\"https:\/\/www.oldwestburygardens.org\/ko\/#organization\"},\"potentialAction\":[{\"@type\":\"SearchAction\",\"target\":{\"@type\":\"EntryPoint\",\"urlTemplate\":\"https:\/\/www.oldwestburygardens.org\/ko\/?s={search_term_string}\"},\"query-input\":{\"@type\":\"PropertyValueSpecification\",\"valueRequired\":true,\"valueName\":\"search_term_string\"}}],\"inLanguage\":\"es\"},{\"@type\":\"Organization\",\"@id\":\"https:\/\/www.oldwestburygardens.org\/ko\/#organization\",\"name\":\"Old Westbury Gardens\",\"url\":\"https:\/\/www.oldwestburygardens.org\/ko\/\",\"logo\":{\"@type\":\"ImageObject\",\"inLanguage\":\"es\",\"@id\":\"https:\/\/www.oldwestburygardens.org\/ko\/#\/schema\/logo\/image\/\",\"url\":\"https:\/\/www.oldwestburygardens.org\/wp-content\/uploads\/2025\/03\/OWGlogoforsite.png\",\"contentUrl\":\"https:\/\/www.oldwestburygardens.org\/wp-content\/uploads\/2025\/03\/OWGlogoforsite.png\",\"width\":750,\"height\":173,\"caption\":\"Old Westbury Gardens\"},\"image\":{\"@id\":\"https:\/\/www.oldwestburygardens.org\/ko\/#\/schema\/logo\/image\/\"}}]}<\/script>\n<!-- \/ Yoast SEO plugin. -->","yoast_head_json":{"title":"Amigos de los Jardines de Old Westbury | Jardines de Old Westbury","robots":{"index":"index","follow":"follow","max-snippet":"max-snippet:-1","max-image-preview":"max-image-preview:large","max-video-preview":"max-video-preview:-1"},"canonical":"https:\/\/www.oldwestburygardens.org\/es\/friends-of-old-westbury-gardens\/","og_locale":"es_ES","og_type":"article","og_title":"Friends of Old Westbury Gardens | Old Westbury Gardens","og_description":"The Friends of Old Westbury Gardens, established in 1995, stands as a testament to the enduring allure of this historic landmark. Comprising of individuals who share a profound appreciation for [&hellip;]","og_url":"https:\/\/www.oldwestburygardens.org\/es\/friends-of-old-westbury-gardens\/","og_site_name":"Old Westbury Gardens","article_modified_time":"2026-01-06T18:23:14+00:00","og_image":[{"url":"https:\/\/www.oldwestburygardens.org\/wp-content\/uploads\/2025\/05\/307AjuZZ.jpeg","width":1,"height":1,"type":"image\/jpeg"}],"twitter_card":"summary_large_image","twitter_misc":{"Est. reading time":"2 minutos"},"schema":{"@context":"https:\/\/schema.org","@graph":[{"@type":"WebPage","@id":"https:\/\/www.oldwestburygardens.org\/friends-of-old-westbury-gardens\/","url":"https:\/\/www.oldwestburygardens.org\/friends-of-old-westbury-gardens\/","name":"Amigos de los Jardines de Old Westbury | Jardines de Old Westbury","isPartOf":{"@id":"https:\/\/www.oldwestburygardens.org\/ko\/#website"},"primaryImageOfPage":{"@id":"https:\/\/www.oldwestburygardens.org\/friends-of-old-westbury-gardens\/#primaryimage"},"image":{"@id":"https:\/\/www.oldwestburygardens.org\/friends-of-old-westbury-gardens\/#primaryimage"},"thumbnailUrl":"https:\/\/www.oldwestburygardens.org\/wp-content\/uploads\/2025\/05\/307AjuZZ.jpeg","datePublished":"2025-04-25T14:08:24+00:00","dateModified":"2026-01-06T18:23:14+00:00","breadcrumb":{"@id":"https:\/\/www.oldwestburygardens.org\/friends-of-old-westbury-gardens\/#breadcrumb"},"inLanguage":"es","potentialAction":[{"@type":"ReadAction","target":["https:\/\/www.oldwestburygardens.org\/friends-of-old-westbury-gardens\/"]}]},{"@type":"ImageObject","inLanguage":"es","@id":"https:\/\/www.oldwestburygardens.org\/friends-of-old-westbury-gardens\/#primaryimage","url":"https:\/\/www.oldwestburygardens.org\/wp-content\/uploads\/2025\/05\/307AjuZZ.jpeg","contentUrl":"https:\/\/www.oldwestburygardens.org\/wp-content\/uploads\/2025\/05\/307AjuZZ.jpeg"},{"@type":"BreadcrumbList","@id":"https:\/\/www.oldwestburygardens.org\/friends-of-old-westbury-gardens\/#breadcrumb","itemListElement":[{"@type":"ListItem","position":1,"name":"Home","item":"https:\/\/www.oldwestburygardens.org\/"},{"@type":"ListItem","position":2,"name":"Friends of Old Westbury Gardens"}]},{"@type":"WebSite","@id":"https:\/\/www.oldwestburygardens.org\/ko\/#website","url":"https:\/\/www.oldwestburygardens.org\/ko\/","name":"Jardines del viejo Westbury","description":"","publisher":{"@id":"https:\/\/www.oldwestburygardens.org\/ko\/#organization"},"potentialAction":[{"@type":"SearchAction","target":{"@type":"EntryPoint","urlTemplate":"https:\/\/www.oldwestburygardens.org\/ko\/?s={search_term_string}"},"query-input":{"@type":"PropertyValueSpecification","valueRequired":true,"valueName":"search_term_string"}}],"inLanguage":"es"},{"@type":"Organization","@id":"https:\/\/www.oldwestburygardens.org\/ko\/#organization","name":"Jardines del viejo Westbury","url":"https:\/\/www.oldwestburygardens.org\/ko\/","logo":{"@type":"ImageObject","inLanguage":"es","@id":"https:\/\/www.oldwestburygardens.org\/ko\/#\/schema\/logo\/image\/","url":"https:\/\/www.oldwestburygardens.org\/wp-content\/uploads\/2025\/03\/OWGlogoforsite.png","contentUrl":"https:\/\/www.oldwestburygardens.org\/wp-content\/uploads\/2025\/03\/OWGlogoforsite.png","width":750,"height":173,"caption":"Old Westbury Gardens"},"image":{"@id":"https:\/\/www.oldwestburygardens.org\/ko\/#\/schema\/logo\/image\/"}}]}},"_links":{"self":[{"href":"https:\/\/www.oldwestburygardens.org\/es\/wp-json\/wp\/v2\/pages\/653","targetHints":{"allow":["GET"]}}],"collection":[{"href":"https:\/\/www.oldwestburygardens.org\/es\/wp-json\/wp\/v2\/pages"}],"about":[{"href":"https:\/\/www.oldwestburygardens.org\/es\/wp-json\/wp\/v2\/types\/page"}],"author":[{"embeddable":true,"href":"https:\/\/www.oldwestburygardens.org\/es\/wp-json\/wp\/v2\/users\/1"}],"replies":[{"embeddable":true,"href":"https:\/\/www.oldwestburygardens.org\/es\/wp-json\/wp\/v2\/comments?post=653"}],"version-history":[{"count":26,"href":"https:\/\/www.oldwestburygardens.org\/es\/wp-json\/wp\/v2\/pages\/653\/revisions"}],"predecessor-version":[{"id":9423,"href":"https:\/\/www.oldwestburygardens.org\/es\/wp-json\/wp\/v2\/pages\/653\/revisions\/9423"}],"wp:featuredmedia":[{"embeddable":true,"href":"https:\/\/www.oldwestburygardens.org\/es\/wp-json\/wp\/v2\/media\/6205"}],"wp:attachment":[{"href":"https:\/\/www.oldwestburygardens.org\/es\/wp-json\/wp\/v2\/media?parent=653"}],"curies":[{"name":"wp","href":"https:\/\/api.w.org\/{rel}","templated":true}]}}