{"id":659,"date":"2025-02-10T18:32:47","date_gmt":"2025-02-10T18:32:47","guid":{"rendered":"https:\/\/www.oldwestburygardens.org\/dog-festival-vendor-application\/"},"modified":"2026-02-10T16:13:14","modified_gmt":"2026-02-10T21:13:14","slug":"dog-festival-vendor-application","status":"publish","type":"page","link":"https:\/\/www.oldwestburygardens.org\/es\/dog-festival-vendor-application\/","title":{"rendered":"Solicitud de vendedor para el Festival del Perro de Primavera"},"content":{"rendered":"<div class=\"wp-block-group has-global-padding is-layout-constrained wp-block-group-is-layout-constrained\" style=\"padding-top:var(--wp--preset--spacing--50);padding-bottom:var(--wp--preset--spacing--50)\"><h1 class=\"wp-block-post-title\">Solicitud de vendedor para el Festival del Perro de Primavera<\/h1><\/div>\n\n\n\n<div class=\"wp-block-group has-global-padding is-layout-constrained wp-block-group-is-layout-constrained\" style=\"padding-top:0;padding-bottom:0\">\n<h3 class=\"wp-block-heading has-text-align-center\">S\u00e1bado 18 de abril de 2026<\/h3>\n<\/div>\n\n\n\n<div class=\"wp-block-group has-global-padding is-layout-constrained wp-block-group-is-layout-constrained\" style=\"padding-top:0;padding-bottom:0\">\n<h3 class=\"wp-block-heading\">Detalles del evento<\/h3>\n\n\n\n<p>S\u00e1bado 18 de abril, de 11:00 a. m. a 4:00 p. m., Old Westbury Gardens, Old Westbury, NY<\/p>\n\n\n\n<p>Montaje: S\u00e1bado 18 de abril S\u00d3LO de 9:00 a 10:30 h \/ Desmontaje: S\u00e1bado 18 de abril de 16:00 a 17:30 h.<\/p>\n\n\n\n<p>Los espacios para vendedores no alimentarios miden 10&#039;x10&#039;.<\/p>\n\n\n\n<p>Tarifa: Sin tarifa, excepto para hospitales veterinarios, cl\u00ednicas veterinarias o centros de urgencias veterinarias, que pueden participar si aceptan patrocinar el Festival. Estas empresas deben completar la solicitud e indicar su actividad en el campo de notas. Las oportunidades de patrocinio se enviar\u00e1n tras la revisi\u00f3n de la solicitud. <\/p>\n<\/div>\n\n\n\n<div class=\"wp-block-group has-global-padding is-layout-constrained wp-block-group-is-layout-constrained\" style=\"padding-top:0;padding-bottom:0\">\n<h3 class=\"wp-block-heading\">Descripci\u00f3n general del festival<\/h3>\n\n\n\n<p>Dos veces al a\u00f1o, Old Westbury Gardens celebra fines de semana para perros y, en uno de los d\u00edas del fin de semana (el s\u00e1bado de primavera y el domingo de oto\u00f1o), invita a organizaciones de bienestar animal y a vendedores que venden productos o servicios relacionados con perros a compartir su misi\u00f3n o vender sus productos a los visitantes. Cada d\u00eda de exhibici\u00f3n y venta, se atraen aproximadamente entre 1500 y 2000 visitantes.<\/p>\n\n\n\n<p>Si usted es una organizaci\u00f3n de bienestar animal o un vendedor que vende productos o servicios relacionados con perros y desea ser considerado para un espacio de exhibici\u00f3n, lea las instrucciones a continuaci\u00f3n. Un comit\u00e9 selecciona a los vendedores bas\u00e1ndose en la selecci\u00f3n, calidad y singularidad de sus productos. El Festival intenta evitar la duplicaci\u00f3n de art\u00edculos entre los vendedores existentes, siempre que sea posible, para crear una interesante variedad de opciones para nuestros visitantes y un evento m\u00e1s rentable para ellos. El espacio es limitado debido a nuestra distribuci\u00f3n.<\/p>\n\n\n\n<p>Las organizaciones de bienestar animal que est\u00e1n reconocidas como organizaciones ben\u00e9ficas 501(c (3) pueden recaudar fondos en el lugar para promover sus misiones particulares.<\/p>\n\n\n\n<p><\/p>\n\n\n\n<hr class=\"wp-block-separator has-alpha-channel-opacity\"\/>\n\n\n\n<p><\/p>\n<\/div>\n\n\n\n<div class=\"wp-block-group has-global-padding is-layout-constrained wp-block-group-is-layout-constrained\" style=\"padding-top:0;padding-bottom:0\">\n<p>Complete el formulario a continuaci\u00f3n y nos pondremos en contacto con usted para obtener m\u00e1s informaci\u00f3n. Consulte a continuaci\u00f3n nuestros requisitos para proveedores.<\/p>\n<\/div>\n\n\n\n<div class=\"wp-block-group has-global-padding is-layout-constrained wp-block-group-is-layout-constrained\" style=\"padding-top:0;padding-bottom:0\"><\/div>\n\n\n\n<div class=\"wp-block-group has-global-padding is-layout-constrained wp-block-group-is-layout-constrained\" style=\"padding-top:var(--wp--preset--spacing--40);padding-bottom:var(--wp--preset--spacing--40)\">\n<h3 class=\"wp-block-heading\">Expositor \/ Vendedor<\/h3>\n\n\n\n<p>Los solicitantes deben obedecer todos los c\u00f3digos y leyes de seguridad pertinentes, incluidos, entre otros: los del estado de Nueva York, el condado de Nassau y la aldea de Old Westbury en materia de incendios, seguridad, estacionamiento, carpas, salud e impuestos.<\/p>\n\n\n\n<p>Los vendedores, junto con los organizadores del Festival, deben cumplir con todas las leyes relativas a la venta y el uso de art\u00edculos ilegales o restringidos. Fumar o vapear est\u00e1 restringido a veh\u00edculos personales y no est\u00e1 permitido en los Jardines.<\/p>\n\n\n\n<p>Cada stand mide 3 x 3 metros. Old Westbury Gardens proporcionar\u00e1 una mesa de 2,4 metros y dos sillas. No hay electricidad disponible. Los expositores pueden instalar carpas de 3 x 3 metros.<\/p>\n\n\n\n<p>Los vendedores vender\u00e1n y servir\u00e1n los productos bajo su propio riesgo. El solicitante se compromete a eximir de responsabilidad a Old Westbury Gardens y a sus agentes por cualquier p\u00e9rdida o da\u00f1o a personas o bienes.<\/p>\n\n\n\n<p>Los vendedores tendr\u00e1n acceso al recinto del festival antes y despu\u00e9s de la hora indicada para el montaje y desmontaje. Deber\u00e1n trasladar sus veh\u00edculos a las zonas de estacionamiento designadas antes del inicio del evento.<\/p>\n\n\n\n<p>El evento se llevar\u00e1 a cabo con lluvia o sol, a menos que el organizador lo cancele por completo. Los vendedores se comprometen a mantener sus stands durante todo el evento, aunque podr\u00e1n estar presentes a su discreci\u00f3n en caso de mal tiempo. Todos los expositores y la mercanc\u00eda deben estar protegidos contra el viento y la lluvia.<\/p>\n\n\n\n<p>Los vendedores deben mantener sus stands limpios y ordenados. No habr\u00e1 espacio para guardar materiales de embalaje, as\u00ed que considere colocar un fald\u00f3n en su mesa. La se\u00f1alizaci\u00f3n debe estar dentro del espacio de 3 x 3 metros y ser apta para familias.<\/p>\n\n\n\n<p>El recinto del festival se dise\u00f1ar\u00e1 para priorizar la experiencia de los visitantes, la fluidez del tr\u00e1fico y la m\u00e1xima visibilidad para cada proveedor. No se garantiza una ubicaci\u00f3n espec\u00edfica.<\/p>\n\n\n\n<p>Los participantes aceptan permitir el uso de v\u00eddeos y fotograf\u00edas por parte de los organizadores del festival con fines promocionales.<\/p>\n\n\n\n<p>Los vendedores son responsables de cobrar los pagos, junto con los impuestos correspondientes. No hay cajero autom\u00e1tico en el establecimiento.<\/p>\n<\/div>\n\n\n\n<p><\/p>\n\n\n\n<p><\/p>\n\n\n\n<p><\/p>","protected":false},"excerpt":{"rendered":"<p>Saturday, April 18, 2026 Event Details Saturday, April 18, 11:00 am to 4:00 pm, Old Westbury Gardens, Old Westbury, NY Set-up: Saturday, April 18 ONLY 9:00 am-10:30 am \/ Tear-down: [&hellip;]<\/p>","protected":false},"author":1,"featured_media":0,"parent":0,"menu_order":0,"comment_status":"open","ping_status":"open","template":"","meta":{"_acf_changed":false,"_tec_requires_first_save":true,"_EventAllDay":false,"_EventTimezone":"","_EventStartDate":"","_EventEndDate":"","_EventStartDateUTC":"","_EventEndDateUTC":"","_EventShowMap":false,"_EventShowMapLink":false,"_EventURL":"","_EventCost":"","_EventCostDescription":"","_EventCurrencySymbol":"","_EventCurrencyCode":"","_EventCurrencyPosition":"","_EventDateTimeSeparator":"","_EventTimeRangeSeparator":"","_EventOrganizerID":[],"_EventVenueID":[],"_OrganizerEmail":"","_OrganizerPhone":"","_OrganizerWebsite":"","_VenueAddress":"","_VenueCity":"","_VenueCountry":"","_VenueProvince":"","_VenueState":"","_VenueZip":"","_VenuePhone":"","_VenueURL":"","_VenueStateProvince":"","_VenueLat":"","_VenueLng":"","_VenueShowMap":false,"_VenueShowMapLink":false,"_tribe_blocks_recurrence_rules":"","_tribe_blocks_recurrence_description":"","_tribe_blocks_recurrence_exclusions":"","footnotes":""},"class_list":["post-659","page","type-page","status-publish","hentry"],"acf":[],"yoast_head":"<!-- This site is optimized with the Yoast SEO plugin v26.2 - https:\/\/yoast.com\/wordpress\/plugins\/seo\/ -->\n<title>Spring Dog Festival Vendor Application | Old Westbury Gardens<\/title>\n<meta name=\"robots\" content=\"index, follow, max-snippet:-1, max-image-preview:large, max-video-preview:-1\" \/>\n<link rel=\"canonical\" href=\"https:\/\/www.oldwestburygardens.org\/es\/dog-festival-vendor-application\/\" \/>\n<meta property=\"og:locale\" content=\"es_ES\" \/>\n<meta property=\"og:type\" content=\"article\" \/>\n<meta property=\"og:title\" content=\"Spring Dog Festival Vendor Application | Old Westbury Gardens\" \/>\n<meta property=\"og:description\" content=\"Saturday, April 18, 2026 Event Details Saturday, April 18, 11:00 am to 4:00 pm, Old Westbury Gardens, Old Westbury, NY Set-up: Saturday, April 18 ONLY 9:00 am-10:30 am \/ Tear-down: [&hellip;]\" \/>\n<meta property=\"og:url\" content=\"https:\/\/www.oldwestburygardens.org\/es\/dog-festival-vendor-application\/\" \/>\n<meta property=\"og:site_name\" content=\"Old Westbury Gardens\" \/>\n<meta property=\"article:modified_time\" content=\"2026-02-10T21:13:14+00:00\" \/>\n<meta property=\"og:image\" content=\"https:\/\/www.oldwestburygardens.org\/wp-content\/uploads\/2025\/05\/2021BackofHouse-1024x683.png\" \/>\n\t<meta property=\"og:image:width\" content=\"1024\" \/>\n\t<meta property=\"og:image:height\" content=\"683\" \/>\n\t<meta property=\"og:image:type\" content=\"image\/png\" \/>\n<meta name=\"twitter:card\" content=\"summary_large_image\" \/>\n<meta name=\"twitter:label1\" content=\"Est. reading time\" \/>\n\t<meta name=\"twitter:data1\" content=\"3 minutos\" \/>\n<script type=\"application\/ld+json\" class=\"yoast-schema-graph\">{\"@context\":\"https:\/\/schema.org\",\"@graph\":[{\"@type\":\"WebPage\",\"@id\":\"https:\/\/www.oldwestburygardens.org\/dog-festival-vendor-application\/\",\"url\":\"https:\/\/www.oldwestburygardens.org\/dog-festival-vendor-application\/\",\"name\":\"Spring Dog Festival Vendor Application | Old Westbury Gardens\",\"isPartOf\":{\"@id\":\"https:\/\/www.oldwestburygardens.org\/ko\/#website\"},\"datePublished\":\"2025-02-10T18:32:47+00:00\",\"dateModified\":\"2026-02-10T21:13:14+00:00\",\"breadcrumb\":{\"@id\":\"https:\/\/www.oldwestburygardens.org\/dog-festival-vendor-application\/#breadcrumb\"},\"inLanguage\":\"es\",\"potentialAction\":[{\"@type\":\"ReadAction\",\"target\":[\"https:\/\/www.oldwestburygardens.org\/dog-festival-vendor-application\/\"]}]},{\"@type\":\"BreadcrumbList\",\"@id\":\"https:\/\/www.oldwestburygardens.org\/dog-festival-vendor-application\/#breadcrumb\",\"itemListElement\":[{\"@type\":\"ListItem\",\"position\":1,\"name\":\"Home\",\"item\":\"https:\/\/www.oldwestburygardens.org\/\"},{\"@type\":\"ListItem\",\"position\":2,\"name\":\"Spring Dog Festival Vendor Application\"}]},{\"@type\":\"WebSite\",\"@id\":\"https:\/\/www.oldwestburygardens.org\/ko\/#website\",\"url\":\"https:\/\/www.oldwestburygardens.org\/ko\/\",\"name\":\"Old Westbury Gardens\",\"description\":\"\",\"publisher\":{\"@id\":\"https:\/\/www.oldwestburygardens.org\/ko\/#organization\"},\"potentialAction\":[{\"@type\":\"SearchAction\",\"target\":{\"@type\":\"EntryPoint\",\"urlTemplate\":\"https:\/\/www.oldwestburygardens.org\/ko\/?s={search_term_string}\"},\"query-input\":{\"@type\":\"PropertyValueSpecification\",\"valueRequired\":true,\"valueName\":\"search_term_string\"}}],\"inLanguage\":\"es\"},{\"@type\":\"Organization\",\"@id\":\"https:\/\/www.oldwestburygardens.org\/ko\/#organization\",\"name\":\"Old Westbury Gardens\",\"url\":\"https:\/\/www.oldwestburygardens.org\/ko\/\",\"logo\":{\"@type\":\"ImageObject\",\"inLanguage\":\"es\",\"@id\":\"https:\/\/www.oldwestburygardens.org\/ko\/#\/schema\/logo\/image\/\",\"url\":\"https:\/\/www.oldwestburygardens.org\/wp-content\/uploads\/2025\/03\/OWGlogoforsite.png\",\"contentUrl\":\"https:\/\/www.oldwestburygardens.org\/wp-content\/uploads\/2025\/03\/OWGlogoforsite.png\",\"width\":750,\"height\":173,\"caption\":\"Old Westbury Gardens\"},\"image\":{\"@id\":\"https:\/\/www.oldwestburygardens.org\/ko\/#\/schema\/logo\/image\/\"}}]}<\/script>\n<!-- \/ Yoast SEO plugin. -->","yoast_head_json":{"title":"Spring Dog Festival Vendor Application | Old Westbury Gardens","robots":{"index":"index","follow":"follow","max-snippet":"max-snippet:-1","max-image-preview":"max-image-preview:large","max-video-preview":"max-video-preview:-1"},"canonical":"https:\/\/www.oldwestburygardens.org\/es\/dog-festival-vendor-application\/","og_locale":"es_ES","og_type":"article","og_title":"Spring Dog Festival Vendor Application | Old Westbury Gardens","og_description":"Saturday, April 18, 2026 Event Details Saturday, April 18, 11:00 am to 4:00 pm, Old Westbury Gardens, Old Westbury, NY Set-up: Saturday, April 18 ONLY 9:00 am-10:30 am \/ Tear-down: [&hellip;]","og_url":"https:\/\/www.oldwestburygardens.org\/es\/dog-festival-vendor-application\/","og_site_name":"Old Westbury Gardens","article_modified_time":"2026-02-10T21:13:14+00:00","og_image":[{"width":1024,"height":683,"url":"https:\/\/www.oldwestburygardens.org\/wp-content\/uploads\/2025\/05\/2021BackofHouse-1024x683.png","type":"image\/png"}],"twitter_card":"summary_large_image","twitter_misc":{"Est. reading time":"3 minutos"},"schema":{"@context":"https:\/\/schema.org","@graph":[{"@type":"WebPage","@id":"https:\/\/www.oldwestburygardens.org\/dog-festival-vendor-application\/","url":"https:\/\/www.oldwestburygardens.org\/dog-festival-vendor-application\/","name":"Spring Dog Festival Vendor Application | Old Westbury Gardens","isPartOf":{"@id":"https:\/\/www.oldwestburygardens.org\/ko\/#website"},"datePublished":"2025-02-10T18:32:47+00:00","dateModified":"2026-02-10T21:13:14+00:00","breadcrumb":{"@id":"https:\/\/www.oldwestburygardens.org\/dog-festival-vendor-application\/#breadcrumb"},"inLanguage":"es","potentialAction":[{"@type":"ReadAction","target":["https:\/\/www.oldwestburygardens.org\/dog-festival-vendor-application\/"]}]},{"@type":"BreadcrumbList","@id":"https:\/\/www.oldwestburygardens.org\/dog-festival-vendor-application\/#breadcrumb","itemListElement":[{"@type":"ListItem","position":1,"name":"Home","item":"https:\/\/www.oldwestburygardens.org\/"},{"@type":"ListItem","position":2,"name":"Spring Dog Festival Vendor Application"}]},{"@type":"WebSite","@id":"https:\/\/www.oldwestburygardens.org\/ko\/#website","url":"https:\/\/www.oldwestburygardens.org\/ko\/","name":"Jardines del viejo Westbury","description":"","publisher":{"@id":"https:\/\/www.oldwestburygardens.org\/ko\/#organization"},"potentialAction":[{"@type":"SearchAction","target":{"@type":"EntryPoint","urlTemplate":"https:\/\/www.oldwestburygardens.org\/ko\/?s={search_term_string}"},"query-input":{"@type":"PropertyValueSpecification","valueRequired":true,"valueName":"search_term_string"}}],"inLanguage":"es"},{"@type":"Organization","@id":"https:\/\/www.oldwestburygardens.org\/ko\/#organization","name":"Jardines del viejo Westbury","url":"https:\/\/www.oldwestburygardens.org\/ko\/","logo":{"@type":"ImageObject","inLanguage":"es","@id":"https:\/\/www.oldwestburygardens.org\/ko\/#\/schema\/logo\/image\/","url":"https:\/\/www.oldwestburygardens.org\/wp-content\/uploads\/2025\/03\/OWGlogoforsite.png","contentUrl":"https:\/\/www.oldwestburygardens.org\/wp-content\/uploads\/2025\/03\/OWGlogoforsite.png","width":750,"height":173,"caption":"Old Westbury Gardens"},"image":{"@id":"https:\/\/www.oldwestburygardens.org\/ko\/#\/schema\/logo\/image\/"}}]}},"_links":{"self":[{"href":"https:\/\/www.oldwestburygardens.org\/es\/wp-json\/wp\/v2\/pages\/659","targetHints":{"allow":["GET"]}}],"collection":[{"href":"https:\/\/www.oldwestburygardens.org\/es\/wp-json\/wp\/v2\/pages"}],"about":[{"href":"https:\/\/www.oldwestburygardens.org\/es\/wp-json\/wp\/v2\/types\/page"}],"author":[{"embeddable":true,"href":"https:\/\/www.oldwestburygardens.org\/es\/wp-json\/wp\/v2\/users\/1"}],"replies":[{"embeddable":true,"href":"https:\/\/www.oldwestburygardens.org\/es\/wp-json\/wp\/v2\/comments?post=659"}],"version-history":[{"count":7,"href":"https:\/\/www.oldwestburygardens.org\/es\/wp-json\/wp\/v2\/pages\/659\/revisions"}],"predecessor-version":[{"id":9726,"href":"https:\/\/www.oldwestburygardens.org\/es\/wp-json\/wp\/v2\/pages\/659\/revisions\/9726"}],"wp:attachment":[{"href":"https:\/\/www.oldwestburygardens.org\/es\/wp-json\/wp\/v2\/media?parent=659"}],"curies":[{"name":"wp","href":"https:\/\/api.w.org\/{rel}","templated":true}]}}