{"id":672,"date":"2025-04-23T16:37:41","date_gmt":"2025-04-23T16:37:41","guid":{"rendered":"https:\/\/www.oldwestburygardens.org\/2025-gardeners-fair\/"},"modified":"2025-07-10T16:52:00","modified_gmt":"2025-07-10T20:52:00","slug":"2025-gardeners-fair","status":"publish","type":"page","link":"https:\/\/www.oldwestburygardens.org\/es\/2025-gardeners-fair\/","title":{"rendered":"Feria de Jardineros 2025"},"content":{"rendered":"<div class=\"wp-block-group has-global-padding is-layout-constrained wp-block-group-is-layout-constrained\" style=\"padding-top:0;padding-bottom:0\"><h1 style=\"padding-top:var(--wp--preset--spacing--50);padding-bottom:var(--wp--preset--spacing--50);\" class=\"has-text-align-center wp-block-post-title\">Feria de Jardineros 2025<\/h1>\n\n\n<p class=\"has-text-align-center\"><strong>El s\u00e1bado 7 de junio<\/strong>Est\u00e1bamos encantados de honrar <strong>Robert A. Bartlett, Jr.<\/strong>, presidente y director ejecutivo de Bartlett Tree Experts, en la conferencia de este a\u00f1o <strong>Feria de jardineros<\/strong>\u00a1Fue una noche de celebraci\u00f3n del compromiso de nuestra comunidad con el pasado y el futuro de Old Westbury Gardens!<\/p>\n\n\n\n<p class=\"has-text-align-center\">Las ganancias de la Feria de Jardineros apoyan iniciativas vitales de preservaci\u00f3n, educaci\u00f3n y horticultura, garantizando que Old Westbury Gardens siga siendo un destino preciado para miles de familias, estudiantes y visitantes.<\/p>\n<\/div>\n\n\n\n<div class=\"wp-block-group has-global-padding is-layout-constrained wp-block-group-is-layout-constrained\">\n<hr class=\"wp-block-separator has-alpha-channel-opacity\"\/>\n\n\n\n<figure class=\"wp-block-embed aligncenter is-type-video is-provider-youtube wp-block-embed-youtube wp-embed-aspect-16-9 wp-has-aspect-ratio\"><div class=\"wp-block-embed__wrapper\">\n<iframe loading=\"lazy\" title=\"Feria de jardineros 2025 en Old Westbury Gardens\" width=\"640\" height=\"360\" src=\"https:\/\/www.youtube.com\/embed\/6pCcDU9GD-Y?feature=oembed\" frameborder=\"0\" allow=\"accelerometer; autoplay; clipboard-write; encrypted-media; gyroscope; picture-in-picture; web-share\" referrerpolicy=\"strict-origin-when-cross-origin\" allowfullscreen><\/iframe>\n<\/div><\/figure>\n\n\n\n<hr class=\"wp-block-separator has-alpha-channel-opacity\"\/>\n\n\n\n<div class=\"wp-block-buttons alignwide is-content-justification-center is-layout-flex wp-container-core-buttons-is-layout-1 wp-block-buttons-is-layout-flex\">\n<div class=\"wp-block-button is-style-btn-with-arrow is-style-btn-with-arrow--1\"><a class=\"wp-block-button__link has-text-align-center wp-element-button\" href=\"https:\/\/www.flickr.com\/photos\/oldwestburygardens\/albums\/72177720326724911\">ver el \u00e1lbum de fotos<\/a><\/div>\n<\/div>\n\n\n\n<div class=\"wp-block-buttons is-content-justification-center is-layout-flex wp-container-core-buttons-is-layout-2 wp-block-buttons-is-layout-flex\">\n<div class=\"wp-block-button is-style-btn-with-arrow is-style-btn-with-arrow--2\"><a class=\"wp-block-button__link has-text-align-center wp-element-button\" href=\"https:\/\/online.flippingbook.com\/view\/424601440\/\">Ver el Diario de la Feria de Jardineros de 2025<mark style=\"background-color:rgba(0, 0, 0, 0)\" class=\"has-inline-color has-primary-color\"><\/mark><\/a><\/div>\n<\/div>\n\n\n\n<hr class=\"wp-block-separator has-alpha-channel-opacity\"\/>\n\n\n\n<p><\/p>\n\n\n\n<h5 class=\"wp-block-heading has-text-align-center\">De cara al futuro, los invitamos a ayudarnos a cuidar uno de nuestros elementos m\u00e1s preciados: los \u00e1rboles. Con su continuo apoyo, seguir\u00e1n siendo una fuente de inspiraci\u00f3n para las generaciones venideras.<\/h5>\n\n\n\n<div class=\"wp-block-buttons is-content-justification-center is-layout-flex wp-container-core-buttons-is-layout-3 wp-block-buttons-is-layout-flex\">\n<div class=\"wp-block-button is-style-btn-owg-primary is-style-btn-owg-primary--3\"><a class=\"wp-block-button__link wp-element-button\" href=\"https:\/\/1473.blackbaudhosting.com\/1473\/Support-the-Trees\">Dona a los \u00e1rboles de Old Westbury Gardens<\/a><\/div>\n<\/div>\n<\/div>\n\n\n\n<div class=\"wp-block-buttons is-content-justification-center is-layout-flex wp-container-core-buttons-is-layout-4 wp-block-buttons-is-layout-flex\">\n<hr class=\"wp-block-separator has-alpha-channel-opacity\"\/>\n<\/div>\n\n\n\n<div class=\"wp-block-group has-global-padding is-layout-constrained wp-block-group-is-layout-constrained\">\n<figure class=\"wp-block-gallery has-nested-images columns-default is-cropped wp-block-gallery-4 is-layout-flex wp-block-gallery-is-layout-flex\">\n<figure class=\"wp-block-image size-large is-resized\"><img loading=\"lazy\" decoding=\"async\" width=\"880\" height=\"1024\" src=\"https:\/\/www.oldwestburygardens.org\/wp-content\/uploads\/2025\/07\/GF-TY-Post-BartlettStewart-880x1024.png\" alt=\"\" class=\"wp-image-7096\" style=\"width:490px;height:auto\" srcset=\"https:\/\/www.oldwestburygardens.org\/wp-content\/uploads\/2025\/07\/GF-TY-Post-BartlettStewart-880x1024.png 880w, https:\/\/www.oldwestburygardens.org\/wp-content\/uploads\/2025\/07\/GF-TY-Post-BartlettStewart-258x300.png 258w, https:\/\/www.oldwestburygardens.org\/wp-content\/uploads\/2025\/07\/GF-TY-Post-BartlettStewart-768x894.png 768w, https:\/\/www.oldwestburygardens.org\/wp-content\/uploads\/2025\/07\/GF-TY-Post-BartlettStewart-1320x1536.png 1320w, https:\/\/www.oldwestburygardens.org\/wp-content\/uploads\/2025\/07\/GF-TY-Post-BartlettStewart-10x12.png 10w, https:\/\/www.oldwestburygardens.org\/wp-content\/uploads\/2025\/07\/GF-TY-Post-BartlettStewart.png 1650w\" sizes=\"auto, (max-width: 880px) 100vw, 880px\" \/><\/figure>\n\n\n\n\n\n<figure class=\"wp-block-image size-large is-resized\"><img loading=\"lazy\" decoding=\"async\" width=\"880\" height=\"1024\" src=\"https:\/\/www.oldwestburygardens.org\/wp-content\/uploads\/2025\/07\/GF-TY-Post-Sponsors-3-880x1024.png\" alt=\"\" class=\"wp-image-7097\" style=\"width:494px;height:auto\" srcset=\"https:\/\/www.oldwestburygardens.org\/wp-content\/uploads\/2025\/07\/GF-TY-Post-Sponsors-3-880x1024.png 880w, https:\/\/www.oldwestburygardens.org\/wp-content\/uploads\/2025\/07\/GF-TY-Post-Sponsors-3-258x300.png 258w, https:\/\/www.oldwestburygardens.org\/wp-content\/uploads\/2025\/07\/GF-TY-Post-Sponsors-3-768x894.png 768w, https:\/\/www.oldwestburygardens.org\/wp-content\/uploads\/2025\/07\/GF-TY-Post-Sponsors-3-1320x1536.png 1320w, https:\/\/www.oldwestburygardens.org\/wp-content\/uploads\/2025\/07\/GF-TY-Post-Sponsors-3-10x12.png 10w, https:\/\/www.oldwestburygardens.org\/wp-content\/uploads\/2025\/07\/GF-TY-Post-Sponsors-3.png 1650w\" sizes=\"auto, (max-width: 880px) 100vw, 880px\" \/><\/figure>\n<\/figure>\n<\/div>","protected":false},"excerpt":{"rendered":"<p>El s\u00e1bado 7 de junio, tuvimos el placer de homenajear a Robert A. Bartlett, Jr., presidente y director ejecutivo de Bartlett Tree Experts, en la Feria de Jardineros de este a\u00f1o. Fue un [\u2026]<\/p>","protected":false},"author":1,"featured_media":0,"parent":0,"menu_order":0,"comment_status":"open","ping_status":"open","template":"","meta":{"_acf_changed":false,"_tec_requires_first_save":true,"_EventAllDay":false,"_EventTimezone":"","_EventStartDate":"","_EventEndDate":"","_EventStartDateUTC":"","_EventEndDateUTC":"","_EventShowMap":false,"_EventShowMapLink":false,"_EventURL":"","_EventCost":"","_EventCostDescription":"","_EventCurrencySymbol":"","_EventCurrencyCode":"","_EventCurrencyPosition":"","_EventDateTimeSeparator":"","_EventTimeRangeSeparator":"","_EventOrganizerID":[],"_EventVenueID":[],"_OrganizerEmail":"","_OrganizerPhone":"","_OrganizerWebsite":"","_VenueAddress":"","_VenueCity":"","_VenueCountry":"","_VenueProvince":"","_VenueState":"","_VenueZip":"","_VenuePhone":"","_VenueURL":"","_VenueStateProvince":"","_VenueLat":"","_VenueLng":"","_VenueShowMap":false,"_VenueShowMapLink":false,"_tribe_blocks_recurrence_rules":"","_tribe_blocks_recurrence_description":"","_tribe_blocks_recurrence_exclusions":"","footnotes":""},"class_list":["post-672","page","type-page","status-publish","hentry"],"acf":[],"yoast_head":"<!-- This site is optimized with the Yoast SEO plugin v26.2 - https:\/\/yoast.com\/wordpress\/plugins\/seo\/ -->\n<title>2025 Gardeners&#039; Fair | Old Westbury Gardens<\/title>\n<meta name=\"robots\" content=\"index, follow, max-snippet:-1, max-image-preview:large, max-video-preview:-1\" \/>\n<link rel=\"canonical\" href=\"https:\/\/www.oldwestburygardens.org\/es\/2025-gardeners-fair\/\" \/>\n<meta property=\"og:locale\" content=\"es_ES\" \/>\n<meta property=\"og:type\" content=\"article\" \/>\n<meta property=\"og:title\" content=\"2025 Gardeners&#039; Fair | Old Westbury Gardens\" \/>\n<meta property=\"og:description\" content=\"On Saturday, June 7th, we were thrilled to honor Robert A. Bartlett, Jr., Chairman and Chief Executive Officer of Bartlett Tree Experts, at this year\u2019s Gardeners&#8217; Fair. It was a [&hellip;]\" \/>\n<meta property=\"og:url\" content=\"https:\/\/www.oldwestburygardens.org\/es\/2025-gardeners-fair\/\" \/>\n<meta property=\"og:site_name\" content=\"Old Westbury Gardens\" \/>\n<meta property=\"article:modified_time\" content=\"2025-07-10T20:52:00+00:00\" \/>\n<meta property=\"og:image\" content=\"https:\/\/www.oldwestburygardens.org\/wp-content\/uploads\/2025\/07\/GF-TY-Post-BartlettStewart-880x1024.png\" \/>\n<meta name=\"twitter:card\" content=\"summary_large_image\" \/>\n<meta name=\"twitter:label1\" content=\"Est. reading time\" \/>\n\t<meta name=\"twitter:data1\" content=\"2 minutos\" \/>\n<script type=\"application\/ld+json\" class=\"yoast-schema-graph\">{\"@context\":\"https:\/\/schema.org\",\"@graph\":[{\"@type\":\"WebPage\",\"@id\":\"https:\/\/www.oldwestburygardens.org\/2025-gardeners-fair\/\",\"url\":\"https:\/\/www.oldwestburygardens.org\/2025-gardeners-fair\/\",\"name\":\"2025 Gardeners' Fair | Old Westbury Gardens\",\"isPartOf\":{\"@id\":\"https:\/\/www.oldwestburygardens.org\/ko\/#website\"},\"primaryImageOfPage\":{\"@id\":\"https:\/\/www.oldwestburygardens.org\/2025-gardeners-fair\/#primaryimage\"},\"image\":{\"@id\":\"https:\/\/www.oldwestburygardens.org\/2025-gardeners-fair\/#primaryimage\"},\"thumbnailUrl\":\"https:\/\/www.oldwestburygardens.org\/wp-content\/uploads\/2025\/07\/GF-TY-Post-BartlettStewart-880x1024.png\",\"datePublished\":\"2025-04-23T16:37:41+00:00\",\"dateModified\":\"2025-07-10T20:52:00+00:00\",\"breadcrumb\":{\"@id\":\"https:\/\/www.oldwestburygardens.org\/2025-gardeners-fair\/#breadcrumb\"},\"inLanguage\":\"es\",\"potentialAction\":[{\"@type\":\"ReadAction\",\"target\":[\"https:\/\/www.oldwestburygardens.org\/2025-gardeners-fair\/\"]}]},{\"@type\":\"ImageObject\",\"inLanguage\":\"es\",\"@id\":\"https:\/\/www.oldwestburygardens.org\/2025-gardeners-fair\/#primaryimage\",\"url\":\"https:\/\/www.oldwestburygardens.org\/wp-content\/uploads\/2025\/07\/GF-TY-Post-BartlettStewart-880x1024.png\",\"contentUrl\":\"https:\/\/www.oldwestburygardens.org\/wp-content\/uploads\/2025\/07\/GF-TY-Post-BartlettStewart-880x1024.png\"},{\"@type\":\"BreadcrumbList\",\"@id\":\"https:\/\/www.oldwestburygardens.org\/2025-gardeners-fair\/#breadcrumb\",\"itemListElement\":[{\"@type\":\"ListItem\",\"position\":1,\"name\":\"Home\",\"item\":\"https:\/\/www.oldwestburygardens.org\/\"},{\"@type\":\"ListItem\",\"position\":2,\"name\":\"2025 Gardeners&#8217; Fair\"}]},{\"@type\":\"WebSite\",\"@id\":\"https:\/\/www.oldwestburygardens.org\/ko\/#website\",\"url\":\"https:\/\/www.oldwestburygardens.org\/ko\/\",\"name\":\"Old Westbury Gardens\",\"description\":\"\",\"publisher\":{\"@id\":\"https:\/\/www.oldwestburygardens.org\/ko\/#organization\"},\"potentialAction\":[{\"@type\":\"SearchAction\",\"target\":{\"@type\":\"EntryPoint\",\"urlTemplate\":\"https:\/\/www.oldwestburygardens.org\/ko\/?s={search_term_string}\"},\"query-input\":{\"@type\":\"PropertyValueSpecification\",\"valueRequired\":true,\"valueName\":\"search_term_string\"}}],\"inLanguage\":\"es\"},{\"@type\":\"Organization\",\"@id\":\"https:\/\/www.oldwestburygardens.org\/ko\/#organization\",\"name\":\"Old Westbury Gardens\",\"url\":\"https:\/\/www.oldwestburygardens.org\/ko\/\",\"logo\":{\"@type\":\"ImageObject\",\"inLanguage\":\"es\",\"@id\":\"https:\/\/www.oldwestburygardens.org\/ko\/#\/schema\/logo\/image\/\",\"url\":\"https:\/\/www.oldwestburygardens.org\/wp-content\/uploads\/2025\/03\/OWGlogoforsite.png\",\"contentUrl\":\"https:\/\/www.oldwestburygardens.org\/wp-content\/uploads\/2025\/03\/OWGlogoforsite.png\",\"width\":750,\"height\":173,\"caption\":\"Old Westbury Gardens\"},\"image\":{\"@id\":\"https:\/\/www.oldwestburygardens.org\/ko\/#\/schema\/logo\/image\/\"}}]}<\/script>\n<!-- \/ Yoast SEO plugin. -->","yoast_head_json":{"title":"Feria de Jardiner\u00eda 2025 | Jardines de Old Westbury","robots":{"index":"index","follow":"follow","max-snippet":"max-snippet:-1","max-image-preview":"max-image-preview:large","max-video-preview":"max-video-preview:-1"},"canonical":"https:\/\/www.oldwestburygardens.org\/es\/2025-gardeners-fair\/","og_locale":"es_ES","og_type":"article","og_title":"2025 Gardeners' Fair | Old Westbury Gardens","og_description":"On Saturday, June 7th, we were thrilled to honor Robert A. Bartlett, Jr., Chairman and Chief Executive Officer of Bartlett Tree Experts, at this year\u2019s Gardeners&#8217; Fair. It was a [&hellip;]","og_url":"https:\/\/www.oldwestburygardens.org\/es\/2025-gardeners-fair\/","og_site_name":"Old Westbury Gardens","article_modified_time":"2025-07-10T20:52:00+00:00","og_image":[{"url":"https:\/\/www.oldwestburygardens.org\/wp-content\/uploads\/2025\/07\/GF-TY-Post-BartlettStewart-880x1024.png","type":"","width":"","height":""}],"twitter_card":"summary_large_image","twitter_misc":{"Est. reading time":"2 minutos"},"schema":{"@context":"https:\/\/schema.org","@graph":[{"@type":"WebPage","@id":"https:\/\/www.oldwestburygardens.org\/2025-gardeners-fair\/","url":"https:\/\/www.oldwestburygardens.org\/2025-gardeners-fair\/","name":"Feria de Jardiner\u00eda 2025 | Jardines de Old Westbury","isPartOf":{"@id":"https:\/\/www.oldwestburygardens.org\/ko\/#website"},"primaryImageOfPage":{"@id":"https:\/\/www.oldwestburygardens.org\/2025-gardeners-fair\/#primaryimage"},"image":{"@id":"https:\/\/www.oldwestburygardens.org\/2025-gardeners-fair\/#primaryimage"},"thumbnailUrl":"https:\/\/www.oldwestburygardens.org\/wp-content\/uploads\/2025\/07\/GF-TY-Post-BartlettStewart-880x1024.png","datePublished":"2025-04-23T16:37:41+00:00","dateModified":"2025-07-10T20:52:00+00:00","breadcrumb":{"@id":"https:\/\/www.oldwestburygardens.org\/2025-gardeners-fair\/#breadcrumb"},"inLanguage":"es","potentialAction":[{"@type":"ReadAction","target":["https:\/\/www.oldwestburygardens.org\/2025-gardeners-fair\/"]}]},{"@type":"ImageObject","inLanguage":"es","@id":"https:\/\/www.oldwestburygardens.org\/2025-gardeners-fair\/#primaryimage","url":"https:\/\/www.oldwestburygardens.org\/wp-content\/uploads\/2025\/07\/GF-TY-Post-BartlettStewart-880x1024.png","contentUrl":"https:\/\/www.oldwestburygardens.org\/wp-content\/uploads\/2025\/07\/GF-TY-Post-BartlettStewart-880x1024.png"},{"@type":"BreadcrumbList","@id":"https:\/\/www.oldwestburygardens.org\/2025-gardeners-fair\/#breadcrumb","itemListElement":[{"@type":"ListItem","position":1,"name":"Home","item":"https:\/\/www.oldwestburygardens.org\/"},{"@type":"ListItem","position":2,"name":"2025 Gardeners&#8217; Fair"}]},{"@type":"WebSite","@id":"https:\/\/www.oldwestburygardens.org\/ko\/#website","url":"https:\/\/www.oldwestburygardens.org\/ko\/","name":"Jardines del viejo Westbury","description":"","publisher":{"@id":"https:\/\/www.oldwestburygardens.org\/ko\/#organization"},"potentialAction":[{"@type":"SearchAction","target":{"@type":"EntryPoint","urlTemplate":"https:\/\/www.oldwestburygardens.org\/ko\/?s={search_term_string}"},"query-input":{"@type":"PropertyValueSpecification","valueRequired":true,"valueName":"search_term_string"}}],"inLanguage":"es"},{"@type":"Organization","@id":"https:\/\/www.oldwestburygardens.org\/ko\/#organization","name":"Jardines del viejo Westbury","url":"https:\/\/www.oldwestburygardens.org\/ko\/","logo":{"@type":"ImageObject","inLanguage":"es","@id":"https:\/\/www.oldwestburygardens.org\/ko\/#\/schema\/logo\/image\/","url":"https:\/\/www.oldwestburygardens.org\/wp-content\/uploads\/2025\/03\/OWGlogoforsite.png","contentUrl":"https:\/\/www.oldwestburygardens.org\/wp-content\/uploads\/2025\/03\/OWGlogoforsite.png","width":750,"height":173,"caption":"Old Westbury Gardens"},"image":{"@id":"https:\/\/www.oldwestburygardens.org\/ko\/#\/schema\/logo\/image\/"}}]}},"_links":{"self":[{"href":"https:\/\/www.oldwestburygardens.org\/es\/wp-json\/wp\/v2\/pages\/672","targetHints":{"allow":["GET"]}}],"collection":[{"href":"https:\/\/www.oldwestburygardens.org\/es\/wp-json\/wp\/v2\/pages"}],"about":[{"href":"https:\/\/www.oldwestburygardens.org\/es\/wp-json\/wp\/v2\/types\/page"}],"author":[{"embeddable":true,"href":"https:\/\/www.oldwestburygardens.org\/es\/wp-json\/wp\/v2\/users\/1"}],"replies":[{"embeddable":true,"href":"https:\/\/www.oldwestburygardens.org\/es\/wp-json\/wp\/v2\/comments?post=672"}],"version-history":[{"count":35,"href":"https:\/\/www.oldwestburygardens.org\/es\/wp-json\/wp\/v2\/pages\/672\/revisions"}],"predecessor-version":[{"id":7190,"href":"https:\/\/www.oldwestburygardens.org\/es\/wp-json\/wp\/v2\/pages\/672\/revisions\/7190"}],"wp:attachment":[{"href":"https:\/\/www.oldwestburygardens.org\/es\/wp-json\/wp\/v2\/media?parent=672"}],"curies":[{"name":"wp","href":"https:\/\/api.w.org\/{rel}","templated":true}]}}