{"id":6733,"date":"2025-06-18T13:43:55","date_gmt":"2025-06-18T17:43:55","guid":{"rendered":"https:\/\/www.oldwestburygardens.org\/?page_id=6733"},"modified":"2025-06-18T14:33:56","modified_gmt":"2025-06-18T18:33:56","slug":"music-for-a-sunday-afternoon","status":"publish","type":"page","link":"https:\/\/www.oldwestburygardens.org\/es\/music-for-a-sunday-afternoon\/","title":{"rendered":"M\u00fasica para una tarde de domingo"},"content":{"rendered":"<section id=\"owg-page-header-v2 block_62dab093c27f58021371912d7f51bd40\" class=\"owg-page-header-v2 has-transparent-background-color alignfull\">\n\n    <div class=\"owg-page-header-inner\">\n            \n\n<div class=\"wp-block-cover alignfull is-light\" style=\"min-height:300px;aspect-ratio:unset;\"><span aria-hidden=\"true\" class=\"wp-block-cover__background has-background-dim-0 has-background-dim\" style=\"background-color:#FFF\"><\/span><img loading=\"lazy\" decoding=\"async\" width=\"1024\" height=\"387\" src=\"https:\/\/www.oldwestburygardens.org\/wp-content\/uploads\/2025\/06\/R.Derzy_OWG_07-11-22-1024x855-rev.jpg\" class=\"wp-block-cover__image-background wp-post-image\" alt=\"\" data-object-fit=\"cover\" data-object-position=\"50% 50%\" style=\"object-position:50% 50%;\" srcset=\"https:\/\/www.oldwestburygardens.org\/wp-content\/uploads\/2025\/06\/R.Derzy_OWG_07-11-22-1024x855-rev.jpg 1024w, https:\/\/www.oldwestburygardens.org\/wp-content\/uploads\/2025\/06\/R.Derzy_OWG_07-11-22-1024x855-rev-300x113.jpg 300w, https:\/\/www.oldwestburygardens.org\/wp-content\/uploads\/2025\/06\/R.Derzy_OWG_07-11-22-1024x855-rev-768x290.jpg 768w, https:\/\/www.oldwestburygardens.org\/wp-content\/uploads\/2025\/06\/R.Derzy_OWG_07-11-22-1024x855-rev-18x7.jpg 18w\" sizes=\"auto, (max-width: 1024px) 100vw, 1024px\" \/><div class=\"wp-block-cover__inner-container is-layout-flow wp-block-cover-is-layout-flow\">\n<div class=\"wp-block-group is-layout-flow wp-block-group-is-layout-flow\" style=\"padding-top:20px;padding-right:20px;padding-bottom:20px;padding-left:20px\"><h1 class=\"has-text-align-center wp-block-post-title has-text-color has-garden-brown-color\">M\u00fasica para una tarde de domingo<\/h1><\/div>\n<\/div><\/div>\n\n\n    <\/div>\n\n\n            <nav class=\"owg-page-header-inner__breadcrumbs\" aria-label=\"Migaja de pan\">\n            <a href=\"https:\/\/www.oldwestburygardens.org\/es\/\">Hogar<\/a>\n\n             | <span>M\u00fasica para una tarde de domingo<\/span>        <\/nav>\n    \n<\/section>\n\n\n<div class=\"wp-block-group has-global-padding is-layout-constrained wp-block-group-is-layout-constrained\">\n<p class=\"has-text-align-center\" id=\"yui_3_17_2_1_1750092713085_737\">Nos complace anunciar la temporada 2025 de la serie de conciertos M\u00fasica para una tarde de domingo, con el violonchelista artista en residencia <strong>Suzanne Mueller<\/strong> en concierto con un elenco de int\u00e9rpretes que abarcan estilos cl\u00e1sicos, jazz y folk.<\/p>\n\n\n\n<p class=\"has-text-align-center\"><strong>TODOS LOS CONCIERTOS SON:<\/strong><\/p>\n\n\n\n<p class=\"has-text-align-center\">El domingo a las 3:00 p. m. y se llevar\u00e1 a cabo en el c\u00e9sped de The Barn (traiga una silla de jard\u00edn o una manta), o dentro del Barn en caso de mal tiempo o calor extremo.<\/p>\n\n\n\n<p class=\"has-text-align-center\">Incluido con la entrada y no se requieren reservas.<\/p>\n\n\n\n<p class=\"has-text-align-center\">Dedicado a la memoria de la pianista, violonchelista, amazona e inspiraci\u00f3n. <strong>Eleanor Mueller<\/strong>.<\/p>\n\n\n\n<hr class=\"wp-block-separator has-alpha-channel-opacity\"\/>\n\n\n\n<figure class=\"wp-block-image aligncenter size-large is-resized\"><img loading=\"lazy\" decoding=\"async\" width=\"1024\" height=\"542\" src=\"https:\/\/www.oldwestburygardens.org\/wp-content\/uploads\/2025\/05\/Hungrytown-SEM28229-1024x542.jpg\" alt=\"\" class=\"wp-image-1675\" style=\"width:581px;height:auto\" srcset=\"https:\/\/www.oldwestburygardens.org\/wp-content\/uploads\/2025\/05\/Hungrytown-SEM28229-1024x542.jpg 1024w, https:\/\/www.oldwestburygardens.org\/wp-content\/uploads\/2025\/05\/Hungrytown-SEM28229-300x159.jpg 300w, https:\/\/www.oldwestburygardens.org\/wp-content\/uploads\/2025\/05\/Hungrytown-SEM28229-768x406.jpg 768w, https:\/\/www.oldwestburygardens.org\/wp-content\/uploads\/2025\/05\/Hungrytown-SEM28229-1536x813.jpg 1536w, https:\/\/www.oldwestburygardens.org\/wp-content\/uploads\/2025\/05\/Hungrytown-SEM28229-2048x1084.jpg 2048w, https:\/\/www.oldwestburygardens.org\/wp-content\/uploads\/2025\/05\/Hungrytown-SEM28229-18x10.jpg 18w\" sizes=\"auto, (max-width: 1024px) 100vw, 1024px\" \/><\/figure>\n\n\n\n<h3 class=\"wp-block-heading has-text-align-center\"><strong>Ciudad hambrienta<\/strong><\/h3>\n\n\n\n<h5 class=\"wp-block-heading has-text-align-center\">6 de julio, 15:00 \u2013 16:00 horas<\/h5>\n\n\n\n<p class=\"has-text-align-center\">Un favorito de los Jardines, el d\u00fao folk formado por marido y mujer <strong>Ciudad hambrienta<\/strong> \u2013 Rebecca Hall y Ken Anderson, acompa\u00f1ados por la violonchelista Suzanne Mueller \u2013 Abre la serie con un programa de su m\u00fasica original que combina influencias tradicionales y modernas.&nbsp;<\/p>\n\n\n\n<hr class=\"wp-block-separator has-alpha-channel-opacity\"\/>\n\n\n\n<figure class=\"wp-block-image aligncenter size-full is-resized\"><img loading=\"lazy\" decoding=\"async\" width=\"900\" height=\"801\" src=\"https:\/\/www.oldwestburygardens.org\/wp-content\/uploads\/2025\/06\/CRISL_01-23-Jericho_Sq2.jpg\" alt=\"Cross Island musicians with Suzanne Mueller\" class=\"wp-image-6735\" style=\"width:588px;height:auto\" srcset=\"https:\/\/www.oldwestburygardens.org\/wp-content\/uploads\/2025\/06\/CRISL_01-23-Jericho_Sq2.jpg 900w, https:\/\/www.oldwestburygardens.org\/wp-content\/uploads\/2025\/06\/CRISL_01-23-Jericho_Sq2-300x267.jpg 300w, https:\/\/www.oldwestburygardens.org\/wp-content\/uploads\/2025\/06\/CRISL_01-23-Jericho_Sq2-768x684.jpg 768w, https:\/\/www.oldwestburygardens.org\/wp-content\/uploads\/2025\/06\/CRISL_01-23-Jericho_Sq2-13x12.jpg 13w\" sizes=\"auto, (max-width: 900px) 100vw, 900px\" \/><\/figure>\n\n\n\n<h3 class=\"wp-block-heading has-text-align-center\"><strong>ISLA CRUZADA<\/strong><\/h3>\n\n\n\n<h5 class=\"wp-block-heading has-text-align-center\">13 de julio, 15:00 \u2013 16:00 horas<\/h5>\n\n\n\n<p class=\"has-text-align-center\">El segundo concierto da la bienvenida nuevamente&nbsp;<strong>ISLA CRUZADA<\/strong>\u2014El clarinetista Joseph Rutkowski, la violonchelista Suzanne Mueller y la pianista Elinor Abrams Zayas en un conjunto de d\u00faos y tr\u00edos que abarcan siglos y estilos, combinando a la perfecci\u00f3n temas favoritos y descubrimientos intrigantes.<\/p>\n\n\n\n<hr class=\"wp-block-separator has-alpha-channel-opacity\"\/>\n\n\n\n<figure class=\"wp-block-image aligncenter size-large is-resized\"><img loading=\"lazy\" decoding=\"async\" width=\"1024\" height=\"324\" src=\"https:\/\/www.oldwestburygardens.org\/wp-content\/uploads\/2025\/05\/McCarron_Bros_EH-1024x324.jpg\" alt=\"\" class=\"wp-image-6523\" style=\"width:761px;height:auto\" srcset=\"https:\/\/www.oldwestburygardens.org\/wp-content\/uploads\/2025\/05\/McCarron_Bros_EH-1024x324.jpg 1024w, https:\/\/www.oldwestburygardens.org\/wp-content\/uploads\/2025\/05\/McCarron_Bros_EH-300x95.jpg 300w, https:\/\/www.oldwestburygardens.org\/wp-content\/uploads\/2025\/05\/McCarron_Bros_EH-768x243.jpg 768w, https:\/\/www.oldwestburygardens.org\/wp-content\/uploads\/2025\/05\/McCarron_Bros_EH-1536x486.jpg 1536w, https:\/\/www.oldwestburygardens.org\/wp-content\/uploads\/2025\/05\/McCarron_Bros_EH-2048x648.jpg 2048w, https:\/\/www.oldwestburygardens.org\/wp-content\/uploads\/2025\/05\/McCarron_Bros_EH-18x6.jpg 18w\" sizes=\"auto, (max-width: 1024px) 100vw, 1024px\" \/><\/figure>\n\n\n\n<h3 class=\"wp-block-heading has-text-align-center\"><strong>Los hermanos McCarron (y su hermana)<\/strong><\/h3>\n\n\n\n<h5 class=\"wp-block-heading has-text-align-center\">20 de julio, 15:00 \u2013 16:00 horas<\/h5>\n\n\n\n<p class=\"has-text-align-center\">En otra tradici\u00f3n de los Jardines,&nbsp;<strong>Los hermanos McCarron<\/strong>&nbsp;El cuarteto de jazz, compuesto por el saxofonista Paul Carlon, el guitarrista Mark McCarron, el bajista Trifon Dimitrov y el baterista Eric Halvorson, regresa para interpretar sus melod\u00edas originales y arreglos \u00fanicos en una mezcla atmosf\u00e9rica de diversos idiomas, estilos y g\u00e9neros junto con la violonchelista honoraria de McCarron Sis, Suzanne Mueller, quien aparece en su \u00e1lbum de 2023,&nbsp;<em>Antes de todo esto.<\/em><\/p>\n\n\n\n<hr class=\"wp-block-separator has-alpha-channel-opacity\"\/>\n\n\n\n<figure class=\"wp-block-image aligncenter size-large is-resized\"><img loading=\"lazy\" decoding=\"async\" width=\"1024\" height=\"827\" src=\"https:\/\/www.oldwestburygardens.org\/wp-content\/uploads\/2025\/06\/cambiata-cello-duo-rev-1024x827.jpg\" alt=\"\" class=\"wp-image-6785\" style=\"width:574px;height:auto\" srcset=\"https:\/\/www.oldwestburygardens.org\/wp-content\/uploads\/2025\/06\/cambiata-cello-duo-rev-1024x827.jpg 1024w, https:\/\/www.oldwestburygardens.org\/wp-content\/uploads\/2025\/06\/cambiata-cello-duo-rev-300x242.jpg 300w, https:\/\/www.oldwestburygardens.org\/wp-content\/uploads\/2025\/06\/cambiata-cello-duo-rev-768x620.jpg 768w, https:\/\/www.oldwestburygardens.org\/wp-content\/uploads\/2025\/06\/cambiata-cello-duo-rev-1536x1240.jpg 1536w, https:\/\/www.oldwestburygardens.org\/wp-content\/uploads\/2025\/06\/cambiata-cello-duo-rev-15x12.jpg 15w, https:\/\/www.oldwestburygardens.org\/wp-content\/uploads\/2025\/06\/cambiata-cello-duo-rev.jpg 1667w\" sizes=\"auto, (max-width: 1024px) 100vw, 1024px\" \/><\/figure>\n\n\n\n<h3 class=\"wp-block-heading has-text-align-center\"><strong>D\u00fao para violonchelo Cambiata<\/strong><\/h3>\n\n\n\n<h5 class=\"wp-block-heading has-text-align-center\">27 de julio, 15:00 \u2013 16:00 horas<\/h5>\n\n\n\n<p class=\"has-text-align-center\"><strong>D\u00fao para violonchelo Cambiata<\/strong>\u2014Suzanne Mueller y Paul Lawrence Finkelstein\u2014cierra la serie con un programa que abarca siglos y estilos.<\/p>\n\n\n\n<div style=\"height:15px\" aria-hidden=\"true\" class=\"wp-block-spacer\"><\/div>\n\n\n\n<div class=\"wp-block-buttons is-content-justification-center is-layout-flex wp-container-core-buttons-is-layout-1 wp-block-buttons-is-layout-flex\">\n<div class=\"wp-block-button is-style-btn-owg-primary is-style-btn-owg-primary--1\"><a class=\"wp-block-button__link has-text-align-center wp-element-button\" href=\"https:\/\/www.oldwestburygardens.org\/es\/plan-your-visit\/tickets\/\">entradas de admisi\u00f3n general<\/a><\/div>\n<\/div>\n\n\n\n<hr class=\"wp-block-separator has-alpha-channel-opacity\"\/>\n\n\n\n<figure class=\"wp-block-image size-large\"><img loading=\"lazy\" decoding=\"async\" width=\"1024\" height=\"855\" src=\"https:\/\/www.oldwestburygardens.org\/wp-content\/uploads\/2025\/06\/R.Derzy_OWG_07-11-22-1024x855.jpg\" alt=\"\" class=\"wp-image-6737\" srcset=\"https:\/\/www.oldwestburygardens.org\/wp-content\/uploads\/2025\/06\/R.Derzy_OWG_07-11-22-1024x855.jpg 1024w, https:\/\/www.oldwestburygardens.org\/wp-content\/uploads\/2025\/06\/R.Derzy_OWG_07-11-22-300x250.jpg 300w, https:\/\/www.oldwestburygardens.org\/wp-content\/uploads\/2025\/06\/R.Derzy_OWG_07-11-22-768x641.jpg 768w, https:\/\/www.oldwestburygardens.org\/wp-content\/uploads\/2025\/06\/R.Derzy_OWG_07-11-22-1536x1282.jpg 1536w, https:\/\/www.oldwestburygardens.org\/wp-content\/uploads\/2025\/06\/R.Derzy_OWG_07-11-22-2048x1710.jpg 2048w, https:\/\/www.oldwestburygardens.org\/wp-content\/uploads\/2025\/06\/R.Derzy_OWG_07-11-22-14x12.jpg 14w\" sizes=\"auto, (max-width: 1024px) 100vw, 1024px\" \/><\/figure>\n<\/div>","protected":false},"excerpt":{"rendered":"<p>Nos complace anunciar la temporada 2025 de la serie de conciertos M\u00fasica para una tarde de domingo, con la violonchelista residente Suzanne Mueller en concierto con un elenco de artistas que abarca [\u2026]<\/p>","protected":false},"author":5,"featured_media":6787,"parent":0,"menu_order":0,"comment_status":"closed","ping_status":"closed","template":"","meta":{"_acf_changed":false,"_tec_requires_first_save":true,"_EventAllDay":false,"_EventTimezone":"","_EventStartDate":"","_EventEndDate":"","_EventStartDateUTC":"","_EventEndDateUTC":"","_EventShowMap":false,"_EventShowMapLink":false,"_EventURL":"","_EventCost":"","_EventCostDescription":"","_EventCurrencySymbol":"","_EventCurrencyCode":"","_EventCurrencyPosition":"","_EventDateTimeSeparator":"","_EventTimeRangeSeparator":"","_EventOrganizerID":[],"_EventVenueID":[],"_OrganizerEmail":"","_OrganizerPhone":"","_OrganizerWebsite":"","_VenueAddress":"","_VenueCity":"","_VenueCountry":"","_VenueProvince":"","_VenueState":"","_VenueZip":"","_VenuePhone":"","_VenueURL":"","_VenueStateProvince":"","_VenueLat":"","_VenueLng":"","_VenueShowMap":false,"_VenueShowMapLink":false,"_tribe_blocks_recurrence_rules":"","_tribe_blocks_recurrence_description":"","_tribe_blocks_recurrence_exclusions":"","footnotes":""},"class_list":["post-6733","page","type-page","status-publish","has-post-thumbnail","hentry"],"acf":[],"yoast_head":"<!-- This site is optimized with the Yoast SEO plugin v26.2 - https:\/\/yoast.com\/wordpress\/plugins\/seo\/ -->\n<title>Music for a Sunday Afternoon | Old Westbury Gardens<\/title>\n<meta name=\"robots\" content=\"index, follow, max-snippet:-1, max-image-preview:large, max-video-preview:-1\" \/>\n<link rel=\"canonical\" href=\"https:\/\/www.oldwestburygardens.org\/es\/music-for-a-sunday-afternoon\/\" \/>\n<meta property=\"og:locale\" content=\"es_ES\" \/>\n<meta property=\"og:type\" content=\"article\" \/>\n<meta property=\"og:title\" content=\"Music for a Sunday Afternoon | Old Westbury Gardens\" \/>\n<meta property=\"og:description\" content=\"We are pleased to announce the 2025 season of the Music for a Sunday Afternoon concert series, with Artist-in-Residence cellist Suzanne Mueller in concert with a roster of performers spanning [&hellip;]\" \/>\n<meta property=\"og:url\" content=\"https:\/\/www.oldwestburygardens.org\/es\/music-for-a-sunday-afternoon\/\" \/>\n<meta property=\"og:site_name\" content=\"Old Westbury Gardens\" \/>\n<meta property=\"article:modified_time\" content=\"2025-06-18T18:33:56+00:00\" \/>\n<meta property=\"og:image\" content=\"https:\/\/www.oldwestburygardens.org\/wp-content\/uploads\/2025\/06\/R.Derzy_OWG_07-11-22-1024x855-rev.jpg\" \/>\n\t<meta property=\"og:image:width\" content=\"1024\" \/>\n\t<meta property=\"og:image:height\" content=\"387\" \/>\n\t<meta property=\"og:image:type\" content=\"image\/jpeg\" \/>\n<meta name=\"twitter:card\" content=\"summary_large_image\" \/>\n<meta name=\"twitter:label1\" content=\"Est. reading time\" \/>\n\t<meta name=\"twitter:data1\" content=\"3 minutos\" \/>\n<script type=\"application\/ld+json\" class=\"yoast-schema-graph\">{\"@context\":\"https:\/\/schema.org\",\"@graph\":[{\"@type\":\"WebPage\",\"@id\":\"https:\/\/www.oldwestburygardens.org\/music-for-a-sunday-afternoon\/\",\"url\":\"https:\/\/www.oldwestburygardens.org\/music-for-a-sunday-afternoon\/\",\"name\":\"Music for a Sunday Afternoon | Old Westbury Gardens\",\"isPartOf\":{\"@id\":\"https:\/\/www.oldwestburygardens.org\/ko\/#website\"},\"primaryImageOfPage\":{\"@id\":\"https:\/\/www.oldwestburygardens.org\/music-for-a-sunday-afternoon\/#primaryimage\"},\"image\":{\"@id\":\"https:\/\/www.oldwestburygardens.org\/music-for-a-sunday-afternoon\/#primaryimage\"},\"thumbnailUrl\":\"https:\/\/www.oldwestburygardens.org\/wp-content\/uploads\/2025\/06\/R.Derzy_OWG_07-11-22-1024x855-rev.jpg\",\"datePublished\":\"2025-06-18T17:43:55+00:00\",\"dateModified\":\"2025-06-18T18:33:56+00:00\",\"breadcrumb\":{\"@id\":\"https:\/\/www.oldwestburygardens.org\/music-for-a-sunday-afternoon\/#breadcrumb\"},\"inLanguage\":\"es\",\"potentialAction\":[{\"@type\":\"ReadAction\",\"target\":[\"https:\/\/www.oldwestburygardens.org\/music-for-a-sunday-afternoon\/\"]}]},{\"@type\":\"ImageObject\",\"inLanguage\":\"es\",\"@id\":\"https:\/\/www.oldwestburygardens.org\/music-for-a-sunday-afternoon\/#primaryimage\",\"url\":\"https:\/\/www.oldwestburygardens.org\/wp-content\/uploads\/2025\/06\/R.Derzy_OWG_07-11-22-1024x855-rev.jpg\",\"contentUrl\":\"https:\/\/www.oldwestburygardens.org\/wp-content\/uploads\/2025\/06\/R.Derzy_OWG_07-11-22-1024x855-rev.jpg\",\"width\":1024,\"height\":387},{\"@type\":\"BreadcrumbList\",\"@id\":\"https:\/\/www.oldwestburygardens.org\/music-for-a-sunday-afternoon\/#breadcrumb\",\"itemListElement\":[{\"@type\":\"ListItem\",\"position\":1,\"name\":\"Home\",\"item\":\"https:\/\/www.oldwestburygardens.org\/\"},{\"@type\":\"ListItem\",\"position\":2,\"name\":\"Music for a Sunday Afternoon\"}]},{\"@type\":\"WebSite\",\"@id\":\"https:\/\/www.oldwestburygardens.org\/ko\/#website\",\"url\":\"https:\/\/www.oldwestburygardens.org\/ko\/\",\"name\":\"Old Westbury Gardens\",\"description\":\"\",\"publisher\":{\"@id\":\"https:\/\/www.oldwestburygardens.org\/ko\/#organization\"},\"potentialAction\":[{\"@type\":\"SearchAction\",\"target\":{\"@type\":\"EntryPoint\",\"urlTemplate\":\"https:\/\/www.oldwestburygardens.org\/ko\/?s={search_term_string}\"},\"query-input\":{\"@type\":\"PropertyValueSpecification\",\"valueRequired\":true,\"valueName\":\"search_term_string\"}}],\"inLanguage\":\"es\"},{\"@type\":\"Organization\",\"@id\":\"https:\/\/www.oldwestburygardens.org\/ko\/#organization\",\"name\":\"Old Westbury Gardens\",\"url\":\"https:\/\/www.oldwestburygardens.org\/ko\/\",\"logo\":{\"@type\":\"ImageObject\",\"inLanguage\":\"es\",\"@id\":\"https:\/\/www.oldwestburygardens.org\/ko\/#\/schema\/logo\/image\/\",\"url\":\"https:\/\/www.oldwestburygardens.org\/wp-content\/uploads\/2025\/03\/OWGlogoforsite.png\",\"contentUrl\":\"https:\/\/www.oldwestburygardens.org\/wp-content\/uploads\/2025\/03\/OWGlogoforsite.png\",\"width\":750,\"height\":173,\"caption\":\"Old Westbury Gardens\"},\"image\":{\"@id\":\"https:\/\/www.oldwestburygardens.org\/ko\/#\/schema\/logo\/image\/\"}}]}<\/script>\n<!-- \/ Yoast SEO plugin. -->","yoast_head_json":{"title":"Music for a Sunday Afternoon | Old Westbury Gardens","robots":{"index":"index","follow":"follow","max-snippet":"max-snippet:-1","max-image-preview":"max-image-preview:large","max-video-preview":"max-video-preview:-1"},"canonical":"https:\/\/www.oldwestburygardens.org\/es\/music-for-a-sunday-afternoon\/","og_locale":"es_ES","og_type":"article","og_title":"Music for a Sunday Afternoon | Old Westbury Gardens","og_description":"We are pleased to announce the 2025 season of the Music for a Sunday Afternoon concert series, with Artist-in-Residence cellist Suzanne Mueller in concert with a roster of performers spanning [&hellip;]","og_url":"https:\/\/www.oldwestburygardens.org\/es\/music-for-a-sunday-afternoon\/","og_site_name":"Old Westbury Gardens","article_modified_time":"2025-06-18T18:33:56+00:00","og_image":[{"width":1024,"height":387,"url":"https:\/\/www.oldwestburygardens.org\/wp-content\/uploads\/2025\/06\/R.Derzy_OWG_07-11-22-1024x855-rev.jpg","type":"image\/jpeg"}],"twitter_card":"summary_large_image","twitter_misc":{"Est. reading time":"3 minutos"},"schema":{"@context":"https:\/\/schema.org","@graph":[{"@type":"WebPage","@id":"https:\/\/www.oldwestburygardens.org\/music-for-a-sunday-afternoon\/","url":"https:\/\/www.oldwestburygardens.org\/music-for-a-sunday-afternoon\/","name":"Music for a Sunday Afternoon | Old Westbury Gardens","isPartOf":{"@id":"https:\/\/www.oldwestburygardens.org\/ko\/#website"},"primaryImageOfPage":{"@id":"https:\/\/www.oldwestburygardens.org\/music-for-a-sunday-afternoon\/#primaryimage"},"image":{"@id":"https:\/\/www.oldwestburygardens.org\/music-for-a-sunday-afternoon\/#primaryimage"},"thumbnailUrl":"https:\/\/www.oldwestburygardens.org\/wp-content\/uploads\/2025\/06\/R.Derzy_OWG_07-11-22-1024x855-rev.jpg","datePublished":"2025-06-18T17:43:55+00:00","dateModified":"2025-06-18T18:33:56+00:00","breadcrumb":{"@id":"https:\/\/www.oldwestburygardens.org\/music-for-a-sunday-afternoon\/#breadcrumb"},"inLanguage":"es","potentialAction":[{"@type":"ReadAction","target":["https:\/\/www.oldwestburygardens.org\/music-for-a-sunday-afternoon\/"]}]},{"@type":"ImageObject","inLanguage":"es","@id":"https:\/\/www.oldwestburygardens.org\/music-for-a-sunday-afternoon\/#primaryimage","url":"https:\/\/www.oldwestburygardens.org\/wp-content\/uploads\/2025\/06\/R.Derzy_OWG_07-11-22-1024x855-rev.jpg","contentUrl":"https:\/\/www.oldwestburygardens.org\/wp-content\/uploads\/2025\/06\/R.Derzy_OWG_07-11-22-1024x855-rev.jpg","width":1024,"height":387},{"@type":"BreadcrumbList","@id":"https:\/\/www.oldwestburygardens.org\/music-for-a-sunday-afternoon\/#breadcrumb","itemListElement":[{"@type":"ListItem","position":1,"name":"Home","item":"https:\/\/www.oldwestburygardens.org\/"},{"@type":"ListItem","position":2,"name":"Music for a Sunday Afternoon"}]},{"@type":"WebSite","@id":"https:\/\/www.oldwestburygardens.org\/ko\/#website","url":"https:\/\/www.oldwestburygardens.org\/ko\/","name":"Jardines del viejo Westbury","description":"","publisher":{"@id":"https:\/\/www.oldwestburygardens.org\/ko\/#organization"},"potentialAction":[{"@type":"SearchAction","target":{"@type":"EntryPoint","urlTemplate":"https:\/\/www.oldwestburygardens.org\/ko\/?s={search_term_string}"},"query-input":{"@type":"PropertyValueSpecification","valueRequired":true,"valueName":"search_term_string"}}],"inLanguage":"es"},{"@type":"Organization","@id":"https:\/\/www.oldwestburygardens.org\/ko\/#organization","name":"Jardines del viejo Westbury","url":"https:\/\/www.oldwestburygardens.org\/ko\/","logo":{"@type":"ImageObject","inLanguage":"es","@id":"https:\/\/www.oldwestburygardens.org\/ko\/#\/schema\/logo\/image\/","url":"https:\/\/www.oldwestburygardens.org\/wp-content\/uploads\/2025\/03\/OWGlogoforsite.png","contentUrl":"https:\/\/www.oldwestburygardens.org\/wp-content\/uploads\/2025\/03\/OWGlogoforsite.png","width":750,"height":173,"caption":"Old Westbury Gardens"},"image":{"@id":"https:\/\/www.oldwestburygardens.org\/ko\/#\/schema\/logo\/image\/"}}]}},"_links":{"self":[{"href":"https:\/\/www.oldwestburygardens.org\/es\/wp-json\/wp\/v2\/pages\/6733","targetHints":{"allow":["GET"]}}],"collection":[{"href":"https:\/\/www.oldwestburygardens.org\/es\/wp-json\/wp\/v2\/pages"}],"about":[{"href":"https:\/\/www.oldwestburygardens.org\/es\/wp-json\/wp\/v2\/types\/page"}],"author":[{"embeddable":true,"href":"https:\/\/www.oldwestburygardens.org\/es\/wp-json\/wp\/v2\/users\/5"}],"replies":[{"embeddable":true,"href":"https:\/\/www.oldwestburygardens.org\/es\/wp-json\/wp\/v2\/comments?post=6733"}],"version-history":[{"count":9,"href":"https:\/\/www.oldwestburygardens.org\/es\/wp-json\/wp\/v2\/pages\/6733\/revisions"}],"predecessor-version":[{"id":6794,"href":"https:\/\/www.oldwestburygardens.org\/es\/wp-json\/wp\/v2\/pages\/6733\/revisions\/6794"}],"wp:featuredmedia":[{"embeddable":true,"href":"https:\/\/www.oldwestburygardens.org\/es\/wp-json\/wp\/v2\/media\/6787"}],"wp:attachment":[{"href":"https:\/\/www.oldwestburygardens.org\/es\/wp-json\/wp\/v2\/media?parent=6733"}],"curies":[{"name":"wp","href":"https:\/\/api.w.org\/{rel}","templated":true}]}}