{"id":6910,"date":"2025-06-27T13:11:40","date_gmt":"2025-06-27T17:11:40","guid":{"rendered":"https:\/\/www.oldwestburygardens.org\/?page_id=6910"},"modified":"2025-06-27T13:11:41","modified_gmt":"2025-06-27T17:11:41","slug":"transcribing-the-george-a-crawley-letters","status":"publish","type":"page","link":"https:\/\/www.oldwestburygardens.org\/es\/transcribing-the-george-a-crawley-letters\/","title":{"rendered":"Transcripci\u00f3n de las cartas de George A. Crawley"},"content":{"rendered":"<div class=\"wp-block-group alignfull has-global-padding is-layout-constrained wp-block-group-is-layout-constrained\"><h1 class=\"wp-block-post-title\">Transcripci\u00f3n de las cartas de George A. Crawley<\/h1>\n\n\n<p><strong>por Emily Werner, curadora<\/strong><\/p>\n\n\n\n<blockquote class=\"wp-block-quote is-layout-flow wp-block-quote-is-layout-flow\">\n<p><em>\u201cMe mantengo despierto pensando en todo esto por las noches, esperando que sea todo un \u00e9xito\u2026 Habr\u00e9 invertido mucho esfuerzo en ello y, de alguna manera, las cosas suelen salir bien en este mundo si uno se esfuerza sin l\u00edmites\u201d. <\/em>\u2013 George Crawley a Jay Phipps, 6\/1\/1905<\/p>\n<\/blockquote>\n\n\n\n<p>Escritas con una escritura din\u00e1mica, con puntuaci\u00f3n, ortograf\u00eda y abreviaturas variables, las cartas pueden resultar dif\u00edciles de entender en ocasiones. El Departamento de Preservaci\u00f3n ha trabajado arduamente para organizar la colecci\u00f3n y transcribir las cartas para que sean m\u00e1s accesibles al personal y a los investigadores. He estudiado las cartas y me he convertido en un experto en la lectura de la caligraf\u00eda de Crawley. Crawley utilizaba ocasionalmente la escritura cruzada, en la que escrib\u00eda l\u00edneas de texto primero horizontalmente y luego verticalmente en la misma hoja de papel para ahorrar en gastos de env\u00edo y papel.<\/p>\n\n\n\n<p><br>Los Archivos de Old Westbury Gardens contienen una colecci\u00f3n de cartas escritas por el dise\u00f1ador ingl\u00e9s George A. Crawley a John S. \u201cJay\u201d Phipps durante la construcci\u00f3n de Westbury House y la finca circundante. Estas cartas, que datan de 1904 a principios de la d\u00e9cada de 1920, nos brindan una valiosa perspectiva de la mente creativa que dio vida a nuestra querida casa y jardines.<\/p>\n\n\n\n<figure class=\"wp-block-image aligncenter size-large is-resized\"><img loading=\"lazy\" decoding=\"async\" width=\"1024\" height=\"855\" src=\"https:\/\/www.oldwestburygardens.org\/wp-content\/uploads\/2025\/06\/Crawley-letters_Mar19_1907_crosswriting-1024x855.jpg\" alt=\"\" class=\"wp-image-6912\" style=\"width:688px;height:auto\" srcset=\"https:\/\/www.oldwestburygardens.org\/wp-content\/uploads\/2025\/06\/Crawley-letters_Mar19_1907_crosswriting-1024x855.jpg 1024w, https:\/\/www.oldwestburygardens.org\/wp-content\/uploads\/2025\/06\/Crawley-letters_Mar19_1907_crosswriting-300x251.jpg 300w, https:\/\/www.oldwestburygardens.org\/wp-content\/uploads\/2025\/06\/Crawley-letters_Mar19_1907_crosswriting-768x642.jpg 768w, https:\/\/www.oldwestburygardens.org\/wp-content\/uploads\/2025\/06\/Crawley-letters_Mar19_1907_crosswriting-1536x1283.jpg 1536w, https:\/\/www.oldwestburygardens.org\/wp-content\/uploads\/2025\/06\/Crawley-letters_Mar19_1907_crosswriting-2048x1711.jpg 2048w, https:\/\/www.oldwestburygardens.org\/wp-content\/uploads\/2025\/06\/Crawley-letters_Mar19_1907_crosswriting-14x12.jpg 14w\" sizes=\"auto, (max-width: 1024px) 100vw, 1024px\" \/><figcaption class=\"wp-element-caption\"><strong>\u00a1Letras cruzadas como esta eran particularmente dif\u00edciles de descifrar! (19\/3\/1907)<\/strong><\/figcaption><\/figure>\n\n\n\n<p>Como Crawley y Jay rara vez estaban en el mismo lugar, o incluso en el mismo pa\u00eds, mientras discut\u00edan los planes para la casa, sus cartas cubren todo, desde la ubicaci\u00f3n de las tuber\u00edas de drenaje y los interruptores de luz hasta los dise\u00f1os de las repisas de la chimenea y la ubicaci\u00f3n de los \u00e1rboles en el paisaje.<\/p>\n\n\n\n<p><br>Crawley manten\u00eda a Jay al tanto del proyecto con regularidad. Coordinaba contratos y negociaba pagos con diversos artistas, artesanos, comerciantes de arte, paisajistas y otros trabajadores. Exig\u00eda a todos sus alt\u00edsimos est\u00e1ndares y se negaba a comprometer la calidad, pidiendo a menudo que se repitiera el trabajo si no le hab\u00eda gustado la primera vez. En una carta de 1906 a Jay, escribi\u00f3: \u00abLas obras en Westbury avanzan satisfactoriamente y espero que usted y su esposa est\u00e9n satisfechos con el resultado. Creo que cada habitaci\u00f3n tendr\u00e1 un inter\u00e9s particular y demostrar\u00e1 cuidado y dedicaci\u00f3n. Soy muy exigente y, hasta cierto punto, exigente...\u00bb.<\/p>\n\n\n\n<p>Algunas cartas incluso contienen bocetos r\u00e1pidos de elementos de dise\u00f1o, como \u00e9sta que muestra su visi\u00f3n del paisaje en 1906. \u00a1Es divertido comparar los bocetos con sus planes formales e incluso con los resultados finales!<\/p>\n\n\n\n<figure class=\"wp-block-image aligncenter size-full is-resized\"><img loading=\"lazy\" decoding=\"async\" width=\"959\" height=\"850\" src=\"https:\/\/www.oldwestburygardens.org\/wp-content\/uploads\/2025\/06\/Crawley-letters_Nov-14_1906_detail.jpg\" alt=\"\" class=\"wp-image-6914\" style=\"width:618px;height:auto\" srcset=\"https:\/\/www.oldwestburygardens.org\/wp-content\/uploads\/2025\/06\/Crawley-letters_Nov-14_1906_detail.jpg 959w, https:\/\/www.oldwestburygardens.org\/wp-content\/uploads\/2025\/06\/Crawley-letters_Nov-14_1906_detail-300x266.jpg 300w, https:\/\/www.oldwestburygardens.org\/wp-content\/uploads\/2025\/06\/Crawley-letters_Nov-14_1906_detail-768x681.jpg 768w, https:\/\/www.oldwestburygardens.org\/wp-content\/uploads\/2025\/06\/Crawley-letters_Nov-14_1906_detail-14x12.jpg 14w\" sizes=\"auto, (max-width: 959px) 100vw, 959px\" \/><figcaption class=\"wp-element-caption\"><strong>Boceto del dise\u00f1o paisaj\u00edstico de Crawley que muestra las ubicaciones propuestas para abetos, robles y arces. (14\/11\/1906)<\/strong><\/figcaption><\/figure>\n\n\n\n<p>Nuestra archivista, Vanessa, est\u00e1 trabajando en el escaneo de las cartas y su incorporaci\u00f3n a nuestra base de datos interna para contribuir a las labores de preservaci\u00f3n. Esta colecci\u00f3n sigue siendo una fuente constante de informaci\u00f3n a medida que seguimos aprendiendo m\u00e1s sobre el proceso de Crawley y la construcci\u00f3n de Westbury House.<\/p>\n\n\n\n<figure class=\"wp-block-image aligncenter size-large is-resized\"><img loading=\"lazy\" decoding=\"async\" width=\"1024\" height=\"402\" src=\"https:\/\/www.oldwestburygardens.org\/wp-content\/uploads\/2025\/06\/Crawley-letters_Aug20_1910_signature-1024x402.jpg\" alt=\"\" class=\"wp-image-6915\" style=\"width:632px;height:auto\" srcset=\"https:\/\/www.oldwestburygardens.org\/wp-content\/uploads\/2025\/06\/Crawley-letters_Aug20_1910_signature-1024x402.jpg 1024w, https:\/\/www.oldwestburygardens.org\/wp-content\/uploads\/2025\/06\/Crawley-letters_Aug20_1910_signature-300x118.jpg 300w, https:\/\/www.oldwestburygardens.org\/wp-content\/uploads\/2025\/06\/Crawley-letters_Aug20_1910_signature-768x301.jpg 768w, https:\/\/www.oldwestburygardens.org\/wp-content\/uploads\/2025\/06\/Crawley-letters_Aug20_1910_signature-1536x603.jpg 1536w, https:\/\/www.oldwestburygardens.org\/wp-content\/uploads\/2025\/06\/Crawley-letters_Aug20_1910_signature-18x7.jpg 18w, https:\/\/www.oldwestburygardens.org\/wp-content\/uploads\/2025\/06\/Crawley-letters_Aug20_1910_signature.jpg 1840w\" sizes=\"auto, (max-width: 1024px) 100vw, 1024px\" \/><figcaption class=\"wp-element-caption\"><strong>\u201cQuedo muy sinceramente suyo, George A. Crawley\u201d George Crawley a Jay Phipps, 20\/8\/1910<\/strong><\/figcaption><\/figure>\n<\/div>\n\n\n\n<div class=\"wp-block-group has-global-padding is-layout-constrained wp-block-group-is-layout-constrained\"><\/div>","protected":false},"excerpt":{"rendered":"<p>by Emily Werner, Curator \u201cI keep awake thinking of it all at nights &amp; hopeing it will be quite successful\u2026I shall have put so much work into it &amp; somehow [&hellip;]<\/p>","protected":false},"author":5,"featured_media":0,"parent":0,"menu_order":0,"comment_status":"closed","ping_status":"closed","template":"","meta":{"_acf_changed":false,"_tec_requires_first_save":true,"_EventAllDay":false,"_EventTimezone":"","_EventStartDate":"","_EventEndDate":"","_EventStartDateUTC":"","_EventEndDateUTC":"","_EventShowMap":false,"_EventShowMapLink":false,"_EventURL":"","_EventCost":"","_EventCostDescription":"","_EventCurrencySymbol":"","_EventCurrencyCode":"","_EventCurrencyPosition":"","_EventDateTimeSeparator":"","_EventTimeRangeSeparator":"","_EventOrganizerID":[],"_EventVenueID":[],"_OrganizerEmail":"","_OrganizerPhone":"","_OrganizerWebsite":"","_VenueAddress":"","_VenueCity":"","_VenueCountry":"","_VenueProvince":"","_VenueState":"","_VenueZip":"","_VenuePhone":"","_VenueURL":"","_VenueStateProvince":"","_VenueLat":"","_VenueLng":"","_VenueShowMap":false,"_VenueShowMapLink":false,"_tribe_blocks_recurrence_rules":"","_tribe_blocks_recurrence_description":"","_tribe_blocks_recurrence_exclusions":"","footnotes":""},"class_list":["post-6910","page","type-page","status-publish","hentry"],"acf":[],"yoast_head":"<!-- This site is optimized with the Yoast SEO plugin v26.2 - https:\/\/yoast.com\/wordpress\/plugins\/seo\/ -->\n<title>Transcribing the George A. Crawley Letters | Old Westbury Gardens<\/title>\n<meta name=\"robots\" content=\"index, follow, max-snippet:-1, max-image-preview:large, max-video-preview:-1\" \/>\n<link rel=\"canonical\" href=\"https:\/\/www.oldwestburygardens.org\/es\/transcribing-the-george-a-crawley-letters\/\" \/>\n<meta property=\"og:locale\" content=\"es_ES\" \/>\n<meta property=\"og:type\" content=\"article\" \/>\n<meta property=\"og:title\" content=\"Transcribing the George A. Crawley Letters | Old Westbury Gardens\" \/>\n<meta property=\"og:description\" content=\"by Emily Werner, Curator \u201cI keep awake thinking of it all at nights &amp; hopeing it will be quite successful\u2026I shall have put so much work into it &amp; somehow [&hellip;]\" \/>\n<meta property=\"og:url\" content=\"https:\/\/www.oldwestburygardens.org\/es\/transcribing-the-george-a-crawley-letters\/\" \/>\n<meta property=\"og:site_name\" content=\"Old Westbury Gardens\" \/>\n<meta property=\"article:modified_time\" content=\"2025-06-27T17:11:41+00:00\" \/>\n<meta property=\"og:image\" content=\"https:\/\/www.oldwestburygardens.org\/wp-content\/uploads\/2025\/06\/Crawley-letters_Mar19_1907_crosswriting-1024x855.jpg\" \/>\n<meta name=\"twitter:card\" content=\"summary_large_image\" \/>\n<meta name=\"twitter:label1\" content=\"Est. reading time\" \/>\n\t<meta name=\"twitter:data1\" content=\"3 minutos\" \/>\n<script type=\"application\/ld+json\" class=\"yoast-schema-graph\">{\"@context\":\"https:\/\/schema.org\",\"@graph\":[{\"@type\":\"WebPage\",\"@id\":\"https:\/\/www.oldwestburygardens.org\/es\/transcribing-the-george-a-crawley-letters\/\",\"url\":\"https:\/\/www.oldwestburygardens.org\/es\/transcribing-the-george-a-crawley-letters\/\",\"name\":\"Transcribing the George A. Crawley Letters | Old Westbury Gardens\",\"isPartOf\":{\"@id\":\"https:\/\/www.oldwestburygardens.org\/ko\/#website\"},\"primaryImageOfPage\":{\"@id\":\"https:\/\/www.oldwestburygardens.org\/es\/transcribing-the-george-a-crawley-letters\/#primaryimage\"},\"image\":{\"@id\":\"https:\/\/www.oldwestburygardens.org\/es\/transcribing-the-george-a-crawley-letters\/#primaryimage\"},\"thumbnailUrl\":\"https:\/\/www.oldwestburygardens.org\/wp-content\/uploads\/2025\/06\/Crawley-letters_Mar19_1907_crosswriting-1024x855.jpg\",\"datePublished\":\"2025-06-27T17:11:40+00:00\",\"dateModified\":\"2025-06-27T17:11:41+00:00\",\"breadcrumb\":{\"@id\":\"https:\/\/www.oldwestburygardens.org\/es\/transcribing-the-george-a-crawley-letters\/#breadcrumb\"},\"inLanguage\":\"es\",\"potentialAction\":[{\"@type\":\"ReadAction\",\"target\":[\"https:\/\/www.oldwestburygardens.org\/es\/transcribing-the-george-a-crawley-letters\/\"]}]},{\"@type\":\"ImageObject\",\"inLanguage\":\"es\",\"@id\":\"https:\/\/www.oldwestburygardens.org\/es\/transcribing-the-george-a-crawley-letters\/#primaryimage\",\"url\":\"https:\/\/www.oldwestburygardens.org\/wp-content\/uploads\/2025\/06\/Crawley-letters_Mar19_1907_crosswriting-1024x855.jpg\",\"contentUrl\":\"https:\/\/www.oldwestburygardens.org\/wp-content\/uploads\/2025\/06\/Crawley-letters_Mar19_1907_crosswriting-1024x855.jpg\"},{\"@type\":\"BreadcrumbList\",\"@id\":\"https:\/\/www.oldwestburygardens.org\/es\/transcribing-the-george-a-crawley-letters\/#breadcrumb\",\"itemListElement\":[{\"@type\":\"ListItem\",\"position\":1,\"name\":\"Home\",\"item\":\"https:\/\/www.oldwestburygardens.org\/\"},{\"@type\":\"ListItem\",\"position\":2,\"name\":\"Transcribing the George A. Crawley Letters\"}]},{\"@type\":\"WebSite\",\"@id\":\"https:\/\/www.oldwestburygardens.org\/ko\/#website\",\"url\":\"https:\/\/www.oldwestburygardens.org\/ko\/\",\"name\":\"Old Westbury Gardens\",\"description\":\"\",\"publisher\":{\"@id\":\"https:\/\/www.oldwestburygardens.org\/ko\/#organization\"},\"potentialAction\":[{\"@type\":\"SearchAction\",\"target\":{\"@type\":\"EntryPoint\",\"urlTemplate\":\"https:\/\/www.oldwestburygardens.org\/ko\/?s={search_term_string}\"},\"query-input\":{\"@type\":\"PropertyValueSpecification\",\"valueRequired\":true,\"valueName\":\"search_term_string\"}}],\"inLanguage\":\"es\"},{\"@type\":\"Organization\",\"@id\":\"https:\/\/www.oldwestburygardens.org\/ko\/#organization\",\"name\":\"Old Westbury Gardens\",\"url\":\"https:\/\/www.oldwestburygardens.org\/ko\/\",\"logo\":{\"@type\":\"ImageObject\",\"inLanguage\":\"es\",\"@id\":\"https:\/\/www.oldwestburygardens.org\/ko\/#\/schema\/logo\/image\/\",\"url\":\"https:\/\/www.oldwestburygardens.org\/wp-content\/uploads\/2025\/03\/OWGlogoforsite.png\",\"contentUrl\":\"https:\/\/www.oldwestburygardens.org\/wp-content\/uploads\/2025\/03\/OWGlogoforsite.png\",\"width\":750,\"height\":173,\"caption\":\"Old Westbury Gardens\"},\"image\":{\"@id\":\"https:\/\/www.oldwestburygardens.org\/ko\/#\/schema\/logo\/image\/\"}}]}<\/script>\n<!-- \/ Yoast SEO plugin. -->","yoast_head_json":{"title":"Transcribing the George A. Crawley Letters | Old Westbury Gardens","robots":{"index":"index","follow":"follow","max-snippet":"max-snippet:-1","max-image-preview":"max-image-preview:large","max-video-preview":"max-video-preview:-1"},"canonical":"https:\/\/www.oldwestburygardens.org\/es\/transcribing-the-george-a-crawley-letters\/","og_locale":"es_ES","og_type":"article","og_title":"Transcribing the George A. Crawley Letters | Old Westbury Gardens","og_description":"by Emily Werner, Curator \u201cI keep awake thinking of it all at nights &amp; hopeing it will be quite successful\u2026I shall have put so much work into it &amp; somehow [&hellip;]","og_url":"https:\/\/www.oldwestburygardens.org\/es\/transcribing-the-george-a-crawley-letters\/","og_site_name":"Old Westbury Gardens","article_modified_time":"2025-06-27T17:11:41+00:00","og_image":[{"url":"https:\/\/www.oldwestburygardens.org\/wp-content\/uploads\/2025\/06\/Crawley-letters_Mar19_1907_crosswriting-1024x855.jpg","type":"","width":"","height":""}],"twitter_card":"summary_large_image","twitter_misc":{"Est. reading time":"3 minutos"},"schema":{"@context":"https:\/\/schema.org","@graph":[{"@type":"WebPage","@id":"https:\/\/www.oldwestburygardens.org\/es\/transcribing-the-george-a-crawley-letters\/","url":"https:\/\/www.oldwestburygardens.org\/es\/transcribing-the-george-a-crawley-letters\/","name":"Transcribing the George A. Crawley Letters | Old Westbury Gardens","isPartOf":{"@id":"https:\/\/www.oldwestburygardens.org\/ko\/#website"},"primaryImageOfPage":{"@id":"https:\/\/www.oldwestburygardens.org\/es\/transcribing-the-george-a-crawley-letters\/#primaryimage"},"image":{"@id":"https:\/\/www.oldwestburygardens.org\/es\/transcribing-the-george-a-crawley-letters\/#primaryimage"},"thumbnailUrl":"https:\/\/www.oldwestburygardens.org\/wp-content\/uploads\/2025\/06\/Crawley-letters_Mar19_1907_crosswriting-1024x855.jpg","datePublished":"2025-06-27T17:11:40+00:00","dateModified":"2025-06-27T17:11:41+00:00","breadcrumb":{"@id":"https:\/\/www.oldwestburygardens.org\/es\/transcribing-the-george-a-crawley-letters\/#breadcrumb"},"inLanguage":"es","potentialAction":[{"@type":"ReadAction","target":["https:\/\/www.oldwestburygardens.org\/es\/transcribing-the-george-a-crawley-letters\/"]}]},{"@type":"ImageObject","inLanguage":"es","@id":"https:\/\/www.oldwestburygardens.org\/es\/transcribing-the-george-a-crawley-letters\/#primaryimage","url":"https:\/\/www.oldwestburygardens.org\/wp-content\/uploads\/2025\/06\/Crawley-letters_Mar19_1907_crosswriting-1024x855.jpg","contentUrl":"https:\/\/www.oldwestburygardens.org\/wp-content\/uploads\/2025\/06\/Crawley-letters_Mar19_1907_crosswriting-1024x855.jpg"},{"@type":"BreadcrumbList","@id":"https:\/\/www.oldwestburygardens.org\/es\/transcribing-the-george-a-crawley-letters\/#breadcrumb","itemListElement":[{"@type":"ListItem","position":1,"name":"Home","item":"https:\/\/www.oldwestburygardens.org\/"},{"@type":"ListItem","position":2,"name":"Transcribing the George A. Crawley Letters"}]},{"@type":"WebSite","@id":"https:\/\/www.oldwestburygardens.org\/ko\/#website","url":"https:\/\/www.oldwestburygardens.org\/ko\/","name":"Jardines del viejo Westbury","description":"","publisher":{"@id":"https:\/\/www.oldwestburygardens.org\/ko\/#organization"},"potentialAction":[{"@type":"SearchAction","target":{"@type":"EntryPoint","urlTemplate":"https:\/\/www.oldwestburygardens.org\/ko\/?s={search_term_string}"},"query-input":{"@type":"PropertyValueSpecification","valueRequired":true,"valueName":"search_term_string"}}],"inLanguage":"es"},{"@type":"Organization","@id":"https:\/\/www.oldwestburygardens.org\/ko\/#organization","name":"Jardines del viejo Westbury","url":"https:\/\/www.oldwestburygardens.org\/ko\/","logo":{"@type":"ImageObject","inLanguage":"es","@id":"https:\/\/www.oldwestburygardens.org\/ko\/#\/schema\/logo\/image\/","url":"https:\/\/www.oldwestburygardens.org\/wp-content\/uploads\/2025\/03\/OWGlogoforsite.png","contentUrl":"https:\/\/www.oldwestburygardens.org\/wp-content\/uploads\/2025\/03\/OWGlogoforsite.png","width":750,"height":173,"caption":"Old Westbury Gardens"},"image":{"@id":"https:\/\/www.oldwestburygardens.org\/ko\/#\/schema\/logo\/image\/"}}]}},"_links":{"self":[{"href":"https:\/\/www.oldwestburygardens.org\/es\/wp-json\/wp\/v2\/pages\/6910","targetHints":{"allow":["GET"]}}],"collection":[{"href":"https:\/\/www.oldwestburygardens.org\/es\/wp-json\/wp\/v2\/pages"}],"about":[{"href":"https:\/\/www.oldwestburygardens.org\/es\/wp-json\/wp\/v2\/types\/page"}],"author":[{"embeddable":true,"href":"https:\/\/www.oldwestburygardens.org\/es\/wp-json\/wp\/v2\/users\/5"}],"replies":[{"embeddable":true,"href":"https:\/\/www.oldwestburygardens.org\/es\/wp-json\/wp\/v2\/comments?post=6910"}],"version-history":[{"count":18,"href":"https:\/\/www.oldwestburygardens.org\/es\/wp-json\/wp\/v2\/pages\/6910\/revisions"}],"predecessor-version":[{"id":6932,"href":"https:\/\/www.oldwestburygardens.org\/es\/wp-json\/wp\/v2\/pages\/6910\/revisions\/6932"}],"wp:attachment":[{"href":"https:\/\/www.oldwestburygardens.org\/es\/wp-json\/wp\/v2\/media?parent=6910"}],"curies":[{"name":"wp","href":"https:\/\/api.w.org\/{rel}","templated":true}]}}