{"id":8131,"date":"2025-09-11T16:15:19","date_gmt":"2025-09-11T20:15:19","guid":{"rendered":"https:\/\/www.oldwestburygardens.org\/?page_id=8131"},"modified":"2025-09-15T16:28:23","modified_gmt":"2025-09-15T20:28:23","slug":"member-appreciation-week","status":"publish","type":"page","link":"https:\/\/www.oldwestburygardens.org\/es\/member-appreciation-week\/","title":{"rendered":"Semana de agradecimiento a los miembros"},"content":{"rendered":"<div class=\"wp-block-group alignfull has-global-padding is-layout-constrained wp-block-group-is-layout-constrained\">\n<section id=\"owg-page-header-v2 block_6b34a2c64b0c6d8e26f439610f8a160b\" class=\"owg-page-header-v2 has-transparent-background-color alignfull\">\n\n    <div class=\"owg-page-header-inner\">\n            \n\n<div class=\"wp-block-cover alignfull\" style=\"min-height:300px;aspect-ratio:unset;\"><span aria-hidden=\"true\" class=\"wp-block-cover__background has-background-dim-0 has-background-dim\" style=\"background-color:#627e5c\"><\/span><img loading=\"lazy\" decoding=\"async\" width=\"1293\" height=\"863\" src=\"https:\/\/www.oldwestburygardens.org\/wp-content\/uploads\/2025\/09\/MAW-Garden-Tour.png\" class=\"wp-block-cover__image-background wp-post-image\" alt=\"\" data-object-fit=\"cover\" data-object-position=\"50% 50%\" style=\"object-position:50% 50%;\" srcset=\"https:\/\/www.oldwestburygardens.org\/wp-content\/uploads\/2025\/09\/MAW-Garden-Tour.png 1293w, https:\/\/www.oldwestburygardens.org\/wp-content\/uploads\/2025\/09\/MAW-Garden-Tour-300x200.png 300w, https:\/\/www.oldwestburygardens.org\/wp-content\/uploads\/2025\/09\/MAW-Garden-Tour-1024x683.png 1024w, https:\/\/www.oldwestburygardens.org\/wp-content\/uploads\/2025\/09\/MAW-Garden-Tour-768x513.png 768w, https:\/\/www.oldwestburygardens.org\/wp-content\/uploads\/2025\/09\/MAW-Garden-Tour-18x12.png 18w\" sizes=\"auto, (max-width: 1293px) 100vw, 1293px\" \/><div class=\"wp-block-cover__inner-container is-layout-flow wp-block-cover-is-layout-flow\">\n<div class=\"wp-block-group is-layout-flow wp-block-group-is-layout-flow\" style=\"padding-top:20px;padding-right:20px;padding-bottom:20px;padding-left:20px\"><h1 class=\"has-text-align-center wp-block-post-title has-text-color has-garden-brown-color\">Semana de agradecimiento a los miembros<\/h1><\/div>\n<\/div><\/div>\n\n\n    <\/div>\n\n\n            <nav class=\"owg-page-header-inner__breadcrumbs\" aria-label=\"Migaja de pan\">\n            <a href=\"https:\/\/www.oldwestburygardens.org\/es\/\">Hogar<\/a>\n\n             | <span>Semana de agradecimiento a los miembros<\/span>        <\/nav>\n    \n<\/section>\n\n\n<figure class=\"wp-block-image size-large\"><img loading=\"lazy\" decoding=\"async\" width=\"1024\" height=\"585\" src=\"https:\/\/www.oldwestburygardens.org\/wp-content\/uploads\/2025\/09\/Untitled-1-1024x585.png\" alt=\"\" class=\"wp-image-8133\" srcset=\"https:\/\/www.oldwestburygardens.org\/wp-content\/uploads\/2025\/09\/Untitled-1-1024x585.png 1024w, https:\/\/www.oldwestburygardens.org\/wp-content\/uploads\/2025\/09\/Untitled-1-300x171.png 300w, https:\/\/www.oldwestburygardens.org\/wp-content\/uploads\/2025\/09\/Untitled-1-768x439.png 768w, https:\/\/www.oldwestburygardens.org\/wp-content\/uploads\/2025\/09\/Untitled-1-18x10.png 18w, https:\/\/www.oldwestburygardens.org\/wp-content\/uploads\/2025\/09\/Untitled-1.png 1050w\" sizes=\"auto, (max-width: 1024px) 100vw, 1024px\" \/><\/figure>\n\n\n\n<div style=\"height:16px\" aria-hidden=\"true\" class=\"wp-block-spacer\"><\/div>\n\n\n\n<h5 class=\"wp-block-heading has-text-align-center\">Estamos muy agradecidos por el continuo apoyo de nuestros miembros. La Semana de Agradecimiento a los Miembros es nuestra forma de celebrarlos y agradecerles por ser parte esencial de nuestra comunidad. Estos eventos fueron creados pensando en los miembros, y esperamos compartir una semana de experiencias especiales con ustedes en los Jardines.<\/h5>\n\n\n\n<hr class=\"wp-block-separator has-alpha-channel-opacity\"\/>\n\n\n\n<div class=\"wp-block-buttons is-content-justification-center is-layout-flex wp-container-core-buttons-is-layout-1 wp-block-buttons-is-layout-flex\">\n<div class=\"wp-block-button is-style-btn-owg-secondary is-style-btn-owg-secondary--1\"><a class=\"wp-block-button__link has-text-align-center wp-element-button\" href=\"https:\/\/www.oldwestburygardens.org\/es\/membership\/\">\u00a1Hazte miembro hoy!<\/a><\/div>\n<\/div>\n\n\n\n<hr class=\"wp-block-separator has-alpha-channel-opacity\"\/>\n\n\n\n<div style=\"height:38px\" aria-hidden=\"true\" class=\"wp-block-spacer\"><\/div>\n\n\n\n<div class=\"owg-cards-style-large owg-cards align wp-block-acf-owg-cards\">\n    \n        <div class=\"owg-card owg-card-large\">\n            <div class=\"owg-card-inner\">\n\n                                    <div class=\"owg-card-image\">\n                        <div class=\"owg-card-image-container\">\n                                                     <img src=\"https:\/\/www.oldwestburygardens.org\/wp-content\/uploads\/2025\/09\/DSC_1326.jpg\" alt=\"Members\u2019 Mindful Monday Garden Tour\" loading=\"lazy\" decoding=\"async\">\n\n                        <\/div>\n                    <\/div>\n                                <div class=\"owg-card-content\">\n                    <div>\n                    <h2 class=\"has-heading-font-size\">Recorrido por el jard\u00edn del lunes consciente para miembros<\/h2>\n                    <p>\u00a1\u00danase a nosotros en un recorrido especial por los jardines, exclusivo para miembros! Descubra la historia, el dise\u00f1o y las atracciones de temporada de Old Westbury Gardens en un ambiente m\u00e1s \u00edntimo. Tenga en cuenta que es necesario registrarse y que el aforo es limitado.\r\n<br><b>Lunes 15 de septiembre | 13:00 \u2013 14:00<\/b><\/br><\/p>\n                    <\/div>\n\n                                    <\/div>\n            <\/div>\n        <\/div>\n\n    \n        <div class=\"owg-card owg-card-large\">\n            <div class=\"owg-card-inner reverse-card\">\n\n                                    <div class=\"owg-card-image\">\n                        <div class=\"owg-card-image-container\">\n                                                     <img src=\"https:\/\/www.oldwestburygardens.org\/wp-content\/uploads\/2025\/09\/MAW-Morning-Paws-1.png\" alt=\"Members\u2019 Morning Paws in the Garden\" loading=\"lazy\" decoding=\"async\">\n\n                        <\/div>\n                    <\/div>\n                                <div class=\"owg-card-content\">\n                    <div>\n                    <h2 class=\"has-heading-font-size\">Patas matutinas de los miembros en el jard\u00edn<\/h2>\n                    <p>Reg\u00e1late una ma\u00f1ana especial con tu amigo de cuatro patas en los Jardines. Los miembros pueden llegar una hora antes, a partir de las 9:00, y disfrutar de un relajado paseo por los jardines con sus perros hasta las 12:00. Es la manera perfecta de compartir la belleza de los Jardines de Old Westbury con tu mejor amigo. (El Jard\u00edn Amurallado no ser\u00e1 accesible).\r\n<br><b>Mi\u00e9rcoles 17 de septiembre | 9 a. m. \u2013 12 p. m.<\/b><\/br><\/p>\n                    <\/div>\n\n                                    <\/div>\n            <\/div>\n        <\/div>\n\n    \n        <div class=\"owg-card owg-card-large\">\n            <div class=\"owg-card-inner\">\n\n                                    <div class=\"owg-card-image\">\n                        <div class=\"owg-card-image-container\">\n                                                     <img src=\"https:\/\/www.oldwestburygardens.org\/wp-content\/uploads\/2025\/09\/color-5821297_1280.jpg\" alt=\"Members\u2019 Art Deco Afternoon\" loading=\"lazy\" decoding=\"async\">\n\n                        <\/div>\n                    <\/div>\n                                <div class=\"owg-card-content\">\n                    <div>\n                    <h2 class=\"has-heading-font-size\">Tarde Art Dec\u00f3 para miembros<\/h2>\n                    <p>Sum\u00e9rgete en la elegancia de la Era del Jazz con una clase especial de acuarela inspirada en el dise\u00f1o Art D\u00e9co y el estilo de la \u00e9poca de Gatsby. De 16:00 a 18:00 h en The Barn, los miembros podr\u00e1n explorar su creatividad mientras capturan el glamour y el encanto de este per\u00edodo atemporal en el arte. Es necesario inscribirse y el aforo es limitado.\r\n<br><b>Jueves 18 de septiembre | 16:00 \u2013 18:00 horas<\/b><br><br>\r\n<b>INSCRIPCI\u00d3N COMPLETA<\/b><\/bR><\/BR><\/p>\n                    <\/div>\n\n                                    <\/div>\n            <\/div>\n        <\/div>\n\n    \n        <div class=\"owg-card owg-card-large\">\n            <div class=\"owg-card-inner reverse-card\">\n\n                                    <div class=\"owg-card-image\">\n                        <div class=\"owg-card-image-container\">\n                                                     <img src=\"https:\/\/www.oldwestburygardens.org\/wp-content\/uploads\/2025\/09\/side-view-kids-with-magnifying-glass.jpg\" alt=\"Members\u2019 Great Gatsby Garden Quest\" loading=\"lazy\" decoding=\"async\">\n\n                        <\/div>\n                    <\/div>\n                                <div class=\"owg-card-content\">\n                    <div>\n                    <h2 class=\"has-heading-font-size\">La Gran B\u00fasqueda del Jard\u00edn de Gatsby para Miembros<\/h2>\n                    <p>Disfruta de un d\u00eda de descubrimiento por los Jardines con una b\u00fasqueda del tesoro inspirada en Gatsby, creada exclusivamente para miembros. Recoge tu hoja de b\u00fasqueda en la taquilla, explora los terrenos en busca de pistas y regresa a Westbury House para reclamar un premio especial.<br><b>Viernes 19 de septiembre | 10:00 a 17:00 horas<\/b><\/p>\n                    <\/div>\n\n                                    <\/div>\n            <\/div>\n        <\/div>\n\n    <\/div>\n\n\n<hr class=\"wp-block-separator has-alpha-channel-opacity\"\/>\n\n\n\n<h2 class=\"wp-block-heading has-text-align-center\"><strong><em>M\u00c1S\u2026<\/em><\/strong><\/h2>\n\n\n\n<h4 class=\"wp-block-heading has-text-align-center\"><strong>SOLO SEMANA DE RECONOCIMIENTO A LOS MIEMBROS:<\/strong><\/h4>\n\n\n\n<h5 class=\"wp-block-heading has-text-align-center\"><strong>\u00a1Los tours de Tai Chi, Yoga y Secretos del Ala de Servicio son GRATIS para los miembros!<\/strong><\/h5>\n\n\n\n<div class=\"owg-cards-style-medium owg-cards align wp-block-acf-owg-cards\">\n    \n        <div class=\"owg-card owg-card-medium\">\n            <div class=\"owg-card-inner\">\n\n                                    <div class=\"owg-card-image\">\n                        <div class=\"owg-card-image-container\">\n                                                     <img src=\"https:\/\/www.oldwestburygardens.org\/wp-content\/uploads\/2025\/05\/IMG_2033.jpeg\" alt=\"Yoga in the Gardens\" loading=\"lazy\" decoding=\"async\">\n\n                        <\/div>\n                    <\/div>\n                                <div class=\"owg-card-content\">\n                    <div>\n                    <h2 class=\"has-heading-font-size\">Yoga en los jardines<\/h2>\n                    <p>Lunes 15 de septiembre<br>\r\n\r\n10:30 a. m. \u2013 11:30 a. m.<\/br><\/p>\n                    <\/div>\n\n                                    <\/div>\n            <\/div>\n        <\/div>\n\n    \n        <div class=\"owg-card owg-card-medium\">\n            <div class=\"owg-card-inner\">\n\n                                    <div class=\"owg-card-image\">\n                        <div class=\"owg-card-image-container\">\n                                                     <img src=\"https:\/\/www.oldwestburygardens.org\/wp-content\/uploads\/2025\/05\/taichi.jpeg\" alt=\"Tai Chi in the Gardens\" loading=\"lazy\" decoding=\"async\">\n\n                        <\/div>\n                    <\/div>\n                                <div class=\"owg-card-content\">\n                    <div>\n                    <h2 class=\"has-heading-font-size\">Tai Chi en los jardines<\/h2>\n                    <p>Mi\u00e9rcoles 17 de septiembre 10:30 a. m. \u2013 11:30 a. m.<\/p>\n                    <\/div>\n\n                                    <\/div>\n            <\/div>\n        <\/div>\n\n    \n        <div class=\"owg-card owg-card-medium\">\n            <div class=\"owg-card-inner\">\n\n                                    <div class=\"owg-card-image\">\n                        <div class=\"owg-card-image-container\">\n                                                     <img src=\"https:\/\/www.oldwestburygardens.org\/wp-content\/uploads\/2025\/05\/KITCHEN-2-scaled.jpg\" alt=\"Secrets of the Service Wing Tours\" loading=\"lazy\" decoding=\"async\">\n\n                        <\/div>\n                    <\/div>\n                                <div class=\"owg-card-content\">\n                    <div>\n                    <h2 class=\"has-heading-font-size\">Secretos de los recorridos del Ala de Servicio<\/h2>\n                    <p><b>9\/15<\/b> \u2013 12 y 14 horas;\r\n\r\n<b>9\/17 <\/b>\u2013 12 y 14 horas;\r\n\r\n<b>9\/18<\/b> \u2013 12 horas;\r\n\r\n<b>9\/19 <\/b>\u2013 12 p. m.<\/p>\n                    <\/div>\n\n                                    <\/div>\n            <\/div>\n        <\/div>\n\n    <\/div>\n\n\n<h5 class=\"wp-block-heading has-text-align-center\"><strong>Tenga en cuenta: Los miembros solo pueden registrarse para los tours gratuitos de Tai Chi, Yoga y Secretos del Ala de Servicio a partir del domingo 14 de septiembre.<\/strong><\/h5>\n\n\n\n<div class=\"wp-block-buttons is-content-justification-center is-layout-flex wp-container-core-buttons-is-layout-2 wp-block-buttons-is-layout-flex\">\n<div class=\"wp-block-button is-style-btn-owg-secondary is-style-btn-owg-secondary--2\"><a class=\"wp-block-button__link wp-element-button\" href=\"https:\/\/www.oldwestburygardens.org\/es\/membership\/\">\u00a1Hazte miembro hoy!<\/a><\/div>\n<\/div>\n<\/div>","protected":false},"excerpt":{"rendered":"<p>Agradecemos enormemente el continuo apoyo de nuestros miembros. La Semana de Agradecimiento a los Miembros es nuestra manera de celebrarlos y agradecerles por ser una parte esencial de [\u2026]<\/p>","protected":false},"author":5,"featured_media":7929,"parent":0,"menu_order":0,"comment_status":"closed","ping_status":"closed","template":"","meta":{"_acf_changed":false,"_tec_requires_first_save":true,"_EventAllDay":false,"_EventTimezone":"","_EventStartDate":"","_EventEndDate":"","_EventStartDateUTC":"","_EventEndDateUTC":"","_EventShowMap":false,"_EventShowMapLink":false,"_EventURL":"","_EventCost":"","_EventCostDescription":"","_EventCurrencySymbol":"","_EventCurrencyCode":"","_EventCurrencyPosition":"","_EventDateTimeSeparator":"","_EventTimeRangeSeparator":"","_EventOrganizerID":[],"_EventVenueID":[],"_OrganizerEmail":"","_OrganizerPhone":"","_OrganizerWebsite":"","_VenueAddress":"","_VenueCity":"","_VenueCountry":"","_VenueProvince":"","_VenueState":"","_VenueZip":"","_VenuePhone":"","_VenueURL":"","_VenueStateProvince":"","_VenueLat":"","_VenueLng":"","_VenueShowMap":false,"_VenueShowMapLink":false,"_tribe_blocks_recurrence_rules":"","_tribe_blocks_recurrence_description":"","_tribe_blocks_recurrence_exclusions":"","footnotes":""},"class_list":["post-8131","page","type-page","status-publish","has-post-thumbnail","hentry"],"acf":[],"yoast_head":"<!-- This site is optimized with the Yoast SEO plugin v26.2 - https:\/\/yoast.com\/wordpress\/plugins\/seo\/ -->\n<title>Member Appreciation Week | Old Westbury Gardens<\/title>\n<meta name=\"robots\" content=\"index, follow, max-snippet:-1, max-image-preview:large, max-video-preview:-1\" \/>\n<link rel=\"canonical\" href=\"https:\/\/www.oldwestburygardens.org\/es\/member-appreciation-week\/\" \/>\n<meta property=\"og:locale\" content=\"es_ES\" \/>\n<meta property=\"og:type\" content=\"article\" \/>\n<meta property=\"og:title\" content=\"Member Appreciation Week | Old Westbury Gardens\" \/>\n<meta property=\"og:description\" content=\"We are so grateful for the continued support of our members. Member Appreciation Week is our way of celebrating you and saying thank you for being an essential part of [&hellip;]\" \/>\n<meta property=\"og:url\" content=\"https:\/\/www.oldwestburygardens.org\/es\/member-appreciation-week\/\" \/>\n<meta property=\"og:site_name\" content=\"Old Westbury Gardens\" \/>\n<meta property=\"article:modified_time\" content=\"2025-09-15T20:28:23+00:00\" \/>\n<meta property=\"og:image\" content=\"https:\/\/www.oldwestburygardens.org\/wp-content\/uploads\/2025\/09\/MAW-Garden-Tour.png\" \/>\n\t<meta property=\"og:image:width\" content=\"1293\" \/>\n\t<meta property=\"og:image:height\" content=\"863\" \/>\n\t<meta property=\"og:image:type\" content=\"image\/png\" \/>\n<meta name=\"twitter:card\" content=\"summary_large_image\" \/>\n<meta name=\"twitter:label1\" content=\"Est. reading time\" \/>\n\t<meta name=\"twitter:data1\" content=\"1 minuto\" \/>\n<script type=\"application\/ld+json\" class=\"yoast-schema-graph\">{\"@context\":\"https:\/\/schema.org\",\"@graph\":[{\"@type\":\"WebPage\",\"@id\":\"https:\/\/www.oldwestburygardens.org\/member-appreciation-week\/\",\"url\":\"https:\/\/www.oldwestburygardens.org\/member-appreciation-week\/\",\"name\":\"Member Appreciation Week | Old Westbury Gardens\",\"isPartOf\":{\"@id\":\"https:\/\/www.oldwestburygardens.org\/ko\/#website\"},\"primaryImageOfPage\":{\"@id\":\"https:\/\/www.oldwestburygardens.org\/member-appreciation-week\/#primaryimage\"},\"image\":{\"@id\":\"https:\/\/www.oldwestburygardens.org\/member-appreciation-week\/#primaryimage\"},\"thumbnailUrl\":\"https:\/\/www.oldwestburygardens.org\/wp-content\/uploads\/2025\/09\/MAW-Garden-Tour.png\",\"datePublished\":\"2025-09-11T20:15:19+00:00\",\"dateModified\":\"2025-09-15T20:28:23+00:00\",\"breadcrumb\":{\"@id\":\"https:\/\/www.oldwestburygardens.org\/member-appreciation-week\/#breadcrumb\"},\"inLanguage\":\"es\",\"potentialAction\":[{\"@type\":\"ReadAction\",\"target\":[\"https:\/\/www.oldwestburygardens.org\/member-appreciation-week\/\"]}]},{\"@type\":\"ImageObject\",\"inLanguage\":\"es\",\"@id\":\"https:\/\/www.oldwestburygardens.org\/member-appreciation-week\/#primaryimage\",\"url\":\"https:\/\/www.oldwestburygardens.org\/wp-content\/uploads\/2025\/09\/MAW-Garden-Tour.png\",\"contentUrl\":\"https:\/\/www.oldwestburygardens.org\/wp-content\/uploads\/2025\/09\/MAW-Garden-Tour.png\",\"width\":1293,\"height\":863},{\"@type\":\"BreadcrumbList\",\"@id\":\"https:\/\/www.oldwestburygardens.org\/member-appreciation-week\/#breadcrumb\",\"itemListElement\":[{\"@type\":\"ListItem\",\"position\":1,\"name\":\"Home\",\"item\":\"https:\/\/www.oldwestburygardens.org\/\"},{\"@type\":\"ListItem\",\"position\":2,\"name\":\"Member Appreciation Week\"}]},{\"@type\":\"WebSite\",\"@id\":\"https:\/\/www.oldwestburygardens.org\/ko\/#website\",\"url\":\"https:\/\/www.oldwestburygardens.org\/ko\/\",\"name\":\"Old Westbury Gardens\",\"description\":\"\",\"publisher\":{\"@id\":\"https:\/\/www.oldwestburygardens.org\/ko\/#organization\"},\"potentialAction\":[{\"@type\":\"SearchAction\",\"target\":{\"@type\":\"EntryPoint\",\"urlTemplate\":\"https:\/\/www.oldwestburygardens.org\/ko\/?s={search_term_string}\"},\"query-input\":{\"@type\":\"PropertyValueSpecification\",\"valueRequired\":true,\"valueName\":\"search_term_string\"}}],\"inLanguage\":\"es\"},{\"@type\":\"Organization\",\"@id\":\"https:\/\/www.oldwestburygardens.org\/ko\/#organization\",\"name\":\"Old Westbury Gardens\",\"url\":\"https:\/\/www.oldwestburygardens.org\/ko\/\",\"logo\":{\"@type\":\"ImageObject\",\"inLanguage\":\"es\",\"@id\":\"https:\/\/www.oldwestburygardens.org\/ko\/#\/schema\/logo\/image\/\",\"url\":\"https:\/\/www.oldwestburygardens.org\/wp-content\/uploads\/2025\/03\/OWGlogoforsite.png\",\"contentUrl\":\"https:\/\/www.oldwestburygardens.org\/wp-content\/uploads\/2025\/03\/OWGlogoforsite.png\",\"width\":750,\"height\":173,\"caption\":\"Old Westbury Gardens\"},\"image\":{\"@id\":\"https:\/\/www.oldwestburygardens.org\/ko\/#\/schema\/logo\/image\/\"}}]}<\/script>\n<!-- \/ Yoast SEO plugin. -->","yoast_head_json":{"title":"Semana de agradecimiento a los miembros | Jardines de Old Westbury","robots":{"index":"index","follow":"follow","max-snippet":"max-snippet:-1","max-image-preview":"max-image-preview:large","max-video-preview":"max-video-preview:-1"},"canonical":"https:\/\/www.oldwestburygardens.org\/es\/member-appreciation-week\/","og_locale":"es_ES","og_type":"article","og_title":"Member Appreciation Week | Old Westbury Gardens","og_description":"We are so grateful for the continued support of our members. Member Appreciation Week is our way of celebrating you and saying thank you for being an essential part of [&hellip;]","og_url":"https:\/\/www.oldwestburygardens.org\/es\/member-appreciation-week\/","og_site_name":"Old Westbury Gardens","article_modified_time":"2025-09-15T20:28:23+00:00","og_image":[{"width":1293,"height":863,"url":"https:\/\/www.oldwestburygardens.org\/wp-content\/uploads\/2025\/09\/MAW-Garden-Tour.png","type":"image\/png"}],"twitter_card":"summary_large_image","twitter_misc":{"Est. reading time":"1 minuto"},"schema":{"@context":"https:\/\/schema.org","@graph":[{"@type":"WebPage","@id":"https:\/\/www.oldwestburygardens.org\/member-appreciation-week\/","url":"https:\/\/www.oldwestburygardens.org\/member-appreciation-week\/","name":"Semana de agradecimiento a los miembros | Jardines de Old Westbury","isPartOf":{"@id":"https:\/\/www.oldwestburygardens.org\/ko\/#website"},"primaryImageOfPage":{"@id":"https:\/\/www.oldwestburygardens.org\/member-appreciation-week\/#primaryimage"},"image":{"@id":"https:\/\/www.oldwestburygardens.org\/member-appreciation-week\/#primaryimage"},"thumbnailUrl":"https:\/\/www.oldwestburygardens.org\/wp-content\/uploads\/2025\/09\/MAW-Garden-Tour.png","datePublished":"2025-09-11T20:15:19+00:00","dateModified":"2025-09-15T20:28:23+00:00","breadcrumb":{"@id":"https:\/\/www.oldwestburygardens.org\/member-appreciation-week\/#breadcrumb"},"inLanguage":"es","potentialAction":[{"@type":"ReadAction","target":["https:\/\/www.oldwestburygardens.org\/member-appreciation-week\/"]}]},{"@type":"ImageObject","inLanguage":"es","@id":"https:\/\/www.oldwestburygardens.org\/member-appreciation-week\/#primaryimage","url":"https:\/\/www.oldwestburygardens.org\/wp-content\/uploads\/2025\/09\/MAW-Garden-Tour.png","contentUrl":"https:\/\/www.oldwestburygardens.org\/wp-content\/uploads\/2025\/09\/MAW-Garden-Tour.png","width":1293,"height":863},{"@type":"BreadcrumbList","@id":"https:\/\/www.oldwestburygardens.org\/member-appreciation-week\/#breadcrumb","itemListElement":[{"@type":"ListItem","position":1,"name":"Home","item":"https:\/\/www.oldwestburygardens.org\/"},{"@type":"ListItem","position":2,"name":"Member Appreciation Week"}]},{"@type":"WebSite","@id":"https:\/\/www.oldwestburygardens.org\/ko\/#website","url":"https:\/\/www.oldwestburygardens.org\/ko\/","name":"Jardines del viejo Westbury","description":"","publisher":{"@id":"https:\/\/www.oldwestburygardens.org\/ko\/#organization"},"potentialAction":[{"@type":"SearchAction","target":{"@type":"EntryPoint","urlTemplate":"https:\/\/www.oldwestburygardens.org\/ko\/?s={search_term_string}"},"query-input":{"@type":"PropertyValueSpecification","valueRequired":true,"valueName":"search_term_string"}}],"inLanguage":"es"},{"@type":"Organization","@id":"https:\/\/www.oldwestburygardens.org\/ko\/#organization","name":"Jardines del viejo Westbury","url":"https:\/\/www.oldwestburygardens.org\/ko\/","logo":{"@type":"ImageObject","inLanguage":"es","@id":"https:\/\/www.oldwestburygardens.org\/ko\/#\/schema\/logo\/image\/","url":"https:\/\/www.oldwestburygardens.org\/wp-content\/uploads\/2025\/03\/OWGlogoforsite.png","contentUrl":"https:\/\/www.oldwestburygardens.org\/wp-content\/uploads\/2025\/03\/OWGlogoforsite.png","width":750,"height":173,"caption":"Old Westbury Gardens"},"image":{"@id":"https:\/\/www.oldwestburygardens.org\/ko\/#\/schema\/logo\/image\/"}}]}},"_links":{"self":[{"href":"https:\/\/www.oldwestburygardens.org\/es\/wp-json\/wp\/v2\/pages\/8131","targetHints":{"allow":["GET"]}}],"collection":[{"href":"https:\/\/www.oldwestburygardens.org\/es\/wp-json\/wp\/v2\/pages"}],"about":[{"href":"https:\/\/www.oldwestburygardens.org\/es\/wp-json\/wp\/v2\/types\/page"}],"author":[{"embeddable":true,"href":"https:\/\/www.oldwestburygardens.org\/es\/wp-json\/wp\/v2\/users\/5"}],"replies":[{"embeddable":true,"href":"https:\/\/www.oldwestburygardens.org\/es\/wp-json\/wp\/v2\/comments?post=8131"}],"version-history":[{"count":11,"href":"https:\/\/www.oldwestburygardens.org\/es\/wp-json\/wp\/v2\/pages\/8131\/revisions"}],"predecessor-version":[{"id":8221,"href":"https:\/\/www.oldwestburygardens.org\/es\/wp-json\/wp\/v2\/pages\/8131\/revisions\/8221"}],"wp:featuredmedia":[{"embeddable":true,"href":"https:\/\/www.oldwestburygardens.org\/es\/wp-json\/wp\/v2\/media\/7929"}],"wp:attachment":[{"href":"https:\/\/www.oldwestburygardens.org\/es\/wp-json\/wp\/v2\/media?parent=8131"}],"curies":[{"name":"wp","href":"https:\/\/api.w.org\/{rel}","templated":true}]}}