{"id":8153,"date":"2025-09-15T13:47:12","date_gmt":"2025-09-15T17:47:12","guid":{"rendered":"https:\/\/www.oldwestburygardens.org\/?page_id=8153"},"modified":"2025-10-03T12:51:49","modified_gmt":"2025-10-03T16:51:49","slug":"champions-for-charity","status":"publish","type":"page","link":"https:\/\/www.oldwestburygardens.org\/es\/champions-for-charity\/","title":{"rendered":"CAMPEONES DE LA CARIDAD"},"content":{"rendered":"<div class=\"wp-block-group alignfull has-global-padding is-layout-constrained wp-block-group-is-layout-constrained\">\n<h2 class=\"wp-block-heading has-text-align-center\">CAMPEONES DE LA CARIDAD 2025<\/h2>\n\n\n\n<h3 class=\"wp-block-heading has-text-align-center\"><em>\u00a1RESERVA LA FECHA!<\/em><\/h3>\n\n\n\n<h5 class=\"wp-block-heading has-text-align-center\"><strong>El beneficio de compras navide\u00f1as de Americana Manhasset Champions for Charity\u00ae ser\u00e1 del jueves 4 de diciembre al s\u00e1bado 6 de diciembre de 2025.<\/strong><\/h5>\n\n\n\n<p class=\"has-text-align-center\">Durante este evento especial de tres d\u00edas,&nbsp;<strong>25% de compras designadas a precio completo, antes de impuestos<\/strong>&nbsp;Los productos fabricados en las tiendas Americana Manhasset ser\u00e1n&nbsp;<strong>donado a la(s) organizaci\u00f3n(es) de su elecci\u00f3n<\/strong>, cuando presentas tu&nbsp;<strong>N\u00daMERO DE CAMPE\u00d3N<\/strong>&nbsp;en el momento de la compra.<\/p>\n\n\n\n<p class=\"has-text-align-center\">Tenga en cuenta: cada comprador debe tener su propio&nbsp;<strong>N\u00daMERO DE CAMPE\u00d3N<\/strong>&nbsp;para participar.<\/p>\n\n\n\n<h3 class=\"wp-block-heading has-text-align-center\"><strong>La inscripci\u00f3n para un N\u00daMERO DE CAMPE\u00d3N est\u00e1 abierta <span style=\"text-decoration: underline;\">AHORA<\/span>!<\/strong><\/h3>\n\n\n\n<p class=\"has-text-align-center\"><em>(Haga clic en el gr\u00e1fico a continuaci\u00f3n para acceder al sitio de Americana Manhasset y registrarse).<\/em><\/p>\n\n\n\n<figure class=\"wp-block-image size-full\"><a href=\"https:\/\/www.championsforcharity.org\/?source_charity=1061\"><img loading=\"lazy\" decoding=\"async\" width=\"2048\" height=\"2560\" src=\"https:\/\/www.oldwestburygardens.org\/wp-content\/uploads\/2025\/10\/C4C_2025_Registration_600px-scaled.jpg\" alt=\"\" class=\"wp-image-8456\" srcset=\"https:\/\/www.oldwestburygardens.org\/wp-content\/uploads\/2025\/10\/C4C_2025_Registration_600px-scaled.jpg 2048w, https:\/\/www.oldwestburygardens.org\/wp-content\/uploads\/2025\/10\/C4C_2025_Registration_600px-240x300.jpg 240w, https:\/\/www.oldwestburygardens.org\/wp-content\/uploads\/2025\/10\/C4C_2025_Registration_600px-819x1024.jpg 819w, https:\/\/www.oldwestburygardens.org\/wp-content\/uploads\/2025\/10\/C4C_2025_Registration_600px-768x960.jpg 768w, https:\/\/www.oldwestburygardens.org\/wp-content\/uploads\/2025\/10\/C4C_2025_Registration_600px-1229x1536.jpg 1229w, https:\/\/www.oldwestburygardens.org\/wp-content\/uploads\/2025\/10\/C4C_2025_Registration_600px-1638x2048.jpg 1638w, https:\/\/www.oldwestburygardens.org\/wp-content\/uploads\/2025\/10\/C4C_2025_Registration_600px-10x12.jpg 10w\" sizes=\"auto, (max-width: 2048px) 100vw, 2048px\" \/><\/a><\/figure>\n<\/div>\n\n\n\n<p><\/p>","protected":false},"excerpt":{"rendered":"<p>\u00a1RESERVA LA FECHA DE CAMPEONES BEN\u00c9FICOS 2025! El evento ben\u00e9fico de compras navide\u00f1as de Campeones Ben\u00e9ficos\u00ae de Americana Manhasset se llevar\u00e1 a cabo del jueves 4 al s\u00e1bado 6 de diciembre de 2025. Durante este evento especial de tres d\u00edas, 25% de [\u2026]<\/p>","protected":false},"author":5,"featured_media":0,"parent":0,"menu_order":0,"comment_status":"closed","ping_status":"closed","template":"","meta":{"_acf_changed":false,"_tec_requires_first_save":true,"_EventAllDay":false,"_EventTimezone":"","_EventStartDate":"","_EventEndDate":"","_EventStartDateUTC":"","_EventEndDateUTC":"","_EventShowMap":false,"_EventShowMapLink":false,"_EventURL":"","_EventCost":"","_EventCostDescription":"","_EventCurrencySymbol":"","_EventCurrencyCode":"","_EventCurrencyPosition":"","_EventDateTimeSeparator":"","_EventTimeRangeSeparator":"","_EventOrganizerID":[],"_EventVenueID":[],"_OrganizerEmail":"","_OrganizerPhone":"","_OrganizerWebsite":"","_VenueAddress":"","_VenueCity":"","_VenueCountry":"","_VenueProvince":"","_VenueState":"","_VenueZip":"","_VenuePhone":"","_VenueURL":"","_VenueStateProvince":"","_VenueLat":"","_VenueLng":"","_VenueShowMap":false,"_VenueShowMapLink":false,"_tribe_blocks_recurrence_rules":"","_tribe_blocks_recurrence_description":"","_tribe_blocks_recurrence_exclusions":"","footnotes":""},"class_list":["post-8153","page","type-page","status-publish","hentry"],"acf":[],"yoast_head":"<!-- This site is optimized with the Yoast SEO plugin v26.2 - https:\/\/yoast.com\/wordpress\/plugins\/seo\/ -->\n<title>CHAMPIONS FOR CHARITY | Old Westbury Gardens<\/title>\n<meta name=\"robots\" content=\"index, follow, max-snippet:-1, max-image-preview:large, max-video-preview:-1\" \/>\n<link rel=\"canonical\" href=\"https:\/\/www.oldwestburygardens.org\/es\/champions-for-charity\/\" \/>\n<meta property=\"og:locale\" content=\"es_ES\" \/>\n<meta property=\"og:type\" content=\"article\" \/>\n<meta property=\"og:title\" content=\"CHAMPIONS FOR CHARITY | Old Westbury Gardens\" \/>\n<meta property=\"og:description\" content=\"2025 CHAMPIONS FOR CHARITY SAVE THE DATE! Americana Manhasset Champions for Charity\u00ae holiday shopping benefit is Thursday, December 4 through Saturday, December 6, 2025. During this special three-day event,&nbsp;25% of [&hellip;]\" \/>\n<meta property=\"og:url\" content=\"https:\/\/www.oldwestburygardens.org\/es\/champions-for-charity\/\" \/>\n<meta property=\"og:site_name\" content=\"Old Westbury Gardens\" \/>\n<meta property=\"article:modified_time\" content=\"2025-10-03T16:51:49+00:00\" \/>\n<meta property=\"og:image\" content=\"https:\/\/www.oldwestburygardens.org\/wp-content\/uploads\/2025\/10\/C4C_2025_Registration_600px-scaled.jpg\" \/>\n<meta name=\"twitter:card\" content=\"summary_large_image\" \/>\n<meta name=\"twitter:label1\" content=\"Est. reading time\" \/>\n\t<meta name=\"twitter:data1\" content=\"1 minuto\" \/>\n<script type=\"application\/ld+json\" class=\"yoast-schema-graph\">{\"@context\":\"https:\/\/schema.org\",\"@graph\":[{\"@type\":\"WebPage\",\"@id\":\"https:\/\/www.oldwestburygardens.org\/zh\/champions-for-charity\/\",\"url\":\"https:\/\/www.oldwestburygardens.org\/zh\/champions-for-charity\/\",\"name\":\"CHAMPIONS FOR CHARITY | Old Westbury Gardens\",\"isPartOf\":{\"@id\":\"https:\/\/www.oldwestburygardens.org\/ko\/#website\"},\"primaryImageOfPage\":{\"@id\":\"https:\/\/www.oldwestburygardens.org\/zh\/champions-for-charity\/#primaryimage\"},\"image\":{\"@id\":\"https:\/\/www.oldwestburygardens.org\/zh\/champions-for-charity\/#primaryimage\"},\"thumbnailUrl\":\"https:\/\/www.oldwestburygardens.org\/wp-content\/uploads\/2025\/10\/C4C_2025_Registration_600px-scaled.jpg\",\"datePublished\":\"2025-09-15T17:47:12+00:00\",\"dateModified\":\"2025-10-03T16:51:49+00:00\",\"breadcrumb\":{\"@id\":\"https:\/\/www.oldwestburygardens.org\/zh\/champions-for-charity\/#breadcrumb\"},\"inLanguage\":\"es\",\"potentialAction\":[{\"@type\":\"ReadAction\",\"target\":[\"https:\/\/www.oldwestburygardens.org\/zh\/champions-for-charity\/\"]}]},{\"@type\":\"ImageObject\",\"inLanguage\":\"es\",\"@id\":\"https:\/\/www.oldwestburygardens.org\/zh\/champions-for-charity\/#primaryimage\",\"url\":\"https:\/\/www.oldwestburygardens.org\/wp-content\/uploads\/2025\/10\/C4C_2025_Registration_600px-scaled.jpg\",\"contentUrl\":\"https:\/\/www.oldwestburygardens.org\/wp-content\/uploads\/2025\/10\/C4C_2025_Registration_600px-scaled.jpg\"},{\"@type\":\"BreadcrumbList\",\"@id\":\"https:\/\/www.oldwestburygardens.org\/zh\/champions-for-charity\/#breadcrumb\",\"itemListElement\":[{\"@type\":\"ListItem\",\"position\":1,\"name\":\"Home\",\"item\":\"https:\/\/www.oldwestburygardens.org\/\"},{\"@type\":\"ListItem\",\"position\":2,\"name\":\"CHAMPIONS FOR CHARITY\"}]},{\"@type\":\"WebSite\",\"@id\":\"https:\/\/www.oldwestburygardens.org\/ko\/#website\",\"url\":\"https:\/\/www.oldwestburygardens.org\/ko\/\",\"name\":\"Old Westbury Gardens\",\"description\":\"\",\"publisher\":{\"@id\":\"https:\/\/www.oldwestburygardens.org\/ko\/#organization\"},\"potentialAction\":[{\"@type\":\"SearchAction\",\"target\":{\"@type\":\"EntryPoint\",\"urlTemplate\":\"https:\/\/www.oldwestburygardens.org\/ko\/?s={search_term_string}\"},\"query-input\":{\"@type\":\"PropertyValueSpecification\",\"valueRequired\":true,\"valueName\":\"search_term_string\"}}],\"inLanguage\":\"es\"},{\"@type\":\"Organization\",\"@id\":\"https:\/\/www.oldwestburygardens.org\/ko\/#organization\",\"name\":\"Old Westbury Gardens\",\"url\":\"https:\/\/www.oldwestburygardens.org\/ko\/\",\"logo\":{\"@type\":\"ImageObject\",\"inLanguage\":\"es\",\"@id\":\"https:\/\/www.oldwestburygardens.org\/ko\/#\/schema\/logo\/image\/\",\"url\":\"https:\/\/www.oldwestburygardens.org\/wp-content\/uploads\/2025\/03\/OWGlogoforsite.png\",\"contentUrl\":\"https:\/\/www.oldwestburygardens.org\/wp-content\/uploads\/2025\/03\/OWGlogoforsite.png\",\"width\":750,\"height\":173,\"caption\":\"Old Westbury Gardens\"},\"image\":{\"@id\":\"https:\/\/www.oldwestburygardens.org\/ko\/#\/schema\/logo\/image\/\"}}]}<\/script>\n<!-- \/ Yoast SEO plugin. -->","yoast_head_json":{"title":"CAMPEONES DE LA CARIDAD | Jardines de Old Westbury","robots":{"index":"index","follow":"follow","max-snippet":"max-snippet:-1","max-image-preview":"max-image-preview:large","max-video-preview":"max-video-preview:-1"},"canonical":"https:\/\/www.oldwestburygardens.org\/es\/champions-for-charity\/","og_locale":"es_ES","og_type":"article","og_title":"CHAMPIONS FOR CHARITY | Old Westbury Gardens","og_description":"2025 CHAMPIONS FOR CHARITY SAVE THE DATE! Americana Manhasset Champions for Charity\u00ae holiday shopping benefit is Thursday, December 4 through Saturday, December 6, 2025. During this special three-day event,&nbsp;25% of [&hellip;]","og_url":"https:\/\/www.oldwestburygardens.org\/es\/champions-for-charity\/","og_site_name":"Old Westbury Gardens","article_modified_time":"2025-10-03T16:51:49+00:00","og_image":[{"url":"https:\/\/www.oldwestburygardens.org\/wp-content\/uploads\/2025\/10\/C4C_2025_Registration_600px-scaled.jpg","type":"","width":"","height":""}],"twitter_card":"summary_large_image","twitter_misc":{"Est. reading time":"1 minuto"},"schema":{"@context":"https:\/\/schema.org","@graph":[{"@type":"WebPage","@id":"https:\/\/www.oldwestburygardens.org\/zh\/champions-for-charity\/","url":"https:\/\/www.oldwestburygardens.org\/zh\/champions-for-charity\/","name":"CAMPEONES DE LA CARIDAD | Jardines de Old Westbury","isPartOf":{"@id":"https:\/\/www.oldwestburygardens.org\/ko\/#website"},"primaryImageOfPage":{"@id":"https:\/\/www.oldwestburygardens.org\/zh\/champions-for-charity\/#primaryimage"},"image":{"@id":"https:\/\/www.oldwestburygardens.org\/zh\/champions-for-charity\/#primaryimage"},"thumbnailUrl":"https:\/\/www.oldwestburygardens.org\/wp-content\/uploads\/2025\/10\/C4C_2025_Registration_600px-scaled.jpg","datePublished":"2025-09-15T17:47:12+00:00","dateModified":"2025-10-03T16:51:49+00:00","breadcrumb":{"@id":"https:\/\/www.oldwestburygardens.org\/zh\/champions-for-charity\/#breadcrumb"},"inLanguage":"es","potentialAction":[{"@type":"ReadAction","target":["https:\/\/www.oldwestburygardens.org\/zh\/champions-for-charity\/"]}]},{"@type":"ImageObject","inLanguage":"es","@id":"https:\/\/www.oldwestburygardens.org\/zh\/champions-for-charity\/#primaryimage","url":"https:\/\/www.oldwestburygardens.org\/wp-content\/uploads\/2025\/10\/C4C_2025_Registration_600px-scaled.jpg","contentUrl":"https:\/\/www.oldwestburygardens.org\/wp-content\/uploads\/2025\/10\/C4C_2025_Registration_600px-scaled.jpg"},{"@type":"BreadcrumbList","@id":"https:\/\/www.oldwestburygardens.org\/zh\/champions-for-charity\/#breadcrumb","itemListElement":[{"@type":"ListItem","position":1,"name":"Home","item":"https:\/\/www.oldwestburygardens.org\/"},{"@type":"ListItem","position":2,"name":"CHAMPIONS FOR CHARITY"}]},{"@type":"WebSite","@id":"https:\/\/www.oldwestburygardens.org\/ko\/#website","url":"https:\/\/www.oldwestburygardens.org\/ko\/","name":"Jardines del viejo Westbury","description":"","publisher":{"@id":"https:\/\/www.oldwestburygardens.org\/ko\/#organization"},"potentialAction":[{"@type":"SearchAction","target":{"@type":"EntryPoint","urlTemplate":"https:\/\/www.oldwestburygardens.org\/ko\/?s={search_term_string}"},"query-input":{"@type":"PropertyValueSpecification","valueRequired":true,"valueName":"search_term_string"}}],"inLanguage":"es"},{"@type":"Organization","@id":"https:\/\/www.oldwestburygardens.org\/ko\/#organization","name":"Jardines del viejo Westbury","url":"https:\/\/www.oldwestburygardens.org\/ko\/","logo":{"@type":"ImageObject","inLanguage":"es","@id":"https:\/\/www.oldwestburygardens.org\/ko\/#\/schema\/logo\/image\/","url":"https:\/\/www.oldwestburygardens.org\/wp-content\/uploads\/2025\/03\/OWGlogoforsite.png","contentUrl":"https:\/\/www.oldwestburygardens.org\/wp-content\/uploads\/2025\/03\/OWGlogoforsite.png","width":750,"height":173,"caption":"Old Westbury Gardens"},"image":{"@id":"https:\/\/www.oldwestburygardens.org\/ko\/#\/schema\/logo\/image\/"}}]}},"_links":{"self":[{"href":"https:\/\/www.oldwestburygardens.org\/es\/wp-json\/wp\/v2\/pages\/8153","targetHints":{"allow":["GET"]}}],"collection":[{"href":"https:\/\/www.oldwestburygardens.org\/es\/wp-json\/wp\/v2\/pages"}],"about":[{"href":"https:\/\/www.oldwestburygardens.org\/es\/wp-json\/wp\/v2\/types\/page"}],"author":[{"embeddable":true,"href":"https:\/\/www.oldwestburygardens.org\/es\/wp-json\/wp\/v2\/users\/5"}],"replies":[{"embeddable":true,"href":"https:\/\/www.oldwestburygardens.org\/es\/wp-json\/wp\/v2\/comments?post=8153"}],"version-history":[{"count":22,"href":"https:\/\/www.oldwestburygardens.org\/es\/wp-json\/wp\/v2\/pages\/8153\/revisions"}],"predecessor-version":[{"id":8465,"href":"https:\/\/www.oldwestburygardens.org\/es\/wp-json\/wp\/v2\/pages\/8153\/revisions\/8465"}],"wp:attachment":[{"href":"https:\/\/www.oldwestburygardens.org\/es\/wp-json\/wp\/v2\/media?parent=8153"}],"curies":[{"name":"wp","href":"https:\/\/api.w.org\/{rel}","templated":true}]}}