{"id":8199,"date":"2025-09-15T13:48:48","date_gmt":"2025-09-15T17:48:48","guid":{"rendered":"https:\/\/www.oldwestburygardens.org\/?page_id=8199"},"modified":"2025-10-13T10:15:57","modified_gmt":"2025-10-13T14:15:57","slug":"mary-s-phipps-luncheon-for-education","status":"publish","type":"page","link":"https:\/\/www.oldwestburygardens.org\/es\/mary-s-phipps-luncheon-for-education\/","title":{"rendered":"Almuerzo Mary S. Phipps para la Educaci\u00f3n"},"content":{"rendered":"<div class=\"wp-block-group has-global-padding is-layout-constrained wp-block-group-is-layout-constrained\">\n<h2 class=\"wp-block-heading has-text-align-center\">Almuerzo Mary S. Phipps para la Educaci\u00f3n<\/h2>\n\n\n\n<h4 class=\"wp-block-heading has-text-align-center\">Martes 7 de octubre de 2025 a las 12 h<\/h4>\n\n\n\n<hr class=\"wp-block-separator has-alpha-channel-opacity\"\/>\n\n\n\n<p class=\"has-text-align-center\">Desde las c\u00e1lidas conversaciones compartidas alrededor de la mesa hasta el hermoso entorno del Sal\u00f3n Rojo, la inauguraci\u00f3n <strong>Almuerzo Mary S. Phipps para la Educaci\u00f3n<\/strong> Fue una sentida celebraci\u00f3n del aprendizaje, la comunidad y la misi\u00f3n perdurable de Old Westbury Gardens. <\/p>\n\n\n\n<p class=\"has-text-align-center\">Extendemos nuestro m\u00e1s sincero agradecimiento a los copresidentes. <strong>Mar\u00eda Beth Donohue<\/strong> y <strong>Sealy Hopkinson<\/strong> por su liderazgo y a los oradores invitados <strong>Noorain F. Khan<\/strong> y <strong>Karen Lundgard<\/strong> por sus inspiradores homenajes a Mary S. Phipps y su perdurable legado de educaci\u00f3n y compromiso.<\/p>\n\n\n\n<p class=\"has-text-align-center\">\u00a1Gracias a todos los que se unieron a nosotros para honrar las extraordinarias contribuciones de Mary y apoyar los programas educativos que contin\u00faan inspirando a las futuras generaciones!<\/p>\n\n\n\n<hr class=\"wp-block-separator has-alpha-channel-opacity\"\/>\n\n\n\n<div class=\"wp-block-buttons is-content-justification-center is-layout-flex wp-container-core-buttons-is-layout-1 wp-block-buttons-is-layout-flex\">\n<div class=\"wp-block-button is-style-btn-with-arrow is-style-btn-with-arrow--1\"><a class=\"wp-block-button__link wp-element-button\" href=\"https:\/\/www.flickr.com\/photos\/oldwestburygardens\/albums\/72177720329586379\">Ver el \u00e1lbum de fotos<\/a><\/div>\n<\/div>\n\n\n\n<div class=\"wp-block-columns is-layout-flex wp-container-core-columns-is-layout-1 wp-block-columns-is-layout-flex\">\n<div class=\"wp-block-column is-layout-flow wp-block-column-is-layout-flow\">\n<figure class=\"wp-block-gallery has-nested-images columns-default is-cropped wp-block-gallery-2 is-layout-flex wp-block-gallery-is-layout-flex\">\n<figure class=\"wp-block-image size-large\"><img loading=\"lazy\" decoding=\"async\" width=\"622\" height=\"876\" src=\"https:\/\/www.oldwestburygardens.org\/wp-content\/uploads\/2025\/08\/MPL1.png\" alt=\"\" class=\"wp-image-7797\" srcset=\"https:\/\/www.oldwestburygardens.org\/wp-content\/uploads\/2025\/08\/MPL1.png 622w, https:\/\/www.oldwestburygardens.org\/wp-content\/uploads\/2025\/08\/MPL1-213x300.png 213w, https:\/\/www.oldwestburygardens.org\/wp-content\/uploads\/2025\/08\/MPL1-9x12.png 9w\" sizes=\"auto, (max-width: 622px) 100vw, 622px\" \/><\/figure>\n\n\n\n<figure class=\"wp-block-image size-large\"><img loading=\"lazy\" decoding=\"async\" width=\"621\" height=\"874\" src=\"https:\/\/www.oldwestburygardens.org\/wp-content\/uploads\/2025\/08\/MPL2.png\" alt=\"\" class=\"wp-image-7798\" srcset=\"https:\/\/www.oldwestburygardens.org\/wp-content\/uploads\/2025\/08\/MPL2.png 621w, https:\/\/www.oldwestburygardens.org\/wp-content\/uploads\/2025\/08\/MPL2-213x300.png 213w, https:\/\/www.oldwestburygardens.org\/wp-content\/uploads\/2025\/08\/MPL2-9x12.png 9w\" sizes=\"auto, (max-width: 621px) 100vw, 621px\" \/><\/figure>\n<\/figure>\n\n\n\n<figure class=\"wp-block-gallery has-nested-images columns-default is-cropped wp-block-gallery-3 is-layout-flex wp-block-gallery-is-layout-flex\">\n<figure class=\"wp-block-image size-large\"><img loading=\"lazy\" decoding=\"async\" width=\"625\" height=\"873\" src=\"https:\/\/www.oldwestburygardens.org\/wp-content\/uploads\/2025\/08\/MPL3.png\" alt=\"\" class=\"wp-image-7800\" srcset=\"https:\/\/www.oldwestburygardens.org\/wp-content\/uploads\/2025\/08\/MPL3.png 625w, https:\/\/www.oldwestburygardens.org\/wp-content\/uploads\/2025\/08\/MPL3-215x300.png 215w, https:\/\/www.oldwestburygardens.org\/wp-content\/uploads\/2025\/08\/MPL3-9x12.png 9w\" sizes=\"auto, (max-width: 625px) 100vw, 625px\" \/><\/figure>\n\n\n\n<figure class=\"wp-block-image size-full wp-duotone-grayscale\"><img loading=\"lazy\" decoding=\"async\" width=\"555\" height=\"856\" src=\"https:\/\/www.oldwestburygardens.org\/wp-content\/uploads\/2025\/10\/MPL-Supporters-10.3.25.png\" alt=\"\" class=\"wp-image-8591\" srcset=\"https:\/\/www.oldwestburygardens.org\/wp-content\/uploads\/2025\/10\/MPL-Supporters-10.3.25.png 555w, https:\/\/www.oldwestburygardens.org\/wp-content\/uploads\/2025\/10\/MPL-Supporters-10.3.25-195x300.png 195w, https:\/\/www.oldwestburygardens.org\/wp-content\/uploads\/2025\/10\/MPL-Supporters-10.3.25-8x12.png 8w\" sizes=\"auto, (max-width: 555px) 100vw, 555px\" \/><\/figure>\n<\/figure>\n<\/div>\n<\/div>\n\n\n\n<hr class=\"wp-block-separator has-alpha-channel-opacity\"\/>\n<\/div>\n\n\n\n<p><\/p>","protected":false},"excerpt":{"rendered":"<p>Almuerzo ben\u00e9fico Mary S. Phipps para la educaci\u00f3n. Martes 7 de octubre de 2025 a las 12:00 h. Desde las c\u00e1lidas conversaciones compartidas alrededor de la mesa hasta el hermoso entorno del Sal\u00f3n Rojo, el evento inaugural [\u2026]<\/p>","protected":false},"author":5,"featured_media":0,"parent":0,"menu_order":0,"comment_status":"closed","ping_status":"closed","template":"","meta":{"_acf_changed":false,"_tec_requires_first_save":true,"_EventAllDay":false,"_EventTimezone":"","_EventStartDate":"","_EventEndDate":"","_EventStartDateUTC":"","_EventEndDateUTC":"","_EventShowMap":false,"_EventShowMapLink":false,"_EventURL":"","_EventCost":"","_EventCostDescription":"","_EventCurrencySymbol":"","_EventCurrencyCode":"","_EventCurrencyPosition":"","_EventDateTimeSeparator":"","_EventTimeRangeSeparator":"","_EventOrganizerID":[],"_EventVenueID":[],"_OrganizerEmail":"","_OrganizerPhone":"","_OrganizerWebsite":"","_VenueAddress":"","_VenueCity":"","_VenueCountry":"","_VenueProvince":"","_VenueState":"","_VenueZip":"","_VenuePhone":"","_VenueURL":"","_VenueStateProvince":"","_VenueLat":"","_VenueLng":"","_VenueShowMap":false,"_VenueShowMapLink":false,"_tribe_blocks_recurrence_rules":"","_tribe_blocks_recurrence_description":"","_tribe_blocks_recurrence_exclusions":"","footnotes":""},"class_list":["post-8199","page","type-page","status-publish","hentry"],"acf":[],"yoast_head":"<!-- This site is optimized with the Yoast SEO plugin v26.2 - https:\/\/yoast.com\/wordpress\/plugins\/seo\/ -->\n<title>Mary S. Phipps Luncheon for Education | Old Westbury Gardens<\/title>\n<meta name=\"robots\" content=\"index, follow, max-snippet:-1, max-image-preview:large, max-video-preview:-1\" \/>\n<link rel=\"canonical\" href=\"https:\/\/www.oldwestburygardens.org\/es\/mary-s-phipps-luncheon-for-education\/\" \/>\n<meta property=\"og:locale\" content=\"es_ES\" \/>\n<meta property=\"og:type\" content=\"article\" \/>\n<meta property=\"og:title\" content=\"Mary S. Phipps Luncheon for Education | Old Westbury Gardens\" \/>\n<meta property=\"og:description\" content=\"Mary S. Phipps Luncheon for Education Tuesday, October 7, 2025 at 12pm From the warm conversations shared around the table to the beautiful setting of the Red Ballroom, the inaugural [&hellip;]\" \/>\n<meta property=\"og:url\" content=\"https:\/\/www.oldwestburygardens.org\/es\/mary-s-phipps-luncheon-for-education\/\" \/>\n<meta property=\"og:site_name\" content=\"Old Westbury Gardens\" \/>\n<meta property=\"article:modified_time\" content=\"2025-10-13T14:15:57+00:00\" \/>\n<meta property=\"og:image\" content=\"https:\/\/www.oldwestburygardens.org\/wp-content\/uploads\/2025\/08\/MPL1.png\" \/>\n<meta name=\"twitter:card\" content=\"summary_large_image\" \/>\n<meta name=\"twitter:label1\" content=\"Est. reading time\" \/>\n\t<meta name=\"twitter:data1\" content=\"2 minutos\" \/>\n<script type=\"application\/ld+json\" class=\"yoast-schema-graph\">{\"@context\":\"https:\/\/schema.org\",\"@graph\":[{\"@type\":\"WebPage\",\"@id\":\"https:\/\/www.oldwestburygardens.org\/mary-s-phipps-luncheon-for-education\/\",\"url\":\"https:\/\/www.oldwestburygardens.org\/mary-s-phipps-luncheon-for-education\/\",\"name\":\"Mary S. Phipps Luncheon for Education | Old Westbury Gardens\",\"isPartOf\":{\"@id\":\"https:\/\/www.oldwestburygardens.org\/ko\/#website\"},\"primaryImageOfPage\":{\"@id\":\"https:\/\/www.oldwestburygardens.org\/mary-s-phipps-luncheon-for-education\/#primaryimage\"},\"image\":{\"@id\":\"https:\/\/www.oldwestburygardens.org\/mary-s-phipps-luncheon-for-education\/#primaryimage\"},\"thumbnailUrl\":\"https:\/\/www.oldwestburygardens.org\/wp-content\/uploads\/2025\/08\/MPL1.png\",\"datePublished\":\"2025-09-15T17:48:48+00:00\",\"dateModified\":\"2025-10-13T14:15:57+00:00\",\"breadcrumb\":{\"@id\":\"https:\/\/www.oldwestburygardens.org\/mary-s-phipps-luncheon-for-education\/#breadcrumb\"},\"inLanguage\":\"es\",\"potentialAction\":[{\"@type\":\"ReadAction\",\"target\":[\"https:\/\/www.oldwestburygardens.org\/mary-s-phipps-luncheon-for-education\/\"]}]},{\"@type\":\"ImageObject\",\"inLanguage\":\"es\",\"@id\":\"https:\/\/www.oldwestburygardens.org\/mary-s-phipps-luncheon-for-education\/#primaryimage\",\"url\":\"https:\/\/www.oldwestburygardens.org\/wp-content\/uploads\/2025\/08\/MPL1.png\",\"contentUrl\":\"https:\/\/www.oldwestburygardens.org\/wp-content\/uploads\/2025\/08\/MPL1.png\"},{\"@type\":\"BreadcrumbList\",\"@id\":\"https:\/\/www.oldwestburygardens.org\/mary-s-phipps-luncheon-for-education\/#breadcrumb\",\"itemListElement\":[{\"@type\":\"ListItem\",\"position\":1,\"name\":\"Home\",\"item\":\"https:\/\/www.oldwestburygardens.org\/\"},{\"@type\":\"ListItem\",\"position\":2,\"name\":\"Mary S. Phipps Luncheon for Education\"}]},{\"@type\":\"WebSite\",\"@id\":\"https:\/\/www.oldwestburygardens.org\/ko\/#website\",\"url\":\"https:\/\/www.oldwestburygardens.org\/ko\/\",\"name\":\"Old Westbury Gardens\",\"description\":\"\",\"publisher\":{\"@id\":\"https:\/\/www.oldwestburygardens.org\/ko\/#organization\"},\"potentialAction\":[{\"@type\":\"SearchAction\",\"target\":{\"@type\":\"EntryPoint\",\"urlTemplate\":\"https:\/\/www.oldwestburygardens.org\/ko\/?s={search_term_string}\"},\"query-input\":{\"@type\":\"PropertyValueSpecification\",\"valueRequired\":true,\"valueName\":\"search_term_string\"}}],\"inLanguage\":\"es\"},{\"@type\":\"Organization\",\"@id\":\"https:\/\/www.oldwestburygardens.org\/ko\/#organization\",\"name\":\"Old Westbury Gardens\",\"url\":\"https:\/\/www.oldwestburygardens.org\/ko\/\",\"logo\":{\"@type\":\"ImageObject\",\"inLanguage\":\"es\",\"@id\":\"https:\/\/www.oldwestburygardens.org\/ko\/#\/schema\/logo\/image\/\",\"url\":\"https:\/\/www.oldwestburygardens.org\/wp-content\/uploads\/2025\/03\/OWGlogoforsite.png\",\"contentUrl\":\"https:\/\/www.oldwestburygardens.org\/wp-content\/uploads\/2025\/03\/OWGlogoforsite.png\",\"width\":750,\"height\":173,\"caption\":\"Old Westbury Gardens\"},\"image\":{\"@id\":\"https:\/\/www.oldwestburygardens.org\/ko\/#\/schema\/logo\/image\/\"}}]}<\/script>\n<!-- \/ Yoast SEO plugin. -->","yoast_head_json":{"title":"Almuerzo ben\u00e9fico Mary S. Phipps para la educaci\u00f3n | Jardines de Old Westbury","robots":{"index":"index","follow":"follow","max-snippet":"max-snippet:-1","max-image-preview":"max-image-preview:large","max-video-preview":"max-video-preview:-1"},"canonical":"https:\/\/www.oldwestburygardens.org\/es\/mary-s-phipps-luncheon-for-education\/","og_locale":"es_ES","og_type":"article","og_title":"Mary S. Phipps Luncheon for Education | Old Westbury Gardens","og_description":"Mary S. Phipps Luncheon for Education Tuesday, October 7, 2025 at 12pm From the warm conversations shared around the table to the beautiful setting of the Red Ballroom, the inaugural [&hellip;]","og_url":"https:\/\/www.oldwestburygardens.org\/es\/mary-s-phipps-luncheon-for-education\/","og_site_name":"Old Westbury Gardens","article_modified_time":"2025-10-13T14:15:57+00:00","og_image":[{"url":"https:\/\/www.oldwestburygardens.org\/wp-content\/uploads\/2025\/08\/MPL1.png","type":"","width":"","height":""}],"twitter_card":"summary_large_image","twitter_misc":{"Est. reading time":"2 minutos"},"schema":{"@context":"https:\/\/schema.org","@graph":[{"@type":"WebPage","@id":"https:\/\/www.oldwestburygardens.org\/mary-s-phipps-luncheon-for-education\/","url":"https:\/\/www.oldwestburygardens.org\/mary-s-phipps-luncheon-for-education\/","name":"Almuerzo ben\u00e9fico Mary S. Phipps para la educaci\u00f3n | Jardines de Old Westbury","isPartOf":{"@id":"https:\/\/www.oldwestburygardens.org\/ko\/#website"},"primaryImageOfPage":{"@id":"https:\/\/www.oldwestburygardens.org\/mary-s-phipps-luncheon-for-education\/#primaryimage"},"image":{"@id":"https:\/\/www.oldwestburygardens.org\/mary-s-phipps-luncheon-for-education\/#primaryimage"},"thumbnailUrl":"https:\/\/www.oldwestburygardens.org\/wp-content\/uploads\/2025\/08\/MPL1.png","datePublished":"2025-09-15T17:48:48+00:00","dateModified":"2025-10-13T14:15:57+00:00","breadcrumb":{"@id":"https:\/\/www.oldwestburygardens.org\/mary-s-phipps-luncheon-for-education\/#breadcrumb"},"inLanguage":"es","potentialAction":[{"@type":"ReadAction","target":["https:\/\/www.oldwestburygardens.org\/mary-s-phipps-luncheon-for-education\/"]}]},{"@type":"ImageObject","inLanguage":"es","@id":"https:\/\/www.oldwestburygardens.org\/mary-s-phipps-luncheon-for-education\/#primaryimage","url":"https:\/\/www.oldwestburygardens.org\/wp-content\/uploads\/2025\/08\/MPL1.png","contentUrl":"https:\/\/www.oldwestburygardens.org\/wp-content\/uploads\/2025\/08\/MPL1.png"},{"@type":"BreadcrumbList","@id":"https:\/\/www.oldwestburygardens.org\/mary-s-phipps-luncheon-for-education\/#breadcrumb","itemListElement":[{"@type":"ListItem","position":1,"name":"Home","item":"https:\/\/www.oldwestburygardens.org\/"},{"@type":"ListItem","position":2,"name":"Mary S. Phipps Luncheon for Education"}]},{"@type":"WebSite","@id":"https:\/\/www.oldwestburygardens.org\/ko\/#website","url":"https:\/\/www.oldwestburygardens.org\/ko\/","name":"Jardines del viejo Westbury","description":"","publisher":{"@id":"https:\/\/www.oldwestburygardens.org\/ko\/#organization"},"potentialAction":[{"@type":"SearchAction","target":{"@type":"EntryPoint","urlTemplate":"https:\/\/www.oldwestburygardens.org\/ko\/?s={search_term_string}"},"query-input":{"@type":"PropertyValueSpecification","valueRequired":true,"valueName":"search_term_string"}}],"inLanguage":"es"},{"@type":"Organization","@id":"https:\/\/www.oldwestburygardens.org\/ko\/#organization","name":"Jardines del viejo Westbury","url":"https:\/\/www.oldwestburygardens.org\/ko\/","logo":{"@type":"ImageObject","inLanguage":"es","@id":"https:\/\/www.oldwestburygardens.org\/ko\/#\/schema\/logo\/image\/","url":"https:\/\/www.oldwestburygardens.org\/wp-content\/uploads\/2025\/03\/OWGlogoforsite.png","contentUrl":"https:\/\/www.oldwestburygardens.org\/wp-content\/uploads\/2025\/03\/OWGlogoforsite.png","width":750,"height":173,"caption":"Old Westbury Gardens"},"image":{"@id":"https:\/\/www.oldwestburygardens.org\/ko\/#\/schema\/logo\/image\/"}}]}},"_links":{"self":[{"href":"https:\/\/www.oldwestburygardens.org\/es\/wp-json\/wp\/v2\/pages\/8199","targetHints":{"allow":["GET"]}}],"collection":[{"href":"https:\/\/www.oldwestburygardens.org\/es\/wp-json\/wp\/v2\/pages"}],"about":[{"href":"https:\/\/www.oldwestburygardens.org\/es\/wp-json\/wp\/v2\/types\/page"}],"author":[{"embeddable":true,"href":"https:\/\/www.oldwestburygardens.org\/es\/wp-json\/wp\/v2\/users\/5"}],"replies":[{"embeddable":true,"href":"https:\/\/www.oldwestburygardens.org\/es\/wp-json\/wp\/v2\/comments?post=8199"}],"version-history":[{"count":7,"href":"https:\/\/www.oldwestburygardens.org\/es\/wp-json\/wp\/v2\/pages\/8199\/revisions"}],"predecessor-version":[{"id":8592,"href":"https:\/\/www.oldwestburygardens.org\/es\/wp-json\/wp\/v2\/pages\/8199\/revisions\/8592"}],"wp:attachment":[{"href":"https:\/\/www.oldwestburygardens.org\/es\/wp-json\/wp\/v2\/media?parent=8199"}],"curies":[{"name":"wp","href":"https:\/\/api.w.org\/{rel}","templated":true}]}}