{"id":8251,"date":"2025-09-19T17:45:59","date_gmt":"2025-09-19T21:45:59","guid":{"rendered":"https:\/\/www.oldwestburygardens.org\/?page_id=8251"},"modified":"2025-10-13T13:11:59","modified_gmt":"2025-10-13T17:11:59","slug":"art-exhibition","status":"publish","type":"page","link":"https:\/\/www.oldwestburygardens.org\/es\/art-exhibition\/","title":{"rendered":"EXPOSICI\u00d3N DE ARTE"},"content":{"rendered":"<section id=\"owg-page-header-v2 block_8fbe9e4810fcbe0ad46f159058ac3f1c\" class=\"owg-page-header-v2 has-transparent-background-color alignfull\">\n\n    <div class=\"owg-page-header-inner\">\n            \n\n<div class=\"wp-block-cover alignfull\" style=\"min-height:300px;aspect-ratio:unset;\"><span aria-hidden=\"true\" class=\"wp-block-cover__background has-background-dim-0 has-background-dim\" style=\"background-color:#537086\"><\/span><img decoding=\"async\" src=\"https:\/\/www.oldwestburygardens.org\/wp-content\/uploads\/2025\/09\/IMG_6766.jpg\" class=\"wp-block-cover__image-background wp-post-image\" alt=\"\" data-object-fit=\"cover\" data-object-position=\"47% 67%\" style=\"object-position:47% 67%;\" \/><div class=\"wp-block-cover__inner-container is-layout-flow wp-block-cover-is-layout-flow\">\n<div class=\"wp-block-group is-layout-flow wp-block-group-is-layout-flow\" style=\"padding-top:20px;padding-right:20px;padding-bottom:20px;padding-left:20px\"><h1 class=\"has-text-align-center wp-block-post-title has-text-color has-garden-brown-color\">EXPOSICI\u00d3N DE ARTE<\/h1><\/div>\n<\/div><\/div>\n\n\n    <\/div>\n\n\n            <nav class=\"owg-page-header-inner__breadcrumbs\" aria-label=\"Migaja de pan\">\n            <a href=\"https:\/\/www.oldwestburygardens.org\/es\/\">Hogar<\/a>\n\n             | <span>EXPOSICI\u00d3N DE ARTE<\/span>        <\/nav>\n    \n<\/section>\n\n\n<div class=\"wp-block-group has-global-padding is-layout-constrained wp-block-group-is-layout-constrained\">\n<h5 class=\"wp-block-heading has-text-align-center\"><strong>Old Westbury Gardens, en asociaci\u00f3n con la Galer\u00eda Leila Heller, se enorgullece de presentar <\/strong><\/h5>\n\n\n\n<h2 class=\"wp-block-heading has-text-align-center\"><strong><em>In Situ: Las obras de Juan Clemente<\/em> <em>en los jardines de Old Westbury<\/em> <\/strong><\/h2>\n\n\n\n<div style=\"height:44px\" aria-hidden=\"true\" class=\"wp-block-spacer\"><\/div>\n\n\n\n<div class=\"wp-block-columns is-layout-flex wp-container-core-columns-is-layout-1 wp-block-columns-is-layout-flex\">\n<div class=\"wp-block-column is-layout-flow wp-block-column-is-layout-flow\" style=\"flex-basis:66.66%\">\n<p>Esta sorprendente exposici\u00f3n al aire libre presenta <strong>siete (7)<\/strong> Las din\u00e1micas esculturas de acero y aluminio del artista John Clement instaladas en los jardines invitan a los visitantes a encontrarse con el arte y el paisaje en di\u00e1logo.<\/p>\n\n\n\n<p><strong>En exposici\u00f3n hasta el 31 de octubre<\/strong>Las obras transforman vistas familiares con amplias curvas y formas audaces que cambian con la luz y la perspectiva.<\/p>\n\n\n\n<p>Las esculturas est\u00e1n ubicadas en el camino que conduce hacia Primrose Path y sus alrededores, y junto a Thatched Cottage.<\/p>\n\n\n\n<p>En conjunto, las obras enriquecen la experiencia del visitante, a\u00f1adiendo una nueva y sorprendente dimensi\u00f3n a la belleza de Old Westbury Gardens.<\/p>\n\n\n\n<p>Esta exposici\u00f3n est\u00e1 incluida en la entrada.<\/p>\n<\/div>\n\n\n\n<div class=\"wp-block-column is-layout-flow wp-block-column-is-layout-flow\" style=\"flex-basis:33.33%\">\n<figure class=\"wp-block-image aligncenter size-full is-resized\"><img decoding=\"async\" src=\"https:\/\/www.oldwestburygardens.org\/wp-content\/uploads\/2025\/09\/IMG_6765.jpg\" alt=\"\" class=\"wp-image-8277\" style=\"width:231px;height:auto\"\/><figcaption class=\"wp-element-caption\"><strong><em>Mariposa<\/em><\/strong>, 2023<\/figcaption><\/figure>\n<\/div>\n<\/div>\n\n\n\n<hr class=\"wp-block-separator has-alpha-channel-opacity\"\/>\n\n\n\n<p><strong>SOBRE EL ARTISTA<\/strong><\/p>\n\n\n\n<div class=\"wp-block-columns is-layout-flex wp-container-core-columns-is-layout-2 wp-block-columns-is-layout-flex\">\n<div class=\"wp-block-column is-layout-flow wp-block-column-is-layout-flow\" style=\"flex-basis:66.66%\">\n<p><strong>Juan Clemente<\/strong> (n. 1969, EE. UU.) es un escultor residente en Nueva York, conocido por sus atrevidas y curvil\u00edneas obras de acero que transforman materiales industriales en formas l\u00fadicas y din\u00e1micas. Ex aprendiz de los escultores Mark di Suvero y John Henry, Clement perpet\u00faa la tradici\u00f3n constructivista con un vocabulario distintivo de l\u00edneas curvas y arqueadas que evocan energ\u00eda, movimiento y alegr\u00eda.<\/p>\n\n\n\n<p>Estudi\u00f3 en la Universidad de Pensilvania y en la Escuela de Artes Visuales antes de establecer su propio estudio en la d\u00e9cada de 1990. Trabajando principalmente con tubos de acero y aluminio, Clement dobla, suelda y pinta cada pieza a mano, desde \u00edntimas obras de mesa hasta monumentales esculturas p\u00fablicas instaladas en todo Estados Unidos y el mundo.<\/p>\n\n\n\n<p>Su obra se ha exhibido ampliamente, incluyendo exposiciones individuales en la Galer\u00eda Leila Heller y colectivas en instituciones como KANEKO. La vibrante paleta de Clement y sus formas precisas ofrecen una nueva perspectiva de la abstracci\u00f3n escult\u00f3rica, equilibrando la ingenier\u00eda con la expresividad.<\/p>\n\n\n\n<blockquote class=\"wp-block-quote is-layout-flow wp-block-quote-is-layout-flow\">\n<p><mark style=\"background-color:rgba(0, 0, 0, 0)\" class=\"has-inline-color has-primary-text-color\">Las formas espirales de las figuras cil\u00edndricas ejercen una fascinaci\u00f3n tan profundamente ligada a la vida que parecen ser la ra\u00edz de la misma. Desde el ADN hasta las espirales gal\u00e1cticas, el entrelazamiento de estas formas est\u00e1 siempre presente para los humanos. John Clement ha tejido esta energ\u00eda con una maestr\u00eda consumada y una brillante elecci\u00f3n de color, de modo que estas obras poseen tanto fuerza como elegancia. Su habilidad para manejar el acero y el aluminio posee una gracia que hace que este trabajo parezca f\u00e1cil de lograr, pero eso es enga\u00f1oso: doblar, unir, soldar y esmerilar son complejos, dif\u00edciles y requieren un conocimiento profundo del material. Su fuerza y sentido de la belleza me hacen evidente que John Clement es un artista talentoso e importante.<\/mark><\/p>\n\n\n\n<p>\u2013 Mark Di Suvero, escultor<\/p>\n<\/blockquote>\n<\/div>\n\n\n\n<div class=\"wp-block-column is-layout-flow wp-block-column-is-layout-flow\" style=\"flex-basis:33.33%\">\n<figure class=\"wp-block-image aligncenter size-full is-resized\"><img loading=\"lazy\" decoding=\"async\" width=\"768\" height=\"1024\" src=\"https:\/\/www.oldwestburygardens.org\/wp-content\/uploads\/2025\/09\/A0881FE4-583C-4340-91DA-1083704A7108_1_105_c.jpeg\" alt=\"\" class=\"wp-image-8263\" style=\"width:228px;height:auto\" srcset=\"https:\/\/www.oldwestburygardens.org\/wp-content\/uploads\/2025\/09\/A0881FE4-583C-4340-91DA-1083704A7108_1_105_c.jpeg 768w, https:\/\/www.oldwestburygardens.org\/wp-content\/uploads\/2025\/09\/A0881FE4-583C-4340-91DA-1083704A7108_1_105_c-225x300.jpeg 225w, https:\/\/www.oldwestburygardens.org\/wp-content\/uploads\/2025\/09\/A0881FE4-583C-4340-91DA-1083704A7108_1_105_c-9x12.jpeg 9w\" sizes=\"auto, (max-width: 768px) 100vw, 768px\" \/><figcaption class=\"wp-element-caption\"><strong>Juan Clemente<\/strong><\/figcaption><\/figure>\n\n\n\n<figure class=\"wp-block-image aligncenter size-full is-resized\"><img loading=\"lazy\" decoding=\"async\" width=\"1920\" height=\"2560\" src=\"https:\/\/www.oldwestburygardens.org\/wp-content\/uploads\/2025\/09\/IMG_6763-scaled.jpg\" alt=\"\" class=\"wp-image-8265\" style=\"width:212px;height:auto\" srcset=\"https:\/\/www.oldwestburygardens.org\/wp-content\/uploads\/2025\/09\/IMG_6763-scaled.jpg 1920w, https:\/\/www.oldwestburygardens.org\/wp-content\/uploads\/2025\/09\/IMG_6763-225x300.jpg 225w\" sizes=\"auto, (max-width: 1920px) 100vw, 1920px\" \/><figcaption class=\"wp-element-caption\"><strong><em>Correcaminos<\/em><\/strong>, 2023<\/figcaption><\/figure>\n<\/div>\n<\/div>\n\n\n\n<hr class=\"wp-block-separator has-alpha-channel-opacity\"\/>\n\n\n\n<p><strong>DECLARACI\u00d3N DEL ARTISTA<\/strong><\/p>\n\n\n\n<div class=\"wp-block-columns is-layout-flex wp-container-core-columns-is-layout-3 wp-block-columns-is-layout-flex\">\n<div class=\"wp-block-column is-layout-flow wp-block-column-is-layout-flow\" style=\"flex-basis:66.66%\">\n<p>La escultura de John Clement captura la arquitectura invisible de la emoci\u00f3n: los arcos y las tensiones, las fuerzas invisibles que moldean nuestro mundo interior. Trabajando en acero y aluminio, Clement moldea materiales industriales en formas que resultan inesperadamente \u00edntimas. Sus amplias curvas y elegantes bucles hablan en el lenguaje del gesto y la gravedad: una mano extendida, una respiraci\u00f3n contenida, un coraz\u00f3n en movimiento.<\/p>\n\n\n\n<p>Asociados desde hace tiempo con la monumentalidad y la fuerza, el acero y el aluminio se transforman en algo m\u00e1s en las manos de Clement: receptivos, elegantes, incluso tiernos. No fuerza el material a imitar la vida, sino que revela su capacidad para reflejar nuestras experiencias m\u00e1s humanas. Sus formas no narran; resuenan. Ofrecen espacio para lo que se siente, pero no siempre se ve: el amor, el recuerdo, la conexi\u00f3n, el anhelo.<\/p>\n\n\n\n<p>Mientras que sus obras p\u00fablicas a gran escala dominan el espacio y la energ\u00eda, las esculturas m\u00e1s peque\u00f1as de Clement invitan a la proximidad y la reflexi\u00f3n. Ya sea elev\u00e1ndose hacia el horizonte o en un discreto equilibrio, cada pieza es un estudio de equilibrio: entre estructura y suavidad, peso y sustentaci\u00f3n, permanencia y movimiento. La obra es a la vez f\u00edsica y emocional, una especie de coreograf\u00eda silenciosa donde la forma se convierte en sentimiento.<\/p>\n\n\n\n<p>En esencia, la pr\u00e1ctica de Clement es una exploraci\u00f3n de c\u00f3mo se mueven los materiales y c\u00f3mo, a trav\u00e9s de ellos, nos conmuevemos. Sus esculturas no solo ocupan el espacio; lo moldean. Nos atrapan en un instante. Y en esa pausa, nos recuerdan que incluso los materiales m\u00e1s resistentes pueden transportar la ligereza del alma.<\/p>\n<\/div>\n\n\n\n<div class=\"wp-block-column is-layout-flow wp-block-column-is-layout-flow\" style=\"flex-basis:33.33%\">\n<figure class=\"wp-block-image aligncenter size-full is-resized\"><img decoding=\"async\" src=\"https:\/\/www.oldwestburygardens.org\/wp-content\/uploads\/2025\/09\/IMG_6769.jpg\" alt=\"\" class=\"wp-image-8264\" style=\"width:223px;height:auto\"\/><figcaption class=\"wp-element-caption\"><strong><em>Dinosaurio<\/em><\/strong>, 2023<\/figcaption><\/figure>\n<\/div>\n<\/div>\n\n\n\n<div class=\"wp-block-buttons is-layout-flex wp-block-buttons-is-layout-flex\">\n<div class=\"wp-block-button is-style-btn-owg-secondary is-style-btn-owg-secondary--1\"><a class=\"wp-block-button__link wp-element-button\" href=\"https:\/\/www.johnclementstudio.com\/\">sitio web del artista<\/a><\/div>\n<\/div>\n\n\n\n<p>Para consultas de ventas, comun\u00edquese con el <strong>Galer\u00eda Leila Heller<\/strong> al +1 212 249 7695 o <a href=\"mailto:info@leilahellergallery.com\">info@leilahellergallery.com<\/a><br><\/p>\n<\/div>","protected":false},"excerpt":{"rendered":"<p>Old Westbury Gardens, en asociaci\u00f3n con la Galer\u00eda Leila Heller, se enorgullece de presentar In Situ: The Works of John Clement en Old Westbury Gardens. Esta sorprendente exposici\u00f3n al aire libre presenta [\u2026]<\/p>","protected":false},"author":5,"featured_media":8259,"parent":0,"menu_order":0,"comment_status":"closed","ping_status":"closed","template":"","meta":{"_acf_changed":false,"_tec_requires_first_save":true,"_EventAllDay":false,"_EventTimezone":"","_EventStartDate":"","_EventEndDate":"","_EventStartDateUTC":"","_EventEndDateUTC":"","_EventShowMap":false,"_EventShowMapLink":false,"_EventURL":"","_EventCost":"","_EventCostDescription":"","_EventCurrencySymbol":"","_EventCurrencyCode":"","_EventCurrencyPosition":"","_EventDateTimeSeparator":"","_EventTimeRangeSeparator":"","_EventOrganizerID":[],"_EventVenueID":[],"_OrganizerEmail":"","_OrganizerPhone":"","_OrganizerWebsite":"","_VenueAddress":"","_VenueCity":"","_VenueCountry":"","_VenueProvince":"","_VenueState":"","_VenueZip":"","_VenuePhone":"","_VenueURL":"","_VenueStateProvince":"","_VenueLat":"","_VenueLng":"","_VenueShowMap":false,"_VenueShowMapLink":false,"_tribe_blocks_recurrence_rules":"","_tribe_blocks_recurrence_description":"","_tribe_blocks_recurrence_exclusions":"","footnotes":""},"class_list":["post-8251","page","type-page","status-publish","has-post-thumbnail","hentry"],"acf":[],"yoast_head":"<!-- This site is optimized with the Yoast SEO plugin v26.2 - https:\/\/yoast.com\/wordpress\/plugins\/seo\/ -->\n<title>ART EXHIBITION | Old Westbury Gardens<\/title>\n<meta name=\"robots\" content=\"index, follow, max-snippet:-1, max-image-preview:large, max-video-preview:-1\" \/>\n<link rel=\"canonical\" href=\"https:\/\/www.oldwestburygardens.org\/es\/art-exhibition\/\" \/>\n<meta property=\"og:locale\" content=\"es_ES\" \/>\n<meta property=\"og:type\" content=\"article\" \/>\n<meta property=\"og:title\" content=\"ART EXHIBITION | Old Westbury Gardens\" \/>\n<meta property=\"og:description\" content=\"Old Westbury Gardens, in association with the Leila Heller Gallery, is proud to present In Situ: The Works of John Clement at Old Westbury Gardens This striking outdoor exhibition features [&hellip;]\" \/>\n<meta property=\"og:url\" content=\"https:\/\/www.oldwestburygardens.org\/es\/art-exhibition\/\" \/>\n<meta property=\"og:site_name\" content=\"Old Westbury Gardens\" \/>\n<meta property=\"article:modified_time\" content=\"2025-10-13T17:11:59+00:00\" \/>\n<meta property=\"og:image\" content=\"https:\/\/www.oldwestburygardens.org\/wp-content\/uploads\/2025\/09\/IMG_6766.jpg\" \/>\n\t<meta property=\"og:image:width\" content=\"1\" \/>\n\t<meta property=\"og:image:height\" content=\"1\" \/>\n\t<meta property=\"og:image:type\" content=\"image\/jpeg\" \/>\n<meta name=\"twitter:card\" content=\"summary_large_image\" \/>\n<meta name=\"twitter:label1\" content=\"Est. reading time\" \/>\n\t<meta name=\"twitter:data1\" content=\"4 minutos\" \/>\n<script type=\"application\/ld+json\" class=\"yoast-schema-graph\">{\"@context\":\"https:\/\/schema.org\",\"@graph\":[{\"@type\":\"WebPage\",\"@id\":\"https:\/\/www.oldwestburygardens.org\/zh\/art-exhibition\/\",\"url\":\"https:\/\/www.oldwestburygardens.org\/zh\/art-exhibition\/\",\"name\":\"ART EXHIBITION | Old Westbury Gardens\",\"isPartOf\":{\"@id\":\"https:\/\/www.oldwestburygardens.org\/ko\/#website\"},\"primaryImageOfPage\":{\"@id\":\"https:\/\/www.oldwestburygardens.org\/zh\/art-exhibition\/#primaryimage\"},\"image\":{\"@id\":\"https:\/\/www.oldwestburygardens.org\/zh\/art-exhibition\/#primaryimage\"},\"thumbnailUrl\":\"https:\/\/www.oldwestburygardens.org\/wp-content\/uploads\/2025\/09\/IMG_6766.jpg\",\"datePublished\":\"2025-09-19T21:45:59+00:00\",\"dateModified\":\"2025-10-13T17:11:59+00:00\",\"breadcrumb\":{\"@id\":\"https:\/\/www.oldwestburygardens.org\/zh\/art-exhibition\/#breadcrumb\"},\"inLanguage\":\"es\",\"potentialAction\":[{\"@type\":\"ReadAction\",\"target\":[\"https:\/\/www.oldwestburygardens.org\/zh\/art-exhibition\/\"]}]},{\"@type\":\"ImageObject\",\"inLanguage\":\"es\",\"@id\":\"https:\/\/www.oldwestburygardens.org\/zh\/art-exhibition\/#primaryimage\",\"url\":\"https:\/\/www.oldwestburygardens.org\/wp-content\/uploads\/2025\/09\/IMG_6766.jpg\",\"contentUrl\":\"https:\/\/www.oldwestburygardens.org\/wp-content\/uploads\/2025\/09\/IMG_6766.jpg\"},{\"@type\":\"BreadcrumbList\",\"@id\":\"https:\/\/www.oldwestburygardens.org\/zh\/art-exhibition\/#breadcrumb\",\"itemListElement\":[{\"@type\":\"ListItem\",\"position\":1,\"name\":\"Home\",\"item\":\"https:\/\/www.oldwestburygardens.org\/\"},{\"@type\":\"ListItem\",\"position\":2,\"name\":\"ART EXHIBITION\"}]},{\"@type\":\"WebSite\",\"@id\":\"https:\/\/www.oldwestburygardens.org\/ko\/#website\",\"url\":\"https:\/\/www.oldwestburygardens.org\/ko\/\",\"name\":\"Old Westbury Gardens\",\"description\":\"\",\"publisher\":{\"@id\":\"https:\/\/www.oldwestburygardens.org\/ko\/#organization\"},\"potentialAction\":[{\"@type\":\"SearchAction\",\"target\":{\"@type\":\"EntryPoint\",\"urlTemplate\":\"https:\/\/www.oldwestburygardens.org\/ko\/?s={search_term_string}\"},\"query-input\":{\"@type\":\"PropertyValueSpecification\",\"valueRequired\":true,\"valueName\":\"search_term_string\"}}],\"inLanguage\":\"es\"},{\"@type\":\"Organization\",\"@id\":\"https:\/\/www.oldwestburygardens.org\/ko\/#organization\",\"name\":\"Old Westbury Gardens\",\"url\":\"https:\/\/www.oldwestburygardens.org\/ko\/\",\"logo\":{\"@type\":\"ImageObject\",\"inLanguage\":\"es\",\"@id\":\"https:\/\/www.oldwestburygardens.org\/ko\/#\/schema\/logo\/image\/\",\"url\":\"https:\/\/www.oldwestburygardens.org\/wp-content\/uploads\/2025\/03\/OWGlogoforsite.png\",\"contentUrl\":\"https:\/\/www.oldwestburygardens.org\/wp-content\/uploads\/2025\/03\/OWGlogoforsite.png\",\"width\":750,\"height\":173,\"caption\":\"Old Westbury Gardens\"},\"image\":{\"@id\":\"https:\/\/www.oldwestburygardens.org\/ko\/#\/schema\/logo\/image\/\"}}]}<\/script>\n<!-- \/ Yoast SEO plugin. -->","yoast_head_json":{"title":"EXPOSICI\u00d3N DE ARTE | Jardines de Old Westbury","robots":{"index":"index","follow":"follow","max-snippet":"max-snippet:-1","max-image-preview":"max-image-preview:large","max-video-preview":"max-video-preview:-1"},"canonical":"https:\/\/www.oldwestburygardens.org\/es\/art-exhibition\/","og_locale":"es_ES","og_type":"article","og_title":"ART EXHIBITION | Old Westbury Gardens","og_description":"Old Westbury Gardens, in association with the Leila Heller Gallery, is proud to present In Situ: The Works of John Clement at Old Westbury Gardens This striking outdoor exhibition features [&hellip;]","og_url":"https:\/\/www.oldwestburygardens.org\/es\/art-exhibition\/","og_site_name":"Old Westbury Gardens","article_modified_time":"2025-10-13T17:11:59+00:00","og_image":[{"url":"https:\/\/www.oldwestburygardens.org\/wp-content\/uploads\/2025\/09\/IMG_6766.jpg","width":1,"height":1,"type":"image\/jpeg"}],"twitter_card":"summary_large_image","twitter_misc":{"Est. reading time":"4 minutos"},"schema":{"@context":"https:\/\/schema.org","@graph":[{"@type":"WebPage","@id":"https:\/\/www.oldwestburygardens.org\/zh\/art-exhibition\/","url":"https:\/\/www.oldwestburygardens.org\/zh\/art-exhibition\/","name":"EXPOSICI\u00d3N DE ARTE | Jardines de Old Westbury","isPartOf":{"@id":"https:\/\/www.oldwestburygardens.org\/ko\/#website"},"primaryImageOfPage":{"@id":"https:\/\/www.oldwestburygardens.org\/zh\/art-exhibition\/#primaryimage"},"image":{"@id":"https:\/\/www.oldwestburygardens.org\/zh\/art-exhibition\/#primaryimage"},"thumbnailUrl":"https:\/\/www.oldwestburygardens.org\/wp-content\/uploads\/2025\/09\/IMG_6766.jpg","datePublished":"2025-09-19T21:45:59+00:00","dateModified":"2025-10-13T17:11:59+00:00","breadcrumb":{"@id":"https:\/\/www.oldwestburygardens.org\/zh\/art-exhibition\/#breadcrumb"},"inLanguage":"es","potentialAction":[{"@type":"ReadAction","target":["https:\/\/www.oldwestburygardens.org\/zh\/art-exhibition\/"]}]},{"@type":"ImageObject","inLanguage":"es","@id":"https:\/\/www.oldwestburygardens.org\/zh\/art-exhibition\/#primaryimage","url":"https:\/\/www.oldwestburygardens.org\/wp-content\/uploads\/2025\/09\/IMG_6766.jpg","contentUrl":"https:\/\/www.oldwestburygardens.org\/wp-content\/uploads\/2025\/09\/IMG_6766.jpg"},{"@type":"BreadcrumbList","@id":"https:\/\/www.oldwestburygardens.org\/zh\/art-exhibition\/#breadcrumb","itemListElement":[{"@type":"ListItem","position":1,"name":"Home","item":"https:\/\/www.oldwestburygardens.org\/"},{"@type":"ListItem","position":2,"name":"ART EXHIBITION"}]},{"@type":"WebSite","@id":"https:\/\/www.oldwestburygardens.org\/ko\/#website","url":"https:\/\/www.oldwestburygardens.org\/ko\/","name":"Jardines del viejo Westbury","description":"","publisher":{"@id":"https:\/\/www.oldwestburygardens.org\/ko\/#organization"},"potentialAction":[{"@type":"SearchAction","target":{"@type":"EntryPoint","urlTemplate":"https:\/\/www.oldwestburygardens.org\/ko\/?s={search_term_string}"},"query-input":{"@type":"PropertyValueSpecification","valueRequired":true,"valueName":"search_term_string"}}],"inLanguage":"es"},{"@type":"Organization","@id":"https:\/\/www.oldwestburygardens.org\/ko\/#organization","name":"Jardines del viejo Westbury","url":"https:\/\/www.oldwestburygardens.org\/ko\/","logo":{"@type":"ImageObject","inLanguage":"es","@id":"https:\/\/www.oldwestburygardens.org\/ko\/#\/schema\/logo\/image\/","url":"https:\/\/www.oldwestburygardens.org\/wp-content\/uploads\/2025\/03\/OWGlogoforsite.png","contentUrl":"https:\/\/www.oldwestburygardens.org\/wp-content\/uploads\/2025\/03\/OWGlogoforsite.png","width":750,"height":173,"caption":"Old Westbury Gardens"},"image":{"@id":"https:\/\/www.oldwestburygardens.org\/ko\/#\/schema\/logo\/image\/"}}]}},"_links":{"self":[{"href":"https:\/\/www.oldwestburygardens.org\/es\/wp-json\/wp\/v2\/pages\/8251","targetHints":{"allow":["GET"]}}],"collection":[{"href":"https:\/\/www.oldwestburygardens.org\/es\/wp-json\/wp\/v2\/pages"}],"about":[{"href":"https:\/\/www.oldwestburygardens.org\/es\/wp-json\/wp\/v2\/types\/page"}],"author":[{"embeddable":true,"href":"https:\/\/www.oldwestburygardens.org\/es\/wp-json\/wp\/v2\/users\/5"}],"replies":[{"embeddable":true,"href":"https:\/\/www.oldwestburygardens.org\/es\/wp-json\/wp\/v2\/comments?post=8251"}],"version-history":[{"count":40,"href":"https:\/\/www.oldwestburygardens.org\/es\/wp-json\/wp\/v2\/pages\/8251\/revisions"}],"predecessor-version":[{"id":8615,"href":"https:\/\/www.oldwestburygardens.org\/es\/wp-json\/wp\/v2\/pages\/8251\/revisions\/8615"}],"wp:featuredmedia":[{"embeddable":true,"href":"https:\/\/www.oldwestburygardens.org\/es\/wp-json\/wp\/v2\/media\/8259"}],"wp:attachment":[{"href":"https:\/\/www.oldwestburygardens.org\/es\/wp-json\/wp\/v2\/media?parent=8251"}],"curies":[{"name":"wp","href":"https:\/\/api.w.org\/{rel}","templated":true}]}}