{"id":8653,"date":"2025-10-16T11:58:17","date_gmt":"2025-10-16T15:58:17","guid":{"rendered":"https:\/\/www.oldwestburygardens.org\/?page_id=8653"},"modified":"2025-10-22T11:15:13","modified_gmt":"2025-10-22T15:15:13","slug":"fall-dog-days-weekend","status":"publish","type":"page","link":"https:\/\/www.oldwestburygardens.org\/es\/fall-dog-days-weekend\/","title":{"rendered":"\u00a1Fin de semana de oto\u00f1o \u201cDOG DAYS\u201d!"},"content":{"rendered":"<section id=\"owg-page-header-v2 block_27a666866b87d6b08aad23d6519263f0\" class=\"owg-page-header-v2 has-transparent-background-color alignfull\">\n\n    <div class=\"owg-page-header-inner\">\n            \n\n<div class=\"wp-block-cover alignfull\" style=\"min-height:300px;aspect-ratio:unset;\"><span aria-hidden=\"true\" class=\"wp-block-cover__background has-background-dim-0 has-background-dim\" style=\"background-color:#73675b\"><\/span><img loading=\"lazy\" decoding=\"async\" width=\"2560\" height=\"1903\" src=\"https:\/\/www.oldwestburygardens.org\/wp-content\/uploads\/2025\/10\/IMG_1380-rev-scaled.jpg\" class=\"wp-block-cover__image-background wp-post-image\" alt=\"\" data-object-fit=\"cover\" data-object-position=\"50% 50%\" style=\"object-position:50% 50%;\" srcset=\"https:\/\/www.oldwestburygardens.org\/wp-content\/uploads\/2025\/10\/IMG_1380-rev-scaled.jpg 2560w, https:\/\/www.oldwestburygardens.org\/wp-content\/uploads\/2025\/10\/IMG_1380-rev-300x223.jpg 300w\" sizes=\"auto, (max-width: 2560px) 100vw, 2560px\" \/><div class=\"wp-block-cover__inner-container is-layout-flow wp-block-cover-is-layout-flow\">\n<div class=\"wp-block-group is-layout-flow wp-block-group-is-layout-flow\" style=\"padding-top:20px;padding-right:20px;padding-bottom:20px;padding-left:20px\"><h1 class=\"has-text-align-center wp-block-post-title has-text-color has-garden-brown-color\">\u00a1Fin de semana de oto\u00f1o \u201cDOG DAYS\u201d!<\/h1><\/div>\n<\/div><\/div>\n\n\n    <\/div>\n\n\n            <nav class=\"owg-page-header-inner__breadcrumbs\" aria-label=\"Migaja de pan\">\n            <a href=\"https:\/\/www.oldwestburygardens.org\/es\/\">Hogar<\/a>\n\n             | <span>\u00a1Fin de semana de oto\u00f1o \u201cDOG DAYS\u201d!<\/span>        <\/nav>\n    \n<\/section>\n\n\n<h4 class=\"wp-block-heading has-text-align-center\"><strong>S\u00e1bado y domingo, 25 y 26 de octubre<\/strong><\/h4>\n\n\n\n<h5 class=\"wp-block-heading has-text-align-center\">Celebre uno de los \u00faltimos grandes eventos de la temporada en Old Westbury Gardens con nuestro&nbsp;<strong>Fin de semana de oto\u00f1o \u201cDOG DAYS\u201d<\/strong>\u00a1Esta querida tradici\u00f3n te invita a ti y a tu cachorro con correa a disfrutar juntos de los jardines durante todo el fin de semana! <\/h5>\n\n\n\n<h5 class=\"wp-block-heading has-text-align-center\">El domingo 26 de octubre la emoci\u00f3n contin\u00faa con nuestra&nbsp;<strong>Desfile de perros y concurso de disfraces de oto\u00f1o<\/strong>, donde los cachorros pueden pavonearse y competir por premios en categor\u00edas como Mejor en general y M\u00e1s divertido.<\/h5>\n\n\n\n<h5 class=\"wp-block-heading has-text-align-center\">\u00a1\u00danase a nosotros para un fin de semana lleno de diversi\u00f3n, aire fresco y amigos peludos!<\/h5>\n\n\n\n<hr class=\"wp-block-separator has-alpha-channel-opacity is-style-wide\"\/>\n\n\n\n<div class=\"wp-block-group has-global-padding is-layout-constrained wp-block-group-is-layout-constrained\">\n<h5 class=\"wp-block-heading has-text-align-center\"><strong>CORREA Y PASEO: \u00a1Pasea por los jardines con tu perro!<\/strong><\/h5>\n\n\n\n<figure class=\"wp-block-image aligncenter size-full is-resized\"><img loading=\"lazy\" decoding=\"async\" width=\"2560\" height=\"1903\" src=\"https:\/\/www.oldwestburygardens.org\/wp-content\/uploads\/2025\/10\/IMG_1380-rev-scaled.jpg\" alt=\"\" class=\"wp-image-8651\" style=\"width:667px;height:auto\" srcset=\"https:\/\/www.oldwestburygardens.org\/wp-content\/uploads\/2025\/10\/IMG_1380-rev-scaled.jpg 2560w, https:\/\/www.oldwestburygardens.org\/wp-content\/uploads\/2025\/10\/IMG_1380-rev-300x223.jpg 300w\" sizes=\"auto, (max-width: 2560px) 100vw, 2560px\" \/><\/figure>\n\n\n\n<p class=\"has-text-align-center\">El s\u00e1bado 25 y el domingo 26 de octubre, los visitantes podr\u00e1n pasear con sus perros con correa por los jardines. Se permite el acceso de perros con correa a todo el recinto. <strong><em>excepto<\/em><\/strong> en el jard\u00edn amurallado.<\/p>\n\n\n\n<p class=\"has-text-align-center\">Incluido con la entrada. <strong>Las entradas DEBEN comprarse con antelaci\u00f3n.<\/strong> <strong>NO se vender\u00e1n entradas en taquilla. <\/strong>Los miembros o visitantes que utilicen pases de biblioteca v\u00e1lidos no necesitan hacer reservas.<\/p>\n\n\n\n<hr class=\"wp-block-separator has-alpha-channel-opacity is-style-dots\"\/>\n\n\n\n<h5 class=\"wp-block-heading has-text-align-center\"><strong>\u00a1DESFILE DE PERROS Y CONCURSO DE DISFRACES DE OTO\u00d1O!<\/strong><\/h5>\n\n\n\n<h5 class=\"wp-block-heading has-text-align-center\"><strong>Domingo 26 de octubre a las 15h<\/strong><\/h5>\n\n\n\n<p class=\"has-text-align-center\">Como parte de nuestra celebraci\u00f3n del mejor amigo de todos este fin de semana de Dog Days, nos complace volver a ser anfitriones del <strong>Desfile de perros y concurso de disfraces de oto\u00f1o<\/strong>, un evento anual divertido y esperado donde los perros (y sus padres) pueden pavonearse para tener la oportunidad de ganar premios. <strong>El concurso comienza a las 15h del domingo 26\/10.<\/strong> <strong>Los participantes del Concurso de Disfraces deber\u00e1n registrarse en el stand de mapas antes de las 2:00 p.m.<\/strong><\/p>\n\n\n\n<div class=\"wp-block-columns is-layout-flex wp-container-core-columns-is-layout-1 wp-block-columns-is-layout-flex\">\n<div class=\"wp-block-column is-layout-flow wp-block-column-is-layout-flow\">\n<h3 class=\"wp-block-heading\"><strong>Las categor\u00edas de premios incluyen:<\/strong><\/h3>\n\n\n\n<ul class=\"wp-block-list\">\n<li><strong>Mejor en general<\/strong><\/li>\n\n\n\n<li><strong>La m\u00e1s bonita<\/strong><\/li>\n\n\n\n<li><strong>El m\u00e1s guapo<\/strong><\/li>\n\n\n\n<li><strong>M\u00e1s original<\/strong><\/li>\n\n\n\n<li><strong>Mejor persona y perro<\/strong><\/li>\n\n\n\n<li><strong>El m\u00e1s divertido<\/strong><\/li>\n<\/ul>\n<\/div>\n\n\n\n<div class=\"wp-block-column is-layout-flow wp-block-column-is-layout-flow\">\n<p><\/p>\n\n\n\n<figure class=\"wp-block-image size-large\"><img loading=\"lazy\" decoding=\"async\" width=\"1024\" height=\"683\" src=\"https:\/\/www.oldwestburygardens.org\/wp-content\/uploads\/2025\/10\/DSC_5370rev-1024x683.jpg\" alt=\"\" class=\"wp-image-8655\" srcset=\"https:\/\/www.oldwestburygardens.org\/wp-content\/uploads\/2025\/10\/DSC_5370rev-1024x683.jpg 1024w, https:\/\/www.oldwestburygardens.org\/wp-content\/uploads\/2025\/10\/DSC_5370rev-300x200.jpg 300w, https:\/\/www.oldwestburygardens.org\/wp-content\/uploads\/2025\/10\/DSC_5370rev-768x512.jpg 768w, https:\/\/www.oldwestburygardens.org\/wp-content\/uploads\/2025\/10\/DSC_5370rev-1536x1024.jpg 1536w, https:\/\/www.oldwestburygardens.org\/wp-content\/uploads\/2025\/10\/DSC_5370rev-2048x1366.jpg 2048w, https:\/\/www.oldwestburygardens.org\/wp-content\/uploads\/2025\/10\/DSC_5370rev-18x12.jpg 18w\" sizes=\"auto, (max-width: 1024px) 100vw, 1024px\" \/><\/figure>\n<\/div>\n<\/div>\n\n\n\n<p>Incluido con la entrada. <strong>Las entradas DEBEN comprarse con antelaci\u00f3n.<\/strong> <strong>NO se vender\u00e1n entradas en taquilla.<\/strong><\/p>\n\n\n\n<p>Los miembros o visitantes con pases v\u00e1lidos de la biblioteca no necesitan reservar. Recuerde que los visitantes pueden traer a sus perros con correa para pasear por los jardines este d\u00eda. Se permite el acceso con correa a todo el jard\u00edn. <strong><em>excepto<\/em><\/strong> en el jard\u00edn amurallado.<\/p>\n\n\n\n<h5 class=\"wp-block-heading has-text-align-center\"><strong>Vendedores en el sitio el domingo 26 de octubre, de 11 a. m. a 4 p. m. SOLAMENTE.<\/strong><\/h5>\n\n\n\n<div class=\"wp-block-columns alignwide are-vertically-aligned-top is-layout-flex wp-container-core-columns-is-layout-2 wp-block-columns-is-layout-flex\">\n<div class=\"wp-block-column is-vertically-aligned-top is-layout-flow wp-block-column-is-layout-flow\">\n<p class=\"has-text-align-center\"><strong>Panader\u00eda Barks\u00a0<\/strong><\/p>\n\n\n\n<p class=\"has-text-align-center\"><strong>Boutique de Behr<\/strong><\/p>\n\n\n\n<p class=\"has-text-align-center\"><strong>Caballeros de Blaxkfire<\/strong><\/p>\n\n\n\n<p class=\"has-text-align-center\"><strong>Artes Boneman<\/strong><\/p>\n\n\n\n<p class=\"has-text-align-center\"><strong>Hogar tranquilo canino<\/strong><\/p>\n\n\n\n<p class=\"has-text-align-center\"><strong>Amigos de los parques para perros de Long Island, dba The Long Island Dog Owners Group (LI-DOG)<\/strong><\/p>\n<\/div>\n\n\n\n<div class=\"wp-block-column is-vertically-aligned-top is-layout-flow wp-block-column-is-layout-flow\">\n<p class=\"has-text-align-center\"><strong>Creaciones hechas a mano de Gigi<\/strong><\/p>\n\n\n\n<p class=\"has-text-align-center\"><strong>Hola Bud Garden Services LLC<\/strong><\/p>\n\n\n\n<p class=\"has-text-align-center\"><strong>La peque\u00f1a Lexi Barkery<\/strong><\/p>\n\n\n\n<p class=\"has-text-align-center\"><strong>Boutique para perros M. Mae<\/strong><\/p>\n\n\n\n<p class=\"has-text-align-center\"><strong>Personaliza tu mascota<\/strong><\/p>\n\n\n\n<p class=\"has-text-align-center\"><strong>Sabor puro de cachorro\u00a0<\/strong><\/p>\n\n\n\n<p class=\"has-text-align-center\"><strong>Rescate de Yorkie911<\/strong><\/p>\n<\/div>\n<\/div>\n\n\n\n<figure class=\"wp-block-image size-large\"><img loading=\"lazy\" decoding=\"async\" width=\"1024\" height=\"683\" src=\"https:\/\/www.oldwestburygardens.org\/wp-content\/uploads\/2025\/10\/personalizeyourpet-1024x683.jpg\" alt=\"\" class=\"wp-image-8656\" srcset=\"https:\/\/www.oldwestburygardens.org\/wp-content\/uploads\/2025\/10\/personalizeyourpet-1024x683.jpg 1024w, https:\/\/www.oldwestburygardens.org\/wp-content\/uploads\/2025\/10\/personalizeyourpet-300x200.jpg 300w, https:\/\/www.oldwestburygardens.org\/wp-content\/uploads\/2025\/10\/personalizeyourpet-768x512.jpg 768w, https:\/\/www.oldwestburygardens.org\/wp-content\/uploads\/2025\/10\/personalizeyourpet-1536x1024.jpg 1536w, https:\/\/www.oldwestburygardens.org\/wp-content\/uploads\/2025\/10\/personalizeyourpet-2048x1366.jpg 2048w, https:\/\/www.oldwestburygardens.org\/wp-content\/uploads\/2025\/10\/personalizeyourpet-18x12.jpg 18w\" sizes=\"auto, (max-width: 1024px) 100vw, 1024px\" \/><\/figure>\n<\/div>","protected":false},"excerpt":{"rendered":"<p>S\u00e1bado y domingo, 25 y 26 de octubre. Celebre uno de los \u00faltimos grandes eventos de la temporada en Old Westbury Gardens con nuestro fin de semana de oto\u00f1o &quot;DOG DAYS&quot;. Esta preciada tradici\u00f3n invita [\u2026]<\/p>","protected":false},"author":5,"featured_media":8651,"parent":0,"menu_order":0,"comment_status":"closed","ping_status":"closed","template":"","meta":{"_acf_changed":false,"_tec_requires_first_save":true,"_EventAllDay":false,"_EventTimezone":"","_EventStartDate":"","_EventEndDate":"","_EventStartDateUTC":"","_EventEndDateUTC":"","_EventShowMap":false,"_EventShowMapLink":false,"_EventURL":"","_EventCost":"","_EventCostDescription":"","_EventCurrencySymbol":"","_EventCurrencyCode":"","_EventCurrencyPosition":"","_EventDateTimeSeparator":"","_EventTimeRangeSeparator":"","_EventOrganizerID":[],"_EventVenueID":[],"_OrganizerEmail":"","_OrganizerPhone":"","_OrganizerWebsite":"","_VenueAddress":"","_VenueCity":"","_VenueCountry":"","_VenueProvince":"","_VenueState":"","_VenueZip":"","_VenuePhone":"","_VenueURL":"","_VenueStateProvince":"","_VenueLat":"","_VenueLng":"","_VenueShowMap":false,"_VenueShowMapLink":false,"_tribe_blocks_recurrence_rules":"","_tribe_blocks_recurrence_description":"","_tribe_blocks_recurrence_exclusions":"","footnotes":""},"class_list":["post-8653","page","type-page","status-publish","has-post-thumbnail","hentry"],"acf":[],"yoast_head":"<!-- This site is optimized with the Yoast SEO plugin v26.2 - https:\/\/yoast.com\/wordpress\/plugins\/seo\/ -->\n<title>Fall &quot;DOG DAYS&quot; Weekend! | Old Westbury Gardens<\/title>\n<meta name=\"robots\" content=\"index, follow, max-snippet:-1, max-image-preview:large, max-video-preview:-1\" \/>\n<link rel=\"canonical\" href=\"https:\/\/www.oldwestburygardens.org\/es\/fall-dog-days-weekend\/\" \/>\n<meta property=\"og:locale\" content=\"es_ES\" \/>\n<meta property=\"og:type\" content=\"article\" \/>\n<meta property=\"og:title\" content=\"Fall &quot;DOG DAYS&quot; Weekend! | Old Westbury Gardens\" \/>\n<meta property=\"og:description\" content=\"Saturday and Sunday, October 25 &amp; 26 Celebrate one of the last major events of the season at Old Westbury Gardens with our&nbsp;Fall \u201cDOG DAYS\u201d Weekend! This cherished tradition invites [&hellip;]\" \/>\n<meta property=\"og:url\" content=\"https:\/\/www.oldwestburygardens.org\/es\/fall-dog-days-weekend\/\" \/>\n<meta property=\"og:site_name\" content=\"Old Westbury Gardens\" \/>\n<meta property=\"article:modified_time\" content=\"2025-10-22T15:15:13+00:00\" \/>\n<meta property=\"og:image\" content=\"https:\/\/www.oldwestburygardens.org\/wp-content\/uploads\/2025\/10\/IMG_1380-rev-scaled.jpg\" \/>\n\t<meta property=\"og:image:width\" content=\"2560\" \/>\n\t<meta property=\"og:image:height\" content=\"1903\" \/>\n\t<meta property=\"og:image:type\" content=\"image\/jpeg\" \/>\n<meta name=\"twitter:card\" content=\"summary_large_image\" \/>\n<meta name=\"twitter:label1\" content=\"Est. reading time\" \/>\n\t<meta name=\"twitter:data1\" content=\"3 minutos\" \/>\n<script type=\"application\/ld+json\" class=\"yoast-schema-graph\">{\"@context\":\"https:\/\/schema.org\",\"@graph\":[{\"@type\":\"WebPage\",\"@id\":\"https:\/\/www.oldwestburygardens.org\/fall-dog-days-weekend\/\",\"url\":\"https:\/\/www.oldwestburygardens.org\/fall-dog-days-weekend\/\",\"name\":\"Fall \\\"DOG DAYS\\\" Weekend! | Old Westbury Gardens\",\"isPartOf\":{\"@id\":\"https:\/\/www.oldwestburygardens.org\/ko\/#website\"},\"primaryImageOfPage\":{\"@id\":\"https:\/\/www.oldwestburygardens.org\/fall-dog-days-weekend\/#primaryimage\"},\"image\":{\"@id\":\"https:\/\/www.oldwestburygardens.org\/fall-dog-days-weekend\/#primaryimage\"},\"thumbnailUrl\":\"https:\/\/www.oldwestburygardens.org\/wp-content\/uploads\/2025\/10\/IMG_1380-rev-scaled.jpg\",\"datePublished\":\"2025-10-16T15:58:17+00:00\",\"dateModified\":\"2025-10-22T15:15:13+00:00\",\"breadcrumb\":{\"@id\":\"https:\/\/www.oldwestburygardens.org\/fall-dog-days-weekend\/#breadcrumb\"},\"inLanguage\":\"es\",\"potentialAction\":[{\"@type\":\"ReadAction\",\"target\":[\"https:\/\/www.oldwestburygardens.org\/fall-dog-days-weekend\/\"]}]},{\"@type\":\"ImageObject\",\"inLanguage\":\"es\",\"@id\":\"https:\/\/www.oldwestburygardens.org\/fall-dog-days-weekend\/#primaryimage\",\"url\":\"https:\/\/www.oldwestburygardens.org\/wp-content\/uploads\/2025\/10\/IMG_1380-rev-scaled.jpg\",\"contentUrl\":\"https:\/\/www.oldwestburygardens.org\/wp-content\/uploads\/2025\/10\/IMG_1380-rev-scaled.jpg\",\"width\":2560,\"height\":1903},{\"@type\":\"BreadcrumbList\",\"@id\":\"https:\/\/www.oldwestburygardens.org\/fall-dog-days-weekend\/#breadcrumb\",\"itemListElement\":[{\"@type\":\"ListItem\",\"position\":1,\"name\":\"Home\",\"item\":\"https:\/\/www.oldwestburygardens.org\/\"},{\"@type\":\"ListItem\",\"position\":2,\"name\":\"Fall &#8220;DOG DAYS&#8221; Weekend!\"}]},{\"@type\":\"WebSite\",\"@id\":\"https:\/\/www.oldwestburygardens.org\/ko\/#website\",\"url\":\"https:\/\/www.oldwestburygardens.org\/ko\/\",\"name\":\"Old Westbury Gardens\",\"description\":\"\",\"publisher\":{\"@id\":\"https:\/\/www.oldwestburygardens.org\/ko\/#organization\"},\"potentialAction\":[{\"@type\":\"SearchAction\",\"target\":{\"@type\":\"EntryPoint\",\"urlTemplate\":\"https:\/\/www.oldwestburygardens.org\/ko\/?s={search_term_string}\"},\"query-input\":{\"@type\":\"PropertyValueSpecification\",\"valueRequired\":true,\"valueName\":\"search_term_string\"}}],\"inLanguage\":\"es\"},{\"@type\":\"Organization\",\"@id\":\"https:\/\/www.oldwestburygardens.org\/ko\/#organization\",\"name\":\"Old Westbury Gardens\",\"url\":\"https:\/\/www.oldwestburygardens.org\/ko\/\",\"logo\":{\"@type\":\"ImageObject\",\"inLanguage\":\"es\",\"@id\":\"https:\/\/www.oldwestburygardens.org\/ko\/#\/schema\/logo\/image\/\",\"url\":\"https:\/\/www.oldwestburygardens.org\/wp-content\/uploads\/2025\/03\/OWGlogoforsite.png\",\"contentUrl\":\"https:\/\/www.oldwestburygardens.org\/wp-content\/uploads\/2025\/03\/OWGlogoforsite.png\",\"width\":750,\"height\":173,\"caption\":\"Old Westbury Gardens\"},\"image\":{\"@id\":\"https:\/\/www.oldwestburygardens.org\/ko\/#\/schema\/logo\/image\/\"}}]}<\/script>\n<!-- \/ Yoast SEO plugin. -->","yoast_head_json":{"title":"\u00a1Fin de semana de oto\u00f1o con calor sofocante! | Jardines de Old Westbury","robots":{"index":"index","follow":"follow","max-snippet":"max-snippet:-1","max-image-preview":"max-image-preview:large","max-video-preview":"max-video-preview:-1"},"canonical":"https:\/\/www.oldwestburygardens.org\/es\/fall-dog-days-weekend\/","og_locale":"es_ES","og_type":"article","og_title":"Fall \"DOG DAYS\" Weekend! | Old Westbury Gardens","og_description":"Saturday and Sunday, October 25 &amp; 26 Celebrate one of the last major events of the season at Old Westbury Gardens with our&nbsp;Fall \u201cDOG DAYS\u201d Weekend! This cherished tradition invites [&hellip;]","og_url":"https:\/\/www.oldwestburygardens.org\/es\/fall-dog-days-weekend\/","og_site_name":"Old Westbury Gardens","article_modified_time":"2025-10-22T15:15:13+00:00","og_image":[{"width":2560,"height":1903,"url":"https:\/\/www.oldwestburygardens.org\/wp-content\/uploads\/2025\/10\/IMG_1380-rev-scaled.jpg","type":"image\/jpeg"}],"twitter_card":"summary_large_image","twitter_misc":{"Est. reading time":"3 minutos"},"schema":{"@context":"https:\/\/schema.org","@graph":[{"@type":"WebPage","@id":"https:\/\/www.oldwestburygardens.org\/fall-dog-days-weekend\/","url":"https:\/\/www.oldwestburygardens.org\/fall-dog-days-weekend\/","name":"\u00a1Fin de semana de oto\u00f1o con calor sofocante! | Jardines de Old Westbury","isPartOf":{"@id":"https:\/\/www.oldwestburygardens.org\/ko\/#website"},"primaryImageOfPage":{"@id":"https:\/\/www.oldwestburygardens.org\/fall-dog-days-weekend\/#primaryimage"},"image":{"@id":"https:\/\/www.oldwestburygardens.org\/fall-dog-days-weekend\/#primaryimage"},"thumbnailUrl":"https:\/\/www.oldwestburygardens.org\/wp-content\/uploads\/2025\/10\/IMG_1380-rev-scaled.jpg","datePublished":"2025-10-16T15:58:17+00:00","dateModified":"2025-10-22T15:15:13+00:00","breadcrumb":{"@id":"https:\/\/www.oldwestburygardens.org\/fall-dog-days-weekend\/#breadcrumb"},"inLanguage":"es","potentialAction":[{"@type":"ReadAction","target":["https:\/\/www.oldwestburygardens.org\/fall-dog-days-weekend\/"]}]},{"@type":"ImageObject","inLanguage":"es","@id":"https:\/\/www.oldwestburygardens.org\/fall-dog-days-weekend\/#primaryimage","url":"https:\/\/www.oldwestburygardens.org\/wp-content\/uploads\/2025\/10\/IMG_1380-rev-scaled.jpg","contentUrl":"https:\/\/www.oldwestburygardens.org\/wp-content\/uploads\/2025\/10\/IMG_1380-rev-scaled.jpg","width":2560,"height":1903},{"@type":"BreadcrumbList","@id":"https:\/\/www.oldwestburygardens.org\/fall-dog-days-weekend\/#breadcrumb","itemListElement":[{"@type":"ListItem","position":1,"name":"Home","item":"https:\/\/www.oldwestburygardens.org\/"},{"@type":"ListItem","position":2,"name":"Fall &#8220;DOG DAYS&#8221; Weekend!"}]},{"@type":"WebSite","@id":"https:\/\/www.oldwestburygardens.org\/ko\/#website","url":"https:\/\/www.oldwestburygardens.org\/ko\/","name":"Jardines del viejo Westbury","description":"","publisher":{"@id":"https:\/\/www.oldwestburygardens.org\/ko\/#organization"},"potentialAction":[{"@type":"SearchAction","target":{"@type":"EntryPoint","urlTemplate":"https:\/\/www.oldwestburygardens.org\/ko\/?s={search_term_string}"},"query-input":{"@type":"PropertyValueSpecification","valueRequired":true,"valueName":"search_term_string"}}],"inLanguage":"es"},{"@type":"Organization","@id":"https:\/\/www.oldwestburygardens.org\/ko\/#organization","name":"Jardines del viejo Westbury","url":"https:\/\/www.oldwestburygardens.org\/ko\/","logo":{"@type":"ImageObject","inLanguage":"es","@id":"https:\/\/www.oldwestburygardens.org\/ko\/#\/schema\/logo\/image\/","url":"https:\/\/www.oldwestburygardens.org\/wp-content\/uploads\/2025\/03\/OWGlogoforsite.png","contentUrl":"https:\/\/www.oldwestburygardens.org\/wp-content\/uploads\/2025\/03\/OWGlogoforsite.png","width":750,"height":173,"caption":"Old Westbury Gardens"},"image":{"@id":"https:\/\/www.oldwestburygardens.org\/ko\/#\/schema\/logo\/image\/"}}]}},"_links":{"self":[{"href":"https:\/\/www.oldwestburygardens.org\/es\/wp-json\/wp\/v2\/pages\/8653","targetHints":{"allow":["GET"]}}],"collection":[{"href":"https:\/\/www.oldwestburygardens.org\/es\/wp-json\/wp\/v2\/pages"}],"about":[{"href":"https:\/\/www.oldwestburygardens.org\/es\/wp-json\/wp\/v2\/types\/page"}],"author":[{"embeddable":true,"href":"https:\/\/www.oldwestburygardens.org\/es\/wp-json\/wp\/v2\/users\/5"}],"replies":[{"embeddable":true,"href":"https:\/\/www.oldwestburygardens.org\/es\/wp-json\/wp\/v2\/comments?post=8653"}],"version-history":[{"count":12,"href":"https:\/\/www.oldwestburygardens.org\/es\/wp-json\/wp\/v2\/pages\/8653\/revisions"}],"predecessor-version":[{"id":8735,"href":"https:\/\/www.oldwestburygardens.org\/es\/wp-json\/wp\/v2\/pages\/8653\/revisions\/8735"}],"wp:featuredmedia":[{"embeddable":true,"href":"https:\/\/www.oldwestburygardens.org\/es\/wp-json\/wp\/v2\/media\/8651"}],"wp:attachment":[{"href":"https:\/\/www.oldwestburygardens.org\/es\/wp-json\/wp\/v2\/media?parent=8653"}],"curies":[{"name":"wp","href":"https:\/\/api.w.org\/{rel}","templated":true}]}}