{"id":8938,"date":"2025-10-31T14:05:03","date_gmt":"2025-10-31T18:05:03","guid":{"rendered":"https:\/\/www.oldwestburygardens.org\/?page_id=8938"},"modified":"2025-11-01T12:28:02","modified_gmt":"2025-11-01T16:28:02","slug":"christmas-tea-member-presale-everything-you-need-to-know","status":"publish","type":"page","link":"https:\/\/www.oldwestburygardens.org\/es\/christmas-tea-member-presale-everything-you-need-to-know\/","title":{"rendered":"Preventa para socios del T\u00e9 Navide\u00f1o: Todo lo que necesitas saber"},"content":{"rendered":"<section id=\"owg-page-header-block_ec3d0cb87d6997b15959bd5fe8ecc073\" class=\"owg-page-header has-transparent-background-color  alignfull\">\n\n    <div class=\"owg-page-header-inner\" style=\"background-image: url(https:\/\/www.oldwestburygardens.org\/wp-content\/uploads\/2025\/10\/IMG_2045-1.jpg);\">\n        <div class=\"owg-page-header-inner__content\">\n            <div class=\"owg-page-header-inner__content-inner\">\n            <div class=\"acf-innerblocks-container\">\n\n<h1 class=\"wp-block-heading\">Preventa para socios del t\u00e9 navide\u00f1o<\/h1>\n\n<\/div>\n            <\/div>\n\n        <\/div>\n    <\/div>\n\n\n            <nav class=\"owg-page-header-inner__breadcrumbs\" aria-label=\"Migaja de pan\">\n            <a href=\"https:\/\/www.oldwestburygardens.org\/es\/\">Hogar<\/a>\n\n             | <span>Preventa para socios del T\u00e9 Navide\u00f1o: Todo lo que necesitas saber<\/span>        <\/nav>\n    \n<\/section>\n\n\n<h3 class=\"wp-block-heading has-text-align-center\">Todo lo que necesitas saber<\/h3>\n\n\n            <div class=\"owg-faq has-white-background-color\" uk-accordion>\n                <div class=\"owg-faq-item\">\n                    <a class=\"uk-accordion-title has-heading-small-font-size has-dm-serif-display-font-family has-garden-brown-color\" href=\"#\">\n                        \u00bfCu\u00e1ndo comienzan a ofrecerse a los socios los t\u00e9s navide\u00f1os?                    <\/a>\n                    <div class=\"uk-accordion-content\">\n                        \n<p>La preventa exclusiva para miembros comienza el <strong>S\u00e1bado 1 de noviembre a las 9:00 a. m.<\/strong> y recorre <strong>Viernes 14 de noviembre<\/strong>.<\/p>\n                    <\/div>\n                <\/div>\n            <\/div>\n            \n\n            <div class=\"owg-faq has-white-background-color\" uk-accordion>\n                <div class=\"owg-faq-item\">\n                    <a class=\"uk-accordion-title has-heading-small-font-size has-dm-serif-display-font-family has-garden-brown-color\" href=\"#\">\n                        Como miembro, \u00bfc\u00f3mo puedo acceder a la preventa?                    <\/a>\n                    <div class=\"uk-accordion-content\">\n                        \n<p>Ve al Calendario de Eventos y selecciona el t\u00e9 al que te gustar\u00eda asistir. Haz clic. <strong>\u201cComprar entradas\u201d<\/strong> para ser redirigido a la p\u00e1gina de venta de entradas. En la esquina superior derecha, hay un bot\u00f3n para <strong>&quot;Iniciar sesi\u00f3n&quot;<\/strong>De esta forma, el sitio web te reconocer\u00e1 como miembro y te dar\u00e1 acceso para comprar tus entradas. Adem\u00e1s, se a\u00f1adir\u00e1 autom\u00e1ticamente el descuento de miembro a tu carrito.<\/p>\n                    <\/div>\n                <\/div>\n            <\/div>\n            \n\n            <div class=\"owg-faq has-white-background-color\" uk-accordion>\n                <div class=\"owg-faq-item\">\n                    <a class=\"uk-accordion-title has-heading-small-font-size has-dm-serif-display-font-family has-garden-brown-color\" href=\"#\">\n                        No recuerdo mi nombre de usuario ni mi contrase\u00f1a. \u00bfQu\u00e9 debo hacer?                    <\/a>\n                    <div class=\"uk-accordion-content\">\n                        \n<p>Si nunca antes has creado una contrase\u00f1a para nuestro sitio web, por favor, hazlo. <strong><a href=\"https:\/\/1473.blackbaudhosting.com\/1473\/page.aspx?pid=218\">aqu\u00ed<\/a><\/strong>Si recibe un mensaje de error al crear una cuenta, es probable que ya tenga una. En ese caso, haga clic. <strong>&quot;Iniciar sesi\u00f3n&quot;<\/strong> en la esquina superior derecha y siga las <strong>&quot;Has olvidado tu contrase\u00f1a&quot;<\/strong> El proceso contin\u00faa. Una vez restablecida tu contrase\u00f1a, podr\u00e1s iniciar sesi\u00f3n y comprar entradas. Tu nombre de usuario es la direcci\u00f3n de correo electr\u00f3nico asociada a tu membres\u00eda.<\/p>\n\n\n\n<p>Si no est\u00e1 seguro o recibe mensajes de error, p\u00f3ngase en contacto con nosotros. <strong><a href=\"mailto:membership@oldwestburygardens.org\" target=\"_blank\" rel=\"noreferrer noopener\">membres\u00eda@oldwestburygardens.org<\/a><\/strong>Esta bandeja de entrada ser\u00e1 monitoreada y recibir\u00e1 una respuesta oportuna.<\/p>\n                    <\/div>\n                <\/div>\n            <\/div>\n            \n\n            <div class=\"owg-faq has-white-background-color\" uk-accordion>\n                <div class=\"owg-faq-item\">\n                    <a class=\"uk-accordion-title has-heading-small-font-size has-dm-serif-display-font-family has-garden-brown-color\" href=\"#\">\n                        \u00bfTodas mis entradas tendr\u00e1n descuento?                    <\/a>\n                    <div class=\"uk-accordion-content\">\n                        \n<p>Puedes comprar entradas para tu grupo, pero ten en cuenta que tu nivel de membres\u00eda determina cu\u00e1ntas de tus entradas recibir\u00e1n el descuento para miembros:<\/p>\n\n\n\n<p>\u00b7 <strong>Individual <\/strong>\u2013 <strong>1<\/strong> entrada con descuento<\/p>\n\n\n\n<p>\u00b7 <strong>Familia <\/strong>\u2013 <strong>2<\/strong> Entradas con descuento<\/p>\n\n\n\n<p>\u00b7 <strong>Sustainer y superior<\/strong> \u2013 hasta <strong>6<\/strong> Entradas con descuento<\/p>\n                    <\/div>\n                <\/div>\n            <\/div>\n            \n\n            <div class=\"owg-faq has-white-background-color\" uk-accordion>\n                <div class=\"owg-faq-item\">\n                    <a class=\"uk-accordion-title has-heading-small-font-size has-dm-serif-display-font-family has-garden-brown-color\" href=\"#\">\n                        \u00bfCu\u00e1ntas entradas puedo comprar?                    <\/a>\n                    <div class=\"uk-accordion-content\">\n                        \n<p>Puedes comprar tantas entradas como quieras para tu grupo. Sin embargo, si planeas comprar <strong>15 o m\u00e1s entradas<\/strong>, debe llamar a la oficina principal al\u00a0<strong>516-333-0048<\/strong> para completar su reserva de grupo.<\/p>\n                    <\/div>\n                <\/div>\n            <\/div>\n            \n\n            <div class=\"owg-faq has-white-background-color\" uk-accordion>\n                <div class=\"owg-faq-item\">\n                    <a class=\"uk-accordion-title has-heading-small-font-size has-dm-serif-display-font-family has-garden-brown-color\" href=\"#\">\n                        \u00bfCon qui\u00e9n puedo ponerme en contacto si tengo alg\u00fan problema?                    <\/a>\n                    <div class=\"uk-accordion-content\">\n                        \n<p>Por favor, llame a la oficina principal al <strong>516-333-0048<\/strong> durante nuestro horario comercial de <strong>De 9:00 a 17:00<\/strong>Cuando aparezca el men\u00fa de opciones, <strong>Presione 0<\/strong> Para conectarse directamente. Nuestro personal puede ayudarle a comprar boletos por tel\u00e9fono.<\/p>\n\n\n\n<p>Si tiene problemas para iniciar sesi\u00f3n, p\u00f3ngase en contacto con nosotros. <a href=\"mailto:membership@oldwestburygardens.org\" target=\"_blank\" rel=\"noreferrer noopener\"><strong>membres\u00eda@oldwestburygardens.org<\/strong><\/a>Este correo electr\u00f3nico ser\u00e1 supervisado y recibir\u00e1 una respuesta oportuna.<\/p>\n                    <\/div>\n                <\/div>\n            <\/div>\n            \n\n\n<div class=\"wp-block-buttons is-content-justification-center is-layout-flex wp-container-core-buttons-is-layout-1 wp-block-buttons-is-layout-flex\">\n<div class=\"wp-block-button is-style-btn-owg-primary is-style-btn-owg-primary--1\"><a class=\"wp-block-button__link wp-element-button\" href=\"https:\/\/www.oldwestburygardens.org\/es\/events\/month\/2025-12\/\">CONSULTE EL HORARIO<\/a><\/div>\n<\/div>\n\n\n\n<div style=\"height:100px\" aria-hidden=\"true\" class=\"wp-block-spacer\"><\/div>","protected":false},"excerpt":{"rendered":"<p>Todo lo que necesitas saber<\/p>","protected":false},"author":5,"featured_media":8746,"parent":0,"menu_order":0,"comment_status":"closed","ping_status":"closed","template":"","meta":{"_acf_changed":false,"_tec_requires_first_save":true,"_EventAllDay":false,"_EventTimezone":"","_EventStartDate":"","_EventEndDate":"","_EventStartDateUTC":"","_EventEndDateUTC":"","_EventShowMap":false,"_EventShowMapLink":false,"_EventURL":"","_EventCost":"","_EventCostDescription":"","_EventCurrencySymbol":"","_EventCurrencyCode":"","_EventCurrencyPosition":"","_EventDateTimeSeparator":"","_EventTimeRangeSeparator":"","_EventOrganizerID":[],"_EventVenueID":[],"_OrganizerEmail":"","_OrganizerPhone":"","_OrganizerWebsite":"","_VenueAddress":"","_VenueCity":"","_VenueCountry":"","_VenueProvince":"","_VenueState":"","_VenueZip":"","_VenuePhone":"","_VenueURL":"","_VenueStateProvince":"","_VenueLat":"","_VenueLng":"","_VenueShowMap":false,"_VenueShowMapLink":false,"_tribe_blocks_recurrence_rules":"","_tribe_blocks_recurrence_description":"","_tribe_blocks_recurrence_exclusions":"","footnotes":""},"class_list":["post-8938","page","type-page","status-publish","has-post-thumbnail","hentry"],"acf":[],"yoast_head":"<!-- This site is optimized with the Yoast SEO plugin v26.2 - https:\/\/yoast.com\/wordpress\/plugins\/seo\/ -->\n<title>Christmas Tea Member Presale: Everything You Need to Know | Old Westbury Gardens<\/title>\n<meta name=\"robots\" content=\"index, follow, max-snippet:-1, max-image-preview:large, max-video-preview:-1\" \/>\n<link rel=\"canonical\" href=\"https:\/\/www.oldwestburygardens.org\/es\/christmas-tea-member-presale-everything-you-need-to-know\/\" \/>\n<meta property=\"og:locale\" content=\"es_ES\" \/>\n<meta property=\"og:type\" content=\"article\" \/>\n<meta property=\"og:title\" content=\"Christmas Tea Member Presale: Everything You Need to Know | Old Westbury Gardens\" \/>\n<meta property=\"og:description\" content=\"Everything You Need to Know\" \/>\n<meta property=\"og:url\" content=\"https:\/\/www.oldwestburygardens.org\/es\/christmas-tea-member-presale-everything-you-need-to-know\/\" \/>\n<meta property=\"og:site_name\" content=\"Old Westbury Gardens\" \/>\n<meta property=\"article:modified_time\" content=\"2025-11-01T16:28:02+00:00\" \/>\n<meta property=\"og:image\" content=\"https:\/\/www.oldwestburygardens.org\/wp-content\/uploads\/2025\/10\/IMG_2045-1.jpg\" \/>\n\t<meta property=\"og:image:width\" content=\"1\" \/>\n\t<meta property=\"og:image:height\" content=\"1\" \/>\n\t<meta property=\"og:image:type\" content=\"image\/jpeg\" \/>\n<meta name=\"twitter:card\" content=\"summary_large_image\" \/>\n<meta name=\"twitter:label1\" content=\"Est. reading time\" \/>\n\t<meta name=\"twitter:data1\" content=\"1 minuto\" \/>\n<script type=\"application\/ld+json\" class=\"yoast-schema-graph\">{\"@context\":\"https:\/\/schema.org\",\"@graph\":[{\"@type\":\"WebPage\",\"@id\":\"https:\/\/www.oldwestburygardens.org\/christmas-tea-member-presale-everything-you-need-to-know\/\",\"url\":\"https:\/\/www.oldwestburygardens.org\/christmas-tea-member-presale-everything-you-need-to-know\/\",\"name\":\"Christmas Tea Member Presale: Everything You Need to Know | Old Westbury Gardens\",\"isPartOf\":{\"@id\":\"https:\/\/www.oldwestburygardens.org\/ko\/#website\"},\"primaryImageOfPage\":{\"@id\":\"https:\/\/www.oldwestburygardens.org\/christmas-tea-member-presale-everything-you-need-to-know\/#primaryimage\"},\"image\":{\"@id\":\"https:\/\/www.oldwestburygardens.org\/christmas-tea-member-presale-everything-you-need-to-know\/#primaryimage\"},\"thumbnailUrl\":\"https:\/\/www.oldwestburygardens.org\/wp-content\/uploads\/2025\/10\/IMG_2045-1.jpg\",\"datePublished\":\"2025-10-31T18:05:03+00:00\",\"dateModified\":\"2025-11-01T16:28:02+00:00\",\"breadcrumb\":{\"@id\":\"https:\/\/www.oldwestburygardens.org\/christmas-tea-member-presale-everything-you-need-to-know\/#breadcrumb\"},\"inLanguage\":\"es\",\"potentialAction\":[{\"@type\":\"ReadAction\",\"target\":[\"https:\/\/www.oldwestburygardens.org\/christmas-tea-member-presale-everything-you-need-to-know\/\"]}]},{\"@type\":\"ImageObject\",\"inLanguage\":\"es\",\"@id\":\"https:\/\/www.oldwestburygardens.org\/christmas-tea-member-presale-everything-you-need-to-know\/#primaryimage\",\"url\":\"https:\/\/www.oldwestburygardens.org\/wp-content\/uploads\/2025\/10\/IMG_2045-1.jpg\",\"contentUrl\":\"https:\/\/www.oldwestburygardens.org\/wp-content\/uploads\/2025\/10\/IMG_2045-1.jpg\"},{\"@type\":\"BreadcrumbList\",\"@id\":\"https:\/\/www.oldwestburygardens.org\/christmas-tea-member-presale-everything-you-need-to-know\/#breadcrumb\",\"itemListElement\":[{\"@type\":\"ListItem\",\"position\":1,\"name\":\"Home\",\"item\":\"https:\/\/www.oldwestburygardens.org\/\"},{\"@type\":\"ListItem\",\"position\":2,\"name\":\"Christmas Tea Member Presale: Everything You Need to Know\"}]},{\"@type\":\"WebSite\",\"@id\":\"https:\/\/www.oldwestburygardens.org\/ko\/#website\",\"url\":\"https:\/\/www.oldwestburygardens.org\/ko\/\",\"name\":\"Old Westbury Gardens\",\"description\":\"\",\"publisher\":{\"@id\":\"https:\/\/www.oldwestburygardens.org\/ko\/#organization\"},\"potentialAction\":[{\"@type\":\"SearchAction\",\"target\":{\"@type\":\"EntryPoint\",\"urlTemplate\":\"https:\/\/www.oldwestburygardens.org\/ko\/?s={search_term_string}\"},\"query-input\":{\"@type\":\"PropertyValueSpecification\",\"valueRequired\":true,\"valueName\":\"search_term_string\"}}],\"inLanguage\":\"es\"},{\"@type\":\"Organization\",\"@id\":\"https:\/\/www.oldwestburygardens.org\/ko\/#organization\",\"name\":\"Old Westbury Gardens\",\"url\":\"https:\/\/www.oldwestburygardens.org\/ko\/\",\"logo\":{\"@type\":\"ImageObject\",\"inLanguage\":\"es\",\"@id\":\"https:\/\/www.oldwestburygardens.org\/ko\/#\/schema\/logo\/image\/\",\"url\":\"https:\/\/www.oldwestburygardens.org\/wp-content\/uploads\/2025\/03\/OWGlogoforsite.png\",\"contentUrl\":\"https:\/\/www.oldwestburygardens.org\/wp-content\/uploads\/2025\/03\/OWGlogoforsite.png\",\"width\":750,\"height\":173,\"caption\":\"Old Westbury Gardens\"},\"image\":{\"@id\":\"https:\/\/www.oldwestburygardens.org\/ko\/#\/schema\/logo\/image\/\"}}]}<\/script>\n<!-- \/ Yoast SEO plugin. -->","yoast_head_json":{"title":"Preventa para socios del t\u00e9 navide\u00f1o: Todo lo que necesitas saber | Jardines de Old Westbury","robots":{"index":"index","follow":"follow","max-snippet":"max-snippet:-1","max-image-preview":"max-image-preview:large","max-video-preview":"max-video-preview:-1"},"canonical":"https:\/\/www.oldwestburygardens.org\/es\/christmas-tea-member-presale-everything-you-need-to-know\/","og_locale":"es_ES","og_type":"article","og_title":"Christmas Tea Member Presale: Everything You Need to Know | Old Westbury Gardens","og_description":"Everything You Need to Know","og_url":"https:\/\/www.oldwestburygardens.org\/es\/christmas-tea-member-presale-everything-you-need-to-know\/","og_site_name":"Old Westbury Gardens","article_modified_time":"2025-11-01T16:28:02+00:00","og_image":[{"url":"https:\/\/www.oldwestburygardens.org\/wp-content\/uploads\/2025\/10\/IMG_2045-1.jpg","width":1,"height":1,"type":"image\/jpeg"}],"twitter_card":"summary_large_image","twitter_misc":{"Est. reading time":"1 minuto"},"schema":{"@context":"https:\/\/schema.org","@graph":[{"@type":"WebPage","@id":"https:\/\/www.oldwestburygardens.org\/christmas-tea-member-presale-everything-you-need-to-know\/","url":"https:\/\/www.oldwestburygardens.org\/christmas-tea-member-presale-everything-you-need-to-know\/","name":"Preventa para socios del t\u00e9 navide\u00f1o: Todo lo que necesitas saber | Jardines de Old Westbury","isPartOf":{"@id":"https:\/\/www.oldwestburygardens.org\/ko\/#website"},"primaryImageOfPage":{"@id":"https:\/\/www.oldwestburygardens.org\/christmas-tea-member-presale-everything-you-need-to-know\/#primaryimage"},"image":{"@id":"https:\/\/www.oldwestburygardens.org\/christmas-tea-member-presale-everything-you-need-to-know\/#primaryimage"},"thumbnailUrl":"https:\/\/www.oldwestburygardens.org\/wp-content\/uploads\/2025\/10\/IMG_2045-1.jpg","datePublished":"2025-10-31T18:05:03+00:00","dateModified":"2025-11-01T16:28:02+00:00","breadcrumb":{"@id":"https:\/\/www.oldwestburygardens.org\/christmas-tea-member-presale-everything-you-need-to-know\/#breadcrumb"},"inLanguage":"es","potentialAction":[{"@type":"ReadAction","target":["https:\/\/www.oldwestburygardens.org\/christmas-tea-member-presale-everything-you-need-to-know\/"]}]},{"@type":"ImageObject","inLanguage":"es","@id":"https:\/\/www.oldwestburygardens.org\/christmas-tea-member-presale-everything-you-need-to-know\/#primaryimage","url":"https:\/\/www.oldwestburygardens.org\/wp-content\/uploads\/2025\/10\/IMG_2045-1.jpg","contentUrl":"https:\/\/www.oldwestburygardens.org\/wp-content\/uploads\/2025\/10\/IMG_2045-1.jpg"},{"@type":"BreadcrumbList","@id":"https:\/\/www.oldwestburygardens.org\/christmas-tea-member-presale-everything-you-need-to-know\/#breadcrumb","itemListElement":[{"@type":"ListItem","position":1,"name":"Home","item":"https:\/\/www.oldwestburygardens.org\/"},{"@type":"ListItem","position":2,"name":"Christmas Tea Member Presale: Everything You Need to Know"}]},{"@type":"WebSite","@id":"https:\/\/www.oldwestburygardens.org\/ko\/#website","url":"https:\/\/www.oldwestburygardens.org\/ko\/","name":"Jardines del viejo Westbury","description":"","publisher":{"@id":"https:\/\/www.oldwestburygardens.org\/ko\/#organization"},"potentialAction":[{"@type":"SearchAction","target":{"@type":"EntryPoint","urlTemplate":"https:\/\/www.oldwestburygardens.org\/ko\/?s={search_term_string}"},"query-input":{"@type":"PropertyValueSpecification","valueRequired":true,"valueName":"search_term_string"}}],"inLanguage":"es"},{"@type":"Organization","@id":"https:\/\/www.oldwestburygardens.org\/ko\/#organization","name":"Jardines del viejo Westbury","url":"https:\/\/www.oldwestburygardens.org\/ko\/","logo":{"@type":"ImageObject","inLanguage":"es","@id":"https:\/\/www.oldwestburygardens.org\/ko\/#\/schema\/logo\/image\/","url":"https:\/\/www.oldwestburygardens.org\/wp-content\/uploads\/2025\/03\/OWGlogoforsite.png","contentUrl":"https:\/\/www.oldwestburygardens.org\/wp-content\/uploads\/2025\/03\/OWGlogoforsite.png","width":750,"height":173,"caption":"Old Westbury Gardens"},"image":{"@id":"https:\/\/www.oldwestburygardens.org\/ko\/#\/schema\/logo\/image\/"}}]}},"_links":{"self":[{"href":"https:\/\/www.oldwestburygardens.org\/es\/wp-json\/wp\/v2\/pages\/8938","targetHints":{"allow":["GET"]}}],"collection":[{"href":"https:\/\/www.oldwestburygardens.org\/es\/wp-json\/wp\/v2\/pages"}],"about":[{"href":"https:\/\/www.oldwestburygardens.org\/es\/wp-json\/wp\/v2\/types\/page"}],"author":[{"embeddable":true,"href":"https:\/\/www.oldwestburygardens.org\/es\/wp-json\/wp\/v2\/users\/5"}],"replies":[{"embeddable":true,"href":"https:\/\/www.oldwestburygardens.org\/es\/wp-json\/wp\/v2\/comments?post=8938"}],"version-history":[{"count":13,"href":"https:\/\/www.oldwestburygardens.org\/es\/wp-json\/wp\/v2\/pages\/8938\/revisions"}],"predecessor-version":[{"id":9103,"href":"https:\/\/www.oldwestburygardens.org\/es\/wp-json\/wp\/v2\/pages\/8938\/revisions\/9103"}],"wp:featuredmedia":[{"embeddable":true,"href":"https:\/\/www.oldwestburygardens.org\/es\/wp-json\/wp\/v2\/media\/8746"}],"wp:attachment":[{"href":"https:\/\/www.oldwestburygardens.org\/es\/wp-json\/wp\/v2\/media?parent=8938"}],"curies":[{"name":"wp","href":"https:\/\/api.w.org\/{rel}","templated":true}]}}