{"id":9456,"date":"2026-02-24T09:15:35","date_gmt":"2026-02-24T14:15:35","guid":{"rendered":"https:\/\/www.oldwestburygardens.org\/?page_id=9456"},"modified":"2026-02-25T15:29:39","modified_gmt":"2026-02-25T20:29:39","slug":"tiny-gardeners","status":"publish","type":"page","link":"https:\/\/www.oldwestburygardens.org\/es\/tiny-gardeners\/","title":{"rendered":"Peque\u00f1os jardineros"},"content":{"rendered":"<section id=\"owg-page-header-v2 block_b627f97132de605ab7a61bde3a2528c8\" class=\"owg-page-header-v2 has-transparent-background-color alignfull\">\n\n    <div class=\"owg-page-header-inner\">\n            \n\n<div class=\"wp-block-cover alignfull is-light\" style=\"min-height:300px;aspect-ratio:unset;\"><span aria-hidden=\"true\" class=\"wp-block-cover__background has-background-dim-0 has-background-dim\" style=\"background-color:#918b80\"><\/span><img loading=\"lazy\" decoding=\"async\" width=\"1920\" height=\"2560\" class=\"wp-block-cover__image-background wp-image-9460\" alt=\"\" src=\"https:\/\/www.oldwestburygardens.org\/wp-content\/uploads\/2026\/01\/IMG_2020-scaled.jpg\" data-object-fit=\"cover\" srcset=\"https:\/\/www.oldwestburygardens.org\/wp-content\/uploads\/2026\/01\/IMG_2020-scaled.jpg 1920w, https:\/\/www.oldwestburygardens.org\/wp-content\/uploads\/2026\/01\/IMG_2020-225x300.jpg 225w\" sizes=\"auto, (max-width: 1920px) 100vw, 1920px\" \/><div class=\"wp-block-cover__inner-container is-layout-flow wp-block-cover-is-layout-flow\">\n<div class=\"wp-block-group is-layout-flow wp-block-group-is-layout-flow\" style=\"padding-top:20px;padding-right:20px;padding-bottom:20px;padding-left:20px\"><h1 class=\"has-text-align-center wp-block-post-title has-text-color has-garden-brown-color\">Peque\u00f1os jardineros<\/h1><\/div>\n<\/div><\/div>\n\n\n    <\/div>\n\n\n            <nav class=\"owg-page-header-inner__breadcrumbs\" aria-label=\"Migaja de pan\">\n            <a href=\"https:\/\/www.oldwestburygardens.org\/es\/\">Hogar<\/a>\n\n             | <span>Peque\u00f1os jardineros<\/span>        <\/nav>\n    \n<\/section>\n\n\n<p>\u00danete a Tiny Gardeners, un programa pr\u00e1ctico de naturaleza dise\u00f1ado especialmente para ni\u00f1os de 2 a 3 a\u00f1os. Cada semana se centra en un sentido diferente mientras los peque\u00f1os estudiantes exploran los jardines a trav\u00e9s del movimiento, la narraci\u00f3n y el juego sensorial.<\/p>\n\n\n\n<p>Cada sesi\u00f3n incluye un recorrido por el jard\u00edn, lectura de cuentos en el Cottage Garden y actividades sensoriales apropiadas para cada edad que fomentan la curiosidad, la exploraci\u00f3n y el aprendizaje temprano a trav\u00e9s de la naturaleza.<br><\/p>\n\n\n\n<div class=\"owg-cards-style-large owg-cards align wp-block-acf-owg-cards\">\n    \n        <div class=\"owg-card owg-card-large\">\n            <div class=\"owg-card-inner reverse-card\">\n\n                                    <div class=\"owg-card-image\">\n                        <div class=\"owg-card-image-container\">\n                                                     <img src=\"https:\/\/www.oldwestburygardens.org\/wp-content\/uploads\/2026\/02\/IMG_1213-scaled-e1773930337396.jpg\" alt=\"Week 1\" loading=\"lazy\" decoding=\"async\">\n\n                        <\/div>\n                    <\/div>\n                                <div class=\"owg-card-content\">\n                    <div>\n                    <h2 class=\"has-heading-font-size\">Semana 1<\/h2>\n                    <p><b>TOCAR:<\/b> Utilice el sentido del tacto para explorar el suelo, la plantaci\u00f3n y el riego mientras aprende c\u00f3mo los jardineros cuidan las plantas.<\/p>\n                    <\/div>\n\n                                    <\/div>\n            <\/div>\n        <\/div>\n\n    <\/div>\n\n\n<div class=\"owg-cards-style-large owg-cards align wp-block-acf-owg-cards\">\n    \n        <div class=\"owg-card owg-card-large\">\n            <div class=\"owg-card-inner reverse-card\">\n\n                                    <div class=\"owg-card-image\">\n                        <div class=\"owg-card-image-container\">\n                                                     <img src=\"https:\/\/www.oldwestburygardens.org\/wp-content\/uploads\/2026\/01\/IMG_5433-scaled.jpg\" alt=\"Week 2\" loading=\"lazy\" decoding=\"async\">\n\n                        <\/div>\n                    <\/div>\n                                <div class=\"owg-card-content\">\n                    <div>\n                    <h2 class=\"has-heading-font-size\">Semana 2<\/h2>\n                    <p><b>VISTA:<\/b> Descubra los colores del jard\u00edn a trav\u00e9s de caminatas guiadas, historias y actividades pr\u00e1cticas de clasificaci\u00f3n de colores.<\/p>\n                    <\/div>\n\n                                    <\/div>\n            <\/div>\n        <\/div>\n\n    <\/div>\n\n\n<div class=\"owg-cards-style-large owg-cards align wp-block-acf-owg-cards\">\n    \n        <div class=\"owg-card owg-card-large\">\n            <div class=\"owg-card-inner reverse-card\">\n\n                                    <div class=\"owg-card-image\">\n                        <div class=\"owg-card-image-container\">\n                                                     <img src=\"https:\/\/www.oldwestburygardens.org\/wp-content\/uploads\/2026\/02\/IMG_2157-scaled-e1770842497784.jpg\" alt=\"Week 3\" loading=\"lazy\" decoding=\"async\">\n\n                        <\/div>\n                    <\/div>\n                                <div class=\"owg-card-content\">\n                    <div>\n                    <h2 class=\"has-heading-font-size\">Semana 3<\/h2>\n                    <p><b>GUSTO: <\/b>Explora el sentido del gusto explorando alimentos, comparti\u00e9ndolos con amigos y viendo c\u00f3mo las plantas se convierten en los alimentos que comemos.<\/p>\n                    <\/div>\n\n                                    <\/div>\n            <\/div>\n        <\/div>\n\n    <\/div>\n\n\n<div class=\"owg-cards-style-large owg-cards align wp-block-acf-owg-cards\">\n    \n        <div class=\"owg-card owg-card-large\">\n            <div class=\"owg-card-inner reverse-card\">\n\n                                    <div class=\"owg-card-image\">\n                        <div class=\"owg-card-image-container\">\n                                                     <img src=\"https:\/\/www.oldwestburygardens.org\/wp-content\/uploads\/2026\/02\/IMG_9502-scaled-e1770842673588.jpg\" alt=\"Week 4\" loading=\"lazy\" decoding=\"async\">\n\n                        <\/div>\n                    <\/div>\n                                <div class=\"owg-card-content\">\n                    <div>\n                    <h2 class=\"has-heading-font-size\">Semana 4<\/h2>\n                    <p><b>OLER<\/b>Sigue tu nariz para explorar flores y hierbas fragantes mientras aprendes c\u00f3mo las plantas y los animales usan el aroma.<\/p>\n                    <\/div>\n\n                                    <\/div>\n            <\/div>\n        <\/div>\n\n    <\/div>\n\n\n<div class=\"owg-cards-style-large owg-cards align wp-block-acf-owg-cards\">\n    \n        <div class=\"owg-card owg-card-large\">\n            <div class=\"owg-card-inner reverse-card\">\n\n                                    <div class=\"owg-card-image\">\n                        <div class=\"owg-card-image-container\">\n                                                     <img src=\"https:\/\/www.oldwestburygardens.org\/wp-content\/uploads\/2026\/01\/IMG_6782-scaled.jpg\" alt=\"Week 5\" loading=\"lazy\" decoding=\"async\">\n\n                        <\/div>\n                    <\/div>\n                                <div class=\"owg-card-content\">\n                    <div>\n                    <h2 class=\"has-heading-font-size\">Semana 5<\/h2>\n                    <p><b>AUDIENCIA<\/b>:Escuche los sonidos de la naturaleza, explore instrumentos simples y disfrute de canciones y movimientos inspirados en el jard\u00edn.<\/p>\n                    <\/div>\n\n                                    <\/div>\n            <\/div>\n        <\/div>\n\n    <\/div>\n\n\n<p>Esta serie Senses de 5 semanas es un programa para todo tipo de clima que utiliza un espacio interior seg\u00fan sea necesario.&nbsp;&nbsp;<\/p>\n\n\n\n<p><strong>Es necesaria una inscripci\u00f3n previa para participar en este programa. <\/strong><\/p>\n\n\n\n<p>Ni\u00f1os de 2 a 3 a\u00f1os: $150 (ni\u00f1o no socio) | 20% (descuento para socios). Incluye un (1) adulto con la inscripci\u00f3n.<\/p>\n\n\n\n<hr class=\"wp-block-separator has-alpha-channel-opacity\"\/>\n\n\n\n<h2 class=\"wp-block-heading has-text-align-center\">Fechas de Tiny Gardeners 2026<\/h2>\n\n\n\n\n\n\n\n<p><strong>Primavera de 2026<\/strong>: <\/p>\n\n\n\n<p>13 de abril de 2026 \u2013 11 de mayo de 2026 <em>(Todos los lunes)<\/em><\/p>\n\n\n\n<p> 10:30 am-11:30 am<\/p>\n\n\n\n<div class=\"wp-block-buttons is-layout-flex wp-block-buttons-is-layout-flex\">\n<div class=\"wp-block-button is-style-btn-owg-primary is-style-btn-owg-primary--1\"><a class=\"wp-block-button__link wp-element-button\" href=\"https:\/\/1473.blackbaudhosting.com\/1473\/packagetickets?tab=3&amp;txobjid=553f6a2a-3ec6-4cac-954b-2e27fdd50c68\">Reg\u00edstrate para la primavera <\/a><\/div>\n<\/div>\n\n\n\n<p><strong>Verano 2026:<\/strong><\/p>\n\n\n\n<p>17 de agosto de 2026 \u2013 21 de agosto de 2026 <em>(Lunes \u2013 Viernes)<\/em><\/p>\n\n\n\n<p>10:30 am-11:30 am<\/p>\n\n\n\n<div class=\"wp-block-buttons is-layout-flex wp-block-buttons-is-layout-flex\">\n<div class=\"wp-block-button is-style-btn-owg-tertiary is-style-btn-owg-tertiary--2\"><a class=\"wp-block-button__link wp-element-button\" href=\"https:\/\/1473.blackbaudhosting.com\/1473\/Tiny-Gardeners--Summer-Week-Session-17Aug2026\">inscribirse para el verano<\/a><\/div>\n<\/div>\n\n\n\n<p><strong>Oto\u00f1o de 2026: <\/strong><\/p>\n\n\n\n<p>Por determinar<\/p>\n\n\n\n<figure class=\"wp-block-gallery has-nested-images columns-default is-cropped wp-block-gallery-3 is-layout-flex wp-block-gallery-is-layout-flex\">\n<figure class=\"wp-block-image size-large\"><img loading=\"lazy\" decoding=\"async\" width=\"897\" height=\"897\" data-id=\"9468\" src=\"https:\/\/www.oldwestburygardens.org\/wp-content\/uploads\/2026\/01\/1893A5E7-FF03-48FF-A167-0CC0A913F9C2-1.jpg\" alt=\"\" class=\"wp-image-9468\" srcset=\"https:\/\/www.oldwestburygardens.org\/wp-content\/uploads\/2026\/01\/1893A5E7-FF03-48FF-A167-0CC0A913F9C2-1.jpg 897w, https:\/\/www.oldwestburygardens.org\/wp-content\/uploads\/2026\/01\/1893A5E7-FF03-48FF-A167-0CC0A913F9C2-1-300x300.jpg 300w, https:\/\/www.oldwestburygardens.org\/wp-content\/uploads\/2026\/01\/1893A5E7-FF03-48FF-A167-0CC0A913F9C2-1-150x150.jpg 150w, https:\/\/www.oldwestburygardens.org\/wp-content\/uploads\/2026\/01\/1893A5E7-FF03-48FF-A167-0CC0A913F9C2-1-768x768.jpg 768w, https:\/\/www.oldwestburygardens.org\/wp-content\/uploads\/2026\/01\/1893A5E7-FF03-48FF-A167-0CC0A913F9C2-1-12x12.jpg 12w\" sizes=\"auto, (max-width: 897px) 100vw, 897px\" \/><\/figure>\n\n\n\n<figure class=\"wp-block-image size-large\"><img loading=\"lazy\" decoding=\"async\" width=\"1920\" height=\"2560\" data-id=\"9466\" src=\"https:\/\/www.oldwestburygardens.org\/wp-content\/uploads\/2026\/01\/IMG_9499-scaled.jpg\" alt=\"\" class=\"wp-image-9466\" srcset=\"https:\/\/www.oldwestburygardens.org\/wp-content\/uploads\/2026\/01\/IMG_9499-scaled.jpg 1920w, https:\/\/www.oldwestburygardens.org\/wp-content\/uploads\/2026\/01\/IMG_9499-225x300.jpg 225w\" sizes=\"auto, (max-width: 1920px) 100vw, 1920px\" \/><\/figure>\n\n\n\n<figure class=\"wp-block-image size-large\"><img loading=\"lazy\" decoding=\"async\" width=\"768\" height=\"1024\" data-id=\"9464\" src=\"https:\/\/www.oldwestburygardens.org\/wp-content\/uploads\/2026\/01\/IMG_6641-768x1024.jpg\" alt=\"\" class=\"wp-image-9464\" srcset=\"https:\/\/www.oldwestburygardens.org\/wp-content\/uploads\/2026\/01\/IMG_6641-768x1024.jpg 768w, https:\/\/www.oldwestburygardens.org\/wp-content\/uploads\/2026\/01\/IMG_6641-225x300.jpg 225w, https:\/\/www.oldwestburygardens.org\/wp-content\/uploads\/2026\/01\/IMG_6641-1152x1536.jpg 1152w, https:\/\/www.oldwestburygardens.org\/wp-content\/uploads\/2026\/01\/IMG_6641-1536x2048.jpg 1536w, https:\/\/www.oldwestburygardens.org\/wp-content\/uploads\/2026\/01\/IMG_6641-9x12.jpg 9w, https:\/\/www.oldwestburygardens.org\/wp-content\/uploads\/2026\/01\/IMG_6641-scaled.jpg 1920w\" sizes=\"auto, (max-width: 768px) 100vw, 768px\" \/><\/figure>\n\n\n\n<figure class=\"wp-block-image size-large\"><img loading=\"lazy\" decoding=\"async\" width=\"1920\" height=\"2560\" data-id=\"9463\" src=\"https:\/\/www.oldwestburygardens.org\/wp-content\/uploads\/2026\/01\/IMG_4531-scaled.jpg\" alt=\"\" class=\"wp-image-9463\" srcset=\"https:\/\/www.oldwestburygardens.org\/wp-content\/uploads\/2026\/01\/IMG_4531-scaled.jpg 1920w, https:\/\/www.oldwestburygardens.org\/wp-content\/uploads\/2026\/01\/IMG_4531-225x300.jpg 225w\" sizes=\"auto, (max-width: 1920px) 100vw, 1920px\" \/><\/figure>\n\n\n\n<figure class=\"wp-block-image size-large\"><img loading=\"lazy\" decoding=\"async\" width=\"1920\" height=\"2560\" data-id=\"9462\" src=\"https:\/\/www.oldwestburygardens.org\/wp-content\/uploads\/2026\/01\/IMG_4505-scaled.jpg\" alt=\"\" class=\"wp-image-9462\" srcset=\"https:\/\/www.oldwestburygardens.org\/wp-content\/uploads\/2026\/01\/IMG_4505-scaled.jpg 1920w, https:\/\/www.oldwestburygardens.org\/wp-content\/uploads\/2026\/01\/IMG_4505-225x300.jpg 225w\" sizes=\"auto, (max-width: 1920px) 100vw, 1920px\" \/><\/figure>\n<\/figure>\n\n\n    <script>\n        document.addEventListener('DOMContentLoaded', function() {\n            const swiper = document.querySelector('.swiper-container.swiper-69db58ba0a971');\n            if (!swiper) return;\n            new Swiper(swiper, {\n                slidesPerView: 'auto',\n                centeredSlides: true,\n                spaceBetween: 30,\n                loop: true,\n                                navigation: {\n                    nextEl: '.swiper-button-next',\n                    prevEl: '.swiper-button-prev',\n                },\n                pagination: {\n                    el: '.swiper-pagination',\n                    clickable: true,\n                },\n            });\n        });\n    <\/script>\n    <div class=\"swiper-container event-carousel swiper-69db58ba0a971 brown_green\">\n        <div class=\"swiper-wrapper\">\n                                    <\/div>\n                    <div class=\"swiper-controls-wrapper is-layout-constrained\">\n                <div class=\"swiper-controls\">\n                    <div class=\"swiper-button-prev\"><\/div>\n                    <div class=\"swiper-pagination\"><\/div>\n                    <div class=\"swiper-button-next\"><\/div>\n                <\/div>\n            <\/div>\n        \n    <\/div>","protected":false},"excerpt":{"rendered":"<p>Join us for Tiny Gardeners, a hands-on nature program designed especially for children ages 2\u20133. Each week focuses on a different sense as young learners explore the gardens through movement, [&hellip;]<\/p>","protected":false},"author":9,"featured_media":0,"parent":0,"menu_order":0,"comment_status":"closed","ping_status":"closed","template":"","meta":{"_acf_changed":false,"_tec_requires_first_save":true,"_EventAllDay":false,"_EventTimezone":"","_EventStartDate":"","_EventEndDate":"","_EventStartDateUTC":"","_EventEndDateUTC":"","_EventShowMap":false,"_EventShowMapLink":false,"_EventURL":"","_EventCost":"","_EventCostDescription":"","_EventCurrencySymbol":"","_EventCurrencyCode":"","_EventCurrencyPosition":"","_EventDateTimeSeparator":"","_EventTimeRangeSeparator":"","_EventOrganizerID":[],"_EventVenueID":[],"_OrganizerEmail":"","_OrganizerPhone":"","_OrganizerWebsite":"","_VenueAddress":"","_VenueCity":"","_VenueCountry":"","_VenueProvince":"","_VenueState":"","_VenueZip":"","_VenuePhone":"","_VenueURL":"","_VenueStateProvince":"","_VenueLat":"","_VenueLng":"","_VenueShowMap":false,"_VenueShowMapLink":false,"_tribe_blocks_recurrence_rules":"","_tribe_blocks_recurrence_description":"","_tribe_blocks_recurrence_exclusions":"","footnotes":""},"class_list":["post-9456","page","type-page","status-publish","hentry"],"acf":[],"yoast_head":"<!-- This site is optimized with the Yoast SEO plugin v26.2 - https:\/\/yoast.com\/wordpress\/plugins\/seo\/ -->\n<title>Tiny Gardeners | Old Westbury Gardens<\/title>\n<meta name=\"robots\" content=\"index, follow, max-snippet:-1, max-image-preview:large, max-video-preview:-1\" \/>\n<link rel=\"canonical\" href=\"https:\/\/www.oldwestburygardens.org\/es\/tiny-gardeners\/\" \/>\n<meta property=\"og:locale\" content=\"es_ES\" \/>\n<meta property=\"og:type\" content=\"article\" \/>\n<meta property=\"og:title\" content=\"Tiny Gardeners | Old Westbury Gardens\" \/>\n<meta property=\"og:description\" content=\"Join us for Tiny Gardeners, a hands-on nature program designed especially for children ages 2\u20133. Each week focuses on a different sense as young learners explore the gardens through movement, [&hellip;]\" \/>\n<meta property=\"og:url\" content=\"https:\/\/www.oldwestburygardens.org\/es\/tiny-gardeners\/\" \/>\n<meta property=\"og:site_name\" content=\"Old Westbury Gardens\" \/>\n<meta property=\"article:modified_time\" content=\"2026-02-25T20:29:39+00:00\" \/>\n<meta property=\"og:image\" content=\"https:\/\/www.oldwestburygardens.org\/wp-content\/uploads\/2026\/01\/IMG_2020-scaled.jpg\" \/>\n\t<meta property=\"og:image:width\" content=\"1920\" \/>\n\t<meta property=\"og:image:height\" content=\"2560\" \/>\n\t<meta property=\"og:image:type\" content=\"image\/jpeg\" \/>\n<meta name=\"twitter:card\" content=\"summary_large_image\" \/>\n<meta name=\"twitter:label1\" content=\"Est. reading time\" \/>\n\t<meta name=\"twitter:data1\" content=\"2 minutos\" \/>\n<script type=\"application\/ld+json\" class=\"yoast-schema-graph\">{\"@context\":\"https:\/\/schema.org\",\"@graph\":[{\"@type\":\"WebPage\",\"@id\":\"https:\/\/www.oldwestburygardens.org\/tiny-gardeners\/\",\"url\":\"https:\/\/www.oldwestburygardens.org\/tiny-gardeners\/\",\"name\":\"Tiny Gardeners | Old Westbury Gardens\",\"isPartOf\":{\"@id\":\"https:\/\/www.oldwestburygardens.org\/ko\/#website\"},\"primaryImageOfPage\":{\"@id\":\"https:\/\/www.oldwestburygardens.org\/tiny-gardeners\/#primaryimage\"},\"image\":{\"@id\":\"https:\/\/www.oldwestburygardens.org\/tiny-gardeners\/#primaryimage\"},\"thumbnailUrl\":\"https:\/\/www.oldwestburygardens.org\/wp-content\/uploads\/2026\/01\/IMG_2020-scaled.jpg\",\"datePublished\":\"2026-02-24T14:15:35+00:00\",\"dateModified\":\"2026-02-25T20:29:39+00:00\",\"breadcrumb\":{\"@id\":\"https:\/\/www.oldwestburygardens.org\/tiny-gardeners\/#breadcrumb\"},\"inLanguage\":\"es\",\"potentialAction\":[{\"@type\":\"ReadAction\",\"target\":[\"https:\/\/www.oldwestburygardens.org\/tiny-gardeners\/\"]}]},{\"@type\":\"ImageObject\",\"inLanguage\":\"es\",\"@id\":\"https:\/\/www.oldwestburygardens.org\/tiny-gardeners\/#primaryimage\",\"url\":\"https:\/\/www.oldwestburygardens.org\/wp-content\/uploads\/2026\/01\/IMG_2020-scaled.jpg\",\"contentUrl\":\"https:\/\/www.oldwestburygardens.org\/wp-content\/uploads\/2026\/01\/IMG_2020-scaled.jpg\"},{\"@type\":\"BreadcrumbList\",\"@id\":\"https:\/\/www.oldwestburygardens.org\/tiny-gardeners\/#breadcrumb\",\"itemListElement\":[{\"@type\":\"ListItem\",\"position\":1,\"name\":\"Home\",\"item\":\"https:\/\/www.oldwestburygardens.org\/\"},{\"@type\":\"ListItem\",\"position\":2,\"name\":\"Tiny Gardeners\"}]},{\"@type\":\"WebSite\",\"@id\":\"https:\/\/www.oldwestburygardens.org\/ko\/#website\",\"url\":\"https:\/\/www.oldwestburygardens.org\/ko\/\",\"name\":\"Old Westbury Gardens\",\"description\":\"\",\"publisher\":{\"@id\":\"https:\/\/www.oldwestburygardens.org\/ko\/#organization\"},\"potentialAction\":[{\"@type\":\"SearchAction\",\"target\":{\"@type\":\"EntryPoint\",\"urlTemplate\":\"https:\/\/www.oldwestburygardens.org\/ko\/?s={search_term_string}\"},\"query-input\":{\"@type\":\"PropertyValueSpecification\",\"valueRequired\":true,\"valueName\":\"search_term_string\"}}],\"inLanguage\":\"es\"},{\"@type\":\"Organization\",\"@id\":\"https:\/\/www.oldwestburygardens.org\/ko\/#organization\",\"name\":\"Old Westbury Gardens\",\"url\":\"https:\/\/www.oldwestburygardens.org\/ko\/\",\"logo\":{\"@type\":\"ImageObject\",\"inLanguage\":\"es\",\"@id\":\"https:\/\/www.oldwestburygardens.org\/ko\/#\/schema\/logo\/image\/\",\"url\":\"https:\/\/www.oldwestburygardens.org\/wp-content\/uploads\/2025\/03\/OWGlogoforsite.png\",\"contentUrl\":\"https:\/\/www.oldwestburygardens.org\/wp-content\/uploads\/2025\/03\/OWGlogoforsite.png\",\"width\":750,\"height\":173,\"caption\":\"Old Westbury Gardens\"},\"image\":{\"@id\":\"https:\/\/www.oldwestburygardens.org\/ko\/#\/schema\/logo\/image\/\"}}]}<\/script>\n<!-- \/ Yoast SEO plugin. -->","yoast_head_json":{"title":"Tiny Gardeners | Old Westbury Gardens","robots":{"index":"index","follow":"follow","max-snippet":"max-snippet:-1","max-image-preview":"max-image-preview:large","max-video-preview":"max-video-preview:-1"},"canonical":"https:\/\/www.oldwestburygardens.org\/es\/tiny-gardeners\/","og_locale":"es_ES","og_type":"article","og_title":"Tiny Gardeners | Old Westbury Gardens","og_description":"Join us for Tiny Gardeners, a hands-on nature program designed especially for children ages 2\u20133. Each week focuses on a different sense as young learners explore the gardens through movement, [&hellip;]","og_url":"https:\/\/www.oldwestburygardens.org\/es\/tiny-gardeners\/","og_site_name":"Old Westbury Gardens","article_modified_time":"2026-02-25T20:29:39+00:00","og_image":[{"width":1920,"height":2560,"url":"https:\/\/www.oldwestburygardens.org\/wp-content\/uploads\/2026\/01\/IMG_2020-scaled.jpg","type":"image\/jpeg"}],"twitter_card":"summary_large_image","twitter_misc":{"Est. reading time":"2 minutos"},"schema":{"@context":"https:\/\/schema.org","@graph":[{"@type":"WebPage","@id":"https:\/\/www.oldwestburygardens.org\/tiny-gardeners\/","url":"https:\/\/www.oldwestburygardens.org\/tiny-gardeners\/","name":"Tiny Gardeners | Old Westbury Gardens","isPartOf":{"@id":"https:\/\/www.oldwestburygardens.org\/ko\/#website"},"primaryImageOfPage":{"@id":"https:\/\/www.oldwestburygardens.org\/tiny-gardeners\/#primaryimage"},"image":{"@id":"https:\/\/www.oldwestburygardens.org\/tiny-gardeners\/#primaryimage"},"thumbnailUrl":"https:\/\/www.oldwestburygardens.org\/wp-content\/uploads\/2026\/01\/IMG_2020-scaled.jpg","datePublished":"2026-02-24T14:15:35+00:00","dateModified":"2026-02-25T20:29:39+00:00","breadcrumb":{"@id":"https:\/\/www.oldwestburygardens.org\/tiny-gardeners\/#breadcrumb"},"inLanguage":"es","potentialAction":[{"@type":"ReadAction","target":["https:\/\/www.oldwestburygardens.org\/tiny-gardeners\/"]}]},{"@type":"ImageObject","inLanguage":"es","@id":"https:\/\/www.oldwestburygardens.org\/tiny-gardeners\/#primaryimage","url":"https:\/\/www.oldwestburygardens.org\/wp-content\/uploads\/2026\/01\/IMG_2020-scaled.jpg","contentUrl":"https:\/\/www.oldwestburygardens.org\/wp-content\/uploads\/2026\/01\/IMG_2020-scaled.jpg"},{"@type":"BreadcrumbList","@id":"https:\/\/www.oldwestburygardens.org\/tiny-gardeners\/#breadcrumb","itemListElement":[{"@type":"ListItem","position":1,"name":"Home","item":"https:\/\/www.oldwestburygardens.org\/"},{"@type":"ListItem","position":2,"name":"Tiny Gardeners"}]},{"@type":"WebSite","@id":"https:\/\/www.oldwestburygardens.org\/ko\/#website","url":"https:\/\/www.oldwestburygardens.org\/ko\/","name":"Jardines del viejo Westbury","description":"","publisher":{"@id":"https:\/\/www.oldwestburygardens.org\/ko\/#organization"},"potentialAction":[{"@type":"SearchAction","target":{"@type":"EntryPoint","urlTemplate":"https:\/\/www.oldwestburygardens.org\/ko\/?s={search_term_string}"},"query-input":{"@type":"PropertyValueSpecification","valueRequired":true,"valueName":"search_term_string"}}],"inLanguage":"es"},{"@type":"Organization","@id":"https:\/\/www.oldwestburygardens.org\/ko\/#organization","name":"Jardines del viejo Westbury","url":"https:\/\/www.oldwestburygardens.org\/ko\/","logo":{"@type":"ImageObject","inLanguage":"es","@id":"https:\/\/www.oldwestburygardens.org\/ko\/#\/schema\/logo\/image\/","url":"https:\/\/www.oldwestburygardens.org\/wp-content\/uploads\/2025\/03\/OWGlogoforsite.png","contentUrl":"https:\/\/www.oldwestburygardens.org\/wp-content\/uploads\/2025\/03\/OWGlogoforsite.png","width":750,"height":173,"caption":"Old Westbury Gardens"},"image":{"@id":"https:\/\/www.oldwestburygardens.org\/ko\/#\/schema\/logo\/image\/"}}]}},"_links":{"self":[{"href":"https:\/\/www.oldwestburygardens.org\/es\/wp-json\/wp\/v2\/pages\/9456","targetHints":{"allow":["GET"]}}],"collection":[{"href":"https:\/\/www.oldwestburygardens.org\/es\/wp-json\/wp\/v2\/pages"}],"about":[{"href":"https:\/\/www.oldwestburygardens.org\/es\/wp-json\/wp\/v2\/types\/page"}],"author":[{"embeddable":true,"href":"https:\/\/www.oldwestburygardens.org\/es\/wp-json\/wp\/v2\/users\/9"}],"replies":[{"embeddable":true,"href":"https:\/\/www.oldwestburygardens.org\/es\/wp-json\/wp\/v2\/comments?post=9456"}],"version-history":[{"count":16,"href":"https:\/\/www.oldwestburygardens.org\/es\/wp-json\/wp\/v2\/pages\/9456\/revisions"}],"predecessor-version":[{"id":9963,"href":"https:\/\/www.oldwestburygardens.org\/es\/wp-json\/wp\/v2\/pages\/9456\/revisions\/9963"}],"wp:attachment":[{"href":"https:\/\/www.oldwestburygardens.org\/es\/wp-json\/wp\/v2\/media?parent=9456"}],"curies":[{"name":"wp","href":"https:\/\/api.w.org\/{rel}","templated":true}]}}